{"id":4692,"date":"2026-03-01T11:32:01","date_gmt":"2026-03-01T09:32:01","guid":{"rendered":"https:\/\/ferligs.com\/?post_type=product&#038;p=4692"},"modified":"2026-03-03T09:08:05","modified_gmt":"2026-03-03T07:08:05","slug":"daugmale-towel-rack","status":"publish","type":"product","link":"https:\/\/ferligs.com\/sv\/product\/daugmale-towel-rack\/","title":{"rendered":"DAUGMALE \u2013 Handduksh\u00e4ngare f\u00f6r v\u00e4ggmontering"},"content":{"rendered":"<p>F\u00f6rh\u00f6j din inredning med Daugmales vertikala v\u00e4ggmonterade handduksh\u00e4ngare, en perfekt kombination av robusthet och minimalistisk elegans. Denna eleganta f\u00f6rvaringsl\u00f6sning \u00e4r utformad f\u00f6r att g\u00f6ra mer \u00e4n bara h\u00e4nga upp handdukar; den fungerar som en sofistikerad inredningsdetalj som kompletterar inredningar i modern, nordisk eller loftstil. Dess rena linjer och utrymmesbesparande profil hj\u00e4lper dig att h\u00e5lla ordning och reda, vilket g\u00f6r den till ett oumb\u00e4rligt tillskott f\u00f6r dig som v\u00e4rdes\u00e4tter b\u00e5de form och f\u00f6rstklassig funktionalitet i vardagen.<\/p>\n<p>I Daugmale-serien f\u00f6renas h\u00e5llbarhet med m\u00e5ngsidighet. Varje v\u00e4ggmonterad handduksh\u00e4ngare \u00e4r skickligt tillverkad av h\u00f6gkvalitativt st\u00e5l, vilket garanterar en robust konstruktion som h\u00e5ller i m\u00e5nga \u00e5r. F\u00f6r att tillgodose dina specifika f\u00f6rvaringsbehov erbjuder vi tre olika storlekar: Small (30x20x14 cm), Medium (50x20x14 cm) och Large (70x20x14 cm). Dessa varianter g\u00f6r att du kan v\u00e4lja den perfekta kapaciteten f\u00f6r allt fr\u00e5n kompakta handdukar till stora, mjuka badlakan, vilket ger en skr\u00e4ddarsydd l\u00f6sning f\u00f6r varje hush\u00e5ll.<\/p>\n<p>Vi tror p\u00e5 produkter som underl\u00e4ttar vardagen. Daugmale-handduksh\u00e4ngaren f\u00f6r v\u00e4ggmontering har en sl\u00e4t yta av h\u00f6g kvalitet som \u00e4r otroligt l\u00e4tt att reng\u00f6ra och underh\u00e5lla, och som f\u00f6rblir fl\u00e4ckfri \u00e4ven i fuktiga badrumsmilj\u00f6er. Installationen \u00e4r enkel, vilket m\u00f6jligg\u00f6r en snabb och s\u00e4ker montering. Dessutom erbjuder vi anpassningsm\u00f6jligheter f\u00f6r specifika ytbehandlingar eller skr\u00e4ddarsydda m\u00e5tt, s\u00e5 att din nya handduksh\u00e4ngare passar perfekt till just dina \u00f6nskem\u00e5l och arkitektoniska krav.<\/p>","protected":false},"excerpt":{"rendered":"<p>Handduksh\u00e4ngaren Daugmale f\u00f6r v\u00e4ggmontering \u00e4r en elegant och minimalistisk l\u00f6sning som \u00e4r utformad f\u00f6r att skapa ordning och ge ett modernt uttryck till vilket badrum som helst. Denna h\u00e5llbara f\u00f6rvaringsl\u00f6sning \u00e4r tillverkad av h\u00f6gkvalitativt st\u00e5l och finns i tre m\u00e5ngsidiga storlekar som passar perfekt i just ditt utrymme. Oavsett om du vill rensa upp i ett litet g\u00e4stbadrum eller organisera ett livligt familjebadrum, g\u00f6r dess robusta konstruktion och industriella utseende den till en funktionell inredningsdetalj i alla moderna hem.<\/p>","protected":false},"featured_media":4771,"template":"","meta":{"jetpack_publicize_message":"","jetpack_publicize_feature_enabled":true,"jetpack_social_post_already_shared":true,"jetpack_social_options":{"image_generator_settings":{"template":"highway","default_image_id":0,"font":"","enabled":false},"version":2}},"product_brand":[578],"product_cat":[669],"product_tag":[],"class_list":{"0":"post-4692","1":"product","2":"type-product","3":"status-publish","4":"has-post-thumbnail","6":"product_brand-ferligs","7":"product_cat-towel-racks","8":"product_shipping_class-racks","10":"first","11":"instock","12":"taxable","13":"shipping-taxable","14":"purchasable","15":"product-type-variable","16":"has-default-attributes"},"featured_image_urls_v2":{"full":["https:\/\/ferligs.com\/wp-content\/uploads\/2026\/03\/IMG_3101-scaled.webp",2560,1920,false],"thumbnail":["https:\/\/ferligs.com\/wp-content\/uploads\/2026\/03\/IMG_3101-150x150.webp",150,150,true],"medium":["https:\/\/ferligs.com\/wp-content\/uploads\/2026\/03\/IMG_3101-300x225.webp",300,225,true],"medium_large":["https:\/\/ferligs.com\/wp-content\/uploads\/2026\/03\/IMG_3101-768x576.webp",768,576,true],"large":["https:\/\/ferligs.com\/wp-content\/uploads\/2026\/03\/IMG_3101-1024x768.webp",1024,768,true],"1536x1536":["https:\/\/ferligs.com\/wp-content\/uploads\/2026\/03\/IMG_3101-1536x1152.webp",1536,1152,true],"2048x2048":["https:\/\/ferligs.com\/wp-content\/uploads\/2026\/03\/IMG_3101-2048x1536.webp",2048,1536,true],"trp-custom-language-flag":["https:\/\/ferligs.com\/wp-content\/uploads\/2026\/03\/IMG_3101-16x12.webp",16,12,true],"woocommerce_archive_thumbnail":["https:\/\/ferligs.com\/wp-content\/uploads\/2026\/03\/IMG_3101-300x225.webp",300,225,true],"woocommerce_thumbnail":["https:\/\/ferligs.com\/wp-content\/uploads\/2026\/03\/IMG_3101-300x225.webp",300,225,true],"woocommerce_single":["https:\/\/ferligs.com\/wp-content\/uploads\/2026\/03\/IMG_3101-600x450.webp",600,450,true],"woocommerce_gallery_thumbnail":["https:\/\/ferligs.com\/wp-content\/uploads\/2026\/03\/IMG_3101-100x100.webp",100,100,true]},"post_excerpt_stackable_v2":"<p>The Daugmale wall mounted towel rack is a sleek, minimalist solution designed to bring order and contemporary style to any bathroom. Crafted from high-quality steel, this durable organizer is available in three versatile sizes to perfectly fit your space. Whether you are looking to declutter a small powder room or organize a busy family bathroom, its sturdy construction and industrial aesthetic make it a functional statement piece for any modern home.<\/p>\n","category_list_v2":"","author_info_v2":{"name":"","url":""},"comments_num_v2":"0 comments","jetpack_publicize_connections":[],"jetpack_sharing_enabled":true,"_links":{"self":[{"href":"https:\/\/ferligs.com\/sv\/wp-json\/wp\/v2\/product\/4692","targetHints":{"allow":["GET"]}}],"collection":[{"href":"https:\/\/ferligs.com\/sv\/wp-json\/wp\/v2\/product"}],"about":[{"href":"https:\/\/ferligs.com\/sv\/wp-json\/wp\/v2\/types\/product"}],"wp:featuredmedia":[{"embeddable":true,"href":"https:\/\/ferligs.com\/sv\/wp-json\/wp\/v2\/media\/4771"}],"wp:attachment":[{"href":"https:\/\/ferligs.com\/sv\/wp-json\/wp\/v2\/media?parent=4692"}],"wp:term":[{"taxonomy":"product_brand","embeddable":true,"href":"https:\/\/ferligs.com\/sv\/wp-json\/wp\/v2\/product_brand?post=4692"},{"taxonomy":"product_cat","embeddable":true,"href":"https:\/\/ferligs.com\/sv\/wp-json\/wp\/v2\/product_cat?post=4692"},{"taxonomy":"product_tag","embeddable":true,"href":"https:\/\/ferligs.com\/sv\/wp-json\/wp\/v2\/product_tag?post=4692"}],"curies":[{"name":"wp","href":"https:\/\/api.w.org\/{rel}","templated":true}]}}