{"id":4554,"date":"2026-02-25T15:52:17","date_gmt":"2026-02-25T13:52:17","guid":{"rendered":"https:\/\/ferligs.com\/?post_type=product&#038;p=4554"},"modified":"2026-03-03T09:09:31","modified_gmt":"2026-03-03T07:09:31","slug":"rumbula-firewood-rack-with-shelf","status":"publish","type":"product","link":"https:\/\/ferligs.com\/sv\/product\/rumbula-firewood-rack-with-shelf\/","title":{"rendered":"RUMBULA \u2013 Vedst\u00e4ll"},"content":{"rendered":"<p>Vedst\u00e4llet RUMBULA f\u00f6renar funktionalitet med modern design, vilket g\u00f6r det till ett perfekt tillskott i alla bost\u00e4der. Tack vare sin kompakta storlek f\u00e5r det plats i sm\u00e5 h\u00f6rn samtidigt som det rymmer tillr\u00e4ckligt med ved f\u00f6r praktiskt bruk. De eleganta linjerna och den minimalistiska stilen lyfter b\u00e5de inomhus- och utomhusmilj\u00f6er och tillf\u00f6r en dekorativ touch som sm\u00e4lter in naturligt med m\u00f6bler och omgivningen.<\/p>\n<p>St\u00e4llet \u00e4r tillverkat av fyrkantiga st\u00e5lr\u00f6r med m\u00e5tten 2,5 \u00d7 2,5 cm och har en slitstark pulverlackering, vilket g\u00f6r det mycket motst\u00e5ndskraftigt mot korrosion, rost och slitage. Den stabila konstruktionen ser till att din ved h\u00e5lls snyggt staplad, medan den inbyggda hyllan ger extra utrymme f\u00f6r t\u00e4ndved, verktyg eller prydnadsf\u00f6rem\u00e5l. Den robusta konstruktionen garanterar l\u00e5ng livsl\u00e4ngd, b\u00e5de inomhus och utomhus.<\/p>\n<p>RUMBULA-st\u00e4llet \u00e4r 90 eller 120 cm h\u00f6gt, 50 cm brett och 25 cm djupt och \u00e4r klart att anv\u00e4ndas direkt ur f\u00f6rpackningen. Det h\u00e5ller ordning p\u00e5 vedh\u00f6garna, lyfter dem fr\u00e5n golvet och ser snyggt ut, vilket g\u00f6r det till en praktisk men samtidigt stilren l\u00f6sning f\u00f6r hemmet, uteplatsen eller tr\u00e4dg\u00e5rden. Med sin kombination av h\u00e5llbarhet, modern estetik och m\u00e5ngsidighet \u00e4r det ett perfekt val f\u00f6r dig som v\u00e4rdes\u00e4tter b\u00e5de form och funktion.<\/p>","protected":false},"excerpt":{"rendered":"<p>Rumbula \u2013 ett modernt vedst\u00e4ll med hylla. Detta vedst\u00e4ll \u00e4r kompakt, snyggt och h\u00e5llbart och rymmer gott om ved samtidigt som det h\u00e5ller ordning p\u00e5 utrymmet. Det \u00e4r tillverkat av pulverlackerat st\u00e5l och har en inbyggd hylla, vilket g\u00f6r det perfekt f\u00f6r b\u00e5de inomhus- och utomhusbruk och klart att anv\u00e4ndas direkt.<\/p>","protected":false},"featured_media":4983,"template":"","meta":{"jetpack_publicize_message":"","jetpack_publicize_feature_enabled":true,"jetpack_social_post_already_shared":true,"jetpack_social_options":{"image_generator_settings":{"template":"highway","default_image_id":0,"font":"","enabled":false},"version":2}},"product_brand":[578],"product_cat":[112],"product_tag":[],"class_list":{"0":"post-4554","1":"product","2":"type-product","3":"status-publish","4":"has-post-thumbnail","6":"product_brand-ferligs","7":"product_cat-firewood","8":"product_shipping_class-racks","10":"first","11":"instock","12":"sale","13":"taxable","14":"shipping-taxable","15":"purchasable","16":"product-type-variable","17":"has-default-attributes"},"featured_image_urls_v2":{"full":["https:\/\/ferligs.com\/wp-content\/uploads\/2026\/03\/IMG_2451-scaled.webp",2560,1920,false],"thumbnail":["https:\/\/ferligs.com\/wp-content\/uploads\/2026\/03\/IMG_2451-150x150.webp",150,150,true],"medium":["https:\/\/ferligs.com\/wp-content\/uploads\/2026\/03\/IMG_2451-300x225.webp",300,225,true],"medium_large":["https:\/\/ferligs.com\/wp-content\/uploads\/2026\/03\/IMG_2451-768x576.webp",768,576,true],"large":["https:\/\/ferligs.com\/wp-content\/uploads\/2026\/03\/IMG_2451-1024x768.webp",1024,768,true],"1536x1536":["https:\/\/ferligs.com\/wp-content\/uploads\/2026\/03\/IMG_2451-1536x1152.webp",1536,1152,true],"2048x2048":["https:\/\/ferligs.com\/wp-content\/uploads\/2026\/03\/IMG_2451-2048x1536.webp",2048,1536,true],"trp-custom-language-flag":["https:\/\/ferligs.com\/wp-content\/uploads\/2026\/03\/IMG_2451-16x12.webp",16,12,true],"woocommerce_archive_thumbnail":["https:\/\/ferligs.com\/wp-content\/uploads\/2026\/03\/IMG_2451-300x225.webp",300,225,true],"woocommerce_thumbnail":["https:\/\/ferligs.com\/wp-content\/uploads\/2026\/03\/IMG_2451-300x225.webp",300,225,true],"woocommerce_single":["https:\/\/ferligs.com\/wp-content\/uploads\/2026\/03\/IMG_2451-600x450.webp",600,450,true],"woocommerce_gallery_thumbnail":["https:\/\/ferligs.com\/wp-content\/uploads\/2026\/03\/IMG_2451-100x100.webp",100,100,true]},"post_excerpt_stackable_v2":"<p>Rumbula modern firewood rack with shelf. Compact, stylish, and durable, this firewood rack holds plenty of logs while keeping your space organized. Made from powder-coated steel with a built-in shelf, it\u2019s perfect for indoor or outdoor use and ready to use right away.<\/p>\n","category_list_v2":"","author_info_v2":{"name":"","url":""},"comments_num_v2":"0 comments","jetpack_publicize_connections":[],"jetpack_sharing_enabled":true,"_links":{"self":[{"href":"https:\/\/ferligs.com\/sv\/wp-json\/wp\/v2\/product\/4554","targetHints":{"allow":["GET"]}}],"collection":[{"href":"https:\/\/ferligs.com\/sv\/wp-json\/wp\/v2\/product"}],"about":[{"href":"https:\/\/ferligs.com\/sv\/wp-json\/wp\/v2\/types\/product"}],"wp:featuredmedia":[{"embeddable":true,"href":"https:\/\/ferligs.com\/sv\/wp-json\/wp\/v2\/media\/4983"}],"wp:attachment":[{"href":"https:\/\/ferligs.com\/sv\/wp-json\/wp\/v2\/media?parent=4554"}],"wp:term":[{"taxonomy":"product_brand","embeddable":true,"href":"https:\/\/ferligs.com\/sv\/wp-json\/wp\/v2\/product_brand?post=4554"},{"taxonomy":"product_cat","embeddable":true,"href":"https:\/\/ferligs.com\/sv\/wp-json\/wp\/v2\/product_cat?post=4554"},{"taxonomy":"product_tag","embeddable":true,"href":"https:\/\/ferligs.com\/sv\/wp-json\/wp\/v2\/product_tag?post=4554"}],"curies":[{"name":"wp","href":"https:\/\/api.w.org\/{rel}","templated":true}]}}