{"id":4538,"date":"2026-02-25T14:37:12","date_gmt":"2026-02-25T12:37:12","guid":{"rendered":"https:\/\/ferligs.com\/?post_type=product&#038;p=4538"},"modified":"2026-03-11T19:59:18","modified_gmt":"2026-03-11T17:59:18","slug":"venta-table-legs","status":"publish","type":"product","link":"https:\/\/ferligs.com\/sv\/product\/venta-table-legs\/","title":{"rendered":"VENTA \u2013 Bordben"},"content":{"rendered":"<p>Venta \u00e4r ett elegant bordsunderrede med korsformad design, tillverkat av h\u00f6gkvalitativa st\u00e5lr\u00f6r med m\u00e5tten 50\u00d720 mm. De korsande linjerna skapar ett rent, arkitektoniskt utseende samtidigt som de garanterar utm\u00e4rkt h\u00e5llfasthet och balans. Den genomt\u00e4nkta konstruktionen ger ett p\u00e5litligt st\u00f6d och m\u00f6jligg\u00f6r bekv\u00e4m sittkomfort, vilket g\u00f6r att du kan placera s\u00e5 m\u00e5nga g\u00e4ster som m\u00f6jligt runt bordet, b\u00e5de i hemmet och i kommersiella milj\u00f6er.<\/p>\n<p>Basen levereras omonterad f\u00f6r att frakten ska bli s\u00e4ker och smidig. Monteringen \u00e4r enkel och kr\u00e4ver inga avancerade kunskaper. Tydliga steg-f\u00f6r-steg-instruktioner medf\u00f6ljer, och f\u00f6rpackningen inneh\u00e5ller alla n\u00f6dv\u00e4ndiga f\u00e4stdetaljer, vilket g\u00f6r att du kan slutf\u00f6ra monteringen snabbt och smidigt utan behov av specialverktyg eller ytterligare komponenter.<\/p>\n<p>Varje del \u00e4r ytbehandlad med en h\u00f6gkvalitativ pulverlackering som ger ett l\u00e5ngvarigt skydd mot repor, slitage och korrosion. Denna slitstarka yta f\u00f6rb\u00e4ttrar inte bara det allm\u00e4nna utseendet utan s\u00e4kerst\u00e4ller ocks\u00e5 att basen beh\u00e5ller sin h\u00e5llfasthet och eleganta finish under m\u00e5nga \u00e5rs regelbunden anv\u00e4ndning.<\/p>\n<p>Specialm\u00e5tt och specifikationer kan best\u00e4llas p\u00e5 beg\u00e4ran f\u00f6r att passa just ditt projekts behov. Observera att priset endast avser bordsunderredet; bordsskivan ing\u00e5r inte. Standardmonteringen har 5 mm h\u00e5l. M\u00e5tt: h\u00f6jd 71 cm med justerbara ben (~1 cm); bredd nedtill 80 cm, bredd upptill 50 cm; l\u00e4ngd nedtill och upptill 80 cm.<\/p>","protected":false},"excerpt":{"rendered":"<p>Venta \u00e4r ett elegant bordsunderrede tillverkat av slitstarka st\u00e5lr\u00f6r (50\u00d720 mm) med korsande linjer som f\u00f6renar modern elegans med ett starkt och stabilt st\u00f6d. Det \u00e4r pulverlackerat f\u00f6r l\u00e5ngvarigt skydd mot repor och korrosion och ger plats f\u00f6r maximalt antal sittplatser runt bordet. Det levereras omonterat med alla f\u00e4stdetaljer och monteringsanvisningar inkluderade, och kan \u00e4ven tillverkas i specialm\u00e5tt.<\/p>","protected":false},"featured_media":4674,"template":"","meta":{"jetpack_publicize_message":"","jetpack_publicize_feature_enabled":true,"jetpack_social_post_already_shared":true,"jetpack_social_options":{"image_generator_settings":{"template":"highway","default_image_id":0,"font":"","enabled":false},"version":2}},"product_brand":[578],"product_cat":[113],"product_tag":[704],"class_list":{"0":"post-4538","1":"product","2":"type-product","3":"status-publish","4":"has-post-thumbnail","6":"product_brand-ferligs","7":"product_cat-table-legs","8":"product_tag-table-bases","9":"product_shipping_class-tables-legs","11":"first","12":"instock","13":"sale","14":"taxable","15":"shipping-taxable","16":"purchasable","17":"product-type-variable","18":"has-default-attributes"},"featured_image_urls_v2":{"full":["https:\/\/ferligs.com\/wp-content\/uploads\/2026\/02\/TRAP_1_3-scaled.webp",2560,1707,false],"thumbnail":["https:\/\/ferligs.com\/wp-content\/uploads\/2026\/02\/TRAP_1_3-150x150.webp",150,150,true],"medium":["https:\/\/ferligs.com\/wp-content\/uploads\/2026\/02\/TRAP_1_3-300x200.webp",300,200,true],"medium_large":["https:\/\/ferligs.com\/wp-content\/uploads\/2026\/02\/TRAP_1_3-768x512.webp",768,512,true],"large":["https:\/\/ferligs.com\/wp-content\/uploads\/2026\/02\/TRAP_1_3-1024x683.webp",1024,683,true],"1536x1536":["https:\/\/ferligs.com\/wp-content\/uploads\/2026\/02\/TRAP_1_3-1536x1024.webp",1536,1024,true],"2048x2048":["https:\/\/ferligs.com\/wp-content\/uploads\/2026\/02\/TRAP_1_3-2048x1365.webp",2048,1365,true],"trp-custom-language-flag":["https:\/\/ferligs.com\/wp-content\/uploads\/2026\/02\/TRAP_1_3-18x12.webp",18,12,true],"woocommerce_archive_thumbnail":["https:\/\/ferligs.com\/wp-content\/uploads\/2026\/02\/TRAP_1_3-300x200.webp",300,200,true],"woocommerce_thumbnail":["https:\/\/ferligs.com\/wp-content\/uploads\/2026\/02\/TRAP_1_3-300x200.webp",300,200,true],"woocommerce_single":["https:\/\/ferligs.com\/wp-content\/uploads\/2026\/02\/TRAP_1_3-600x400.webp",600,400,true],"woocommerce_gallery_thumbnail":["https:\/\/ferligs.com\/wp-content\/uploads\/2026\/02\/TRAP_1_3-100x100.webp",100,100,true]},"post_excerpt_stackable_v2":"<p>Venta is a stylish table base made from durable 50\u00d720 mm steel tubing, featuring intersecting lines that combine modern elegance with strong, stable support. Powder-coated for long-lasting protection against scratches and corrosion, it allows maximum seating around the table. Delivered unassembled with all hardware and instructions included, it can also be custom-sized.<\/p>\n","category_list_v2":"","author_info_v2":{"name":"","url":""},"comments_num_v2":"0 comments","jetpack_publicize_connections":[],"jetpack_sharing_enabled":true,"_links":{"self":[{"href":"https:\/\/ferligs.com\/sv\/wp-json\/wp\/v2\/product\/4538","targetHints":{"allow":["GET"]}}],"collection":[{"href":"https:\/\/ferligs.com\/sv\/wp-json\/wp\/v2\/product"}],"about":[{"href":"https:\/\/ferligs.com\/sv\/wp-json\/wp\/v2\/types\/product"}],"wp:featuredmedia":[{"embeddable":true,"href":"https:\/\/ferligs.com\/sv\/wp-json\/wp\/v2\/media\/4674"}],"wp:attachment":[{"href":"https:\/\/ferligs.com\/sv\/wp-json\/wp\/v2\/media?parent=4538"}],"wp:term":[{"taxonomy":"product_brand","embeddable":true,"href":"https:\/\/ferligs.com\/sv\/wp-json\/wp\/v2\/product_brand?post=4538"},{"taxonomy":"product_cat","embeddable":true,"href":"https:\/\/ferligs.com\/sv\/wp-json\/wp\/v2\/product_cat?post=4538"},{"taxonomy":"product_tag","embeddable":true,"href":"https:\/\/ferligs.com\/sv\/wp-json\/wp\/v2\/product_tag?post=4538"}],"curies":[{"name":"wp","href":"https:\/\/api.w.org\/{rel}","templated":true}]}}