{"id":4334,"date":"2026-02-25T10:33:46","date_gmt":"2026-02-25T08:33:46","guid":{"rendered":"https:\/\/ferligs.com\/?post_type=product&#038;p=4334"},"modified":"2026-03-11T20:04:41","modified_gmt":"2026-03-11T18:04:41","slug":"seda-table-legs","status":"publish","type":"product","link":"https:\/\/ferligs.com\/sv\/product\/seda-table-legs\/","title":{"rendered":"SEDA \u2013 Bordben i metall f\u00f6r matbord"},"content":{"rendered":"<p>Seda-matbordsunderredet \u00e4r en raffinerad kombination av styrka, symmetri och modern elegans. Underredet \u00e4r utformat f\u00f6r att skapa en stabil och visuellt balanserad bas och lyfter fram b\u00e5de moderna och klassiska interi\u00f6rer med sina rena linjer och arkitektoniska former. Dess v\u00e4lbalanserade utformning ger inte bara stabilitet utan s\u00e4kerst\u00e4ller \u00e4ven ett bekv\u00e4mt sittutrymme, vilket g\u00f6r det till en idealisk l\u00f6sning f\u00f6r matplatser d\u00e4r b\u00e5de funktionalitet och estetik \u00e4r lika viktiga.<\/p>\n<p>Seda-matbordsunderredet \u00e4r tillverkat av h\u00f6gkvalitativa st\u00e5lr\u00f6r (60 \u00d7 30 \u00d7 1,5 mm som standard) och erbjuder p\u00e5litlig h\u00e5llbarhet f\u00f6r daglig anv\u00e4ndning. Varje komponent \u00e4r professionellt pulverlackerad f\u00f6r att ge ett l\u00e5ngvarigt skydd mot repor, slitage och korrosion, vilket s\u00e4kerst\u00e4ller att underredet beh\u00e5ller sitt felfria utseende i m\u00e5nga \u00e5r fram\u00f6ver. Den robusta konstruktionen g\u00f6r att det klarar av en rad olika bordsskivsmaterial, fr\u00e5n massivt tr\u00e4 till fan\u00e9r eller kompositmaterial.<\/p>\n<p>Underredet levereras omonterat f\u00f6r s\u00e4ker transport, med tydliga instruktioner och allt n\u00f6dv\u00e4ndigt monteringsmaterial f\u00f6r enkel installation. Det \u00e4r f\u00f6rborrat med 5 mm monteringsh\u00e5l f\u00f6r s\u00e4ker fasts\u00e4ttning av bordsskivan, och ytterligare h\u00e5lkonfigurationer kan ordnas p\u00e5 beg\u00e4ran. De genomt\u00e4nkta m\u00e5tten garanterar b\u00e5de stabilitet och praktiskt benutrymme f\u00f6r bekv\u00e4m sittkomfort.<\/p>\n<p>Seda-matbordsunderredet \u00e4r helt anpassningsbart och kan skr\u00e4ddarsys efter dina exakta \u00f6nskem\u00e5l, inklusive storlek, l\u00e4ngd, f\u00e4rg och tekniska parametrar. Standardm\u00e5tt \u00e4r en h\u00f6jd p\u00e5 cirka 71 cm, en bredd p\u00e5 70 cm och justerbara l\u00e4ngdalternativ fr\u00e5n 70 till 200 cm. Om du beh\u00f6ver en skr\u00e4ddarsydd l\u00f6sning f\u00f6r ditt inredningsprojekt skapar vi g\u00e4rna ett specialanpassat underrede som \u00e4r utformat exakt efter dina behov. Observera att det angivna priset endast g\u00e4ller underredet; bordsskivan ing\u00e5r inte.<\/p>","protected":false},"excerpt":{"rendered":"<p>Bordsunderredet Seda \u00e4r ett h\u00e5llbart och elegant st\u00e5lunderrede som \u00e4r utformat f\u00f6r b\u00e5de moderna och klassiska matsalsmilj\u00f6er. Det \u00e4r tillverkat av st\u00e5lr\u00f6r med m\u00e5tten 60 \u00d7 30 \u00d7 1,5 mm och har en slitstark pulverlackering som garanterar h\u00e5llfasthet, stabilitet och ett elegant utseende. Underredet levereras omonterat med f\u00f6rborrade monteringsh\u00e5l f\u00f6r enkel installation och kan anpassas helt efter \u00f6nskem\u00e5l vad g\u00e4ller storlek och f\u00e4rg. Passar bordsskivor med en l\u00e4ngd p\u00e5 70 till 200 cm. Bordsskiva ing\u00e5r ej.<\/p>","protected":false},"featured_media":4460,"template":"","meta":{"jetpack_publicize_message":"","jetpack_publicize_feature_enabled":true,"jetpack_social_post_already_shared":true,"jetpack_social_options":{"image_generator_settings":{"template":"highway","default_image_id":0,"font":"","enabled":false},"version":2}},"product_brand":[578],"product_cat":[113],"product_tag":[701,704],"class_list":{"0":"post-4334","1":"product","2":"type-product","3":"status-publish","4":"has-post-thumbnail","6":"product_brand-ferligs","7":"product_cat-table-legs","8":"product_tag-a-shaped-table-legs","9":"product_tag-table-bases","10":"product_shipping_class-tables-legs","12":"first","13":"instock","14":"sale","15":"taxable","16":"shipping-taxable","17":"purchasable","18":"product-type-variable","19":"has-default-attributes"},"featured_image_urls_v2":{"full":["https:\/\/ferligs.com\/wp-content\/uploads\/2026\/02\/3.webp",1640,1360,false],"thumbnail":["https:\/\/ferligs.com\/wp-content\/uploads\/2026\/02\/3-150x150.webp",150,150,true],"medium":["https:\/\/ferligs.com\/wp-content\/uploads\/2026\/02\/3-300x249.webp",300,249,true],"medium_large":["https:\/\/ferligs.com\/wp-content\/uploads\/2026\/02\/3-768x637.webp",768,637,true],"large":["https:\/\/ferligs.com\/wp-content\/uploads\/2026\/02\/3-1024x849.webp",1024,849,true],"1536x1536":["https:\/\/ferligs.com\/wp-content\/uploads\/2026\/02\/3-1536x1274.webp",1536,1274,true],"2048x2048":["https:\/\/ferligs.com\/wp-content\/uploads\/2026\/02\/3.webp",1640,1360,false],"trp-custom-language-flag":["https:\/\/ferligs.com\/wp-content\/uploads\/2026\/02\/3-14x12.webp",14,12,true],"woocommerce_archive_thumbnail":["https:\/\/ferligs.com\/wp-content\/uploads\/2026\/02\/3-300x249.webp",300,249,true],"woocommerce_thumbnail":["https:\/\/ferligs.com\/wp-content\/uploads\/2026\/02\/3-300x249.webp",300,249,true],"woocommerce_single":["https:\/\/ferligs.com\/wp-content\/uploads\/2026\/02\/3-600x498.webp",600,498,true],"woocommerce_gallery_thumbnail":["https:\/\/ferligs.com\/wp-content\/uploads\/2026\/02\/3-100x100.webp",100,100,true]},"post_excerpt_stackable_v2":"<p>The Seda Dining table base is a durable and elegant steel foundation designed for modern and classic dining spaces. Made from 60 \u00d7 30 \u00d7 1.5 mm steel tubing and finished with a long-lasting powder coating, it ensures strength, stability, and a refined appearance. Delivered unassembled with pre-drilled mounting holes for easy installation, this base is fully customizable in size and color. Suitable for tabletops from 70 to 200 cm in length. Tabletop not included.<\/p>\n","category_list_v2":"","author_info_v2":{"name":"","url":""},"comments_num_v2":"0 comments","jetpack_publicize_connections":[],"jetpack_sharing_enabled":true,"_links":{"self":[{"href":"https:\/\/ferligs.com\/sv\/wp-json\/wp\/v2\/product\/4334","targetHints":{"allow":["GET"]}}],"collection":[{"href":"https:\/\/ferligs.com\/sv\/wp-json\/wp\/v2\/product"}],"about":[{"href":"https:\/\/ferligs.com\/sv\/wp-json\/wp\/v2\/types\/product"}],"wp:featuredmedia":[{"embeddable":true,"href":"https:\/\/ferligs.com\/sv\/wp-json\/wp\/v2\/media\/4460"}],"wp:attachment":[{"href":"https:\/\/ferligs.com\/sv\/wp-json\/wp\/v2\/media?parent=4334"}],"wp:term":[{"taxonomy":"product_brand","embeddable":true,"href":"https:\/\/ferligs.com\/sv\/wp-json\/wp\/v2\/product_brand?post=4334"},{"taxonomy":"product_cat","embeddable":true,"href":"https:\/\/ferligs.com\/sv\/wp-json\/wp\/v2\/product_cat?post=4334"},{"taxonomy":"product_tag","embeddable":true,"href":"https:\/\/ferligs.com\/sv\/wp-json\/wp\/v2\/product_tag?post=4334"}],"curies":[{"name":"wp","href":"https:\/\/api.w.org\/{rel}","templated":true}]}}