{"id":4289,"date":"2026-02-25T09:39:43","date_gmt":"2026-02-25T07:39:43","guid":{"rendered":"https:\/\/ferligs.com\/?post_type=product&#038;p=4289"},"modified":"2026-03-11T20:08:15","modified_gmt":"2026-03-11T18:08:15","slug":"uzava-table-legs","status":"publish","type":"product","link":"https:\/\/ferligs.com\/sv\/product\/uzava-table-legs\/","title":{"rendered":"UZAVA \u2013 Par bordsben (U-formade)"},"content":{"rendered":"<p>Uzava-modellen \u00e4r ett sofistikerat uttryck f\u00f6r industriell design och erbjuder en dj\u00e4rv men samtidigt raffinerad estetik som passar alla moderna interi\u00f6rer. Dessa U-formade bordsben \u00e4r skickligt tillverkade f\u00f6r att f\u00f6rena minimalistisk elegans med robust h\u00e5llbarhet. De \u00e4r designade med en loftinspirerad stil och sm\u00e4lter s\u00f6ml\u00f6st in i inredningen i b\u00e5de k\u00f6k och vardagsrum, samtidigt som de utg\u00f6r en i\u00f6gonfallande bas f\u00f6r dina m\u00f6bler. De rena linjerna och de v\u00e4lbalanserade proportionerna g\u00f6r att ditt bord f\u00f6rblir ett tidl\u00f6st blickf\u00e5ng.<\/p>\n<p>Kvalitet st\u00e5r i centrum f\u00f6r Uzava-serien. Varje underrede \u00e4r tillverkat av h\u00f6gkvalitativ metall, n\u00e4rmare best\u00e4mt ett robust st\u00e5lr\u00f6r p\u00e5 80 x 40 mm som garanterar enast\u00e5ende h\u00e5llfasthet. F\u00f6r att s\u00e4kerst\u00e4lla en felfri och h\u00e5llbar ytbehandling genomg\u00e5r alla komponenter en professionell pulverlackeringsprocess. Detta skyddande skikt f\u00f6rst\u00e4rker inte bara det eleganta utseendet utan ger ocks\u00e5 \u00f6verl\u00e4gsen slitstyrka, vilket g\u00f6r att dina U-formade bordsben beh\u00e5ller sitt ursprungliga utseende i m\u00e5nga \u00e5r fram\u00f6ver.<\/p>\n<p>Teknik m\u00f6ter m\u00e5ngsidighet med Uzava-st\u00f6dbenen. Oavsett om du monterar ett tungt matbord eller en elegant hallb\u00e4nk erbjuder dessa U-formade bordsben den stabilitet som kr\u00e4vs f\u00f6r olika bordsskivsmaterial. Som standard \u00e4r basen f\u00f6rborrad med 5 mm monteringsh\u00e5l f\u00f6r att underl\u00e4tta en smidig och s\u00e4ker installation. Det breda profilet p\u00e5 r\u00f6ren (80 x 40 mm) ger ett stadigt st\u00f6d, vilket g\u00f6r dem till ett perfekt val f\u00f6r dig som v\u00e4rdes\u00e4tter b\u00e5de form och funktionell tillf\u00f6rlitlighet.<\/p>\n<p>Vi \u00e4r medvetna om att varje inredningsprojekt \u00e4r unikt, och d\u00e4rf\u00f6r kan Uzava-modellen anpassas helt efter just dina behov. Ut\u00f6ver v\u00e5ra standardm\u00e5tt f\u00f6r bord och b\u00e4nkar erbjuder vi skr\u00e4ddarsydda justeringar av h\u00f6jd, bredd och f\u00e4rgval. Om du har en s\u00e4rskild vision eller beh\u00f6ver specifika tekniska parametrar st\u00e5r v\u00e5rt team redo att ta fram specialanpassade U-formade bordsben som \u00e4r skr\u00e4ddarsydda just f\u00f6r dig. Observera att det angivna priset endast avser metallunderredet, utan bordsskivan.<\/p>","protected":false},"excerpt":{"rendered":"<p>Uzava-bordsbenen i U-form f\u00f6renar industriell styrka med en minimalistisk loftestetik, med en robust st\u00e5lprofil p\u00e5 80 x 40 mm och en slitstark pulverlackerad yta. Dessa h\u00f6gkvalitativa metallunderreden \u00e4r utformade f\u00f6r b\u00e5de matbord och b\u00e4nkar och erbjuder enast\u00e5ende stabilitet samt ett elegant, modernt utseende. Uzava-modellen kan anpassas helt efter \u00f6nskem\u00e5l vad g\u00e4ller storlek och f\u00e4rg och \u00e4r den perfekta grunden f\u00f6r skr\u00e4ddarsydda m\u00f6belprojekt som kr\u00e4ver en balans mellan elegans och l\u00e5ngvarig h\u00e5llbarhet.<\/p>","protected":false},"featured_media":5152,"template":"","meta":{"jetpack_publicize_message":"","jetpack_publicize_feature_enabled":true,"jetpack_social_post_already_shared":true,"jetpack_social_options":{"image_generator_settings":{"template":"highway","default_image_id":0,"font":"","enabled":false},"version":2}},"product_brand":[578],"product_cat":[113],"product_tag":[699],"class_list":{"0":"post-4289","1":"product","2":"type-product","3":"status-publish","4":"has-post-thumbnail","6":"product_brand-ferligs","7":"product_cat-table-legs","8":"product_tag-u-shaped-table-legs","9":"product_shipping_class-tables-legs","11":"first","12":"instock","13":"sale","14":"taxable","15":"shipping-taxable","16":"purchasable","17":"product-type-variable","18":"has-default-attributes"},"featured_image_urls_v2":{"full":["https:\/\/ferligs.com\/wp-content\/uploads\/2026\/02\/photo_2026-03-04_13-57-58.webp",1280,960,false],"thumbnail":["https:\/\/ferligs.com\/wp-content\/uploads\/2026\/02\/photo_2026-03-04_13-57-58-150x150.webp",150,150,true],"medium":["https:\/\/ferligs.com\/wp-content\/uploads\/2026\/02\/photo_2026-03-04_13-57-58-300x225.webp",300,225,true],"medium_large":["https:\/\/ferligs.com\/wp-content\/uploads\/2026\/02\/photo_2026-03-04_13-57-58-768x576.webp",768,576,true],"large":["https:\/\/ferligs.com\/wp-content\/uploads\/2026\/02\/photo_2026-03-04_13-57-58-1024x768.webp",1024,768,true],"1536x1536":["https:\/\/ferligs.com\/wp-content\/uploads\/2026\/02\/photo_2026-03-04_13-57-58.webp",1280,960,false],"2048x2048":["https:\/\/ferligs.com\/wp-content\/uploads\/2026\/02\/photo_2026-03-04_13-57-58.webp",1280,960,false],"trp-custom-language-flag":["https:\/\/ferligs.com\/wp-content\/uploads\/2026\/02\/photo_2026-03-04_13-57-58-16x12.webp",16,12,true],"woocommerce_archive_thumbnail":["https:\/\/ferligs.com\/wp-content\/uploads\/2026\/02\/photo_2026-03-04_13-57-58-300x225.webp",300,225,true],"woocommerce_thumbnail":["https:\/\/ferligs.com\/wp-content\/uploads\/2026\/02\/photo_2026-03-04_13-57-58-300x225.webp",300,225,true],"woocommerce_single":["https:\/\/ferligs.com\/wp-content\/uploads\/2026\/02\/photo_2026-03-04_13-57-58-600x450.webp",600,450,true],"woocommerce_gallery_thumbnail":["https:\/\/ferligs.com\/wp-content\/uploads\/2026\/02\/photo_2026-03-04_13-57-58-100x100.webp",100,100,true]},"post_excerpt_stackable_v2":"<p>The Uzava U-Shaped table legs combine industrial strength with a minimalist loft aesthetic, featuring a robust 80 x 40 mm steel profile and a durable powder-coated finish. Designed for both dining tables and benches, these high-quality metal bases provide exceptional stability and a sleek, modern look. Fully customizable in size and color, the Uzava model is the perfect foundation for bespoke furniture projects that require a balance of elegance and long-lasting durability.<\/p>\n","category_list_v2":"","author_info_v2":{"name":"","url":""},"comments_num_v2":"0 comments","jetpack_publicize_connections":[],"jetpack_sharing_enabled":true,"_links":{"self":[{"href":"https:\/\/ferligs.com\/sv\/wp-json\/wp\/v2\/product\/4289","targetHints":{"allow":["GET"]}}],"collection":[{"href":"https:\/\/ferligs.com\/sv\/wp-json\/wp\/v2\/product"}],"about":[{"href":"https:\/\/ferligs.com\/sv\/wp-json\/wp\/v2\/types\/product"}],"wp:featuredmedia":[{"embeddable":true,"href":"https:\/\/ferligs.com\/sv\/wp-json\/wp\/v2\/media\/5152"}],"wp:attachment":[{"href":"https:\/\/ferligs.com\/sv\/wp-json\/wp\/v2\/media?parent=4289"}],"wp:term":[{"taxonomy":"product_brand","embeddable":true,"href":"https:\/\/ferligs.com\/sv\/wp-json\/wp\/v2\/product_brand?post=4289"},{"taxonomy":"product_cat","embeddable":true,"href":"https:\/\/ferligs.com\/sv\/wp-json\/wp\/v2\/product_cat?post=4289"},{"taxonomy":"product_tag","embeddable":true,"href":"https:\/\/ferligs.com\/sv\/wp-json\/wp\/v2\/product_tag?post=4289"}],"curies":[{"name":"wp","href":"https:\/\/api.w.org\/{rel}","templated":true}]}}