{"id":4281,"date":"2026-02-26T16:04:02","date_gmt":"2026-02-26T14:04:02","guid":{"rendered":"https:\/\/ferligs.com\/?post_type=product&#038;p=4281"},"modified":"2026-03-11T19:58:13","modified_gmt":"2026-03-11T17:58:13","slug":"imula-table-legs","status":"publish","type":"product","link":"https:\/\/ferligs.com\/sv\/product\/imula-table-legs\/","title":{"rendered":"IMULA \u2013 Set med 4 bordsben i metall"},"content":{"rendered":"<p>Imula \u2013 4-pack metallbordsben \u00e4r utformade f\u00f6r att ge styrka, stabilitet och en modern stil till matbord, skrivbord, arbetsstationer och egna m\u00f6belprojekt. Dessa ben \u00e4r tillverkade av h\u00f6gkvalitativt st\u00e5lr\u00f6r (60\u00d720 mm) och erbjuder utm\u00e4rkt b\u00e4rf\u00f6rm\u00e5ga och l\u00e5ng h\u00e5llbarhet, samtidigt som de beh\u00e5ller en ren, minimalistisk design som passar perfekt i moderna och industriella interi\u00f6rer.<\/p>\n<p>Varje ben \u00e4r professionellt pulverlackerat f\u00f6r att garantera en sl\u00e4t och j\u00e4mn yta som t\u00e5l repor, slitage och korrosion. Den h\u00e5llbara pulverlackeringen skyddar st\u00e5let och bevarar dess utseende i m\u00e5nga \u00e5r vid normal anv\u00e4ndning inomhus.<\/p>\n<p>Standardh\u00f6jden \u00e4r 71 cm, plus justerbara st\u00f6df\u00f6tter (cirka 1 cm) f\u00f6r \u00f6kad stabilitet p\u00e5 oj\u00e4mna golv. Benen har f\u00f6rborrade 5 mm monteringsh\u00e5l f\u00f6r enkel installation. Om du beh\u00f6ver monteringsh\u00e5l i andra storlekar, v\u00e4nligen ange detta n\u00e4r du l\u00e4gger din best\u00e4llning. Observera: priset avser endast ett set med 4 bordsben i metall. Bordsskivan ing\u00e5r inte.<\/p>","protected":false},"excerpt":{"rendered":"<p>Imula \u2013 4-pack bordsben i metall f\u00f6renar styrka, h\u00e5llbarhet och modern design. Dessa 71 cm h\u00f6ga ben \u00e4r tillverkade av st\u00e5lr\u00f6r (60\u00d720 mm) och ytbehandlade med en slitstark pulverlackering, vilket ger utm\u00e4rkt stabilitet f\u00f6r matbord, skrivbord och specialtillverkade m\u00f6bler. Justerbara f\u00f6tter s\u00e4kerst\u00e4ller perfekt nivellering. Bordsskiva ing\u00e5r ej.<\/p>","protected":false},"featured_media":4638,"template":"","meta":{"jetpack_publicize_message":"","jetpack_publicize_feature_enabled":true,"jetpack_social_post_already_shared":true,"jetpack_social_options":{"image_generator_settings":{"template":"highway","default_image_id":0,"font":"","enabled":false},"version":2}},"product_brand":[578],"product_cat":[113],"product_tag":[],"class_list":{"0":"post-4281","1":"product","2":"type-product","3":"status-publish","4":"has-post-thumbnail","6":"product_brand-ferligs","7":"product_cat-table-legs","9":"first","10":"instock","11":"sale","12":"sold-individually","13":"taxable","14":"shipping-taxable","15":"purchasable","16":"product-type-variable","17":"has-default-attributes"},"featured_image_urls_v2":{"full":["https:\/\/ferligs.com\/wp-content\/uploads\/2026\/02\/IMG_0477-scaled.webp",2560,1920,false],"thumbnail":["https:\/\/ferligs.com\/wp-content\/uploads\/2026\/02\/IMG_0477-150x150.webp",150,150,true],"medium":["https:\/\/ferligs.com\/wp-content\/uploads\/2026\/02\/IMG_0477-300x225.webp",300,225,true],"medium_large":["https:\/\/ferligs.com\/wp-content\/uploads\/2026\/02\/IMG_0477-768x576.webp",768,576,true],"large":["https:\/\/ferligs.com\/wp-content\/uploads\/2026\/02\/IMG_0477-1024x768.webp",1024,768,true],"1536x1536":["https:\/\/ferligs.com\/wp-content\/uploads\/2026\/02\/IMG_0477-1536x1152.webp",1536,1152,true],"2048x2048":["https:\/\/ferligs.com\/wp-content\/uploads\/2026\/02\/IMG_0477-2048x1536.webp",2048,1536,true],"trp-custom-language-flag":["https:\/\/ferligs.com\/wp-content\/uploads\/2026\/02\/IMG_0477-16x12.webp",16,12,true],"woocommerce_archive_thumbnail":["https:\/\/ferligs.com\/wp-content\/uploads\/2026\/02\/IMG_0477-300x225.webp",300,225,true],"woocommerce_thumbnail":["https:\/\/ferligs.com\/wp-content\/uploads\/2026\/02\/IMG_0477-300x225.webp",300,225,true],"woocommerce_single":["https:\/\/ferligs.com\/wp-content\/uploads\/2026\/02\/IMG_0477-600x450.webp",600,450,true],"woocommerce_gallery_thumbnail":["https:\/\/ferligs.com\/wp-content\/uploads\/2026\/02\/IMG_0477-100x100.webp",100,100,true]},"post_excerpt_stackable_v2":"<p>The Imula \u2013 Set of 4 Metal Table Legs combines strength, durability, and modern design. Made from 60&#215;20 mm steel tube and finished with long-lasting powder coating, these 71 cm legs provide excellent stability for dining tables, desks, and custom furniture projects. Adjustable feet ensure perfect leveling. Tabletop not included.<\/p>\n","category_list_v2":"","author_info_v2":{"name":"","url":""},"comments_num_v2":"0 comments","jetpack_publicize_connections":[],"jetpack_sharing_enabled":true,"_links":{"self":[{"href":"https:\/\/ferligs.com\/sv\/wp-json\/wp\/v2\/product\/4281","targetHints":{"allow":["GET"]}}],"collection":[{"href":"https:\/\/ferligs.com\/sv\/wp-json\/wp\/v2\/product"}],"about":[{"href":"https:\/\/ferligs.com\/sv\/wp-json\/wp\/v2\/types\/product"}],"wp:featuredmedia":[{"embeddable":true,"href":"https:\/\/ferligs.com\/sv\/wp-json\/wp\/v2\/media\/4638"}],"wp:attachment":[{"href":"https:\/\/ferligs.com\/sv\/wp-json\/wp\/v2\/media?parent=4281"}],"wp:term":[{"taxonomy":"product_brand","embeddable":true,"href":"https:\/\/ferligs.com\/sv\/wp-json\/wp\/v2\/product_brand?post=4281"},{"taxonomy":"product_cat","embeddable":true,"href":"https:\/\/ferligs.com\/sv\/wp-json\/wp\/v2\/product_cat?post=4281"},{"taxonomy":"product_tag","embeddable":true,"href":"https:\/\/ferligs.com\/sv\/wp-json\/wp\/v2\/product_tag?post=4281"}],"curies":[{"name":"wp","href":"https:\/\/api.w.org\/{rel}","templated":true}]}}