{"id":3588,"date":"2026-02-03T13:36:21","date_gmt":"2026-02-03T11:36:21","guid":{"rendered":"https:\/\/ferligs.com\/?post_type=product&#038;p=3588"},"modified":"2026-03-11T20:10:54","modified_gmt":"2026-03-11T18:10:54","slug":"nirza-table-legs","status":"publish","type":"product","link":"https:\/\/ferligs.com\/sv\/product\/nirza-table-legs\/","title":{"rendered":"NIRZA \u2013 Metallbordsben"},"content":{"rendered":"<p>Handgjorda Nirza A-formade bordsben tillverkade av h\u00f6gkvalitativt st\u00e5l. Varje par \u00e4r noggrant tillverkat f\u00f6r att garantera styrka, stabilitet och en ren, h\u00f6gklassig finish. Den eleganta, avsmalnande trapezformen smalnar av fr\u00e5n golvet mot bordsskivan, vilket ger bordet ett modernt, raffinerat utseende som passar perfekt i alla interi\u00f6rer.<\/p>\n<p>Satsen inneh\u00e5ller ett par Nirza A-formade bordsben i metall (2 st.). Bordsunderredet \u00e4r enkelt att montera och levereras med f\u00f6rborrade monteringsh\u00e5l. Alla metalldelar \u00e4r ytbehandlade med en slitstark pulverlack som skyddar st\u00e5let mot slitage och korrosion, vilket garanterar l\u00e5ng livsl\u00e4ngd.<\/p>\n<p>Dessa handgjorda Nirza-bordsben \u00e4r tillverkade med fokus p\u00e5 kvalitet och precision, vilket g\u00f6r varje exemplar unikt. Den A-formade trapesdesignen ger inte bara stil utan \u00f6kar ocks\u00e5 stabiliteten och den visuella l\u00e4ttheten, vilket g\u00f6r att ditt bord ser elegant och samtidigt stabilt ut.<\/p>\n<p>Anpassade storlekar och specifikationer finns tillg\u00e4ngliga p\u00e5 beg\u00e4ran. Priset g\u00e4ller endast bordsunderredet. Bordsskivan ing\u00e5r inte.<\/p>\n<p>Material: St\u00e5lr\u00f6r 80 \u00d7 40 mm. Monteringsh\u00e5l: 5 mm (anpassade alternativ finns p\u00e5 beg\u00e4ran).<\/p>\n<p>M\u00e5tt: H\u00f6jd 71 cm + justerbara f\u00f6tter (~1 cm). Breddalternativ: 60 \/ 70 \/ 80 cm.<\/p>","protected":false},"excerpt":{"rendered":"<p>Handgjorda A-formade bordsben i metall tillverkade av h\u00f6gkvalitativt st\u00e5l. Elegant avsmalnande design som smalnar av fr\u00e5n golvet till bordsskivan. Slitstark pulverlackerad yta. Enkel att montera. Kan tillverkas i specialstorlekar.<\/p>","protected":false},"featured_media":3621,"template":"","meta":{"jetpack_publicize_message":"","jetpack_publicize_feature_enabled":true,"jetpack_social_post_already_shared":true,"jetpack_social_options":{"image_generator_settings":{"template":"highway","default_image_id":0,"font":"","enabled":false},"version":2}},"product_brand":[578],"product_cat":[113],"product_tag":[702],"class_list":{"0":"post-3588","1":"product","2":"type-product","3":"status-publish","4":"has-post-thumbnail","6":"product_brand-ferligs","7":"product_cat-table-legs","8":"product_tag-trapezoid-table-legs","9":"product_shipping_class-tables-legs","11":"first","12":"instock","13":"sale","14":"taxable","15":"shipping-taxable","16":"purchasable","17":"product-type-variable","18":"has-default-attributes"},"featured_image_urls_v2":{"full":["https:\/\/ferligs.com\/wp-content\/uploads\/2026\/02\/8657-Webp-1640x1360-1.webp",1639,1359,false],"thumbnail":["https:\/\/ferligs.com\/wp-content\/uploads\/2026\/02\/8657-Webp-1640x1360-1-150x150.webp",150,150,true],"medium":["https:\/\/ferligs.com\/wp-content\/uploads\/2026\/02\/8657-Webp-1640x1360-1-300x249.webp",300,249,true],"medium_large":["https:\/\/ferligs.com\/wp-content\/uploads\/2026\/02\/8657-Webp-1640x1360-1-768x637.webp",768,637,true],"large":["https:\/\/ferligs.com\/wp-content\/uploads\/2026\/02\/8657-Webp-1640x1360-1-1024x849.webp",1024,849,true],"1536x1536":["https:\/\/ferligs.com\/wp-content\/uploads\/2026\/02\/8657-Webp-1640x1360-1-1536x1274.webp",1536,1274,true],"2048x2048":["https:\/\/ferligs.com\/wp-content\/uploads\/2026\/02\/8657-Webp-1640x1360-1.webp",1639,1359,false],"trp-custom-language-flag":["https:\/\/ferligs.com\/wp-content\/uploads\/2026\/02\/8657-Webp-1640x1360-1-14x12.webp",14,12,true],"woocommerce_archive_thumbnail":["https:\/\/ferligs.com\/wp-content\/uploads\/2026\/02\/8657-Webp-1640x1360-1-300x249.webp",300,249,true],"woocommerce_thumbnail":["https:\/\/ferligs.com\/wp-content\/uploads\/2026\/02\/8657-Webp-1640x1360-1-300x249.webp",300,249,true],"woocommerce_single":["https:\/\/ferligs.com\/wp-content\/uploads\/2026\/02\/8657-Webp-1640x1360-1-600x497.webp",600,497,true],"woocommerce_gallery_thumbnail":["https:\/\/ferligs.com\/wp-content\/uploads\/2026\/02\/8657-Webp-1640x1360-1-100x100.webp",100,100,true]},"post_excerpt_stackable_v2":"<p>Handcrafted A-shaped metal table legs made of high-quality steel. Elegant tapered design that narrows from floor to tabletop. Durable powder-coated finish. Easy to install. Custom sizes available.<\/p>\n","category_list_v2":"","author_info_v2":{"name":"","url":""},"comments_num_v2":"0 comments","jetpack_publicize_connections":[],"jetpack_sharing_enabled":true,"_links":{"self":[{"href":"https:\/\/ferligs.com\/sv\/wp-json\/wp\/v2\/product\/3588","targetHints":{"allow":["GET"]}}],"collection":[{"href":"https:\/\/ferligs.com\/sv\/wp-json\/wp\/v2\/product"}],"about":[{"href":"https:\/\/ferligs.com\/sv\/wp-json\/wp\/v2\/types\/product"}],"wp:featuredmedia":[{"embeddable":true,"href":"https:\/\/ferligs.com\/sv\/wp-json\/wp\/v2\/media\/3621"}],"wp:attachment":[{"href":"https:\/\/ferligs.com\/sv\/wp-json\/wp\/v2\/media?parent=3588"}],"wp:term":[{"taxonomy":"product_brand","embeddable":true,"href":"https:\/\/ferligs.com\/sv\/wp-json\/wp\/v2\/product_brand?post=3588"},{"taxonomy":"product_cat","embeddable":true,"href":"https:\/\/ferligs.com\/sv\/wp-json\/wp\/v2\/product_cat?post=3588"},{"taxonomy":"product_tag","embeddable":true,"href":"https:\/\/ferligs.com\/sv\/wp-json\/wp\/v2\/product_tag?post=3588"}],"curies":[{"name":"wp","href":"https:\/\/api.w.org\/{rel}","templated":true}]}}