{"id":2609,"date":"2025-11-06T16:01:27","date_gmt":"2025-11-06T14:01:27","guid":{"rendered":"https:\/\/ferligs.com\/?post_type=product&#038;p=2609"},"modified":"2026-03-06T09:33:20","modified_gmt":"2026-03-06T07:33:20","slug":"misa-table-legs","status":"publish","type":"product","link":"https:\/\/ferligs.com\/sv\/product\/misa-table-legs\/","title":{"rendered":"MISA &#8211; Metal Table Legs for Dining Tables"},"content":{"rendered":"<p>The Misa metal table legs bring elegance and strength to any dining table, combining modern style with exceptional durability. Crafted for rectangular tabletops, this meticulously designed table base offers superior stability and support, making it the perfect foundation for stylish and functional home or office furniture.<\/p>\n<p>Den h\u00f6gkvalitativa pulverlackerade st\u00e5lytan garanterar inte bara utm\u00e4rkt motst\u00e5ndskraft mot repor, slitage och korrosion, utan ger ocks\u00e5 en elegant och sofistikerad touch till moderna och industriella inredningsdesign.<\/p>\n<p>Misa-bordsunderredet levereras omonterat. Det \u00e4r inte sv\u00e5rt att montera bordsunderredet \u2013 monteringsanvisningar medf\u00f6ljer och paketet inneh\u00e5ller allt du beh\u00f6ver.<\/p>\n<p>Detaljerna \u00e4r pulverlackerade. Lackeringen \u00e4r h\u00e5llbar och h\u00e5ller i m\u00e5nga \u00e5r, vilket g\u00f6r att benen beh\u00e5ller sitt utseende och sin funktion \u00f6ver tid.<\/p>\n<p>Misa-bordsunderreden i metall passar perfekt till matbord, skrivbord, k\u00f6ksb\u00e4nkar eller till och med konferensbord. De ger ett professionellt och elegant intryck till alla utrymmen samtidigt som de utg\u00f6r en p\u00e5litlig och stabil grund. Den minimalistiska men \u00e4nd\u00e5 industriella estetiken g\u00f6r dem l\u00e4mpliga f\u00f6r moderna hem, kontor, studior och kommersiella interi\u00f6rer, d\u00e4r de f\u00f6rh\u00f6jer den \u00f6vergripande stilen samtidigt som de bibeh\u00e5ller sin praktiska funktion och styrka.<\/p>\n<p>Denna tabell kan skr\u00e4ddarsys efter dina egna m\u00e5tt och specifikationer.<\/p>\n<p>Priset g\u00e4ller endast bordsunderredet. Bordsskiva ing\u00e5r inte.<\/p>","protected":false},"excerpt":{"rendered":"<p>Snygga och stabila metallbordsben f\u00f6r rektangul\u00e4ra bord. Tillverkade av slitstarkt pulverlackerat st\u00e5l, motst\u00e5ndskraftigt mot repor och korrosion. Kan best\u00e4llas i specialstorlekar. Levereras omonterade med alla delar inkluderade. <strong>Bordsskiva ing\u00e5r ej.<\/strong><\/p>","protected":false},"featured_media":2561,"template":"","meta":{"jetpack_publicize_message":"","jetpack_publicize_feature_enabled":true,"jetpack_social_post_already_shared":false,"jetpack_social_options":{"image_generator_settings":{"template":"highway","default_image_id":0,"font":"","enabled":false},"version":2}},"product_brand":[578],"product_cat":[113],"product_tag":[705,704,698],"class_list":{"0":"post-2609","1":"product","2":"type-product","3":"status-publish","4":"has-post-thumbnail","6":"product_brand-ferligs","7":"product_cat-table-legs","8":"product_tag-spider-legs","9":"product_tag-table-bases","10":"product_tag-x-shaped-table-legs","11":"product_shipping_class-tables-legs","13":"first","14":"instock","15":"sale","16":"featured","17":"taxable","18":"shipping-taxable","19":"purchasable","20":"product-type-variable","21":"has-default-attributes"},"featured_image_urls_v2":{"full":["https:\/\/ferligs.com\/wp-content\/uploads\/2025\/11\/misa-table-legs-2-scaled.webp",2560,1926,false],"thumbnail":["https:\/\/ferligs.com\/wp-content\/uploads\/2025\/11\/misa-table-legs-2-150x150.webp",150,150,true],"medium":["https:\/\/ferligs.com\/wp-content\/uploads\/2025\/11\/misa-table-legs-2-300x226.webp",300,226,true],"medium_large":["https:\/\/ferligs.com\/wp-content\/uploads\/2025\/11\/misa-table-legs-2-768x578.webp",768,578,true],"large":["https:\/\/ferligs.com\/wp-content\/uploads\/2025\/11\/misa-table-legs-2-1024x770.webp",1024,770,true],"1536x1536":["https:\/\/ferligs.com\/wp-content\/uploads\/2025\/11\/misa-table-legs-2-1536x1155.webp",1536,1155,true],"2048x2048":["https:\/\/ferligs.com\/wp-content\/uploads\/2025\/11\/misa-table-legs-2-2048x1541.webp",2048,1541,true],"trp-custom-language-flag":["https:\/\/ferligs.com\/wp-content\/uploads\/2025\/11\/misa-table-legs-2-16x12.webp",16,12,true],"woocommerce_archive_thumbnail":["https:\/\/ferligs.com\/wp-content\/uploads\/2025\/11\/misa-table-legs-2-300x226.webp",300,226,true],"woocommerce_thumbnail":["https:\/\/ferligs.com\/wp-content\/uploads\/2025\/11\/misa-table-legs-2-300x226.webp",300,226,true],"woocommerce_single":["https:\/\/ferligs.com\/wp-content\/uploads\/2025\/11\/misa-table-legs-2-600x451.webp",600,451,true],"woocommerce_gallery_thumbnail":["https:\/\/ferligs.com\/wp-content\/uploads\/2025\/11\/misa-table-legs-2-100x100.webp",100,100,true]},"post_excerpt_stackable_v2":"<p>Stylish and strong metal table legs for rectangular tables. Made from durable powder-coated steel, resistant to scratches and corrosion. Custom sizes available. Delivered unassembled with all parts included. <strong>Tabletop not included.<\/strong><\/p>\n","category_list_v2":"","author_info_v2":{"name":"","url":""},"comments_num_v2":"0 comments","jetpack_publicize_connections":[],"jetpack_sharing_enabled":true,"_links":{"self":[{"href":"https:\/\/ferligs.com\/sv\/wp-json\/wp\/v2\/product\/2609","targetHints":{"allow":["GET"]}}],"collection":[{"href":"https:\/\/ferligs.com\/sv\/wp-json\/wp\/v2\/product"}],"about":[{"href":"https:\/\/ferligs.com\/sv\/wp-json\/wp\/v2\/types\/product"}],"wp:featuredmedia":[{"embeddable":true,"href":"https:\/\/ferligs.com\/sv\/wp-json\/wp\/v2\/media\/2561"}],"wp:attachment":[{"href":"https:\/\/ferligs.com\/sv\/wp-json\/wp\/v2\/media?parent=2609"}],"wp:term":[{"taxonomy":"product_brand","embeddable":true,"href":"https:\/\/ferligs.com\/sv\/wp-json\/wp\/v2\/product_brand?post=2609"},{"taxonomy":"product_cat","embeddable":true,"href":"https:\/\/ferligs.com\/sv\/wp-json\/wp\/v2\/product_cat?post=2609"},{"taxonomy":"product_tag","embeddable":true,"href":"https:\/\/ferligs.com\/sv\/wp-json\/wp\/v2\/product_tag?post=2609"}],"curies":[{"name":"wp","href":"https:\/\/api.w.org\/{rel}","templated":true}]}}