{"id":2523,"date":"2025-11-06T15:27:55","date_gmt":"2025-11-06T13:27:55","guid":{"rendered":"https:\/\/ferligs.com\/?post_type=product&#038;p=2523"},"modified":"2026-03-06T09:33:47","modified_gmt":"2026-03-06T07:33:47","slug":"musa-table-legs","status":"publish","type":"product","link":"https:\/\/ferligs.com\/sv\/product\/musa-table-legs\/","title":{"rendered":"MUSA &#8211; Metal Table Legs for Dining Tables"},"content":{"rendered":"<p>Musa metallbordsben \u00e4r en handgjord l\u00f6sning som kombinerar modern stil, exceptionell styrka och l\u00e5ngvarig h\u00e5llbarhet. Denna robusta metallbordsbas \u00e4r noggrant hand-svetsad av h\u00f6gkvalitativt st\u00e5l, vilket ger en stabil och p\u00e5litlig konstruktion som klarar tunga belastningar och daglig anv\u00e4ndning. Designad f\u00f6r rektangul\u00e4ra bordsskivor, ger dessa matbordsben utm\u00e4rkt stabilitet och st\u00f6d f\u00f6r matbord, skrivbord, k\u00f6ksbord och konferensbord.<\/p>\n<p>Musa metallbordsben har en h\u00e5llbar pulverlackering som skyddar st\u00e5let mot repor, slitage och korrosion och samtidigt ger ett elegant och rent utseende under m\u00e5nga \u00e5r. Varje detalj \u00e4r noggrant svetsad och belagd f\u00f6r att s\u00e4kerst\u00e4lla b\u00e5de estetiskt utseende och mekanisk styrka. Tack vare den svetsade konstruktionen och h\u00f6gkvalitativa material erbjuder denna metallbordsbas utm\u00e4rkt b\u00e4rf\u00f6rm\u00e5ga, l\u00e4mplig f\u00f6r b\u00e5de hem och kommersiella milj\u00f6er.<\/p>\n<p>Med sitt minimalistiska industriella design sm\u00e4lter Musa matbordsben s\u00f6ml\u00f6st in i moderna, industriella och samtida interi\u00f6rer, vilket f\u00f6rb\u00e4ttrar stilen i hem, kontor, studior, kaf\u00e9er och andra kommersiella utrymmen. Bordsbasen levereras omonterad f\u00f6r s\u00e4ker transport och enkel montering. Monteringen \u00e4r enkel; instruktioner och all n\u00f6dv\u00e4ndig h\u00e5rdvara ing\u00e5r.<\/p>\n<p>Varje Musa metallbordsbas kan anpassas efter dina specifikationer, vilket l\u00e5ter dig v\u00e4lja den storlek som passar perfekt till din bordsskiva och inredning. Priset g\u00e4ller endast bordsbasen. Bordsskiva ing\u00e5r ej.<\/p>","protected":false},"excerpt":{"rendered":"<p>Snygga och slitstarka metallben f\u00f6r rektangul\u00e4ra bord. Tillverkad av slitstarkt pulverlackerat st\u00e5l, motst\u00e5ndskraftigt mot repor och korrosion. Anpassade storlekar kan best\u00e4llas. De levereras demonterade med alla n\u00f6dv\u00e4ndiga delar. <\/p>","protected":false},"featured_media":2518,"template":"","meta":{"jetpack_publicize_message":"","jetpack_publicize_feature_enabled":true,"jetpack_social_post_already_shared":false,"jetpack_social_options":{"image_generator_settings":{"template":"highway","default_image_id":0,"font":"","enabled":false},"version":2}},"product_brand":[578],"product_cat":[113],"product_tag":[705,704,698],"class_list":{"0":"post-2523","1":"product","2":"type-product","3":"status-publish","4":"has-post-thumbnail","6":"product_brand-ferligs","7":"product_cat-table-legs","8":"product_tag-spider-legs","9":"product_tag-table-bases","10":"product_tag-x-shaped-table-legs","11":"product_shipping_class-tables-legs","13":"first","14":"instock","15":"sale","16":"taxable","17":"shipping-taxable","18":"purchasable","19":"product-type-variable","20":"has-default-attributes"},"featured_image_urls_v2":{"full":["https:\/\/ferligs.com\/wp-content\/uploads\/2025\/11\/musa-table-legs-18-scaled.webp",2560,1919,false],"thumbnail":["https:\/\/ferligs.com\/wp-content\/uploads\/2025\/11\/musa-table-legs-18-150x150.webp",150,150,true],"medium":["https:\/\/ferligs.com\/wp-content\/uploads\/2025\/11\/musa-table-legs-18-300x225.webp",300,225,true],"medium_large":["https:\/\/ferligs.com\/wp-content\/uploads\/2025\/11\/musa-table-legs-18-768x576.webp",768,576,true],"large":["https:\/\/ferligs.com\/wp-content\/uploads\/2025\/11\/musa-table-legs-18-1024x768.webp",1024,768,true],"1536x1536":["https:\/\/ferligs.com\/wp-content\/uploads\/2025\/11\/musa-table-legs-18-1536x1152.webp",1536,1152,true],"2048x2048":["https:\/\/ferligs.com\/wp-content\/uploads\/2025\/11\/musa-table-legs-18-2048x1535.webp",2048,1535,true],"trp-custom-language-flag":["https:\/\/ferligs.com\/wp-content\/uploads\/2025\/11\/musa-table-legs-18-16x12.webp",16,12,true],"woocommerce_archive_thumbnail":["https:\/\/ferligs.com\/wp-content\/uploads\/2025\/11\/musa-table-legs-18-300x225.webp",300,225,true],"woocommerce_thumbnail":["https:\/\/ferligs.com\/wp-content\/uploads\/2025\/11\/musa-table-legs-18-300x225.webp",300,225,true],"woocommerce_single":["https:\/\/ferligs.com\/wp-content\/uploads\/2025\/11\/musa-table-legs-18-600x450.webp",600,450,true],"woocommerce_gallery_thumbnail":["https:\/\/ferligs.com\/wp-content\/uploads\/2025\/11\/musa-table-legs-18-100x100.webp",100,100,true]},"post_excerpt_stackable_v2":"<p>Stylish and strong metal table legs suitable for rectangular dinning tables. This durable metal table base is made from high-quality powder-coated steel, resistant to scratches, wear, and corrosion. Ideal as dining table legs for home or commercial use. Custom sizes available. Delivered unassembled with all hardware and instructions included. <\/p>\n","category_list_v2":"","author_info_v2":{"name":"","url":""},"comments_num_v2":"0 comments","jetpack_publicize_connections":[],"jetpack_sharing_enabled":true,"_links":{"self":[{"href":"https:\/\/ferligs.com\/sv\/wp-json\/wp\/v2\/product\/2523","targetHints":{"allow":["GET"]}}],"collection":[{"href":"https:\/\/ferligs.com\/sv\/wp-json\/wp\/v2\/product"}],"about":[{"href":"https:\/\/ferligs.com\/sv\/wp-json\/wp\/v2\/types\/product"}],"wp:featuredmedia":[{"embeddable":true,"href":"https:\/\/ferligs.com\/sv\/wp-json\/wp\/v2\/media\/2518"}],"wp:attachment":[{"href":"https:\/\/ferligs.com\/sv\/wp-json\/wp\/v2\/media?parent=2523"}],"wp:term":[{"taxonomy":"product_brand","embeddable":true,"href":"https:\/\/ferligs.com\/sv\/wp-json\/wp\/v2\/product_brand?post=2523"},{"taxonomy":"product_cat","embeddable":true,"href":"https:\/\/ferligs.com\/sv\/wp-json\/wp\/v2\/product_cat?post=2523"},{"taxonomy":"product_tag","embeddable":true,"href":"https:\/\/ferligs.com\/sv\/wp-json\/wp\/v2\/product_tag?post=2523"}],"curies":[{"name":"wp","href":"https:\/\/api.w.org\/{rel}","templated":true}]}}