{"id":1792,"date":"2024-09-01T22:06:38","date_gmt":"2024-09-01T19:06:38","guid":{"rendered":"https:\/\/ferligs.com\/?post_type=product&#038;p=1792"},"modified":"2026-03-03T09:09:31","modified_gmt":"2026-03-03T07:09:31","slug":"priedaine-firewood-rack","status":"publish","type":"product","link":"https:\/\/ferligs.com\/sv\/product\/priedaine-firewood-rack\/","title":{"rendered":"PRIEDAINE \u2013 Inomhusst\u00e4ll f\u00f6r ved"},"content":{"rendered":"<p>Priedaine vedst\u00e4ll \u00e4r ett elegant och praktiskt inomhus vedst\u00e4ll, utformat f\u00f6r att f\u00f6rvara ved p\u00e5 ett organiserat, s\u00e4kert och l\u00e4ttillg\u00e4ngligt s\u00e4tt. Perfekt f\u00f6r moderna hem, stugor och eldst\u00e4der, kombinerar det h\u00e5llbarhet, funktion och minimalistisk design i en kompakt form.<\/p>\n<p>Tillverkad av fyrkantigt st\u00e5lr\u00f6r av h\u00f6g h\u00e5llfasthet (2,5 \u00d7 2,5 cm), \u00e4r Priedaine byggd f\u00f6r att h\u00e5lla l\u00e4nge. Den stabila ramen f\u00f6rhindrar att veden tippar, h\u00e5ller tunga vedtr\u00e4n s\u00e4kert och s\u00e4kerst\u00e4ller l\u00e5ngsiktig stabilitet \u00e4ven vid frekvent anv\u00e4ndning.<\/p>\n<p>Ytan \u00e4r behandlad med ett pulverlack av h\u00f6g kvalitet, vilket skyddar st\u00e5let mot rost, repor och fukt. Detta g\u00f6r st\u00e4llet perfekt f\u00f6r inomhusbruk, och den matta svarta finishen passar bra med moderna, skandinaviska, industriella och rustika interi\u00f6rer.<\/p>\n<p>Trots sitt kompakta fotavtryck kan Priedaine lagra en gener\u00f6s m\u00e4ngd ved f\u00f6r daglig anv\u00e4ndning, vilket h\u00e5ller eldstadsomr\u00e5det rent och organiserat. Den \u00f6ppna designen m\u00f6jligg\u00f6r luftcirkulation runt veden, vilket h\u00e5ller den torr och redo att anv\u00e4ndas.<\/p>\n<p>Detta inomhus vedst\u00e4ll \u00e4r idealiskt f\u00f6r vardagsrum, vedspisar, stugor eller arbetsrum. Den eleganta designen g\u00f6r veden till en del av inredningen och skapar v\u00e4rme och mysighet.<\/p>\n<p>Produkten levereras fullt monterad, redo att anv\u00e4nda. Minimalt underh\u00e5ll kr\u00e4vs \u2013 torka bara med en torr eller l\u00e4tt fuktig trasa vid behov.<\/p>\n<p>M\u00e5tt: 40 \u00d7 50 \u00d7 25 cm (H \u00d7 B \u00d7 D)<\/p>","protected":false},"excerpt":{"rendered":"<p>Priedaine vedst\u00e4ll \u00e4r ett kompakt inomhus vedst\u00e4ll av starkt st\u00e5l. H\u00e5ller veden organiserad, ren och l\u00e4ttillg\u00e4nglig. Pulverlackerad f\u00f6r h\u00e5llbarhet. Levereras helt monterad.<\/p>","protected":false},"featured_media":1796,"template":"","meta":{"jetpack_publicize_message":"","jetpack_publicize_feature_enabled":true,"jetpack_social_post_already_shared":false,"jetpack_social_options":{"image_generator_settings":{"template":"highway","default_image_id":0,"font":"","enabled":false},"version":2}},"product_brand":[578],"product_cat":[112],"product_tag":[],"class_list":{"0":"post-1792","1":"product","2":"type-product","3":"status-publish","4":"has-post-thumbnail","6":"product_brand-ferligs","7":"product_cat-firewood","8":"product_shipping_class-racks","10":"first","11":"instock","12":"taxable","13":"shipping-taxable","14":"purchasable","15":"product-type-variable","16":"has-default-attributes"},"featured_image_urls_v2":{"full":["https:\/\/ferligs.com\/wp-content\/uploads\/2024\/09\/IMG_0827-Webp1640x1360.webp",1640,1360,false],"thumbnail":["https:\/\/ferligs.com\/wp-content\/uploads\/2024\/09\/IMG_0827-Webp1640x1360-150x150.webp",150,150,true],"medium":["https:\/\/ferligs.com\/wp-content\/uploads\/2024\/09\/IMG_0827-Webp1640x1360-300x249.webp",300,249,true],"medium_large":["https:\/\/ferligs.com\/wp-content\/uploads\/2024\/09\/IMG_0827-Webp1640x1360-768x637.webp",768,637,true],"large":["https:\/\/ferligs.com\/wp-content\/uploads\/2024\/09\/IMG_0827-Webp1640x1360-1024x849.webp",1024,849,true],"1536x1536":["https:\/\/ferligs.com\/wp-content\/uploads\/2024\/09\/IMG_0827-Webp1640x1360-1536x1274.webp",1536,1274,true],"2048x2048":["https:\/\/ferligs.com\/wp-content\/uploads\/2024\/09\/IMG_0827-Webp1640x1360.webp",1640,1360,false],"trp-custom-language-flag":["https:\/\/ferligs.com\/wp-content\/uploads\/2024\/09\/IMG_0827-Webp1640x1360.webp",14,12,false],"woocommerce_archive_thumbnail":["https:\/\/ferligs.com\/wp-content\/uploads\/2024\/09\/IMG_0827-Webp1640x1360-300x249.webp",300,249,true],"woocommerce_thumbnail":["https:\/\/ferligs.com\/wp-content\/uploads\/2024\/09\/IMG_0827-Webp1640x1360-300x249.webp",300,249,true],"woocommerce_single":["https:\/\/ferligs.com\/wp-content\/uploads\/2024\/09\/IMG_0827-Webp1640x1360-600x498.webp",600,498,true],"woocommerce_gallery_thumbnail":["https:\/\/ferligs.com\/wp-content\/uploads\/2024\/09\/IMG_0827-Webp1640x1360-100x100.webp",100,100,true]},"post_excerpt_stackable_v2":"<p>Priedaine Firewood Rack is a compact indoor firewood rack made of strong steel. It keeps firewood organized, clean, and easy to access. Powder-coated for durability. Delivered fully assembled.<\/p>\n","category_list_v2":"","author_info_v2":{"name":"","url":""},"comments_num_v2":"0 comments","jetpack_publicize_connections":[],"jetpack_sharing_enabled":true,"_links":{"self":[{"href":"https:\/\/ferligs.com\/sv\/wp-json\/wp\/v2\/product\/1792","targetHints":{"allow":["GET"]}}],"collection":[{"href":"https:\/\/ferligs.com\/sv\/wp-json\/wp\/v2\/product"}],"about":[{"href":"https:\/\/ferligs.com\/sv\/wp-json\/wp\/v2\/types\/product"}],"wp:featuredmedia":[{"embeddable":true,"href":"https:\/\/ferligs.com\/sv\/wp-json\/wp\/v2\/media\/1796"}],"wp:attachment":[{"href":"https:\/\/ferligs.com\/sv\/wp-json\/wp\/v2\/media?parent=1792"}],"wp:term":[{"taxonomy":"product_brand","embeddable":true,"href":"https:\/\/ferligs.com\/sv\/wp-json\/wp\/v2\/product_brand?post=1792"},{"taxonomy":"product_cat","embeddable":true,"href":"https:\/\/ferligs.com\/sv\/wp-json\/wp\/v2\/product_cat?post=1792"},{"taxonomy":"product_tag","embeddable":true,"href":"https:\/\/ferligs.com\/sv\/wp-json\/wp\/v2\/product_tag?post=1792"}],"curies":[{"name":"wp","href":"https:\/\/api.w.org\/{rel}","templated":true}]}}