{"id":1780,"date":"2024-09-01T21:47:32","date_gmt":"2024-09-01T18:47:32","guid":{"rendered":"https:\/\/ferligs.com\/?post_type=product&#038;p=1780"},"modified":"2026-03-03T09:09:32","modified_gmt":"2026-03-03T07:09:32","slug":"tervete-firewood-rack","status":"publish","type":"product","link":"https:\/\/ferligs.com\/sv\/product\/tervete-firewood-rack\/","title":{"rendered":"TERVETE \u2013 Vedst\u00e4ll"},"content":{"rendered":"<p>Hantverksm\u00e4ssig kvalitet och modern design Vedst\u00e4llet Tervete \u00e4r ett handgjort m\u00e4sterverk designat f\u00f6r dem som v\u00e4rdes\u00e4tter b\u00e5de stil och h\u00e5llbarhet. Varje del \u00e4r manuellt svetsad av h\u00f6gkvalitativa 2,5 \u00d7 2,5 cm fyrkantiga st\u00e5lr\u00f6r och ytbehandlad med en h\u00f6gkvalitativ pulverlackering, vilket skapar ett motst\u00e5ndskraftigt skydd mot rost och slitage. Eftersom det \u00e4r handgjort f\u00e5r du en strukturell integritet och uppm\u00e4rksamhet p\u00e5 detaljer som massproducerade alternativ helt enkelt inte kan matcha. Dess minimalistiska arkitektoniska ram g\u00f6r att det sm\u00e4lter in perfekt i alla inredningar eller utomhusmilj\u00f6er.<\/p>\n<p>Kompakt f\u00f6rvaring och redo att anv\u00e4ndas Trots sitt eleganta utseende \u00e4r Tervete byggd f\u00f6r tung f\u00f6rvaring, med en bredd p\u00e5 100 cm och ett djup p\u00e5 25 cm, s\u00e5 att du kan h\u00e5lla ordning p\u00e5 dina vedtr\u00e4n utan att ta upp on\u00f6digt golvutrymme. Detta st\u00e4ll \u00e4r utformat f\u00f6r maximal bekv\u00e4mlighet: det levereras f\u00e4rdigmonterat och redo att anv\u00e4ndas direkt ur kartongen \u2013 inga verktyg eller komplicerade instruktioner kr\u00e4vs. Oavsett om det placeras vid en inomhuseldstad eller en eldstad i tr\u00e4dg\u00e5rden, s\u00e4kerst\u00e4ller dess stabila konstruktion och v\u00e4derbest\u00e4ndiga yta att det f\u00f6rblir en funktionell del av ditt hem i m\u00e5nga \u00e5r fram\u00f6ver.<\/p>\n<p>Specifikationer: Denna handgjorda vedhylla har en robust ram av handsvetsade 2,5 \u00d7 2,5 cm st\u00e5lr\u00f6r med en korrosionsbest\u00e4ndig pulverlackerad yta, vilket garanterar livsl\u00e5ng h\u00e5llbarhet. Med m\u00e5tten 40 cm i h\u00f6jd, 100 cm i bredd och 25 cm i djup erbjuder den gott om f\u00f6rvaringsutrymme i en kompakt form. Tervete \u00e4r stolt handgjord och kr\u00e4ver ingen montering, utan levereras f\u00e4rdig att anv\u00e4nda direkt ur kartongen.<\/p>","protected":false},"excerpt":{"rendered":"<p>Tervete vedst\u00e4ll: Handgjord industriell minimalism. Detta eleganta, diskreta vedst\u00e4ll f\u00f6rvandlar din ved till en design detalj. Tervete \u00e4r handgjort av kraftigt, pulverlackerat st\u00e5l och har en kompakt storlek utan att kompromissa med kapaciteten. Det \u00e4r den perfekta hantverksm\u00e4ssiga detaljen f\u00f6r en modern eldstad, oavsett om den st\u00e5r i ditt vardagsrum eller p\u00e5 uteplatsen.<\/p>","protected":false},"featured_media":1783,"template":"","meta":{"jetpack_publicize_message":"","jetpack_publicize_feature_enabled":true,"jetpack_social_post_already_shared":false,"jetpack_social_options":{"image_generator_settings":{"template":"highway","default_image_id":0,"font":"","enabled":false},"version":2}},"product_brand":[578],"product_cat":[112],"product_tag":[],"class_list":{"0":"post-1780","1":"product","2":"type-product","3":"status-publish","4":"has-post-thumbnail","6":"product_brand-ferligs","7":"product_cat-firewood","8":"product_shipping_class-racks","10":"first","11":"instock","12":"sale","13":"taxable","14":"shipping-taxable","15":"purchasable","16":"product-type-variable","17":"has-default-attributes"},"featured_image_urls_v2":{"full":["https:\/\/ferligs.com\/wp-content\/uploads\/2024\/09\/IMG_0843-Webp1640x1360.webp",1640,1360,false],"thumbnail":["https:\/\/ferligs.com\/wp-content\/uploads\/2024\/09\/IMG_0843-Webp1640x1360-150x150.webp",150,150,true],"medium":["https:\/\/ferligs.com\/wp-content\/uploads\/2024\/09\/IMG_0843-Webp1640x1360-300x249.webp",300,249,true],"medium_large":["https:\/\/ferligs.com\/wp-content\/uploads\/2024\/09\/IMG_0843-Webp1640x1360-768x637.webp",768,637,true],"large":["https:\/\/ferligs.com\/wp-content\/uploads\/2024\/09\/IMG_0843-Webp1640x1360-1024x849.webp",1024,849,true],"1536x1536":["https:\/\/ferligs.com\/wp-content\/uploads\/2024\/09\/IMG_0843-Webp1640x1360-1536x1274.webp",1536,1274,true],"2048x2048":["https:\/\/ferligs.com\/wp-content\/uploads\/2024\/09\/IMG_0843-Webp1640x1360.webp",1640,1360,false],"trp-custom-language-flag":["https:\/\/ferligs.com\/wp-content\/uploads\/2024\/09\/IMG_0843-Webp1640x1360.webp",14,12,false],"woocommerce_archive_thumbnail":["https:\/\/ferligs.com\/wp-content\/uploads\/2024\/09\/IMG_0843-Webp1640x1360-300x249.webp",300,249,true],"woocommerce_thumbnail":["https:\/\/ferligs.com\/wp-content\/uploads\/2024\/09\/IMG_0843-Webp1640x1360-300x249.webp",300,249,true],"woocommerce_single":["https:\/\/ferligs.com\/wp-content\/uploads\/2024\/09\/IMG_0843-Webp1640x1360-600x498.webp",600,498,true],"woocommerce_gallery_thumbnail":["https:\/\/ferligs.com\/wp-content\/uploads\/2024\/09\/IMG_0843-Webp1640x1360-100x100.webp",100,100,true]},"post_excerpt_stackable_v2":"<p>The Tervete Firewood Rack: Handcrafted Industrial Minimalism. This sleek, low-profile rack turns your firewood into a design feature. Hand-built from heavy-duty, powder-coated steel, the Tervete offers a compact footprint without sacrificing capacity. It is the perfect artisanal touch for a modern hearth, whether located in your living room or on the patio.<\/p>\n","category_list_v2":"","author_info_v2":{"name":"","url":""},"comments_num_v2":"0 comments","jetpack_publicize_connections":[],"jetpack_sharing_enabled":true,"_links":{"self":[{"href":"https:\/\/ferligs.com\/sv\/wp-json\/wp\/v2\/product\/1780","targetHints":{"allow":["GET"]}}],"collection":[{"href":"https:\/\/ferligs.com\/sv\/wp-json\/wp\/v2\/product"}],"about":[{"href":"https:\/\/ferligs.com\/sv\/wp-json\/wp\/v2\/types\/product"}],"wp:featuredmedia":[{"embeddable":true,"href":"https:\/\/ferligs.com\/sv\/wp-json\/wp\/v2\/media\/1783"}],"wp:attachment":[{"href":"https:\/\/ferligs.com\/sv\/wp-json\/wp\/v2\/media?parent=1780"}],"wp:term":[{"taxonomy":"product_brand","embeddable":true,"href":"https:\/\/ferligs.com\/sv\/wp-json\/wp\/v2\/product_brand?post=1780"},{"taxonomy":"product_cat","embeddable":true,"href":"https:\/\/ferligs.com\/sv\/wp-json\/wp\/v2\/product_cat?post=1780"},{"taxonomy":"product_tag","embeddable":true,"href":"https:\/\/ferligs.com\/sv\/wp-json\/wp\/v2\/product_tag?post=1780"}],"curies":[{"name":"wp","href":"https:\/\/api.w.org\/{rel}","templated":true}]}}