{"id":1575,"date":"2023-07-24T18:42:35","date_gmt":"2023-07-24T15:42:35","guid":{"rendered":"https:\/\/ferligs.com\/?post_type=product&#038;p=1575"},"modified":"2026-03-05T18:44:30","modified_gmt":"2026-03-05T16:44:30","slug":"ludza","status":"publish","type":"product","link":"https:\/\/ferligs.com\/sv\/product\/ludza\/","title":{"rendered":"LUDZA \u2013 Matsalsbordsben"},"content":{"rendered":"<p>La base per tavolo in metallo Ludza si distingue per il suo design unico ispirato alle stelle, in cui i tubi in acciaio intersecanti creano una silhouette elegante e di grande impatto visivo, perfetta per i piani dei tavoli rotondi. Questa struttura raffinata non solo esalta il fascino estetico dei vostri mobili, ma ne migliora anche la funzionalit\u00e0, offrendo agli utenti un ampio spazio per le gambe. Ideale sia per ambienti residenziali che commerciali, trasforma i tavoli ordinari in elementi di arredo di grande impatto che coniugano perfettamente forma e utilit\u00e0.<\/p>\n<p>Fabricada con tubos de acero de alta calidad de 5 x 2 cm, la base Ludza garantiza una resistencia y una durabilidad excepcionales, capaz de soportar cargas de hasta 150 kg sin problemas. El acabado est\u00e1ndar con recubrimiento en polvo es resistente a los ara\u00f1azos, la corrosi\u00f3n y la decoloraci\u00f3n, lo que le permite mantener su aspecto impecable tras a\u00f1os de uso. Para aquellos que prefieren un aspecto m\u00e1s industrial, hay disponible una opci\u00f3n de acero sin tratar, lo que le permite combinar la base con su decoraci\u00f3n sin esfuerzo.<\/p>\n<p>Il montaggio \u00e8 semplice e intuitivo, poich\u00e9 la base viene spedita smontata per evitare danni durante il trasporto, completa di tutta la ferramenta necessaria e di chiare istruzioni dettagliate. I fori di montaggio preforati da 5 mm consentono di fissare il piano del tavolo scelto in modo rapido e sicuro, ma \u00e8 possibile specificare dimensioni personalizzate dei fori al momento dell'ordine. Questo processo semplice e intuitivo consente di godersi il tavolo personalizzato in pochissimo tempo, senza bisogno di attrezzi professionali o competenze specifiche.<\/p>\n<p>Ludza-modellen kan anpassas helt efter dina behov. Den finns i olika h\u00f6jder (standard \u2014 71 cm), bredder (70\/80 cm), l\u00e4ngder (70\/80 cm), i olika f\u00e4rger, inklusive M\u00f6rkgr\u00e5, ljusgr\u00e5, vit och andra, samt med olika finish. Ytterligare material, som st\u00e5lfl\u00e4nsar, g\u00f6r strukturen \u00e4nnu mer h\u00e5llbar, och bristen p\u00e5 en b\u00e4nkskiva g\u00f6r det m\u00f6jligt att v\u00e4lja den som passar din stil. Detta m\u00e5ngsidiga stativ \u00e4r l\u00e4mpligt f\u00f6r b\u00e5de mysiga middagar och stora evenemang. Den anpassar sig till olika storlekar och preferenser, vilket garanterar tillf\u00f6rlitlighet och elegans i varje detalj.<\/p>","protected":false},"excerpt":{"rendered":"<p>Ludza metal bordsskiva \u00e4r en uts\u00f6kt bas f\u00f6r runda bord, gjord av h\u00f6gkvalitativt st\u00e5l i form av en stj\u00e4rna med elegant sk\u00e4rande linjer som ger en touch av modern konst till alla interi\u00f6rer. Den \u00f6ppna designen ger gott om benutrymme under sammankomster, och den robusta konstruktionen t\u00e5l en vikt p\u00e5 upp till 150 kg, vilket garanterar stabilitet och h\u00e5llbarhet. <\/p>","protected":false},"featured_media":1576,"template":"","meta":{"jetpack_publicize_message":"","jetpack_publicize_feature_enabled":true,"jetpack_social_post_already_shared":true,"jetpack_social_options":{"image_generator_settings":{"template":"highway","default_image_id":0,"font":"","enabled":false},"version":2}},"product_brand":[578],"product_cat":[113],"product_tag":[704],"class_list":{"0":"post-1575","1":"product","2":"type-product","3":"status-publish","4":"has-post-thumbnail","6":"product_brand-ferligs","7":"product_cat-table-legs","8":"product_tag-table-bases","9":"product_shipping_class-tables-legs","11":"first","12":"instock","13":"sale","14":"taxable","15":"shipping-taxable","16":"purchasable","17":"product-type-variable","18":"has-default-attributes"},"featured_image_urls_v2":{"full":["https:\/\/ferligs.com\/wp-content\/uploads\/2023\/07\/9259-Webp1640x1360.webp",1640,1360,false],"thumbnail":["https:\/\/ferligs.com\/wp-content\/uploads\/2023\/07\/9259-Webp1640x1360.webp",150,124,false],"medium":["https:\/\/ferligs.com\/wp-content\/uploads\/2023\/07\/9259-Webp1640x1360.webp",300,249,false],"medium_large":["https:\/\/ferligs.com\/wp-content\/uploads\/2023\/07\/9259-Webp1640x1360.webp",768,637,false],"large":["https:\/\/ferligs.com\/wp-content\/uploads\/2023\/07\/9259-Webp1640x1360.webp",1024,849,false],"1536x1536":["https:\/\/ferligs.com\/wp-content\/uploads\/2023\/07\/9259-Webp1640x1360.webp",1536,1274,false],"2048x2048":["https:\/\/ferligs.com\/wp-content\/uploads\/2023\/07\/9259-Webp1640x1360.webp",1640,1360,false],"trp-custom-language-flag":["https:\/\/ferligs.com\/wp-content\/uploads\/2023\/07\/9259-Webp1640x1360.webp",14,12,false],"woocommerce_archive_thumbnail":["https:\/\/ferligs.com\/wp-content\/uploads\/2023\/07\/9259-Webp1640x1360-300x249.webp",300,249,true],"woocommerce_thumbnail":["https:\/\/ferligs.com\/wp-content\/uploads\/2023\/07\/9259-Webp1640x1360.webp",300,249,false],"woocommerce_single":["https:\/\/ferligs.com\/wp-content\/uploads\/2023\/07\/9259-Webp1640x1360.webp",600,498,false],"woocommerce_gallery_thumbnail":["https:\/\/ferligs.com\/wp-content\/uploads\/2023\/07\/9259-Webp1640x1360-100x100.webp",100,100,true]},"post_excerpt_stackable_v2":"<p>The Ludza metal table base is a sophisticated foundation for round tables, crafted from premium steel with a star-like form featuring elegantly crossing lines that add a touch of modern artistry to any space. Its open structure provides ample legroom for comfortable seating during gatherings, while the robust construction supports up to 150 kg, ensuring stability and durability. <\/p>\n","category_list_v2":"","author_info_v2":{"name":"","url":""},"comments_num_v2":"0 comments","jetpack_publicize_connections":[],"jetpack_sharing_enabled":true,"_links":{"self":[{"href":"https:\/\/ferligs.com\/sv\/wp-json\/wp\/v2\/product\/1575","targetHints":{"allow":["GET"]}}],"collection":[{"href":"https:\/\/ferligs.com\/sv\/wp-json\/wp\/v2\/product"}],"about":[{"href":"https:\/\/ferligs.com\/sv\/wp-json\/wp\/v2\/types\/product"}],"wp:featuredmedia":[{"embeddable":true,"href":"https:\/\/ferligs.com\/sv\/wp-json\/wp\/v2\/media\/1576"}],"wp:attachment":[{"href":"https:\/\/ferligs.com\/sv\/wp-json\/wp\/v2\/media?parent=1575"}],"wp:term":[{"taxonomy":"product_brand","embeddable":true,"href":"https:\/\/ferligs.com\/sv\/wp-json\/wp\/v2\/product_brand?post=1575"},{"taxonomy":"product_cat","embeddable":true,"href":"https:\/\/ferligs.com\/sv\/wp-json\/wp\/v2\/product_cat?post=1575"},{"taxonomy":"product_tag","embeddable":true,"href":"https:\/\/ferligs.com\/sv\/wp-json\/wp\/v2\/product_tag?post=1575"}],"curies":[{"name":"wp","href":"https:\/\/api.w.org\/{rel}","templated":true}]}}