{"id":1561,"date":"2023-07-24T18:27:46","date_gmt":"2023-07-24T15:27:46","guid":{"rendered":"https:\/\/ferligs.com\/?post_type=product&#038;p=1561"},"modified":"2026-03-05T16:11:33","modified_gmt":"2026-03-05T14:11:33","slug":"brasla","status":"publish","type":"product","link":"https:\/\/ferligs.com\/sv\/product\/brasla\/","title":{"rendered":"BRASLA - Eleganta spindelbensbord"},"content":{"rendered":"<p>Uppt\u00e4ck Brasla, ett robust bordunderrede i metall som efterliknar en spindels eleganta form med sina korsande st\u00e5lben. Det \u00e4r tillverkat av h\u00e5llbara 60\u00d730 mm st\u00e5lr\u00f6r, \u00e4r cirka 71 cm h\u00f6gt och finns i bredder och l\u00e4ngder fr\u00e5n 60 till 100 cm f\u00f6r att passa olika bordsskivor. Den pulverlackerade ytan ger l\u00e5ngvarigt skydd mot repor och korrosion, perfekt f\u00f6r hem eller kommersiella utrymmen.<\/p>\n<p>Den \u00f6ppna, spindelinspirerade designen maximerar sittkomforten runt runda bord, s\u00e5 att stolarna kan dras in utan problem och utan hinder. De sofistikerade linjerna ger en modern touch som kompletterar samtida interi\u00f6rer samtidigt som den tidl\u00f6sa charmen bevaras. Monteringen \u00e4r enkel \u2013 delar och tydliga instruktioner medf\u00f6ljer f\u00f6r snabb installation.<\/p>\n<p>Anpassade storlekar och monteringsalternativ, inklusive 5 mm h\u00e5l eller skr\u00e4ddarsydda specifikationer, finns tillg\u00e4ngliga p\u00e5 beg\u00e4ran f\u00f6r att passa dina exakta behov. Denna m\u00e5ngsidighet g\u00f6r Brasla idealisk f\u00f6r restauranger, kaf\u00e9er eller matsalar i hemmet som s\u00f6ker b\u00e5de stil och funktionalitet. V\u00e4lj mellan flera dimensioner f\u00f6r att matcha din favoritbordsskiva.<\/p>","protected":false},"excerpt":{"rendered":"<p>F\u00f6rh\u00f6j din matplats med Brasla metallspindelbordunderrede, tillverkat av h\u00f6gkvalitativa 60\u00d730 mm st\u00e5lr\u00f6r i en sl\u00e5ende spindelliknande design. Dess korsande linjer ger modern sofistikation och maximal sittkomfort, med pulverlackerad yta f\u00f6r rept\u00e5lighet och korrosionsbest\u00e4ndighet. H\u00f6jden \u00e4r ~71 cm, tillg\u00e4nglig i bredder\/l\u00e4ngder fr\u00e5n 60-100 cm, med 5 mm monteringsh\u00e5l (anpassade alternativ tillg\u00e4ngliga). Levereras omonterat med enkla instruktioner \u2013 bordsskiva ing\u00e5r ej.<\/p>","protected":false},"featured_media":1562,"template":"","meta":{"jetpack_publicize_message":"","jetpack_publicize_feature_enabled":true,"jetpack_social_post_already_shared":true,"jetpack_social_options":{"image_generator_settings":{"template":"highway","default_image_id":0,"font":"","enabled":false},"version":2}},"product_brand":[578],"product_cat":[113],"product_tag":[705],"class_list":{"0":"post-1561","1":"product","2":"type-product","3":"status-publish","4":"has-post-thumbnail","6":"product_brand-ferligs","7":"product_cat-table-legs","8":"product_tag-spider-legs","9":"product_shipping_class-tables-legs","11":"first","12":"instock","13":"sale","14":"taxable","15":"shipping-taxable","16":"purchasable","17":"product-type-variable","18":"has-default-attributes"},"featured_image_urls_v2":{"full":["https:\/\/ferligs.com\/wp-content\/uploads\/2023\/07\/9735-Webp-1640x1360-1.webp",1640,1360,false],"thumbnail":["https:\/\/ferligs.com\/wp-content\/uploads\/2023\/07\/9735-Webp-1640x1360-1.webp",150,124,false],"medium":["https:\/\/ferligs.com\/wp-content\/uploads\/2023\/07\/9735-Webp-1640x1360-1.webp",300,249,false],"medium_large":["https:\/\/ferligs.com\/wp-content\/uploads\/2023\/07\/9735-Webp-1640x1360-1.webp",768,637,false],"large":["https:\/\/ferligs.com\/wp-content\/uploads\/2023\/07\/9735-Webp-1640x1360-1.webp",1024,849,false],"1536x1536":["https:\/\/ferligs.com\/wp-content\/uploads\/2023\/07\/9735-Webp-1640x1360-1.webp",1536,1274,false],"2048x2048":["https:\/\/ferligs.com\/wp-content\/uploads\/2023\/07\/9735-Webp-1640x1360-1.webp",1640,1360,false],"trp-custom-language-flag":["https:\/\/ferligs.com\/wp-content\/uploads\/2023\/07\/9735-Webp-1640x1360-1.webp",14,12,false],"woocommerce_archive_thumbnail":["https:\/\/ferligs.com\/wp-content\/uploads\/2023\/07\/9735-Webp-1640x1360-1-300x249.webp",300,249,true],"woocommerce_thumbnail":["https:\/\/ferligs.com\/wp-content\/uploads\/2023\/07\/9735-Webp-1640x1360-1.webp",300,249,false],"woocommerce_single":["https:\/\/ferligs.com\/wp-content\/uploads\/2023\/07\/9735-Webp-1640x1360-1.webp",600,498,false],"woocommerce_gallery_thumbnail":["https:\/\/ferligs.com\/wp-content\/uploads\/2023\/07\/9735-Webp-1640x1360-1-100x100.webp",100,100,true]},"post_excerpt_stackable_v2":"<p>Elevate your dining space with the Brasla metal spider table base, crafted from high-quality 60\u00d730 mm steel tubes in a striking spider-like design. Its intersecting lines offer modern sophistication and maximum seating comfort, with powder-coated finish for scratch and corrosion resistance. Height is ~71 cm, available in widths\/lengths from 60-100 cm, with 5 mm mounting holes (custom options available). Delivered unassembled with easy instructions\u2014tabletop not included.<\/p>\n","category_list_v2":"","author_info_v2":{"name":"","url":""},"comments_num_v2":"0 comments","jetpack_publicize_connections":[],"jetpack_sharing_enabled":true,"_links":{"self":[{"href":"https:\/\/ferligs.com\/sv\/wp-json\/wp\/v2\/product\/1561","targetHints":{"allow":["GET"]}}],"collection":[{"href":"https:\/\/ferligs.com\/sv\/wp-json\/wp\/v2\/product"}],"about":[{"href":"https:\/\/ferligs.com\/sv\/wp-json\/wp\/v2\/types\/product"}],"wp:featuredmedia":[{"embeddable":true,"href":"https:\/\/ferligs.com\/sv\/wp-json\/wp\/v2\/media\/1562"}],"wp:attachment":[{"href":"https:\/\/ferligs.com\/sv\/wp-json\/wp\/v2\/media?parent=1561"}],"wp:term":[{"taxonomy":"product_brand","embeddable":true,"href":"https:\/\/ferligs.com\/sv\/wp-json\/wp\/v2\/product_brand?post=1561"},{"taxonomy":"product_cat","embeddable":true,"href":"https:\/\/ferligs.com\/sv\/wp-json\/wp\/v2\/product_cat?post=1561"},{"taxonomy":"product_tag","embeddable":true,"href":"https:\/\/ferligs.com\/sv\/wp-json\/wp\/v2\/product_tag?post=1561"}],"curies":[{"name":"wp","href":"https:\/\/api.w.org\/{rel}","templated":true}]}}