{"id":1554,"date":"2023-07-24T18:17:20","date_gmt":"2023-07-24T15:17:20","guid":{"rendered":"https:\/\/ferligs.com\/?post_type=product&#038;p=1554"},"modified":"2026-03-05T18:45:23","modified_gmt":"2026-03-05T16:45:23","slug":"amula","status":"publish","type":"product","link":"https:\/\/ferligs.com\/sv\/product\/amula\/","title":{"rendered":"AMULA-spindel-typ matplats"},"content":{"rendered":"<p>The Amula table base features a captivating spider-like silhouette that serves as a bold statement piece for modern interiors. Its unique intersecting lines provide a distinctive touch of sophistication, seamlessly blending industrial strength with elegant geometry. This eye-catching design is specifically engineered to optimize seating capacity around the table. It ensures that your guests enjoy ample legroom without any structural interference.<\/p>\n<p>Amula-basen \u00e4r tillverkad av h\u00f6gkvalitativa 80\u00d780 mm st\u00e5lr\u00f6r och \u00e4r konstruerad f\u00f6r att b\u00e4ra tunga bordsskivor med absolut stabilitet. Den professionella pulverlackerade ytan ger ett t\u00e5ligt skydd mot daglig slitage, repor och korrosion. Denna h\u00e5llbara bel\u00e4ggning garanterar inte bara l\u00e5ngvarig prestanda utan ger ocks\u00e5 metallen en elegant, raffinerad yta. Det \u00e4r ett p\u00e5litligt val f\u00f6r b\u00e5de bost\u00e4der och kommersiella milj\u00f6er med h\u00f6g trafik.<\/p>\n<p>F\u00f6r din bekv\u00e4mlighet levereras basen omonterad f\u00f6r att s\u00e4kerst\u00e4lla s\u00e4ker transport och effektiv leverans. Vi tillhandah\u00e5ller tydliga monteringsanvisningar och all n\u00f6dv\u00e4ndig h\u00e5rdvara f\u00f6r att g\u00f6ra installationsprocessen snabb och enkel. Varje enhet levereras med standardf\u00f6rborrade monteringsh\u00e5l p\u00e5 5 mm f\u00f6r enkel installation. Vi kan \u00e4ven tillhandah\u00e5lla anpassade storlekar eller specifika h\u00e5lkrav p\u00e5 beg\u00e4ran f\u00f6r att passa ditt unika projekt.<\/p>\n<p>Amula har en standardh\u00f6jd p\u00e5 71 cm och finns i olika bredder och l\u00e4ngder fr\u00e5n 70 till 90 cm. Denna m\u00e5ngsidighet g\u00f6r att du kan kombinera underredet med en m\u00e4ngd olika runda eller fyrkantiga bordsskivor som passar ditt utrymme. Observera att det angivna priset endast g\u00e4ller metallunderredet, eftersom bordsskivan inte ing\u00e5r. Detta ger dig friheten att v\u00e4lja en yta som passar perfekt till din inredningsstil.<\/p>","protected":false},"excerpt":{"rendered":"<p>Amula metallspindelbordunderrede kombinerar sofistikerad geometrisk design med robust teknik f\u00f6r att lyfta alla mat- eller arbetsutrymmen. Tillverkat av h\u00f6gkvalitativa 80\u00d780 mm st\u00e5lr\u00f6r, skapar dess korsande linjer ett sl\u00e5ende intryck samtidigt som det maximerar benutrymmet f\u00f6r dina g\u00e4ster. Underredet \u00e4r ytbehandlat med en slitstark pulverlackering och har ett raffinerat utseende som st\u00e5r sig \u00f6ver tid, vilket g\u00f6r det till den perfekta basen f\u00f6r din skr\u00e4ddarsydda bordsskiva.<\/p>","protected":false},"featured_media":1555,"template":"","meta":{"jetpack_publicize_message":"","jetpack_publicize_feature_enabled":true,"jetpack_social_post_already_shared":true,"jetpack_social_options":{"image_generator_settings":{"template":"highway","default_image_id":0,"font":"","enabled":false},"version":2}},"product_brand":[578],"product_cat":[113],"product_tag":[705],"class_list":{"0":"post-1554","1":"product","2":"type-product","3":"status-publish","4":"has-post-thumbnail","6":"product_brand-ferligs","7":"product_cat-table-legs","8":"product_tag-spider-legs","9":"product_shipping_class-tables-legs","11":"first","12":"instock","13":"sale","14":"taxable","15":"shipping-taxable","16":"purchasable","17":"product-type-variable","18":"has-default-attributes"},"featured_image_urls_v2":{"full":["https:\/\/ferligs.com\/wp-content\/uploads\/2023\/07\/9792-Webp-1640x1360-1.webp",1640,1360,false],"thumbnail":["https:\/\/ferligs.com\/wp-content\/uploads\/2023\/07\/9792-Webp-1640x1360-1.webp",150,124,false],"medium":["https:\/\/ferligs.com\/wp-content\/uploads\/2023\/07\/9792-Webp-1640x1360-1.webp",300,249,false],"medium_large":["https:\/\/ferligs.com\/wp-content\/uploads\/2023\/07\/9792-Webp-1640x1360-1.webp",768,637,false],"large":["https:\/\/ferligs.com\/wp-content\/uploads\/2023\/07\/9792-Webp-1640x1360-1.webp",1024,849,false],"1536x1536":["https:\/\/ferligs.com\/wp-content\/uploads\/2023\/07\/9792-Webp-1640x1360-1.webp",1536,1274,false],"2048x2048":["https:\/\/ferligs.com\/wp-content\/uploads\/2023\/07\/9792-Webp-1640x1360-1.webp",1640,1360,false],"trp-custom-language-flag":["https:\/\/ferligs.com\/wp-content\/uploads\/2023\/07\/9792-Webp-1640x1360-1.webp",14,12,false],"woocommerce_archive_thumbnail":["https:\/\/ferligs.com\/wp-content\/uploads\/2023\/07\/9792-Webp-1640x1360-1-300x249.webp",300,249,true],"woocommerce_thumbnail":["https:\/\/ferligs.com\/wp-content\/uploads\/2023\/07\/9792-Webp-1640x1360-1.webp",300,249,false],"woocommerce_single":["https:\/\/ferligs.com\/wp-content\/uploads\/2023\/07\/9792-Webp-1640x1360-1.webp",600,498,false],"woocommerce_gallery_thumbnail":["https:\/\/ferligs.com\/wp-content\/uploads\/2023\/07\/9792-Webp-1640x1360-1-100x100.webp",100,100,true]},"post_excerpt_stackable_v2":"<p>The Amula metal spider table base combines sophisticated geometric design with robust engineering to elevate any dining or workspace. Crafted from premium 80&#215;80 mm steel tubes, its intersecting lines create a striking visual while maximizing legroom for your guests. Finished with a durable powder coating, this base offers a refined look that stands the test of time, making it the perfect foundation for your custom tabletop.<\/p>\n","category_list_v2":"","author_info_v2":{"name":"","url":""},"comments_num_v2":"0 comments","jetpack_publicize_connections":[],"jetpack_sharing_enabled":true,"_links":{"self":[{"href":"https:\/\/ferligs.com\/sv\/wp-json\/wp\/v2\/product\/1554","targetHints":{"allow":["GET"]}}],"collection":[{"href":"https:\/\/ferligs.com\/sv\/wp-json\/wp\/v2\/product"}],"about":[{"href":"https:\/\/ferligs.com\/sv\/wp-json\/wp\/v2\/types\/product"}],"wp:featuredmedia":[{"embeddable":true,"href":"https:\/\/ferligs.com\/sv\/wp-json\/wp\/v2\/media\/1555"}],"wp:attachment":[{"href":"https:\/\/ferligs.com\/sv\/wp-json\/wp\/v2\/media?parent=1554"}],"wp:term":[{"taxonomy":"product_brand","embeddable":true,"href":"https:\/\/ferligs.com\/sv\/wp-json\/wp\/v2\/product_brand?post=1554"},{"taxonomy":"product_cat","embeddable":true,"href":"https:\/\/ferligs.com\/sv\/wp-json\/wp\/v2\/product_cat?post=1554"},{"taxonomy":"product_tag","embeddable":true,"href":"https:\/\/ferligs.com\/sv\/wp-json\/wp\/v2\/product_tag?post=1554"}],"curies":[{"name":"wp","href":"https:\/\/api.w.org\/{rel}","templated":true}]}}