{"id":1521,"date":"2023-05-24T13:24:10","date_gmt":"2023-05-24T10:24:10","guid":{"rendered":"https:\/\/ferligs.com\/?post_type=product&#038;p=1521"},"modified":"2026-03-05T18:46:07","modified_gmt":"2026-03-05T16:46:07","slug":"lobe-table-legs","status":"publish","type":"product","link":"https:\/\/ferligs.com\/sv\/product\/lobe-table-legs\/","title":{"rendered":"LOBE \u2013 Par bordsben (X-formade)"},"content":{"rendered":"<p>Lobe x-rambordsben kombinerar modern industriell design med strukturell styrka och har en helsvetsad X-formad konstruktion som garanterar maximal stabilitet f\u00f6r matbord, skrivbord, konferensbord och specialanpassade m\u00f6belprojekt. De \u00e4r tillverkade av h\u00e5llbart 8 \u00d7 4 cm st\u00e5lr\u00f6r och f\u00f6rst\u00e4rkta med solida st\u00e5lfl\u00e4nsar, har en belastningskapacitet p\u00e5 upp till 150 kg och \u00e4r l\u00e4mpliga f\u00f6r stora bordsskivor upp till 280 \u00d7 120 cm.<\/p>\n<p>Dessa x-formade bordsben finns i pulverlackerad eller obehandlad st\u00e5lfinish och i ett brett utbud av f\u00e4rger, inklusive svart, brons, m\u00f6rkgr\u00e5, guld, ljusgr\u00e5 och vit. Den pulverlackerade varianten erbjuder extra motst\u00e5ndskraft mot repor och korrosion, vilket g\u00f6r benen l\u00e4mpliga f\u00f6r b\u00e5de bost\u00e4der och kommersiella interi\u00f6rer d\u00e4r h\u00e5llbarhet och ren arkitektonisk estetik \u00e4r viktigt.<\/p>\n<p>Varje par har justerbara f\u00f6tter f\u00f6r utj\u00e4mning p\u00e5 oj\u00e4mna golv, filtkuddar f\u00f6r ytskydd och exakt placerade 5 mm monteringsh\u00e5l f\u00f6r s\u00e4ker och enkel installation. Fullst\u00e4ndig anpassning \u00e4r m\u00f6jlig, s\u00e5 att du kan v\u00e4lja f\u00e4rg, ytbehandling, h\u00f6jd, bredd och monteringsh\u00e5lskonfiguration f\u00f6r att perfekt matcha dina bordsskivans m\u00e5tt och projektkrav, vilket g\u00f6r Lobe x-ramens bordsben till en idealisk l\u00f6sning f\u00f6r skr\u00e4ddarsydda m\u00f6bler och professionella inredningsprojekt.<\/p>","protected":false},"excerpt":{"rendered":"<p>Lobe X Frame Table Legs \u00e4r kraftiga svetsade st\u00e5lben tillverkade av 8 \u00d7 4 cm st\u00e5lr\u00f6r med solida st\u00e5lfl\u00e4nsar, konstruerade f\u00f6r att b\u00e4ra upp till 150 kg och passa bordsskivor upp till 280 \u00d7 120 cm. De finns i pulverlackerad eller r\u00e5 st\u00e5lfinish i svart, brons, m\u00f6rkgr\u00e5, guld, ljusgr\u00e5 och vit, har 5 mm monteringsh\u00e5l, justerbara f\u00f6tter, filtkuddar och s\u00e4ljs parvis med anpassningsbara alternativ f\u00f6r f\u00e4rg, finish, h\u00f6jd, bredd och monteringsh\u00e5lskonfiguration.<\/p>","protected":false},"featured_media":1524,"template":"","meta":{"jetpack_publicize_message":"","jetpack_publicize_feature_enabled":true,"jetpack_social_post_already_shared":true,"jetpack_social_options":{"image_generator_settings":{"template":"highway","default_image_id":0,"font":"","enabled":false},"version":2}},"product_brand":[578],"product_cat":[113],"product_tag":[698],"class_list":{"0":"post-1521","1":"product","2":"type-product","3":"status-publish","4":"has-post-thumbnail","6":"product_brand-ferligs","7":"product_cat-table-legs","8":"product_tag-x-shaped-table-legs","9":"product_shipping_class-tables-legs","11":"first","12":"instock","13":"sale","14":"taxable","15":"shipping-taxable","16":"purchasable","17":"product-type-variable","18":"has-default-attributes"},"featured_image_urls_v2":{"full":["https:\/\/ferligs.com\/wp-content\/uploads\/2023\/05\/8339-Webp820x680.webp",820,680,false],"thumbnail":["https:\/\/ferligs.com\/wp-content\/uploads\/2023\/05\/8339-Webp820x680-150x150.webp",150,150,true],"medium":["https:\/\/ferligs.com\/wp-content\/uploads\/2023\/05\/8339-Webp820x680-300x249.webp",300,249,true],"medium_large":["https:\/\/ferligs.com\/wp-content\/uploads\/2023\/05\/8339-Webp820x680-768x637.webp",768,637,true],"large":["https:\/\/ferligs.com\/wp-content\/uploads\/2023\/05\/8339-Webp820x680.webp",820,680,false],"1536x1536":["https:\/\/ferligs.com\/wp-content\/uploads\/2023\/05\/8339-Webp820x680.webp",820,680,false],"2048x2048":["https:\/\/ferligs.com\/wp-content\/uploads\/2023\/05\/8339-Webp820x680.webp",820,680,false],"trp-custom-language-flag":["https:\/\/ferligs.com\/wp-content\/uploads\/2023\/05\/8339-Webp820x680.webp",14,12,false],"woocommerce_archive_thumbnail":["https:\/\/ferligs.com\/wp-content\/uploads\/2023\/05\/8339-Webp820x680-300x249.webp",300,249,true],"woocommerce_thumbnail":["https:\/\/ferligs.com\/wp-content\/uploads\/2023\/05\/8339-Webp820x680-300x249.webp",300,249,true],"woocommerce_single":["https:\/\/ferligs.com\/wp-content\/uploads\/2023\/05\/8339-Webp820x680-600x498.webp",600,498,true],"woocommerce_gallery_thumbnail":["https:\/\/ferligs.com\/wp-content\/uploads\/2023\/05\/8339-Webp820x680-100x100.webp",100,100,true]},"post_excerpt_stackable_v2":"<p>Lobe X Frame Table Legs are heavy-duty welded steel legs made from 8 \u00d7 4 cm steel tube with solid steel flanges, designed to support up to 150 kg and fit tabletops up to 280 \u00d7 120 cm; available in powder-coated or raw steel finish in Black, Bronze, Dark Grey, Gold, Light Grey, and White, they include 5 mm mounting holes, adjustable feet, felt pads, and are sold as a pair with custom options for color, finish, height, width, and mounting hole configuration.<\/p>\n","category_list_v2":"","author_info_v2":{"name":"","url":""},"comments_num_v2":"0 comments","jetpack_publicize_connections":[],"jetpack_sharing_enabled":true,"_links":{"self":[{"href":"https:\/\/ferligs.com\/sv\/wp-json\/wp\/v2\/product\/1521","targetHints":{"allow":["GET"]}}],"collection":[{"href":"https:\/\/ferligs.com\/sv\/wp-json\/wp\/v2\/product"}],"about":[{"href":"https:\/\/ferligs.com\/sv\/wp-json\/wp\/v2\/types\/product"}],"wp:featuredmedia":[{"embeddable":true,"href":"https:\/\/ferligs.com\/sv\/wp-json\/wp\/v2\/media\/1524"}],"wp:attachment":[{"href":"https:\/\/ferligs.com\/sv\/wp-json\/wp\/v2\/media?parent=1521"}],"wp:term":[{"taxonomy":"product_brand","embeddable":true,"href":"https:\/\/ferligs.com\/sv\/wp-json\/wp\/v2\/product_brand?post=1521"},{"taxonomy":"product_cat","embeddable":true,"href":"https:\/\/ferligs.com\/sv\/wp-json\/wp\/v2\/product_cat?post=1521"},{"taxonomy":"product_tag","embeddable":true,"href":"https:\/\/ferligs.com\/sv\/wp-json\/wp\/v2\/product_tag?post=1521"}],"curies":[{"name":"wp","href":"https:\/\/api.w.org\/{rel}","templated":true}]}}