{"id":1515,"date":"2023-05-24T13:20:48","date_gmt":"2023-05-24T10:20:48","guid":{"rendered":"https:\/\/ferligs.com\/?post_type=product&#038;p=1515"},"modified":"2026-03-05T18:46:43","modified_gmt":"2026-03-05T16:46:43","slug":"ramata","status":"publish","type":"product","link":"https:\/\/ferligs.com\/sv\/product\/ramata\/","title":{"rendered":"RAMATA \u2013 Par bordben (U-formade)"},"content":{"rendered":"<p>Ramata U-formade bordsben \u00e4r designade f\u00f6r dig som uppskattar rena linjer och balanserade proportioner. Den klassiska rektangul\u00e4ra ramen skapar en stark visuell grund samtidigt som den ger ett minimalistiskt och elegant helhetsintryck, vilket g\u00f6r dessa ben till ett perfekt val f\u00f6r matbord, chefsbord, k\u00f6ks\u00f6ar och stora arbetsytor i b\u00e5de moderna och traditionella interi\u00f6rer.<\/p>\n<p>Ramata-ben \u00e4r tillverkade av massivt 10 \u00d7 10 cm st\u00e5lr\u00f6r med f\u00f6rst\u00e4rkta st\u00e5lfl\u00e4nsar och helsvetsad konstruktion, vilket ger exceptionell stabilitet och ett s\u00e4kert st\u00f6d. Med en lastkapacitet p\u00e5 upp till 150 kg och st\u00f6d f\u00f6r bordsskivor upp till 280 \u00d7 120 cm \u00e4r de idealiska f\u00f6r tunga massiva tr\u00e4bord, tjocka skivor eller bordsskivor d\u00e4r styrka och tillf\u00f6rlitlighet \u00e4r avg\u00f6rande. De exakt f\u00f6rberedda 5 mm monteringsh\u00e5len s\u00e4kerst\u00e4ller en s\u00e4ker och noggrann installation.<\/p>\n<p>Benen \u00e4r tillverkade av massiva 10 \u00d7 10 cm st\u00e5lr\u00f6r med f\u00f6rst\u00e4rkta st\u00e5lfl\u00e4nsar och en helsvetsad konstruktion, vilket garanterar utm\u00e4rkt stabilitet och s\u00e4ker st\u00e5nd. Med en lastkapacitet p\u00e5 upp till 150 kg och st\u00f6d f\u00f6r bordsskivor upp till 280 \u00d7 120 cm \u00e4r de idealiska f\u00f6r tunga massiva tr\u00e4-, tjocka skiv- eller uttrycksfulla bordsskivor d\u00e4r styrka och tillf\u00f6rlitlighet \u00e4r avg\u00f6rande. Precisionsbearbetade 5 mm monteringsh\u00e5l garanterar s\u00e4ker och exakt installation.<\/p>","protected":false},"excerpt":{"rendered":"<p>Ramata U-formade bordsben \u00e4r klassiska, kraftiga svetsade st\u00e5lben tillverkade av massivt 10 \u00d7 10 cm st\u00e5lr\u00f6r med starka st\u00e5lfl\u00e4nsar, konstruerade f\u00f6r att b\u00e4ra upp till 150 kg och passa bordsskivor upp till 280 \u00d7 120 cm. De finns i pulverlackerad eller r\u00e5 st\u00e5lfinish i svart, brons, m\u00f6rkgr\u00e5, guld, ljusgr\u00e5 och vit, har 5 mm monteringsh\u00e5l och inkluderar justerbara f\u00f6tter och filtkuddar, med anpassningsbara alternativ f\u00f6r f\u00e4rg, finish, h\u00f6jd, bredd och monteringsh\u00e5lskonfiguration.<\/p>","protected":false},"featured_media":1516,"template":"","meta":{"jetpack_publicize_message":"","jetpack_publicize_feature_enabled":true,"jetpack_social_post_already_shared":true,"jetpack_social_options":{"image_generator_settings":{"template":"highway","default_image_id":0,"font":"","enabled":false},"version":2}},"product_brand":[578],"product_cat":[113],"product_tag":[699],"class_list":{"0":"post-1515","1":"product","2":"type-product","3":"status-publish","4":"has-post-thumbnail","6":"product_brand-ferligs","7":"product_cat-table-legs","8":"product_tag-u-shaped-table-legs","9":"product_shipping_class-tables-legs","11":"first","12":"instock","13":"sale","14":"taxable","15":"shipping-taxable","16":"purchasable","17":"product-type-variable","18":"has-default-attributes"},"featured_image_urls_v2":{"full":["https:\/\/ferligs.com\/wp-content\/uploads\/2023\/05\/8985-Webp820x680.webp",820,680,false],"thumbnail":["https:\/\/ferligs.com\/wp-content\/uploads\/2023\/05\/8985-Webp820x680.webp",150,124,false],"medium":["https:\/\/ferligs.com\/wp-content\/uploads\/2023\/05\/8985-Webp820x680.webp",300,249,false],"medium_large":["https:\/\/ferligs.com\/wp-content\/uploads\/2023\/05\/8985-Webp820x680.webp",768,637,false],"large":["https:\/\/ferligs.com\/wp-content\/uploads\/2023\/05\/8985-Webp820x680.webp",820,680,false],"1536x1536":["https:\/\/ferligs.com\/wp-content\/uploads\/2023\/05\/8985-Webp820x680.webp",820,680,false],"2048x2048":["https:\/\/ferligs.com\/wp-content\/uploads\/2023\/05\/8985-Webp820x680.webp",820,680,false],"trp-custom-language-flag":["https:\/\/ferligs.com\/wp-content\/uploads\/2023\/05\/8985-Webp820x680.webp",14,12,false],"woocommerce_archive_thumbnail":["https:\/\/ferligs.com\/wp-content\/uploads\/2023\/05\/8985-Webp820x680-300x249.webp",300,249,true],"woocommerce_thumbnail":["https:\/\/ferligs.com\/wp-content\/uploads\/2023\/05\/8985-Webp820x680.webp",300,249,false],"woocommerce_single":["https:\/\/ferligs.com\/wp-content\/uploads\/2023\/05\/8985-Webp820x680.webp",600,498,false],"woocommerce_gallery_thumbnail":["https:\/\/ferligs.com\/wp-content\/uploads\/2023\/05\/8985-Webp820x680-100x100.webp",100,100,true]},"post_excerpt_stackable_v2":"<p>Ramata U-Shaped Table Legs are classic heavy-duty welded steel legs made from solid 10 \u00d7 10 cm steel tube with strong steel flanges, designed to support up to 150 kg and fit tabletops up to 280 \u00d7 120 cm; available in powder-coated or raw steel finish in Black, Bronze, Dark Grey, Gold, Light Grey, and White, they feature 5 mm mounting holes and include adjustable feet and felt pads, with custom options for color, finish type, height, width, and mounting hole configuration.<\/p>\n","category_list_v2":"","author_info_v2":{"name":"","url":""},"comments_num_v2":"0 comments","jetpack_publicize_connections":[],"jetpack_sharing_enabled":true,"_links":{"self":[{"href":"https:\/\/ferligs.com\/sv\/wp-json\/wp\/v2\/product\/1515","targetHints":{"allow":["GET"]}}],"collection":[{"href":"https:\/\/ferligs.com\/sv\/wp-json\/wp\/v2\/product"}],"about":[{"href":"https:\/\/ferligs.com\/sv\/wp-json\/wp\/v2\/types\/product"}],"wp:featuredmedia":[{"embeddable":true,"href":"https:\/\/ferligs.com\/sv\/wp-json\/wp\/v2\/media\/1516"}],"wp:attachment":[{"href":"https:\/\/ferligs.com\/sv\/wp-json\/wp\/v2\/media?parent=1515"}],"wp:term":[{"taxonomy":"product_brand","embeddable":true,"href":"https:\/\/ferligs.com\/sv\/wp-json\/wp\/v2\/product_brand?post=1515"},{"taxonomy":"product_cat","embeddable":true,"href":"https:\/\/ferligs.com\/sv\/wp-json\/wp\/v2\/product_cat?post=1515"},{"taxonomy":"product_tag","embeddable":true,"href":"https:\/\/ferligs.com\/sv\/wp-json\/wp\/v2\/product_tag?post=1515"}],"curies":[{"name":"wp","href":"https:\/\/api.w.org\/{rel}","templated":true}]}}