{"id":1503,"date":"2023-05-24T13:17:09","date_gmt":"2023-05-24T10:17:09","guid":{"rendered":"https:\/\/ferligs.com\/?post_type=product&#038;p=1503"},"modified":"2026-03-11T19:48:24","modified_gmt":"2026-03-11T17:48:24","slug":"engure","status":"publish","type":"product","link":"https:\/\/ferligs.com\/sv\/product\/engure\/","title":{"rendered":"ENGURE-spindelformade bordsben"},"content":{"rendered":"<p>ENGURE matbord med spindelben \u00e4r utformat f\u00f6r att bli det arkitektoniska blickf\u00e5nget i din matsal. De korsande st\u00e5lbenen bildar en dynamisk spindelformad bas som kombinerar skulptural elegans med strukturell balans, vilket ger gener\u00f6st benutrymme och bekv\u00e4ma sittplatser utan att kompromissa med stabiliteten. Den \u00f6ppna geometriska designen g\u00f6r basen idealisk f\u00f6r b\u00e5de rektangul\u00e4ra bordsskivor och bordsskivor med naturliga kanter.<\/p>\n<p>Ramen \u00e4r tillverkad av robust 60 \u00d7 60 mm h\u00f6gkvalitativt st\u00e5lr\u00f6r och erbjuder exceptionell styrka och h\u00e5llbarhet f\u00f6r daglig anv\u00e4ndning. Hela konstruktionen \u00e4r ytbehandlad med ett sl\u00e4tt pulverlackerat skikt som motst\u00e5r repor och slitage, vilket bevarar dess eleganta utseende i m\u00e5nga \u00e5r. Standard 5 mm f\u00e4sth\u00e5l s\u00e4kerst\u00e4ller s\u00e4ker fasts\u00e4ttning p\u00e5 bordsskivan, medan den v\u00e4lkonstruerade geometrin f\u00f6rdelar vikten j\u00e4mnt f\u00f6r p\u00e5litligt st\u00f6d.<\/p>\n<p>ENGURE matbord med spindelben levereras i platta paket f\u00f6r s\u00e4ker transport och enkel leverans. Monteringen \u00e4r enkel och intuitiv, med alla f\u00e4stelement och en tydlig illustrerad guide inkluderad. Anpassningsalternativen g\u00f6r att du kan v\u00e4lja h\u00f6jd, bredd och ytbehandling som passar perfekt till din inredningsstil och bordsskivans m\u00e5tt. Bordsskiva ing\u00e5r inte.<\/p>","protected":false},"excerpt":{"rendered":"<p>ENGURE matbord med spindelben har en dj\u00e4rv korsformad design tillverkad av h\u00e5llbart 60 \u00d7 60 mm st\u00e5lr\u00f6r, vilket skapar en stabil och visuellt sl\u00e5ende bas f\u00f6r moderna matbord. De \u00e4r ytbehandlade med en skyddande pulverlackering, utrustade med standard 5 mm f\u00e4sth\u00e5l, levereras i platta paket med alla f\u00e4stelement och monteringsanvisningar, och finns med anpassade h\u00f6jd-, bredd- och ytbehandlingsalternativ.<\/p>","protected":false},"featured_media":1510,"template":"","meta":{"jetpack_publicize_message":"","jetpack_publicize_feature_enabled":true,"jetpack_social_post_already_shared":true,"jetpack_social_options":{"image_generator_settings":{"template":"highway","default_image_id":0,"font":"","enabled":false},"version":2}},"product_brand":[578],"product_cat":[113],"product_tag":[705],"class_list":{"0":"post-1503","1":"product","2":"type-product","3":"status-publish","4":"has-post-thumbnail","6":"product_brand-ferligs","7":"product_cat-table-legs","8":"product_tag-spider-legs","9":"product_shipping_class-tables-legs","11":"first","12":"instock","13":"sale","14":"taxable","15":"shipping-taxable","16":"purchasable","17":"product-type-variable","18":"has-default-attributes"},"featured_image_urls_v2":{"full":["https:\/\/ferligs.com\/wp-content\/uploads\/2023\/05\/9243-Webp820x680.webp",820,680,false],"thumbnail":["https:\/\/ferligs.com\/wp-content\/uploads\/2023\/05\/9243-Webp820x680.webp",150,124,false],"medium":["https:\/\/ferligs.com\/wp-content\/uploads\/2023\/05\/9243-Webp820x680.webp",300,249,false],"medium_large":["https:\/\/ferligs.com\/wp-content\/uploads\/2023\/05\/9243-Webp820x680.webp",768,637,false],"large":["https:\/\/ferligs.com\/wp-content\/uploads\/2023\/05\/9243-Webp820x680.webp",820,680,false],"1536x1536":["https:\/\/ferligs.com\/wp-content\/uploads\/2023\/05\/9243-Webp820x680.webp",820,680,false],"2048x2048":["https:\/\/ferligs.com\/wp-content\/uploads\/2023\/05\/9243-Webp820x680.webp",820,680,false],"trp-custom-language-flag":["https:\/\/ferligs.com\/wp-content\/uploads\/2023\/05\/9243-Webp820x680.webp",14,12,false],"woocommerce_archive_thumbnail":["https:\/\/ferligs.com\/wp-content\/uploads\/2023\/05\/9243-Webp820x680-300x249.webp",300,249,true],"woocommerce_thumbnail":["https:\/\/ferligs.com\/wp-content\/uploads\/2023\/05\/9243-Webp820x680.webp",300,249,false],"woocommerce_single":["https:\/\/ferligs.com\/wp-content\/uploads\/2023\/05\/9243-Webp820x680.webp",600,498,false],"woocommerce_gallery_thumbnail":["https:\/\/ferligs.com\/wp-content\/uploads\/2023\/05\/9243-Webp820x680-100x100.webp",100,100,true]},"post_excerpt_stackable_v2":"<p>ENGURE Dining Table Spider Legs feature a bold intersecting cross design crafted from durable 60 \u00d7 60 mm steel tube, creating a stable and visually striking base for modern dining tables; finished with a protective powder coating, equipped with standard 5 mm fixing holes, delivered flat-packed with all fasteners and assembly instructions, and available with custom height, width, and finish options.<\/p>\n","category_list_v2":"","author_info_v2":{"name":"","url":""},"comments_num_v2":"0 comments","jetpack_publicize_connections":[],"jetpack_sharing_enabled":true,"_links":{"self":[{"href":"https:\/\/ferligs.com\/sv\/wp-json\/wp\/v2\/product\/1503","targetHints":{"allow":["GET"]}}],"collection":[{"href":"https:\/\/ferligs.com\/sv\/wp-json\/wp\/v2\/product"}],"about":[{"href":"https:\/\/ferligs.com\/sv\/wp-json\/wp\/v2\/types\/product"}],"wp:featuredmedia":[{"embeddable":true,"href":"https:\/\/ferligs.com\/sv\/wp-json\/wp\/v2\/media\/1510"}],"wp:attachment":[{"href":"https:\/\/ferligs.com\/sv\/wp-json\/wp\/v2\/media?parent=1503"}],"wp:term":[{"taxonomy":"product_brand","embeddable":true,"href":"https:\/\/ferligs.com\/sv\/wp-json\/wp\/v2\/product_brand?post=1503"},{"taxonomy":"product_cat","embeddable":true,"href":"https:\/\/ferligs.com\/sv\/wp-json\/wp\/v2\/product_cat?post=1503"},{"taxonomy":"product_tag","embeddable":true,"href":"https:\/\/ferligs.com\/sv\/wp-json\/wp\/v2\/product_tag?post=1503"}],"curies":[{"name":"wp","href":"https:\/\/api.w.org\/{rel}","templated":true}]}}