{"id":1502,"date":"2023-05-24T13:04:52","date_gmt":"2023-05-24T10:04:52","guid":{"rendered":"https:\/\/ferligs.com\/?post_type=product&#038;p=1502"},"modified":"2026-04-02T12:52:02","modified_gmt":"2026-04-02T09:52:02","slug":"abava-table-base","status":"publish","type":"product","link":"https:\/\/ferligs.com\/sv\/product\/abava-table-base\/","title":{"rendered":"ABAVA \u2013 Elegant bordsunderrede"},"content":{"rendered":"<p>Abava Metal Table Base kombinerar elegant modern design med praktisk funktionalitet. Dess korsande linjer bildar ett graci\u00f6st geometriskt m\u00f6nster som f\u00f6rst\u00e4rker bordets estetik samtidigt som det m\u00f6jligg\u00f6r maximal sittkapacitet. Detta underrede passar b\u00e5de moderna och klassiska interi\u00f6rer och erbjuder en elegant och stabil bas f\u00f6r en m\u00e4ngd olika bordsskivor i olika former och storlekar. Dess \u00f6ppna design garanterar komfort och enkel r\u00f6rlighet runt bordet.<\/p>\n<p>Abava-basen \u00e4r tillverkad av h\u00f6gkvalitativt st\u00e5l och \u00e4r helsvetsad f\u00f6r varaktig stabilitet och styrka. Alla komponenter har en h\u00f6gkvalitativ pulverlackering som motst\u00e5r repor och slitage, vilket g\u00f6r att de beh\u00e5ller sitt polerade utseende i m\u00e5nga \u00e5r. Standardmonteringen \u00e4r enkel och intuitiv, med alla delar och illustrerade instruktioner inkluderade f\u00f6r snabb installation. Den robusta metallkonstruktionen garanterar h\u00e5llbarhet f\u00f6r frekvent daglig anv\u00e4ndning utan att kompromissa med stilen.<\/p>\n<p>Anpassningsm\u00f6jligheterna g\u00f6r Abava Metal Table Base mycket m\u00e5ngsidig. V\u00e4lj \u00f6nskad h\u00f6jd, bredd, ytbehandling eller f\u00e4rg s\u00e5 att den passar perfekt till din bordsskiva och inredning. Oavsett om det g\u00e4ller ett matbord hemma, en arbetsplats p\u00e5 kontoret eller en kommersiell milj\u00f6, kombinerar detta bordsunderrede visuell elegans med strukturell tillf\u00f6rlitlighet och erbjuder b\u00e5de estetisk tilltalande design och praktisk prestanda anpassad efter dina projektkrav.<\/p>","protected":false},"excerpt":{"rendered":"<p>Abava Metal Table Base \u00e4r ett elegant, h\u00f6gkvalitativt st\u00e5lunderrede som ger varje matbord en sofistikerad touch. Dess korsande linjer skapar en visuellt sl\u00e5ende design samtidigt som sittplatserna maximeras. Levereras omonterat med tydliga instruktioner och alla n\u00f6dv\u00e4ndiga komponenter. Detta h\u00e5llbara pulverlackerade bordunderrede kan skr\u00e4ddarsys efter \u00f6nskad storlek och ytbehandling.<\/p>","protected":false},"featured_media":1501,"template":"","meta":{"jetpack_publicize_message":"","jetpack_publicize_feature_enabled":true,"jetpack_social_post_already_shared":true,"jetpack_social_options":{"image_generator_settings":{"template":"highway","default_image_id":0,"font":"","enabled":false},"version":2}},"product_brand":[578],"product_cat":[113],"product_tag":[705,704,698],"class_list":{"0":"post-1502","1":"product","2":"type-product","3":"status-publish","4":"has-post-thumbnail","6":"product_brand-ferligs","7":"product_cat-table-legs","8":"product_tag-spider-legs","9":"product_tag-table-bases","10":"product_tag-x-shaped-table-legs","11":"product_shipping_class-tables-legs","13":"first","14":"instock","15":"sale","16":"taxable","17":"shipping-taxable","18":"purchasable","19":"product-type-variable","20":"has-default-attributes"},"featured_image_urls_v2":{"full":["https:\/\/ferligs.com\/wp-content\/uploads\/2023\/05\/9044-Webp820x680.webp",820,680,false],"thumbnail":["https:\/\/ferligs.com\/wp-content\/uploads\/2023\/05\/9044-Webp820x680.webp",150,124,false],"medium":["https:\/\/ferligs.com\/wp-content\/uploads\/2023\/05\/9044-Webp820x680.webp",300,249,false],"medium_large":["https:\/\/ferligs.com\/wp-content\/uploads\/2023\/05\/9044-Webp820x680.webp",768,637,false],"large":["https:\/\/ferligs.com\/wp-content\/uploads\/2023\/05\/9044-Webp820x680.webp",820,680,false],"1536x1536":["https:\/\/ferligs.com\/wp-content\/uploads\/2023\/05\/9044-Webp820x680.webp",820,680,false],"2048x2048":["https:\/\/ferligs.com\/wp-content\/uploads\/2023\/05\/9044-Webp820x680.webp",820,680,false],"trp-custom-language-flag":["https:\/\/ferligs.com\/wp-content\/uploads\/2023\/05\/9044-Webp820x680.webp",14,12,false],"woocommerce_archive_thumbnail":["https:\/\/ferligs.com\/wp-content\/uploads\/2023\/05\/9044-Webp820x680-300x249.webp",300,249,true],"woocommerce_thumbnail":["https:\/\/ferligs.com\/wp-content\/uploads\/2023\/05\/9044-Webp820x680.webp",300,249,false],"woocommerce_single":["https:\/\/ferligs.com\/wp-content\/uploads\/2023\/05\/9044-Webp820x680.webp",600,498,false],"woocommerce_gallery_thumbnail":["https:\/\/ferligs.com\/wp-content\/uploads\/2023\/05\/9044-Webp820x680-100x100.webp",100,100,true]},"post_excerpt_stackable_v2":"<p>Abava Metal Table Base is an elegant, high-quality steel base designed to add sophistication to any dining table. Its crossing lines create a visually striking design while maximizing seating space. Delivered unassembled with clear instructions and all necessary components, this durable powder-coated table base can be custom-made to match your preferred size and finish.<\/p>\n","category_list_v2":"","author_info_v2":{"name":"","url":""},"comments_num_v2":"0 comments","jetpack_publicize_connections":[],"jetpack_sharing_enabled":true,"_links":{"self":[{"href":"https:\/\/ferligs.com\/sv\/wp-json\/wp\/v2\/product\/1502","targetHints":{"allow":["GET"]}}],"collection":[{"href":"https:\/\/ferligs.com\/sv\/wp-json\/wp\/v2\/product"}],"about":[{"href":"https:\/\/ferligs.com\/sv\/wp-json\/wp\/v2\/types\/product"}],"wp:featuredmedia":[{"embeddable":true,"href":"https:\/\/ferligs.com\/sv\/wp-json\/wp\/v2\/media\/1501"}],"wp:attachment":[{"href":"https:\/\/ferligs.com\/sv\/wp-json\/wp\/v2\/media?parent=1502"}],"wp:term":[{"taxonomy":"product_brand","embeddable":true,"href":"https:\/\/ferligs.com\/sv\/wp-json\/wp\/v2\/product_brand?post=1502"},{"taxonomy":"product_cat","embeddable":true,"href":"https:\/\/ferligs.com\/sv\/wp-json\/wp\/v2\/product_cat?post=1502"},{"taxonomy":"product_tag","embeddable":true,"href":"https:\/\/ferligs.com\/sv\/wp-json\/wp\/v2\/product_tag?post=1502"}],"curies":[{"name":"wp","href":"https:\/\/api.w.org\/{rel}","templated":true}]}}