{"id":1575,"date":"2023-07-24T18:42:35","date_gmt":"2023-07-24T15:42:35","guid":{"rendered":"https:\/\/ferligs.com\/?post_type=product&#038;p=1575"},"modified":"2026-03-05T18:44:30","modified_gmt":"2026-03-05T16:44:30","slug":"ludza","status":"publish","type":"product","link":"https:\/\/ferligs.com\/nl\/product\/ludza\/","title":{"rendered":"LUDZA \u2013 Eettafelpoten"},"content":{"rendered":"<p>Het metalen tafelonderstel Ludza valt op door zijn unieke, op een ster ge\u00efnspireerde ontwerp, waarbij kruisende stalen buizen een visueel opvallend en elegant silhouet cre\u00ebren dat perfect is voor ronde tafelbladen. Deze verfijnde structuur verhoogt niet alleen de esthetische aantrekkingskracht van uw meubilair, maar bevordert ook de functionaliteit door gebruikers royale beenruimte te bieden. Het is ideaal voor zowel residenti\u00eble als commerci\u00eble omgevingen en transformeert gewone tafels in opvallende meubelstukken die vorm en functionaliteit naadloos combineren.<\/p>\n<p>Ludza-jalusta on valmistettu korkealaatuisista 5 x 2 cm:n ter\u00e4sputkista, mik\u00e4 takaa poikkeuksellisen lujuuden ja kest\u00e4vyyden. Se kest\u00e4\u00e4 jopa 150 kg:n kuormituksen ilman kompromisseja. Oletuksena jauhemaalattu pinta kest\u00e4\u00e4 naarmuja, korroosiota ja haalistumista, joten se s\u00e4ilytt\u00e4\u00e4 alkuper\u00e4isen ulkon\u00e4k\u00f6ns\u00e4 vuosien k\u00e4yt\u00f6n j\u00e4lkeenkin. Teollisemman ilmeen yst\u00e4ville on saatavana my\u00f6s raakater\u00e4sversio, jonka avulla jalusta sopii vaivattomasti sisustukseesi.<\/p>\n<p>De montage is eenvoudig en gebruiksvriendelijk, aangezien de basis ongemonteerd wordt geleverd om schade tijdens het transport te voorkomen, compleet met alle benodigde bevestigingsmaterialen en duidelijke stap-voor-stap instructies. Voorgeboorde bevestigingsgaten van 5 mm maken het bevestigen van het door u gekozen tafelblad snel en veilig, maar bij bestelling kunnen ook aangepaste gatmaten worden opgegeven. Dankzij dit eenvoudige proces kunt u in een mum van tijd genieten van uw op maat gemaakte tafel, zonder dat u daarvoor professioneel gereedschap of expertise nodig hebt.<\/p>\n<p>Het Ludza-model kan volledig worden aangepast aan uw behoeften. Het is verkrijgbaar in verschillende hoogtes (standaard \u2014 71 cm), breedtes (70\/80 cm), lengtes (70\/80 cm), in verschillende kleuren, waaronder donkergrijs, lichtgrijs, wit en andere, evenals met verschillende afwerkingen. Extra materialen, zoals stalen flenzen, maken de structuur nog duurzamer en het ontbreken van een aanrecht maakt het mogelijk om degene te kiezen die bij uw stijl past. Deze veelzijdige stand is geschikt voor zowel gezellige diners als grote evenementen. Het past zich aan verschillende maten en voorkeuren aan en zorgt voor betrouwbaarheid en elegantie in elk detail.<\/p>","protected":false},"excerpt":{"rendered":"<p>Ludza-metallip\u00f6yd\u00e4n jalusta on hienostunut pohja py\u00f6reille p\u00f6ydille. Se on valmistettu korkealaatuisesta ter\u00e4ksest\u00e4 ja sen t\u00e4htim\u00e4inen muoto ja elegantit riste\u00e4v\u00e4t viivat tuovat modernia taiteellisuutta mihin tahansa tilaan. Sen avoin rakenne tarjoaa runsaasti jalkatilaa mukavaan istumiseen kokoontumisten aikana, ja vankka rakenne kest\u00e4\u00e4 jopa 150 kg:n painon, mik\u00e4 takaa vakauden ja kest\u00e4vyyden. <\/p>","protected":false},"featured_media":1576,"template":"","meta":{"jetpack_publicize_message":"","jetpack_publicize_feature_enabled":true,"jetpack_social_post_already_shared":true,"jetpack_social_options":{"image_generator_settings":{"template":"highway","default_image_id":0,"font":"","enabled":false},"version":2}},"product_brand":[578],"product_cat":[113],"product_tag":[704],"class_list":{"0":"post-1575","1":"product","2":"type-product","3":"status-publish","4":"has-post-thumbnail","6":"product_brand-ferligs","7":"product_cat-table-legs","8":"product_tag-table-bases","9":"product_shipping_class-tables-legs","11":"first","12":"instock","13":"sale","14":"taxable","15":"shipping-taxable","16":"purchasable","17":"product-type-variable","18":"has-default-attributes"},"featured_image_urls_v2":{"full":["https:\/\/ferligs.com\/wp-content\/uploads\/2023\/07\/9259-Webp1640x1360.webp",1640,1360,false],"thumbnail":["https:\/\/ferligs.com\/wp-content\/uploads\/2023\/07\/9259-Webp1640x1360.webp",150,124,false],"medium":["https:\/\/ferligs.com\/wp-content\/uploads\/2023\/07\/9259-Webp1640x1360.webp",300,249,false],"medium_large":["https:\/\/ferligs.com\/wp-content\/uploads\/2023\/07\/9259-Webp1640x1360.webp",768,637,false],"large":["https:\/\/ferligs.com\/wp-content\/uploads\/2023\/07\/9259-Webp1640x1360.webp",1024,849,false],"1536x1536":["https:\/\/ferligs.com\/wp-content\/uploads\/2023\/07\/9259-Webp1640x1360.webp",1536,1274,false],"2048x2048":["https:\/\/ferligs.com\/wp-content\/uploads\/2023\/07\/9259-Webp1640x1360.webp",1640,1360,false],"trp-custom-language-flag":["https:\/\/ferligs.com\/wp-content\/uploads\/2023\/07\/9259-Webp1640x1360.webp",14,12,false],"woocommerce_archive_thumbnail":["https:\/\/ferligs.com\/wp-content\/uploads\/2023\/07\/9259-Webp1640x1360-300x249.webp",300,249,true],"woocommerce_thumbnail":["https:\/\/ferligs.com\/wp-content\/uploads\/2023\/07\/9259-Webp1640x1360.webp",300,249,false],"woocommerce_single":["https:\/\/ferligs.com\/wp-content\/uploads\/2023\/07\/9259-Webp1640x1360.webp",600,498,false],"woocommerce_gallery_thumbnail":["https:\/\/ferligs.com\/wp-content\/uploads\/2023\/07\/9259-Webp1640x1360-100x100.webp",100,100,true]},"post_excerpt_stackable_v2":"<p>The Ludza metal table base is a sophisticated foundation for round tables, crafted from premium steel with a star-like form featuring elegantly crossing lines that add a touch of modern artistry to any space. Its open structure provides ample legroom for comfortable seating during gatherings, while the robust construction supports up to 150 kg, ensuring stability and durability. <\/p>\n","category_list_v2":"","author_info_v2":{"name":"","url":""},"comments_num_v2":"0 reacties","jetpack_publicize_connections":[],"jetpack_sharing_enabled":true,"_links":{"self":[{"href":"https:\/\/ferligs.com\/nl\/wp-json\/wp\/v2\/product\/1575","targetHints":{"allow":["GET"]}}],"collection":[{"href":"https:\/\/ferligs.com\/nl\/wp-json\/wp\/v2\/product"}],"about":[{"href":"https:\/\/ferligs.com\/nl\/wp-json\/wp\/v2\/types\/product"}],"wp:featuredmedia":[{"embeddable":true,"href":"https:\/\/ferligs.com\/nl\/wp-json\/wp\/v2\/media\/1576"}],"wp:attachment":[{"href":"https:\/\/ferligs.com\/nl\/wp-json\/wp\/v2\/media?parent=1575"}],"wp:term":[{"taxonomy":"product_brand","embeddable":true,"href":"https:\/\/ferligs.com\/nl\/wp-json\/wp\/v2\/product_brand?post=1575"},{"taxonomy":"product_cat","embeddable":true,"href":"https:\/\/ferligs.com\/nl\/wp-json\/wp\/v2\/product_cat?post=1575"},{"taxonomy":"product_tag","embeddable":true,"href":"https:\/\/ferligs.com\/nl\/wp-json\/wp\/v2\/product_tag?post=1575"}],"curies":[{"name":"wp","href":"https:\/\/api.w.org\/{rel}","templated":true}]}}