{"id":1527,"date":"2023-05-24T13:26:43","date_gmt":"2023-05-24T10:26:43","guid":{"rendered":"https:\/\/ferligs.com\/?post_type=product&#038;p=1527"},"modified":"2026-03-05T18:45:45","modified_gmt":"2026-03-05T16:45:45","slug":"durbe","status":"publish","type":"product","link":"https:\/\/ferligs.com\/nl\/product\/durbe\/","title":{"rendered":"DURBE \u2013 Spinnenpootjes voor tafels"},"content":{"rendered":"<p>Het onderstel van de Durbe-tafel heeft een opvallend patroon van kruisende lijnen, waarbij metalen elementen elkaar kruisen en een modern, geometrisch silhouet vormen dat elke eet- of werkruimte verfraait. Deze innovatieve lay-out trekt niet alleen de aandacht, maar verdeelt ook het gewicht gelijkmatig voor optimale stabiliteit. Het onderstel past zowel in een moderne als traditionele omgeving en versterkt de algehele uitstraling van de tafel met zijn artistieke en toch functionele vorm.<\/p>\n<p>De Durbe is gemaakt van stalen buizen van 6 x 3 cm en versterkt met stalen flenzen. De gelaste en geassembleerde constructie garandeert robuustheid en een draagvermogen van 150 kg. De afwerking is bestand tegen dagelijkse slijtage, met een poedercoating die een gladde, beschermende laag vormt of ruw staal dat een ruwe, authentieke textuur biedt. Deze duurzame constructie zorgt ervoor dat de basis bestand is tegen veelvuldig gebruik met behoud van zijn structurele integriteit.<\/p>\n<p>De montage verloopt effici\u00ebnt dankzij de meegeleverde set, handleiding, verstelbare voetjes voor aanpassing aan het oppervlak, viltjes om vloeren te beschermen, metalen dwarsbalk en tafelpoten, allemaal ontworpen voor een naadloos proces. Voorgeboorde bevestigingsgaten van 5 mm maken een eenvoudige bevestiging aan uw tafelblad mogelijk, met alternatieven beschikbaar op aanvraag. Er zijn geen speciale vaardigheden vereist, waardoor een snelle integratie in uw meubelproject mogelijk is.<\/p>\n<p>De Durbe is afgestemd op individuele behoeften en kan worden aangepast met kleuropties zoals donkergrijs, lichtgrijs of wit, samen met het type afwerking, hoogte, lengte, breedte en montagegaten. Deze veelzijdigheid ondersteunt diverse toepassingen, van compacte thuisopstellingen tot uitgebreide commerci\u00eble tafels. Met uitzondering van het tafelblad, stelt het gebruikers in staat om een gepersonaliseerd meubelstuk te cre\u00ebren dat perfect aansluit bij hun visie en behoeften.<\/p>","protected":false},"excerpt":{"rendered":"<p>Durbe-metallip\u00f6yd\u00e4n jalusta on dynaamisen muotoinen, ja se on valmistettu korkealaatuisesta ter\u00e4ksest\u00e4, jotta se tarjoaa tukevan ja visuaalisesti houkuttelevan perustan suorakulmaisille tai soikeille p\u00f6yt\u00e4levyille. Sen riste\u00e4v\u00e4 rakenne tarjoaa erinomaisen tasapainon ja tuen jopa 150 kg:n kuormille. Sen mitat ovat korkeus 71 cm, leveys 60\u201380 cm ja pituus 120\u2013180 cm, joten se sopii erilaisille p\u00f6ydille. <\/p>","protected":false},"featured_media":1528,"template":"","meta":{"jetpack_publicize_message":"","jetpack_publicize_feature_enabled":true,"jetpack_social_post_already_shared":true,"jetpack_social_options":{"image_generator_settings":{"template":"highway","default_image_id":0,"font":"","enabled":false},"version":2}},"product_brand":[578],"product_cat":[113],"product_tag":[705],"class_list":{"0":"post-1527","1":"product","2":"type-product","3":"status-publish","4":"has-post-thumbnail","6":"product_brand-ferligs","7":"product_cat-table-legs","8":"product_tag-spider-legs","9":"product_shipping_class-tables-legs","11":"first","12":"instock","13":"sale","14":"taxable","15":"shipping-taxable","16":"purchasable","17":"product-type-variable","18":"has-default-attributes"},"featured_image_urls_v2":{"full":["https:\/\/ferligs.com\/wp-content\/uploads\/2023\/05\/8241-Webp820x680.webp",820,680,false],"thumbnail":["https:\/\/ferligs.com\/wp-content\/uploads\/2023\/05\/8241-Webp820x680.webp",150,124,false],"medium":["https:\/\/ferligs.com\/wp-content\/uploads\/2023\/05\/8241-Webp820x680.webp",300,249,false],"medium_large":["https:\/\/ferligs.com\/wp-content\/uploads\/2023\/05\/8241-Webp820x680.webp",768,637,false],"large":["https:\/\/ferligs.com\/wp-content\/uploads\/2023\/05\/8241-Webp820x680.webp",820,680,false],"1536x1536":["https:\/\/ferligs.com\/wp-content\/uploads\/2023\/05\/8241-Webp820x680.webp",820,680,false],"2048x2048":["https:\/\/ferligs.com\/wp-content\/uploads\/2023\/05\/8241-Webp820x680.webp",820,680,false],"trp-custom-language-flag":["https:\/\/ferligs.com\/wp-content\/uploads\/2023\/05\/8241-Webp820x680.webp",14,12,false],"woocommerce_archive_thumbnail":["https:\/\/ferligs.com\/wp-content\/uploads\/2023\/05\/8241-Webp820x680-300x249.webp",300,249,true],"woocommerce_thumbnail":["https:\/\/ferligs.com\/wp-content\/uploads\/2023\/05\/8241-Webp820x680.webp",300,249,false],"woocommerce_single":["https:\/\/ferligs.com\/wp-content\/uploads\/2023\/05\/8241-Webp820x680.webp",600,498,false],"woocommerce_gallery_thumbnail":["https:\/\/ferligs.com\/wp-content\/uploads\/2023\/05\/8241-Webp820x680-100x100.webp",100,100,true]},"post_excerpt_stackable_v2":"<p>The Durbe metal table base features a dynamic crossing lines design, crafted from high-grade steel to provide a sturdy and visually appealing foundation for rectangular or oval tabletops. Its intersecting structure offers excellent balance and support for loads up to 150 kg, with dimensions including height of 71 cm, widths from 60 to 80 cm, and lengths from 120 to 180 cm, making it adaptable for various table sizes. <\/p>\n","category_list_v2":"","author_info_v2":{"name":"","url":""},"comments_num_v2":"0 reacties","jetpack_publicize_connections":[],"jetpack_sharing_enabled":true,"_links":{"self":[{"href":"https:\/\/ferligs.com\/nl\/wp-json\/wp\/v2\/product\/1527","targetHints":{"allow":["GET"]}}],"collection":[{"href":"https:\/\/ferligs.com\/nl\/wp-json\/wp\/v2\/product"}],"about":[{"href":"https:\/\/ferligs.com\/nl\/wp-json\/wp\/v2\/types\/product"}],"wp:featuredmedia":[{"embeddable":true,"href":"https:\/\/ferligs.com\/nl\/wp-json\/wp\/v2\/media\/1528"}],"wp:attachment":[{"href":"https:\/\/ferligs.com\/nl\/wp-json\/wp\/v2\/media?parent=1527"}],"wp:term":[{"taxonomy":"product_brand","embeddable":true,"href":"https:\/\/ferligs.com\/nl\/wp-json\/wp\/v2\/product_brand?post=1527"},{"taxonomy":"product_cat","embeddable":true,"href":"https:\/\/ferligs.com\/nl\/wp-json\/wp\/v2\/product_cat?post=1527"},{"taxonomy":"product_tag","embeddable":true,"href":"https:\/\/ferligs.com\/nl\/wp-json\/wp\/v2\/product_tag?post=1527"}],"curies":[{"name":"wp","href":"https:\/\/api.w.org\/{rel}","templated":true}]}}