{"id":5253,"date":"2026-03-04T15:34:23","date_gmt":"2026-03-04T13:34:23","guid":{"rendered":"https:\/\/ferligs.com\/?post_type=product&#038;p=5253"},"modified":"2026-03-11T19:51:44","modified_gmt":"2026-03-11T17:51:44","slug":"salaca-table-base","status":"publish","type":"product","link":"https:\/\/ferligs.com\/lv\/product\/salaca-table-base\/","title":{"rendered":"SALACA \u2013 galda pamatne ar tr\u012bs k\u0101j\u0101m"},"content":{"rendered":"<p>Salaca tr\u012bsk\u0101ju galda pamatne jebkuram interjeram pie\u0161\u0137ir t\u012bru, arhitektonisku izskatu. T\u0101s tr\u012bsk\u0101ju konstrukcija rada atv\u0113rtu, neapgr\u016btin\u0101tu izskatu zem galda \u2014 dizaina risin\u0101jums, kas vienl\u012bdz labi iederas gan minim\u0101lisma, gan industri\u0101l\u0101, gan m\u016bsdien\u012bg\u0101 stil\u0101. Vienm\u0113r\u012bgi izvietot\u0101s k\u0101jas nodro\u0161ina vizu\u0101lu l\u012bdzsvaru no jebkura le\u0146\u0137a, savuk\u0101rt iztur\u012bgais centr\u0101lais savienojuma punkts nodro\u0161ina visas pamatnes stabilit\u0101ti un stingr\u012bbu. Neatkar\u012bgi no t\u0101, vai to izmanto \u0113damistab\u0101, kafejn\u012bc\u0101 vai m\u0101jas biroj\u0101, Salaca rada p\u0101rliecino\u0161u un attur\u012bgu iespaidu.<\/p>\n<p>\u201eSalaca\u201c ir izgatavota no iztur\u012bgas 50\u00d750 mm t\u0113rauda caurules, nodro\u0161inot stingr\u012bbu un nestsp\u0113ju, k\u0101da tiek sagaid\u012bta no profesion\u0101la l\u012bme\u0146a galda pamatnes. Iztur\u012bgais profils garant\u0113 ilgtermi\u0146a stabilit\u0101ti bez nev\u0113lamas lieces vai kust\u012bbas ikdienas lieto\u0161anas apst\u0101k\u013cos. Katrs komponents ir p\u0101rkl\u0101ts ar augstas kvalit\u0101tes pulverkr\u0101sas p\u0101rkl\u0101jumu, kas aizsarg\u0101 pret skr\u0101p\u0113jumiem, mitrumu un nodilumu, t\u0101d\u0113j\u0101di saglab\u0101jot pamatnes nevainojamo izskatu daudzus gadus. P\u0113c piepras\u012bjuma ir pieejama pulverkr\u0101sas p\u0101rkl\u0101juma kr\u0101sas piel\u0101go\u0161ana, lai tas atbilstu j\u016bsu interjeram.<\/p>\n<p>\u201eSalaca\u201c ir pieejama ar da\u017e\u0101diem pamatnes diametriem, lai atbilstu pla\u0161am galda virsmu izm\u0113ru kl\u0101stam. 70 cm pamatne ir piem\u0113rota galda virsm\u0101m ar diametru no 75 l\u012bdz 90 cm; 80 cm pamatne \u2013 virsm\u0101m no 85 l\u012bdz 100 cm; 90 cm pamatne \u2013 virsm\u0101m no 95 l\u012bdz 110 cm; savuk\u0101rt 100 cm pamatne ir piem\u0113rota galda virsm\u0101m no 105 l\u012bdz 120 cm. Papildus \u0161\u012bm standarta opcij\u0101m Salaca var tikt piln\u012bb\u0101 izgatavota p\u0113c pas\u016bt\u012bjuma atbilsto\u0161i j\u016bsu nor\u0101d\u012btajam augstumam, diametram un mont\u0101\u017eas specifik\u0101cij\u0101m. L\u016bdzu, pas\u016bt\u012bjuma veik\u0161anas br\u012bd\u012b nor\u0101diet visas individualiz\u0101cijas pras\u012bbas.<\/p>\n<p>Salaca galda pamatne tiek pieg\u0101d\u0101ta nesamont\u0113ta, lai nodro\u0161in\u0101tu dro\u0161u un efekt\u012bvu iepakojumu, ta\u010du t\u0101s mont\u0101\u017ea ir \u0101tra un vienk\u0101r\u0161a \u2014 komplekt\u0101 ir iek\u013cauti visi nepiecie\u0161amie stiprin\u0101jumi, un, izmantojot pievienoto instrukciju, mont\u0101\u017eu var paveikt da\u017eu min\u016b\u0161u laik\u0101. Standarta vien\u012bb\u0101m ir iepriek\u0161 izurbti 5 mm mont\u0101\u017eas caurumi; p\u0113c piepras\u012bjuma ir pieejamas alternat\u012bvas konfigur\u0101cijas. Standarta augstums: ~71 cm. L\u016bdzu, \u0146emiet v\u0113r\u0101: \u0161is pied\u0101v\u0101jums attiecas tikai uz met\u0101la galda pamatni \u2014 galda virsma nav iek\u013cauta un ir j\u0101ieg\u0101d\u0101jas atsevi\u0161\u0137i, lai pabeigtu galda izveidi.<\/p>","protected":false},"excerpt":{"rendered":"<p>\u201eSalaca\u201c ir elegants met\u0101la galda pamatne ar tr\u012bs k\u0101j\u0101m, kas izgatavota no mas\u012bvas 50\u00d750 mm t\u0113rauda caurules un p\u0101rkl\u0101ta ar iztur\u012bgu pulverkr\u0101su, kas iztur laika p\u0101rbaudi. T\u0101s tr\u012bs k\u0101ju konstrukcija nodro\u0161ina t\u012bru, modernu siluetu, kas piem\u0113rota gan apa\u013c\u0101m, gan ov\u0101l\u0101m galda virsm\u0101m ar da\u017e\u0101diem diametriem \u2014 no 75 cm l\u012bdz 120 cm atkar\u012bb\u0101 no pamatnes izm\u0113ra. Ir pieejama piln\u012bga piel\u0101go\u0161ana j\u016bsu konkr\u0113taj\u0101m vajadz\u012bb\u0101m. Galda virsma nav iek\u013cauta.<\/p>","protected":false},"featured_media":5304,"template":"","meta":{"jetpack_publicize_message":"","jetpack_publicize_feature_enabled":true,"jetpack_social_post_already_shared":true,"jetpack_social_options":{"image_generator_settings":{"template":"highway","default_image_id":0,"font":"","enabled":false},"version":2}},"product_brand":[578],"product_cat":[113],"product_tag":[704,703],"class_list":{"0":"post-5253","1":"product","2":"type-product","3":"status-publish","4":"has-post-thumbnail","6":"product_brand-ferligs","7":"product_cat-table-legs","8":"product_tag-table-bases","9":"product_tag-tripod-table-legs","10":"product_shipping_class-tables-legs","12":"first","13":"instock","14":"sale","15":"taxable","16":"shipping-taxable","17":"purchasable","18":"product-type-variable","19":"has-default-attributes"},"featured_image_urls_v2":{"full":["https:\/\/ferligs.com\/wp-content\/uploads\/2026\/03\/TBL22_3.webp",1200,800,false],"thumbnail":["https:\/\/ferligs.com\/wp-content\/uploads\/2026\/03\/TBL22_3-150x150.webp",150,150,true],"medium":["https:\/\/ferligs.com\/wp-content\/uploads\/2026\/03\/TBL22_3-300x200.webp",300,200,true],"medium_large":["https:\/\/ferligs.com\/wp-content\/uploads\/2026\/03\/TBL22_3-768x512.webp",768,512,true],"large":["https:\/\/ferligs.com\/wp-content\/uploads\/2026\/03\/TBL22_3-1024x683.webp",1024,683,true],"1536x1536":["https:\/\/ferligs.com\/wp-content\/uploads\/2026\/03\/TBL22_3.webp",1200,800,false],"2048x2048":["https:\/\/ferligs.com\/wp-content\/uploads\/2026\/03\/TBL22_3.webp",1200,800,false],"trp-custom-language-flag":["https:\/\/ferligs.com\/wp-content\/uploads\/2026\/03\/TBL22_3-18x12.webp",18,12,true],"woocommerce_archive_thumbnail":["https:\/\/ferligs.com\/wp-content\/uploads\/2026\/03\/TBL22_3-300x200.webp",300,200,true],"woocommerce_thumbnail":["https:\/\/ferligs.com\/wp-content\/uploads\/2026\/03\/TBL22_3-300x200.webp",300,200,true],"woocommerce_single":["https:\/\/ferligs.com\/wp-content\/uploads\/2026\/03\/TBL22_3-600x400.webp",600,400,true],"woocommerce_gallery_thumbnail":["https:\/\/ferligs.com\/wp-content\/uploads\/2026\/03\/TBL22_3-100x100.webp",100,100,true]},"post_excerpt_stackable_v2":"<p>The Salaca is a sleek tripod metal table base built from solid 50\u00d750 mm steel tube and finished with a durable powder coat that stands the test of time. Its three-leg structure offers a clean, modern silhouette that suits both round and circular tabletops across a wide range of diameters \u2014 from 75 cm up to 120 cm depending on the base size. Full customization is available to fit your exact requirements. Tabletop not included.<\/p>\n","category_list_v2":"","author_info_v2":{"name":"","url":""},"comments_num_v2":"0 comments","jetpack_publicize_connections":[],"jetpack_sharing_enabled":true,"_links":{"self":[{"href":"https:\/\/ferligs.com\/lv\/wp-json\/wp\/v2\/product\/5253","targetHints":{"allow":["GET"]}}],"collection":[{"href":"https:\/\/ferligs.com\/lv\/wp-json\/wp\/v2\/product"}],"about":[{"href":"https:\/\/ferligs.com\/lv\/wp-json\/wp\/v2\/types\/product"}],"wp:featuredmedia":[{"embeddable":true,"href":"https:\/\/ferligs.com\/lv\/wp-json\/wp\/v2\/media\/5304"}],"wp:attachment":[{"href":"https:\/\/ferligs.com\/lv\/wp-json\/wp\/v2\/media?parent=5253"}],"wp:term":[{"taxonomy":"product_brand","embeddable":true,"href":"https:\/\/ferligs.com\/lv\/wp-json\/wp\/v2\/product_brand?post=5253"},{"taxonomy":"product_cat","embeddable":true,"href":"https:\/\/ferligs.com\/lv\/wp-json\/wp\/v2\/product_cat?post=5253"},{"taxonomy":"product_tag","embeddable":true,"href":"https:\/\/ferligs.com\/lv\/wp-json\/wp\/v2\/product_tag?post=5253"}],"curies":[{"name":"wp","href":"https:\/\/api.w.org\/{rel}","templated":true}]}}