{"id":5223,"date":"2026-03-04T15:09:38","date_gmt":"2026-03-04T13:09:38","guid":{"rendered":"https:\/\/ferligs.com\/?post_type=product&#038;p=5223"},"modified":"2026-03-11T19:56:52","modified_gmt":"2026-03-11T17:56:52","slug":"gauja-table-base","status":"publish","type":"product","link":"https:\/\/ferligs.com\/lv\/product\/gauja-table-base\/","title":{"rendered":"GAUJA \u2013 \u0112damgalda pamatne"},"content":{"rendered":"<p>Gauja galda pamatnes vizu\u0101lais izskats ir iedvesmots no dimanta nemain\u012bgaj\u0101m form\u0101m. T\u0101s le\u0146\u0137ain\u0101, faset\u0113t\u0101 strukt\u016bra rada izteiksm\u012bgu industri\u0101lo est\u0113tiku, kas dabiski sader gan ar apa\u013c\u0101m, gan kvadr\u0101tveida galda virsm\u0101m, padarot to par univers\u0101lu izv\u0113li gan \u0113damistab\u0101m, gan virtuv\u0113m, gan komerci\u0101liem interjeriem. \u0122eometrisk\u0101 silueta veido sp\u0113c\u012bgu akcentu zem jebkuras virsmas, vienlaikus saglab\u0101jot kop\u0113jo kompoz\u012bciju elegantu un proporcion\u0101lu. Gauja ir m\u0113be\u013cu furnit\u016bra, kas vienlaikus ir ar\u012b izteiksm\u012bgs dizaina elements.<\/p>\n<p>\u201eGauja\u201c ir izgatavota no augstas kvalit\u0101tes 50\u00d720\u00d71,5 mm t\u0113rauda caurules, kas izv\u0113l\u0113ta t\u0101s ide\u0101l\u0101 iztur\u012bbas un izsmalcin\u0101t\u0101 profila l\u012bdzsvara d\u0113\u013c. Pl\u0101najam, bet iztur\u012bgajam t\u0113raudam ir rakstur\u012bgas rombveida fasetes, kas nepalielina pamatnes apjomu. Katrs komponents ir p\u0101rkl\u0101ts ar augst\u0101k\u0101s kvalit\u0101tes pulverkr\u0101su, kas pasarg\u0101 no skr\u0101p\u0113jumiem, mitruma un ikdienas nodiluma, saglab\u0101jot pamatnes izsmalcin\u0101to izskatu gadiem ilgi, pat akt\u012bvas lieto\u0161anas apst\u0101k\u013cos. P\u0113c pas\u016bt\u012bjuma ir pieejama ar\u012b pulverkr\u0101sas kr\u0101sas piel\u0101go\u0161ana.<\/p>\n<p>\u201eGauja\u201c ir piln\u012bb\u0101 piel\u0101gojama j\u016bsu konkr\u0113taj\u0101m projekta pras\u012bb\u0101m. Augstums, platums, kr\u0101sa un mont\u0101\u017eas konfigur\u0101cija ir regul\u0113jami \u2014 ja jums nepiecie\u0161ams pamatne ar unik\u0101liem parametriem, vienk\u0101r\u0161i sazinieties ar mums, un t\u0101 tiks izgatavota prec\u012bzi atbilsto\u0161i j\u016bsu specifik\u0101cij\u0101m. Standarta vien\u012bb\u0101m jau ir izurbti 5 mm mont\u0101\u017eas caurumi, ta\u010du p\u0113c piepras\u012bjuma var izveidot papildu caurumus. L\u016bdzu, nor\u0101diet visus piel\u0101gojumu s\u012bk\u0101kus datus, veicot pas\u016bt\u012bjumu, jo izmai\u0146as vairs nav iesp\u0113jamas p\u0113c ra\u017eo\u0161anas uzs\u0101k\u0161anas.<\/p>\n<p>Gauja pamatne tiek pieg\u0101d\u0101ta nesamont\u0113ta, lai nodro\u0161in\u0101tu dro\u0161u un kompaktu iepakojumu, ta\u010du t\u0101s mont\u0101\u017ea ir vienk\u0101r\u0161s un viegli izpild\u0101ms process. Iepakojum\u0101 ir iek\u013cauti visi nepiecie\u0161amie stiprin\u0101jumi un komponenti, k\u0101 ar\u012b skaidras, soli pa solim izkl\u0101st\u012btas instrukcijas, kas pal\u012bdz\u0113s jums veikt mont\u0101\u017eu. Standarta izm\u0113ri: augstums ~71 cm, platums 70 cm, garums 70 cm. L\u016bdzu, \u0146emiet v\u0113r\u0101: \u0161is pied\u0101v\u0101jums attiecas tikai uz met\u0101la galda pamatni \u2014 galda virsma nav iek\u013cauta un ir j\u0101ieg\u0101d\u0101jas atsevi\u0161\u0137i, lai pabeigtu galda uzst\u0101d\u012b\u0161anu.<\/p>","protected":false},"excerpt":{"rendered":"<p>\u201eGauja\u201c ir no dimanta formas iedvesmots met\u0101la galda k\u0101ju komplekts, kas apvieno izteiksm\u012bgu industri\u0101lo raksturu ar izsmalcin\u0101tu eleganci. Tas ir izgatavots no iztur\u012bgas 50\u00d720\u00d71,5 mm t\u0113rauda caurules un p\u0101rkl\u0101ts ar iztur\u012bgu pulverkr\u0101su, un vienl\u012bdz labi papildina gan apa\u013cus, gan kvadr\u0101tveida galda virsmas. \u201eGauja\u201c pied\u0101v\u0101 pla\u0161as piel\u0101go\u0161anas iesp\u0113jas \u2014 augstumu, platumu, kr\u0101su un caurumu izvietojumu var piel\u0101got tie\u0161i j\u016bsu projekta vajadz\u012bb\u0101m. Tiek pieg\u0101d\u0101ts nesamont\u0113ts, komplekt\u0101 iek\u013cautas piln\u012bgas mont\u0101\u017eas instrukcijas. Galda virsma nav iek\u013cauta.<\/p>","protected":false},"featured_media":5247,"template":"","meta":{"jetpack_publicize_message":"","jetpack_publicize_feature_enabled":true,"jetpack_social_post_already_shared":true,"jetpack_social_options":{"image_generator_settings":{"template":"highway","default_image_id":0,"font":"","enabled":false},"version":2}},"product_brand":[578],"product_cat":[113],"product_tag":[704],"class_list":{"0":"post-5223","1":"product","2":"type-product","3":"status-publish","4":"has-post-thumbnail","6":"product_brand-ferligs","7":"product_cat-table-legs","8":"product_tag-table-bases","9":"product_shipping_class-tables-legs","11":"first","12":"instock","13":"sale","14":"taxable","15":"shipping-taxable","16":"purchasable","17":"product-type-variable","18":"has-default-attributes"},"featured_image_urls_v2":{"full":["https:\/\/ferligs.com\/wp-content\/uploads\/2026\/03\/photo_2026-03-04_13-57-25.webp",1280,960,false],"thumbnail":["https:\/\/ferligs.com\/wp-content\/uploads\/2026\/03\/photo_2026-03-04_13-57-25-150x150.webp",150,150,true],"medium":["https:\/\/ferligs.com\/wp-content\/uploads\/2026\/03\/photo_2026-03-04_13-57-25-300x225.webp",300,225,true],"medium_large":["https:\/\/ferligs.com\/wp-content\/uploads\/2026\/03\/photo_2026-03-04_13-57-25-768x576.webp",768,576,true],"large":["https:\/\/ferligs.com\/wp-content\/uploads\/2026\/03\/photo_2026-03-04_13-57-25-1024x768.webp",1024,768,true],"1536x1536":["https:\/\/ferligs.com\/wp-content\/uploads\/2026\/03\/photo_2026-03-04_13-57-25.webp",1280,960,false],"2048x2048":["https:\/\/ferligs.com\/wp-content\/uploads\/2026\/03\/photo_2026-03-04_13-57-25.webp",1280,960,false],"trp-custom-language-flag":["https:\/\/ferligs.com\/wp-content\/uploads\/2026\/03\/photo_2026-03-04_13-57-25-16x12.webp",16,12,true],"woocommerce_archive_thumbnail":["https:\/\/ferligs.com\/wp-content\/uploads\/2026\/03\/photo_2026-03-04_13-57-25-300x225.webp",300,225,true],"woocommerce_thumbnail":["https:\/\/ferligs.com\/wp-content\/uploads\/2026\/03\/photo_2026-03-04_13-57-25-300x225.webp",300,225,true],"woocommerce_single":["https:\/\/ferligs.com\/wp-content\/uploads\/2026\/03\/photo_2026-03-04_13-57-25-600x450.webp",600,450,true],"woocommerce_gallery_thumbnail":["https:\/\/ferligs.com\/wp-content\/uploads\/2026\/03\/photo_2026-03-04_13-57-25-100x100.webp",100,100,true]},"post_excerpt_stackable_v2":"<p>The Gauja is a diamond-inspired metal table base that blends bold industrial character with refined elegance. Crafted from durable 50\u00d720\u00d71.5 mm steel tube and finished with a long-lasting powder coat, it complements both round and square tabletops with equal confidence. Gauja offers extensive customization options \u2014 height, width, color, and hole configuration can all be tailored to your exact project needs. Delivered unassembled with full assembly instructions included. Tabletop not included.<\/p>\n","category_list_v2":"","author_info_v2":{"name":"","url":""},"comments_num_v2":"0 comments","jetpack_publicize_connections":[],"jetpack_sharing_enabled":true,"_links":{"self":[{"href":"https:\/\/ferligs.com\/lv\/wp-json\/wp\/v2\/product\/5223","targetHints":{"allow":["GET"]}}],"collection":[{"href":"https:\/\/ferligs.com\/lv\/wp-json\/wp\/v2\/product"}],"about":[{"href":"https:\/\/ferligs.com\/lv\/wp-json\/wp\/v2\/types\/product"}],"wp:featuredmedia":[{"embeddable":true,"href":"https:\/\/ferligs.com\/lv\/wp-json\/wp\/v2\/media\/5247"}],"wp:attachment":[{"href":"https:\/\/ferligs.com\/lv\/wp-json\/wp\/v2\/media?parent=5223"}],"wp:term":[{"taxonomy":"product_brand","embeddable":true,"href":"https:\/\/ferligs.com\/lv\/wp-json\/wp\/v2\/product_brand?post=5223"},{"taxonomy":"product_cat","embeddable":true,"href":"https:\/\/ferligs.com\/lv\/wp-json\/wp\/v2\/product_cat?post=5223"},{"taxonomy":"product_tag","embeddable":true,"href":"https:\/\/ferligs.com\/lv\/wp-json\/wp\/v2\/product_tag?post=5223"}],"curies":[{"name":"wp","href":"https:\/\/api.w.org\/{rel}","templated":true}]}}