{"id":5104,"date":"2026-03-03T11:49:13","date_gmt":"2026-03-03T09:49:13","guid":{"rendered":"https:\/\/ferligs.com\/?post_type=product&#038;p=5104"},"modified":"2026-03-03T13:41:02","modified_gmt":"2026-03-03T11:41:02","slug":"kleisti-firewood-rack","status":"publish","type":"product","link":"https:\/\/ferligs.com\/lv\/product\/kleisti-firewood-rack\/","title":{"rendered":"KLEISTI \u2013 Malka tur\u0113t\u0101js"},"content":{"rendered":"<p>Dekorat\u012bvais malkas tur\u0113t\u0101js \u201eKleisti\u201c izce\u013cas ar savu avangardisko arhitekt\u016bru, ko raksturo izteiktas diagon\u0101l\u0101s l\u012bnijas s\u0101nos, kas rada dinamisku vizu\u0101lo ritmu. \u0160is neparastais dizaina risin\u0101jums ne tikai pie\u0161\u0137ir izsmalcin\u0101tu akcentu j\u016bsu kam\u012bna zonai, bet ar\u012b pied\u0101v\u0101 unik\u0101lu siluetu, kas at\u0161\u0137iras no tradicion\u0101lajiem taisnst\u016bra formas uzglab\u0101\u0161anas risin\u0101jumiem. Neatkar\u012bgi no t\u0101, vai tas atrodas modern\u0101 viesistab\u0101 vai lauku stil\u0101 iek\u0101rtot\u0101 teras\u0113, t\u0101 m\u0101ksliniecisk\u0101 \u0123eometrija padara to par \u012bstu sarunu tematu jebkur\u0101 dz\u012bvojam\u0101 telp\u0101.<\/p>\n<p>\u201eKleisti\u201c ir izgatavots no augstas kvalit\u0101tes 2,5 x 2,5 cm t\u0113rauda kvadr\u0101tveida caurules, lai iztur\u0113tu augstas kvalit\u0101tes malku. Katrs elements ir apstr\u0101d\u0101ts ar augst\u0101k\u0101s kvalit\u0101tes pulverkr\u0101sas p\u0101rkl\u0101jumu, kas nodro\u0161ina papildu aizsardz\u012bbas sl\u0101ni pret koroziju, r\u016bs\u0113\u0161anu un visp\u0101r\u0113ju nodilumu. Tas garant\u0113, ka sare\u017e\u0123\u012btais diagon\u0101lais r\u0101mis laika gait\u0101 saglab\u0101 savu stabilit\u0101ti un vizu\u0101lo pievilc\u012bbu. Neatkar\u012bgi no t\u0101, vai to izmantojat ikdien\u0101 vai sezon\u0101li, \u0161is dekorat\u012bvais malkas tur\u0113t\u0101js ir izstr\u0101d\u0101ts, lai nodro\u0161in\u0101tu maksim\u0101lu ilgm\u016b\u017e\u012bbu un stilu.<\/p>\n<p>Neskatoties uz m\u0101ksliniecisko izskatu un sl\u012bpajiem s\u0101nu akcentiem, \u201eKleisti\u201c ir \u013coti funkcion\u0101ls, pied\u0101v\u0101jot kompaktu izm\u0113ru, kas sp\u0113j uz\u0146emt iev\u0113rojamu daudzumu malkas. T\u0101 stabil\u0101 konstrukcija padara to piem\u0113rotu gan iek\u0161telp\u0101m, gan \u0101ra apst\u0101k\u013ciem, \u013caujot jums viegli p\u0101rvietot malku no d\u0101rza uz kam\u012bnu. Diagon\u0101lo nostiprin\u0101jumu nodro\u0161in\u0101tais atkl\u0101tais dizains garant\u0113, ka j\u016bsu malka paliek labi v\u0113din\u0101ta un gatava kurin\u0101\u0161anai, apvienojot skaistumu ar augstu praktisko lietder\u012bbu.<\/p>\n<p>Kleisti viedais saliekamais r\u0101mis apvieno praktiskumu ar inov\u0101ciju, t\u0101d\u0113j\u0101di nodro\u0161inot vieglu p\u0101rvieto\u0161anu un uzglab\u0101\u0161anu, kad tas netiek izmantots. Katram dekorat\u012bvajam malkas tur\u0113t\u0101jam ir pievienotas skaidras mont\u0101\u017eas instrukcijas, kas \u013cauj to \u0101tri uzst\u0101d\u012bt bez speci\u0101lu instrumentu pal\u012bdz\u012bbas. \u0160\u012b gatava lieto\u0161anai pieeja nodro\u0161ina, ka varat s\u0101kt sak\u0101rtot malku uzreiz p\u0113c izpako\u0161anas. Izbaudiet unik\u0101la dizaina un vieglas kop\u0161anas apvienojumu ar uzglab\u0101\u0161anas risin\u0101jumu, kas patiesi uzlabos j\u016bsu m\u0101jas interjeru.<\/p>","protected":false},"excerpt":{"rendered":"<p>Dekorat\u012bvajam malkas tur\u0113t\u0101jam \u201eKleisti\u201c piem\u012bt unik\u0101ls, moderns dizains ar izteiksm\u012bg\u0101m l\u012bnij\u0101m s\u0101nos; tas ir izgatavots no iztur\u012bga, pulverkr\u0101sot\u0101 t\u0113rauda ar izm\u0113riem 2,5 x 2,5 cm. \u0160is neparastais \u0123eometriskais siluets nodro\u0161ina stabilu, saliekamu r\u0101mi, kas ir ide\u0101li piem\u0113rots gan lieto\u0161anai telp\u0101s, gan \u0101rpus t\u0101m. Apvienojot nelielu aiz\u0146emamo plat\u012bbu ar pla\u0161u uzglab\u0101\u0161anas tilpumu, \u201eKleisti\u201c pied\u0101v\u0101 pret r\u016bs\u0113\u0161anu iztur\u012bgu un stil\u012bgu risin\u0101jumu, lai j\u016bsu malka b\u016btu sak\u0101rtota, sausa un gatava lieto\u0161anai jebkur\u0101 m\u016bsdien\u012bg\u0101 vid\u0113.<\/p>","protected":false},"featured_media":5135,"template":"","meta":{"jetpack_publicize_message":"","jetpack_publicize_feature_enabled":true,"jetpack_social_post_already_shared":true,"jetpack_social_options":{"image_generator_settings":{"template":"highway","default_image_id":0,"font":"","enabled":false},"version":2}},"product_brand":[578],"product_cat":[112],"product_tag":[],"class_list":{"0":"post-5104","1":"product","2":"type-product","3":"status-publish","4":"has-post-thumbnail","6":"product_brand-ferligs","7":"product_cat-firewood","8":"product_shipping_class-racks","10":"first","11":"instock","12":"sale","13":"taxable","14":"shipping-taxable","15":"purchasable","16":"product-type-variable","17":"has-default-attributes"},"featured_image_urls_v2":{"full":["https:\/\/ferligs.com\/wp-content\/uploads\/2026\/03\/RACK3_1.webp",800,1000,false],"thumbnail":["https:\/\/ferligs.com\/wp-content\/uploads\/2026\/03\/RACK3_1-150x150.webp",150,150,true],"medium":["https:\/\/ferligs.com\/wp-content\/uploads\/2026\/03\/RACK3_1-240x300.webp",240,300,true],"medium_large":["https:\/\/ferligs.com\/wp-content\/uploads\/2026\/03\/RACK3_1-768x960.webp",768,960,true],"large":["https:\/\/ferligs.com\/wp-content\/uploads\/2026\/03\/RACK3_1.webp",800,1000,false],"1536x1536":["https:\/\/ferligs.com\/wp-content\/uploads\/2026\/03\/RACK3_1.webp",800,1000,false],"2048x2048":["https:\/\/ferligs.com\/wp-content\/uploads\/2026\/03\/RACK3_1.webp",800,1000,false],"trp-custom-language-flag":["https:\/\/ferligs.com\/wp-content\/uploads\/2026\/03\/RACK3_1-10x12.webp",10,12,true],"woocommerce_archive_thumbnail":["https:\/\/ferligs.com\/wp-content\/uploads\/2026\/03\/RACK3_1-300x375.webp",300,375,true],"woocommerce_thumbnail":["https:\/\/ferligs.com\/wp-content\/uploads\/2026\/03\/RACK3_1-300x375.webp",300,375,true],"woocommerce_single":["https:\/\/ferligs.com\/wp-content\/uploads\/2026\/03\/RACK3_1-600x750.webp",600,750,true],"woocommerce_gallery_thumbnail":["https:\/\/ferligs.com\/wp-content\/uploads\/2026\/03\/RACK3_1-100x100.webp",100,100,true]},"post_excerpt_stackable_v2":"<p>The Kleisti decorative firewood rack features a unique, modern design with striking lines on the sides, crafted from durable 2.5 x 2.5 cm powder-coated steel. This unusual geometric silhouette provides a stable, collapsible frame that is perfect for both indoor and outdoor use. Combining a small footprint with ample storage capacity, the Kleisti offers a rust-resistant and stylish solution for keeping your firewood organized, dry, and ready for use in any contemporary setting.<\/p>\n","category_list_v2":"","author_info_v2":{"name":"","url":""},"comments_num_v2":"0 comments","jetpack_publicize_connections":[],"jetpack_sharing_enabled":true,"_links":{"self":[{"href":"https:\/\/ferligs.com\/lv\/wp-json\/wp\/v2\/product\/5104","targetHints":{"allow":["GET"]}}],"collection":[{"href":"https:\/\/ferligs.com\/lv\/wp-json\/wp\/v2\/product"}],"about":[{"href":"https:\/\/ferligs.com\/lv\/wp-json\/wp\/v2\/types\/product"}],"wp:featuredmedia":[{"embeddable":true,"href":"https:\/\/ferligs.com\/lv\/wp-json\/wp\/v2\/media\/5135"}],"wp:attachment":[{"href":"https:\/\/ferligs.com\/lv\/wp-json\/wp\/v2\/media?parent=5104"}],"wp:term":[{"taxonomy":"product_brand","embeddable":true,"href":"https:\/\/ferligs.com\/lv\/wp-json\/wp\/v2\/product_brand?post=5104"},{"taxonomy":"product_cat","embeddable":true,"href":"https:\/\/ferligs.com\/lv\/wp-json\/wp\/v2\/product_cat?post=5104"},{"taxonomy":"product_tag","embeddable":true,"href":"https:\/\/ferligs.com\/lv\/wp-json\/wp\/v2\/product_tag?post=5104"}],"curies":[{"name":"wp","href":"https:\/\/api.w.org\/{rel}","templated":true}]}}