{"id":4780,"date":"2026-03-01T11:41:45","date_gmt":"2026-03-01T09:41:45","guid":{"rendered":"https:\/\/ferligs.com\/?post_type=product&#038;p=4780"},"modified":"2026-03-03T09:08:04","modified_gmt":"2026-03-03T07:08:04","slug":"kekava-towel-rack","status":"publish","type":"product","link":"https:\/\/ferligs.com\/lv\/product\/kekava-towel-rack\/","title":{"rendered":"KEKAVA \u2013 pie sienas piestiprin\u0101ms dvie\u013cu tur\u0113t\u0101js"},"content":{"rendered":"<p>Kekava pie sienas piestiprin\u0101mais dvie\u013cu tur\u0113t\u0101js iemieso m\u016bsdienu minim\u0101lisma dizaina b\u016bt\u012bbu. \u0160is modelis, kam rakstur\u012bgs gluds, aerodinamiskais profils, ir \u012bpa\u0161i izstr\u0101d\u0101ts, lai papildin\u0101tu jebkuru m\u016bsdien\u012bgu interjeru \u2014 s\u0101kot no augst\u0101k\u0101s klases viesn\u012bc\u0101m l\u012bdz stil\u012bg\u0101m m\u0101jas vannas istab\u0101m. T\u0101 izsmalcin\u0101tais industri\u0101lais izskats ir kas vair\u0101k nek\u0101 vienk\u0101r\u0161i uzglab\u0101\u0161anas risin\u0101jums; tas ir izsmalcin\u0101ts dekora elements, kas uzlabo j\u016bsu sienu vizu\u0101lo pievilc\u012bbu, vienlaikus radot t\u012bru, sak\u0101rtotu un atv\u0113rtu atmosf\u0113ru, kas izstaro gan ekskluzivit\u0101ti, gan m\u0101j\u012bgumu.<\/p>\n<p>Kekava modelis ir izgatavots no augst\u0101k\u0101s kvalit\u0101tes t\u0113rauda, un tas ir rad\u012bts, lai nodro\u0161in\u0101tu izcilu iztur\u012bbu un ilgsto\u0161u darb\u012bbu. Augstas kvalit\u0101tes met\u0101la konstrukcija garant\u0113, ka tur\u0113t\u0101js paliek stabils un uzticams pat vannas istabas augst\u0101 mitruma apst\u0101k\u013cos. Katrs metin\u0101jums un apdare ir veikta ar precizit\u0101ti, k\u0101 rezult\u0101t\u0101 ir ieg\u016bts iztur\u012bgs izstr\u0101d\u0101jums, kas ir notur\u012bgs pret nodilumu. T\u0101 ir uzticama izv\u0113le akt\u012bv\u0101m m\u0101jsaimniec\u012bb\u0101m vai komerci\u0101l\u0101m telp\u0101m, kur iztur\u012bbai un stilam ir j\u0101iet roku rok\u0101 gadiem ilgi.<\/p>\n<p>Ar saviem pla\u0161ajiem izm\u0113riem (80 x 30 x 14 cm) \u0161is pie sienas piestiprin\u0101mais dvie\u013cu tur\u0113t\u0101js pied\u0101v\u0101 pietiekami daudz vietas vair\u0101kiem lieliem vannas dvie\u013ciem, roku dvie\u013ciem vai pat dekorat\u012bviem tekstilizstr\u0101d\u0101jumiem. T\u0101 pla\u0161ais dizains padara to \u012bpa\u0161i piem\u0113rotu liel\u0101k\u0101m \u0123imen\u0113m vai galvenaj\u0101m gu\u013camistab\u0101m, kur nepiecie\u0161ama papildu uzglab\u0101\u0161anas vieta. P\u0101rvietojot dvie\u013cus no gr\u012bdas uz \u0161o stil\u012bgo tur\u0113t\u0101ju, j\u016bs efekt\u012bvi palielin\u0101t vannas istabas plat\u012bbu, radot daudz funkcion\u0101l\u0101ku, sak\u0101rtot\u0101ku un gais\u012bg\u0101ku vidi.<\/p>\n<p>Izbaudiet r\u016bpju br\u012bvu lieto\u0161anu, pateicoties Kekava plauktu viegli t\u012br\u0101majai virsmai un vienk\u0101r\u0161ajai uzst\u0101d\u012b\u0161anai. M\u0113s pied\u0101v\u0101jam produktu, kura uztur\u0113\u0161ana ir tikpat vienk\u0101r\u0161a k\u0101 uzst\u0101d\u012b\u0161ana \u2013 lai tas izskat\u012btos nevainojami, pietiek ar \u0101tru noslauk\u0161anu. Turkl\u0101t m\u0113s pied\u0101v\u0101jam pla\u0161as piel\u0101go\u0161anas iesp\u0113jas, tostarp specializ\u0113tus apdares risin\u0101jumus un individu\u0101lus izm\u0113rus, lai nodro\u0161in\u0101tu, ka j\u016bsu plaukts ide\u0101li atbilst j\u016bsu konkr\u0113taj\u0101m arhitekt\u016bras vajadz\u012bb\u0101m. P\u0101rveidojiet savu telpu ar personaliz\u0113tu uzglab\u0101\u0161anas risin\u0101jumu, kas atspogu\u013co j\u016bsu unik\u0101lo gaumi.<\/p>","protected":false},"excerpt":{"rendered":"<p>Kekava pie sienas piestiprin\u0101mais dvie\u013cu tur\u0113t\u0101js ir ide\u0101ls m\u016bsdienu minim\u0101lisma un praktiskas uzglab\u0101\u0161anas apvienojums. \u0160is elegants t\u0113rauda tur\u0113t\u0101js, kura garums ir iespaid\u012bgie 80 cm, ir paredz\u0113ts vair\u0101ku dvie\u013cu novieto\u0161anai, vienlaikus saglab\u0101jot gludu un gais\u012bgu siluetu. T\u0101 iztur\u012bg\u0101 met\u0101la konstrukcija un t\u012br\u0101s industri\u0101l\u0101s l\u012bnijas padara to par neaizst\u0101jamu akcentu jebkur\u0101 m\u016bsdien\u012bg\u0101 vannas istab\u0101, pied\u0101v\u0101jot izsmalcin\u0101tu veidu, k\u0101 uztur\u0113t telpu sak\u0101rtotu, sausu un piln\u012bgi br\u012bvu no liek\u0101m mant\u0101m.<\/p>","protected":false},"featured_media":4893,"template":"","meta":{"jetpack_publicize_message":"","jetpack_publicize_feature_enabled":true,"jetpack_social_post_already_shared":true,"jetpack_social_options":{"image_generator_settings":{"template":"highway","default_image_id":0,"font":"","enabled":false},"version":2}},"product_brand":[578],"product_cat":[669],"product_tag":[],"class_list":{"0":"post-4780","1":"product","2":"type-product","3":"status-publish","4":"has-post-thumbnail","6":"product_brand-ferligs","7":"product_cat-towel-racks","8":"product_shipping_class-racks","10":"first","11":"instock","12":"taxable","13":"shipping-taxable","14":"purchasable","15":"product-type-variable","16":"has-default-attributes"},"featured_image_urls_v2":{"full":["https:\/\/ferligs.com\/wp-content\/uploads\/2026\/03\/IMG_3132.webp",1265,948,false],"thumbnail":["https:\/\/ferligs.com\/wp-content\/uploads\/2026\/03\/IMG_3132-150x150.webp",150,150,true],"medium":["https:\/\/ferligs.com\/wp-content\/uploads\/2026\/03\/IMG_3132-300x225.webp",300,225,true],"medium_large":["https:\/\/ferligs.com\/wp-content\/uploads\/2026\/03\/IMG_3132-768x576.webp",768,576,true],"large":["https:\/\/ferligs.com\/wp-content\/uploads\/2026\/03\/IMG_3132-1024x767.webp",1024,767,true],"1536x1536":["https:\/\/ferligs.com\/wp-content\/uploads\/2026\/03\/IMG_3132.webp",1265,948,false],"2048x2048":["https:\/\/ferligs.com\/wp-content\/uploads\/2026\/03\/IMG_3132.webp",1265,948,false],"trp-custom-language-flag":["https:\/\/ferligs.com\/wp-content\/uploads\/2026\/03\/IMG_3132-16x12.webp",16,12,true],"woocommerce_archive_thumbnail":["https:\/\/ferligs.com\/wp-content\/uploads\/2026\/03\/IMG_3132-300x225.webp",300,225,true],"woocommerce_thumbnail":["https:\/\/ferligs.com\/wp-content\/uploads\/2026\/03\/IMG_3132-300x225.webp",300,225,true],"woocommerce_single":["https:\/\/ferligs.com\/wp-content\/uploads\/2026\/03\/IMG_3132-600x450.webp",600,450,true],"woocommerce_gallery_thumbnail":["https:\/\/ferligs.com\/wp-content\/uploads\/2026\/03\/IMG_3132-100x100.webp",100,100,true]},"post_excerpt_stackable_v2":"<p>The Kekava wall mounted towel rack is the ultimate blend of modern minimalism and practical storage. Measuring an impressive 80cm, this sleek steel holder is designed to accommodate multiple towels while maintaining a streamlined, airy silhouette. Its durable metal construction and clean industrial lines make it an essential centerpiece for any contemporary bathroom, offering a sophisticated way to keep your space organized, dry, and completely clutter-free.<\/p>\n","category_list_v2":"","author_info_v2":{"name":"","url":""},"comments_num_v2":"0 comments","jetpack_publicize_connections":[],"jetpack_sharing_enabled":true,"_links":{"self":[{"href":"https:\/\/ferligs.com\/lv\/wp-json\/wp\/v2\/product\/4780","targetHints":{"allow":["GET"]}}],"collection":[{"href":"https:\/\/ferligs.com\/lv\/wp-json\/wp\/v2\/product"}],"about":[{"href":"https:\/\/ferligs.com\/lv\/wp-json\/wp\/v2\/types\/product"}],"wp:featuredmedia":[{"embeddable":true,"href":"https:\/\/ferligs.com\/lv\/wp-json\/wp\/v2\/media\/4893"}],"wp:attachment":[{"href":"https:\/\/ferligs.com\/lv\/wp-json\/wp\/v2\/media?parent=4780"}],"wp:term":[{"taxonomy":"product_brand","embeddable":true,"href":"https:\/\/ferligs.com\/lv\/wp-json\/wp\/v2\/product_brand?post=4780"},{"taxonomy":"product_cat","embeddable":true,"href":"https:\/\/ferligs.com\/lv\/wp-json\/wp\/v2\/product_cat?post=4780"},{"taxonomy":"product_tag","embeddable":true,"href":"https:\/\/ferligs.com\/lv\/wp-json\/wp\/v2\/product_tag?post=4780"}],"curies":[{"name":"wp","href":"https:\/\/api.w.org\/{rel}","templated":true}]}}