{"id":4692,"date":"2026-03-01T11:32:01","date_gmt":"2026-03-01T09:32:01","guid":{"rendered":"https:\/\/ferligs.com\/?post_type=product&#038;p=4692"},"modified":"2026-03-03T09:08:05","modified_gmt":"2026-03-03T07:08:05","slug":"daugmale-towel-rack","status":"publish","type":"product","link":"https:\/\/ferligs.com\/lv\/product\/daugmale-towel-rack\/","title":{"rendered":"DAUGMALE \u2013 pie sienas piestiprin\u0101ms dvie\u013cu tur\u0113t\u0101js"},"content":{"rendered":"<p>Uzlabojiet savu interjeru ar vertik\u0101lo pie sienas piestiprin\u0101mo dvie\u013cu tur\u0113t\u0101ju \u201eDaugmale\u201c \u2013 ide\u0101lu industri\u0101l\u0101s iztur\u012bbas un minim\u0101lisma elegances apvienojumu. \u0160is elegants tur\u0113t\u0101js ir paredz\u0113ts ne tikai dvie\u013cu uzglab\u0101\u0161anai; tas kalpo k\u0101 izsmalcin\u0101ts akcents, kas lieliski papildina modernu, zieme\u013cniecisku vai loft stila interjeru. T\u0101 t\u012br\u0101s l\u012bnijas un telpu taup\u012bjo\u0161ais profils pal\u012bdz uztur\u0113t k\u0101rt\u012bbu telp\u0101, padarot to par neaizst\u0101jamu papildin\u0101jumu tiem, kas ikdien\u0101 nov\u0113rt\u0113 gan formu, gan augst\u0101k\u0101s klases funkcionalit\u0101ti.<\/p>\n<p>Daugmale s\u0113rij\u0101 iztur\u012bba apvienojas ar daudzpus\u012bbu. Katrs pie sienas piestiprin\u0101mais dvie\u013cu tur\u0113t\u0101js ir meistar\u012bgi izgatavots no augst\u0101k\u0101s kvalit\u0101tes t\u0113rauda, nodro\u0161inot iztur\u012bgu konstrukciju, kas iztur\u0113s laika p\u0101rbaudi. Lai apmierin\u0101tu j\u016bsu konkr\u0113t\u0101s uzglab\u0101\u0161anas vajadz\u012bbas, m\u0113s pied\u0101v\u0101jam tr\u012bs da\u017e\u0101dus izm\u0113rus: mazs (30x20x14 cm), vid\u0113js (50x20x14 cm) un liels (70x20x14 cm). \u0160\u012bs vari\u0101cijas \u013cauj jums izv\u0113l\u0113ties ide\u0101lo ietilp\u012bbu visam \u2013 s\u0101kot no kompaktiem roku dvie\u013ciem l\u012bdz lieliem, p\u016bkainiem vannas dvie\u013ciem, nodro\u0161inot individu\u0101li piel\u0101gotu risin\u0101jumu katrai m\u0101jsaimniec\u012bbai.<\/p>\n<p>M\u0113s ticam produktiem, kas atvieglo dz\u012bvi. Daugmale pie sienas piestiprin\u0101mais dvie\u013cu tur\u0113t\u0101js izce\u013cas ar gludu, augstas kvalit\u0101tes apdari, kas ir neticami viegli t\u012br\u0101ma un kopjama, saglab\u0101jot nevainojamu izskatu pat mitr\u0101 vannas istabas vid\u0113. Uzst\u0101d\u012b\u0161ana ir vienk\u0101r\u0161a, nodro\u0161inot \u0101tru un dro\u0161u mont\u0101\u017eu. Turkl\u0101t m\u0113s pied\u0101v\u0101jam piel\u0101go\u0161anas iesp\u0113jas, lai izv\u0113l\u0113tos konkr\u0113tu apdari vai pas\u016bt\u012btu individu\u0101lus izm\u0113rus, t\u0101d\u0113j\u0101di nodro\u0161inot, ka j\u016bsu jaunais tur\u0113t\u0101js ide\u0101li atbilst j\u016bsu unik\u0101lajai v\u012bzijai un arhitekt\u016bras pras\u012bb\u0101m.<\/p>","protected":false},"excerpt":{"rendered":"<p>Daugmale pie sienas piestiprin\u0101mais dvie\u013cu tur\u0113t\u0101js ir elegants, minim\u0101lisma stil\u0101 veidots risin\u0101jums, kas rad\u012bts, lai jebkur\u0101 vannas istab\u0101 ieviestu k\u0101rt\u012bbu un m\u016bsdien\u012bgu stilu. \u0160is iztur\u012bgais tur\u0113t\u0101js, kas izgatavots no augstas kvalit\u0101tes t\u0113rauda, ir pieejams tr\u012bs univers\u0101los izm\u0113ros, lai ide\u0101li ieder\u0113tos j\u016bsu telp\u0101. Neatkar\u012bgi no t\u0101, vai v\u0113laties sak\u0101rtot nelielu tualetes telpu vai organiz\u0113t noslogotu \u0123imenes vannas istabu, t\u0101 iztur\u012bg\u0101 konstrukcija un industri\u0101l\u0101 est\u0113tika padara to par funkcion\u0101lu akcentu jebkur\u0101 m\u016bsdien\u012bg\u0101 m\u0101jokl\u012b.<\/p>","protected":false},"featured_media":4771,"template":"","meta":{"jetpack_publicize_message":"","jetpack_publicize_feature_enabled":true,"jetpack_social_post_already_shared":true,"jetpack_social_options":{"image_generator_settings":{"template":"highway","default_image_id":0,"font":"","enabled":false},"version":2}},"product_brand":[578],"product_cat":[669],"product_tag":[],"class_list":{"0":"post-4692","1":"product","2":"type-product","3":"status-publish","4":"has-post-thumbnail","6":"product_brand-ferligs","7":"product_cat-towel-racks","8":"product_shipping_class-racks","10":"first","11":"instock","12":"taxable","13":"shipping-taxable","14":"purchasable","15":"product-type-variable","16":"has-default-attributes"},"featured_image_urls_v2":{"full":["https:\/\/ferligs.com\/wp-content\/uploads\/2026\/03\/IMG_3101-scaled.webp",2560,1920,false],"thumbnail":["https:\/\/ferligs.com\/wp-content\/uploads\/2026\/03\/IMG_3101-150x150.webp",150,150,true],"medium":["https:\/\/ferligs.com\/wp-content\/uploads\/2026\/03\/IMG_3101-300x225.webp",300,225,true],"medium_large":["https:\/\/ferligs.com\/wp-content\/uploads\/2026\/03\/IMG_3101-768x576.webp",768,576,true],"large":["https:\/\/ferligs.com\/wp-content\/uploads\/2026\/03\/IMG_3101-1024x768.webp",1024,768,true],"1536x1536":["https:\/\/ferligs.com\/wp-content\/uploads\/2026\/03\/IMG_3101-1536x1152.webp",1536,1152,true],"2048x2048":["https:\/\/ferligs.com\/wp-content\/uploads\/2026\/03\/IMG_3101-2048x1536.webp",2048,1536,true],"trp-custom-language-flag":["https:\/\/ferligs.com\/wp-content\/uploads\/2026\/03\/IMG_3101-16x12.webp",16,12,true],"woocommerce_archive_thumbnail":["https:\/\/ferligs.com\/wp-content\/uploads\/2026\/03\/IMG_3101-300x225.webp",300,225,true],"woocommerce_thumbnail":["https:\/\/ferligs.com\/wp-content\/uploads\/2026\/03\/IMG_3101-300x225.webp",300,225,true],"woocommerce_single":["https:\/\/ferligs.com\/wp-content\/uploads\/2026\/03\/IMG_3101-600x450.webp",600,450,true],"woocommerce_gallery_thumbnail":["https:\/\/ferligs.com\/wp-content\/uploads\/2026\/03\/IMG_3101-100x100.webp",100,100,true]},"post_excerpt_stackable_v2":"<p>The Daugmale wall mounted towel rack is a sleek, minimalist solution designed to bring order and contemporary style to any bathroom. Crafted from high-quality steel, this durable organizer is available in three versatile sizes to perfectly fit your space. Whether you are looking to declutter a small powder room or organize a busy family bathroom, its sturdy construction and industrial aesthetic make it a functional statement piece for any modern home.<\/p>\n","category_list_v2":"","author_info_v2":{"name":"","url":""},"comments_num_v2":"0 comments","jetpack_publicize_connections":[],"jetpack_sharing_enabled":true,"_links":{"self":[{"href":"https:\/\/ferligs.com\/lv\/wp-json\/wp\/v2\/product\/4692","targetHints":{"allow":["GET"]}}],"collection":[{"href":"https:\/\/ferligs.com\/lv\/wp-json\/wp\/v2\/product"}],"about":[{"href":"https:\/\/ferligs.com\/lv\/wp-json\/wp\/v2\/types\/product"}],"wp:featuredmedia":[{"embeddable":true,"href":"https:\/\/ferligs.com\/lv\/wp-json\/wp\/v2\/media\/4771"}],"wp:attachment":[{"href":"https:\/\/ferligs.com\/lv\/wp-json\/wp\/v2\/media?parent=4692"}],"wp:term":[{"taxonomy":"product_brand","embeddable":true,"href":"https:\/\/ferligs.com\/lv\/wp-json\/wp\/v2\/product_brand?post=4692"},{"taxonomy":"product_cat","embeddable":true,"href":"https:\/\/ferligs.com\/lv\/wp-json\/wp\/v2\/product_cat?post=4692"},{"taxonomy":"product_tag","embeddable":true,"href":"https:\/\/ferligs.com\/lv\/wp-json\/wp\/v2\/product_tag?post=4692"}],"curies":[{"name":"wp","href":"https:\/\/api.w.org\/{rel}","templated":true}]}}