{"id":4591,"date":"2026-02-25T17:20:56","date_gmt":"2026-02-25T15:20:56","guid":{"rendered":"https:\/\/ferligs.com\/?post_type=product&#038;p=4591"},"modified":"2026-03-03T09:09:30","modified_gmt":"2026-03-03T07:09:30","slug":"pokainu-firewood-rack","status":"publish","type":"product","link":"https:\/\/ferligs.com\/lv\/product\/pokainu-firewood-rack\/","title":{"rendered":"POKAINU \u2013 Malka plaukts ar 2 plauktiem"},"content":{"rendered":"<p>Pokainu malkas tur\u0113t\u0101js apvieno izcilu praktiskumu ar m\u016bsdien\u012bgu dizainu, t\u0101d\u0113j\u0101di k\u013c\u016bstot par izcilu papildin\u0101jumu jebkurai m\u0101jai, terasei vai d\u0101rzam. T\u0101 kompaktais izm\u0113rs \u013cauj to viegli ievietot maz\u0101k\u0101s telpas st\u016bros, savuk\u0101rt p\u0101rdom\u0101ti izstr\u0101d\u0101t\u0101 konstrukcija sp\u0113j uz\u0146emt iev\u0113rojamu malkas daudzumu. Glud\u0101s, minim\u0101listisk\u0101s l\u012bnijas uzlabo gan iek\u0161telpu, gan \u0101ra vidi, pie\u0161\u0137irot modernu dekorat\u012bvu akcentu, kas lieliski sader ar m\u0113bel\u0113m, interjeru un \u0101ra atp\u016btas zon\u0101m.<\/p>\n<p>Stends ir izgatavots no 2,5\u00d72,5 cm kvadr\u0101tveida t\u0113rauda caurul\u0113m un p\u0101rkl\u0101ts ar iztur\u012bgu pulverkr\u0101su, t\u0101d\u0113\u013c tas ir \u013coti iztur\u012bgs pret r\u016bs\u0113\u0161anu, koroziju un ikdienas nodilumu. T\u0101 cietais, stabilais r\u0101mis nodro\u0161ina, ka malkas pagales paliek gl\u012bti sakrautas un dro\u0161i nostiprin\u0101tas, savuk\u0101rt divas ieb\u016bv\u0113t\u0101s plauktas pied\u0101v\u0101 daudzpus\u012bgu papildu vietu malkas sagatavo\u0161anai, uguns r\u012bkiem vai dekorat\u012bviem priek\u0161metiem, piem\u0113ram, latern\u0101m, augiem vai rot\u0101jumiem. \u0160\u012b papildu funkcionalit\u0101te padara to ne tikai praktisku, bet ar\u012b par stil\u012bgu akcentu jebkur\u0101 vid\u0113.<\/p>\n<p>Pokainu plaukts, kura augstums ir 90 vai 120 cm, platums \u2013 50 cm un dzi\u013cums \u2013 25 cm, tiek pieg\u0101d\u0101ts gatavs lieto\u0161anai, t\u0101d\u0113j\u0101di uzst\u0101d\u012b\u0161ana ir vienk\u0101r\u0161a un bez probl\u0113m\u0101m. Tas nodro\u0161ina, ka malka atrodas virs zemes, ir sak\u0101rtota un vizu\u0101li pievilc\u012bga, radot k\u0101rt\u012bgu un funkcion\u0101lu telpu. Apvienojot iztur\u012bbu, m\u016bsdien\u012bgu est\u0113tiku un daudzpus\u012bgu dizainu, Pokainu plaukts ir ide\u0101la izv\u0113le tiem, kas nov\u0113rt\u0113 gan skaistumu, gan funkcionalit\u0101ti, nodro\u0161inot uzticamu risin\u0101jumu malkas uzglab\u0101\u0161anai un vienlaikus uzlabojot jebkuras iek\u0161telpu vai \u0101ra vides kop\u0113jo izskatu.<\/p>","protected":false},"excerpt":{"rendered":"<p>Pokainu malkas tur\u0113t\u0101jam ir moderns, minim\u0101lisma stil\u0101 veidots dizains un kompakta konstrukcija, t\u0101p\u0113c tas ir ide\u0101li piem\u0113rots gan iek\u0161telp\u0101m, gan \u0101ra teritorij\u0101m. Tas ir izgatavots no 2,5\u00d72,5 cm kvadr\u0101tveida t\u0113rauda caurul\u0113m ar iztur\u012bgu pulverkr\u0101sas p\u0101rkl\u0101jumu, kas nodro\u0161ina iztur\u012bbu pret r\u016bs\u0113\u0161anu, koroziju un ikdienas nodilumu. Stiprais r\u0101mis nodro\u0161ina malku dro\u0161u sakrau\u0161anu, savuk\u0101rt divas ieb\u016bv\u0113t\u0101s plauktas pied\u0101v\u0101 papildu vietu malkas s\u0101kumiem, uguns r\u012bkiem vai dekorat\u012bviem priek\u0161metiem. Pokainu plaukts ir pieejams 90 cm vai 120 cm augstum\u0101, 50 cm platum\u0101 un 25 cm dzi\u013cum\u0101. Tas ir gatavs lieto\u0161anai, lai j\u016bsu malkas b\u016btu sak\u0101rtotas, paceltas no gr\u012bdas un vizu\u0101li pievilc\u012bgas.<\/p>","protected":false},"featured_media":5006,"template":"","meta":{"jetpack_publicize_message":"","jetpack_publicize_feature_enabled":true,"jetpack_social_post_already_shared":true,"jetpack_social_options":{"image_generator_settings":{"template":"highway","default_image_id":0,"font":"","enabled":false},"version":2}},"product_brand":[578],"product_cat":[112],"product_tag":[],"class_list":{"0":"post-4591","1":"product","2":"type-product","3":"status-publish","4":"has-post-thumbnail","6":"product_brand-ferligs","7":"product_cat-firewood","8":"product_shipping_class-racks","10":"first","11":"instock","12":"sale","13":"taxable","14":"shipping-taxable","15":"purchasable","16":"product-type-variable","17":"has-default-attributes"},"featured_image_urls_v2":{"full":["https:\/\/ferligs.com\/wp-content\/uploads\/2026\/02\/IMG_3042.webp",2285,1714,false],"thumbnail":["https:\/\/ferligs.com\/wp-content\/uploads\/2026\/02\/IMG_3042-150x150.webp",150,150,true],"medium":["https:\/\/ferligs.com\/wp-content\/uploads\/2026\/02\/IMG_3042-300x225.webp",300,225,true],"medium_large":["https:\/\/ferligs.com\/wp-content\/uploads\/2026\/02\/IMG_3042-768x576.webp",768,576,true],"large":["https:\/\/ferligs.com\/wp-content\/uploads\/2026\/02\/IMG_3042-1024x768.webp",1024,768,true],"1536x1536":["https:\/\/ferligs.com\/wp-content\/uploads\/2026\/02\/IMG_3042-1536x1152.webp",1536,1152,true],"2048x2048":["https:\/\/ferligs.com\/wp-content\/uploads\/2026\/02\/IMG_3042-2048x1536.webp",2048,1536,true],"trp-custom-language-flag":["https:\/\/ferligs.com\/wp-content\/uploads\/2026\/02\/IMG_3042-16x12.webp",16,12,true],"woocommerce_archive_thumbnail":["https:\/\/ferligs.com\/wp-content\/uploads\/2026\/02\/IMG_3042-300x225.webp",300,225,true],"woocommerce_thumbnail":["https:\/\/ferligs.com\/wp-content\/uploads\/2026\/02\/IMG_3042-300x225.webp",300,225,true],"woocommerce_single":["https:\/\/ferligs.com\/wp-content\/uploads\/2026\/02\/IMG_3042-600x450.webp",600,450,true],"woocommerce_gallery_thumbnail":["https:\/\/ferligs.com\/wp-content\/uploads\/2026\/02\/IMG_3042-100x100.webp",100,100,true]},"post_excerpt_stackable_v2":"<p>The Pokainu firewood rack features a modern, minimalist design with a compact footprint, making it perfect for both indoor and outdoor spaces. Made from 2.5\u00d72.5\u202fcm steel square tubing with a durable powder-coated finish, it resists rust, corrosion, and daily wear. Its sturdy frame keeps logs securely stacked, while the two integrated shelves provide extra space for kindling, fire tools, or decorative items. Available in 90\u202fcm or 120\u202fcm height, 50\u202fcm width, and 25\u202fcm depth, the Pokainu rack is ready to use, keeping your firewood organized, elevated off the floor, and visually appealing.<\/p>\n","category_list_v2":"","author_info_v2":{"name":"","url":""},"comments_num_v2":"0 comments","jetpack_publicize_connections":[],"jetpack_sharing_enabled":true,"_links":{"self":[{"href":"https:\/\/ferligs.com\/lv\/wp-json\/wp\/v2\/product\/4591","targetHints":{"allow":["GET"]}}],"collection":[{"href":"https:\/\/ferligs.com\/lv\/wp-json\/wp\/v2\/product"}],"about":[{"href":"https:\/\/ferligs.com\/lv\/wp-json\/wp\/v2\/types\/product"}],"wp:featuredmedia":[{"embeddable":true,"href":"https:\/\/ferligs.com\/lv\/wp-json\/wp\/v2\/media\/5006"}],"wp:attachment":[{"href":"https:\/\/ferligs.com\/lv\/wp-json\/wp\/v2\/media?parent=4591"}],"wp:term":[{"taxonomy":"product_brand","embeddable":true,"href":"https:\/\/ferligs.com\/lv\/wp-json\/wp\/v2\/product_brand?post=4591"},{"taxonomy":"product_cat","embeddable":true,"href":"https:\/\/ferligs.com\/lv\/wp-json\/wp\/v2\/product_cat?post=4591"},{"taxonomy":"product_tag","embeddable":true,"href":"https:\/\/ferligs.com\/lv\/wp-json\/wp\/v2\/product_tag?post=4591"}],"curies":[{"name":"wp","href":"https:\/\/api.w.org\/{rel}","templated":true}]}}