{"id":4554,"date":"2026-02-25T15:52:17","date_gmt":"2026-02-25T13:52:17","guid":{"rendered":"https:\/\/ferligs.com\/?post_type=product&#038;p=4554"},"modified":"2026-03-03T09:09:31","modified_gmt":"2026-03-03T07:09:31","slug":"rumbula-firewood-rack-with-shelf","status":"publish","type":"product","link":"https:\/\/ferligs.com\/lv\/product\/rumbula-firewood-rack-with-shelf\/","title":{"rendered":"RUMBULA \u2013 Malka tur\u0113t\u0101js"},"content":{"rendered":"<p>Malkas tur\u0113t\u0101js \u201eRUMBULA\u201c apvieno funkcionalit\u0101ti un m\u016bsdien\u012bgu dizainu, t\u0101d\u0113j\u0101di k\u013c\u016bstot par ide\u0101lu papildin\u0101jumu jebkurai dz\u012bvojamai telpai. T\u0101 kompaktais izm\u0113rs \u013cauj to novietot nelielos st\u016bros, vienlaikus nodro\u0161inot pietiekamu malkas daudzumu praktiskai lieto\u0161anai. Glud\u0101s l\u012bnijas un minim\u0101listiskais stils papildina gan iek\u0161telpu, gan \u0101ra vidi, pie\u0161\u0137irot dekorat\u012bvu akcentu, kas nevainojami saska\u0146ojas ar m\u0113bel\u0113m un apk\u0101rt\u0113jo vidi.<\/p>\n<p>\u0160is plaukts ir izgatavots no 2,5\u00d72,5 cm kvadr\u0101tveida t\u0113rauda caurul\u0113m un p\u0101rkl\u0101ts ar iztur\u012bgu pulverkr\u0101su, t\u0101d\u0113\u013c tas ir \u013coti iztur\u012bgs pret koroziju, r\u016bs\u0113\u0161anu un ikdienas nodilumu. T\u0101 stabil\u0101 konstrukcija nodro\u0161ina, ka malka paliek gl\u012bti sakrauta, savuk\u0101rt ieb\u016bv\u0113tais plaukts pied\u0101v\u0101 papildu vietu malkas s\u0101kumiem, darbar\u012bkiem vai dekorat\u012bviem priek\u0161metiem. Iztur\u012bg\u0101 konstrukcija garant\u0113 ilgsto\u0161u lieto\u0161anu gan telp\u0101s, gan \u0101rpus t\u0101m.<\/p>\n<p>RUMBULA plaukts, kura augstums ir 90 vai 120 cm, platums \u2013 50 cm un dzi\u013cums \u2013 25 cm, ir gatavs lieto\u0161anai jau p\u0113c iz\u0146em\u0161anas no iepakojuma. Tas nodro\u0161ina malkas k\u0101rt\u012bbu, ne\u013cauj tai atrasties uz gr\u012bdas un izskat\u0101s pievilc\u012bgi, t\u0101d\u0113j\u0101di k\u013c\u016bstot par praktisku, bet vienlaikus stil\u012bgu risin\u0101jumu m\u0101j\u0101m, teras\u0113m vai d\u0101rza zon\u0101m. Apvienojot iztur\u012bbu, modernu est\u0113tiku un daudzpus\u012bbu, tas ir ide\u0101ls risin\u0101jums tiem, kam svar\u012bga ir gan forma, gan funkcionalit\u0101te.<\/p>","protected":false},"excerpt":{"rendered":"<p>Modernais malkas tur\u0113t\u0101js \u201eRumbula\u201c ar plauktu. \u0160is kompaktais, stil\u012bgais un iztur\u012bgais malkas tur\u0113t\u0101js sp\u0113j uzglab\u0101t lielu daudzumu malkas, vienlaikus nodro\u0161inot k\u0101rt\u012bbu telp\u0101. Tas ir izgatavots no pulverkr\u0101sot\u0101 t\u0113rauda un apr\u012bkots ar ieb\u016bv\u0113tu plauktu, t\u0101p\u0113c ir ide\u0101li piem\u0113rots lieto\u0161anai gan telp\u0101s, gan \u0101rpus t\u0101m, un ir gatavs lieto\u0161anai uzreiz.<\/p>","protected":false},"featured_media":4983,"template":"","meta":{"jetpack_publicize_message":"","jetpack_publicize_feature_enabled":true,"jetpack_social_post_already_shared":true,"jetpack_social_options":{"image_generator_settings":{"template":"highway","default_image_id":0,"font":"","enabled":false},"version":2}},"product_brand":[578],"product_cat":[112],"product_tag":[],"class_list":{"0":"post-4554","1":"product","2":"type-product","3":"status-publish","4":"has-post-thumbnail","6":"product_brand-ferligs","7":"product_cat-firewood","8":"product_shipping_class-racks","10":"first","11":"instock","12":"sale","13":"taxable","14":"shipping-taxable","15":"purchasable","16":"product-type-variable","17":"has-default-attributes"},"featured_image_urls_v2":{"full":["https:\/\/ferligs.com\/wp-content\/uploads\/2026\/03\/IMG_2451-scaled.webp",2560,1920,false],"thumbnail":["https:\/\/ferligs.com\/wp-content\/uploads\/2026\/03\/IMG_2451-150x150.webp",150,150,true],"medium":["https:\/\/ferligs.com\/wp-content\/uploads\/2026\/03\/IMG_2451-300x225.webp",300,225,true],"medium_large":["https:\/\/ferligs.com\/wp-content\/uploads\/2026\/03\/IMG_2451-768x576.webp",768,576,true],"large":["https:\/\/ferligs.com\/wp-content\/uploads\/2026\/03\/IMG_2451-1024x768.webp",1024,768,true],"1536x1536":["https:\/\/ferligs.com\/wp-content\/uploads\/2026\/03\/IMG_2451-1536x1152.webp",1536,1152,true],"2048x2048":["https:\/\/ferligs.com\/wp-content\/uploads\/2026\/03\/IMG_2451-2048x1536.webp",2048,1536,true],"trp-custom-language-flag":["https:\/\/ferligs.com\/wp-content\/uploads\/2026\/03\/IMG_2451-16x12.webp",16,12,true],"woocommerce_archive_thumbnail":["https:\/\/ferligs.com\/wp-content\/uploads\/2026\/03\/IMG_2451-300x225.webp",300,225,true],"woocommerce_thumbnail":["https:\/\/ferligs.com\/wp-content\/uploads\/2026\/03\/IMG_2451-300x225.webp",300,225,true],"woocommerce_single":["https:\/\/ferligs.com\/wp-content\/uploads\/2026\/03\/IMG_2451-600x450.webp",600,450,true],"woocommerce_gallery_thumbnail":["https:\/\/ferligs.com\/wp-content\/uploads\/2026\/03\/IMG_2451-100x100.webp",100,100,true]},"post_excerpt_stackable_v2":"<p>Rumbula modern firewood rack with shelf. Compact, stylish, and durable, this firewood rack holds plenty of logs while keeping your space organized. Made from powder-coated steel with a built-in shelf, it\u2019s perfect for indoor or outdoor use and ready to use right away.<\/p>\n","category_list_v2":"","author_info_v2":{"name":"","url":""},"comments_num_v2":"0 comments","jetpack_publicize_connections":[],"jetpack_sharing_enabled":true,"_links":{"self":[{"href":"https:\/\/ferligs.com\/lv\/wp-json\/wp\/v2\/product\/4554","targetHints":{"allow":["GET"]}}],"collection":[{"href":"https:\/\/ferligs.com\/lv\/wp-json\/wp\/v2\/product"}],"about":[{"href":"https:\/\/ferligs.com\/lv\/wp-json\/wp\/v2\/types\/product"}],"wp:featuredmedia":[{"embeddable":true,"href":"https:\/\/ferligs.com\/lv\/wp-json\/wp\/v2\/media\/4983"}],"wp:attachment":[{"href":"https:\/\/ferligs.com\/lv\/wp-json\/wp\/v2\/media?parent=4554"}],"wp:term":[{"taxonomy":"product_brand","embeddable":true,"href":"https:\/\/ferligs.com\/lv\/wp-json\/wp\/v2\/product_brand?post=4554"},{"taxonomy":"product_cat","embeddable":true,"href":"https:\/\/ferligs.com\/lv\/wp-json\/wp\/v2\/product_cat?post=4554"},{"taxonomy":"product_tag","embeddable":true,"href":"https:\/\/ferligs.com\/lv\/wp-json\/wp\/v2\/product_tag?post=4554"}],"curies":[{"name":"wp","href":"https:\/\/api.w.org\/{rel}","templated":true}]}}