{"id":4538,"date":"2026-02-25T14:37:12","date_gmt":"2026-02-25T12:37:12","guid":{"rendered":"https:\/\/ferligs.com\/?post_type=product&#038;p=4538"},"modified":"2026-03-11T19:59:18","modified_gmt":"2026-03-11T17:59:18","slug":"venta-table-legs","status":"publish","type":"product","link":"https:\/\/ferligs.com\/lv\/product\/venta-table-legs\/","title":{"rendered":"VENTA \u2013 \u0112damgalda k\u0101jas"},"content":{"rendered":"<p>\u201eVenta\u201c ir izsmalcin\u0101ta galda pamatne ar krustveida dizainu, kas izgatavota no augstas kvalit\u0101tes 50\u00d720 mm t\u0113rauda caurul\u0113m. T\u0101s krustoju\u0161\u0101s l\u012bnijas rada t\u012bru arhitektonisku izskatu, vienlaikus nodro\u0161inot izcilu iztur\u012bbu un stabilit\u0101ti. R\u016bp\u012bgi izstr\u0101d\u0101tais r\u0101mis nodro\u0161ina dro\u0161u atbalstu un \u013cauj \u0113rti s\u0113d\u0113t, pal\u012bdzot jums gan m\u0101j\u0101s, gan komerci\u0101l\u0101s telp\u0101s pie galda izvietot maksim\u0101lo viesu skaitu.<\/p>\n<p>Pamatne tiek pieg\u0101d\u0101ta nesamont\u0113ta, lai nodro\u0161in\u0101tu dro\u0161u un \u0113rtu transport\u0113\u0161anu. Mont\u0101\u017ea ir vienk\u0101r\u0161a un neprasa \u012bpa\u0161as prasmes. Komplekt\u0101 ir iek\u013cautas skaidras, soli pa solim izkl\u0101st\u012btas instrukcijas, k\u0101 ar\u012b visi nepiecie\u0161amie stiprin\u0101jumi, kas \u013cauj \u0101tri un efekt\u012bvi veikt uzst\u0101d\u012b\u0161anu bez \u012bpa\u0161iem instrumentiem vai papildu deta\u013c\u0101m.<\/p>\n<p>Katra deta\u013ca ir p\u0101rkl\u0101ta ar augst\u0101k\u0101s kvalit\u0101tes pulverkr\u0101su, kas nodro\u0161ina ilgsto\u0161u aizsardz\u012bbu pret skr\u0101p\u0113jumiem, ikdienas nodilumu un koroziju. \u0160\u012b iztur\u012bg\u0101 virsma ne tikai uzlabo kop\u0113jo izskatu, bet ar\u012b garant\u0113, ka pamatne saglab\u0101s savu iztur\u012bbu un eleganto apdari daudzus gadus, pat regul\u0101ri lietojot.<\/p>\n<p>P\u0113c piepras\u012bjuma ir pieejami nestandarta izm\u0113ri un specifik\u0101cijas, lai atbilstu j\u016bsu individu\u0101laj\u0101m projekta pras\u012bb\u0101m. L\u016bdzu, \u0146emiet v\u0113r\u0101, ka cen\u0101 ir iek\u013cauts tikai galda pamatne; galda virsma nav iek\u013cauta. Standarta mont\u0101\u017eas sist\u0113mai ir 5 mm caurumi. Izm\u0113ri: augstums 71 cm ar regul\u0113jamiem k\u0101ji\u0146\u0101m (~1 cm); apak\u0161\u0113j\u0101 da\u013ca platums 80 cm, aug\u0161\u0113j\u0101 da\u013ca platums 50 cm; apak\u0161\u0113j\u0101s un aug\u0161\u0113j\u0101s da\u013cas garums 80 cm.<\/p>","protected":false},"excerpt":{"rendered":"<p>\u201eVenta\u201c ir stil\u012bgs galda pamatne, kas izgatavota no iztur\u012bg\u0101m 50\u00d720 mm t\u0113rauda caurul\u0113m, kuras raksturo krustoju\u0161\u0101s l\u012bnijas, kas apvieno modernu eleganci ar stingru un stabilu atbalstu. Pamatnei ir pulverkr\u0101sas p\u0101rkl\u0101jums, kas nodro\u0161ina ilgsto\u0161u aizsardz\u012bbu pret skr\u0101p\u0113jumiem un koroziju, un t\u0101 \u013cauj pie galda izvietot maksim\u0101lu skaitu s\u0113dvietu. Pamatne tiek pieg\u0101d\u0101ta nesamont\u0113ta, komplekt\u0101 iek\u013caujot visus nepiecie\u0161amos stiprin\u0101jumus un instrukcijas; to var pas\u016bt\u012bt ar\u012b p\u0113c pas\u016bt\u012bjuma izgatavot\u0101 izm\u0113r\u0101.<\/p>","protected":false},"featured_media":4674,"template":"","meta":{"jetpack_publicize_message":"","jetpack_publicize_feature_enabled":true,"jetpack_social_post_already_shared":true,"jetpack_social_options":{"image_generator_settings":{"template":"highway","default_image_id":0,"font":"","enabled":false},"version":2}},"product_brand":[578],"product_cat":[113],"product_tag":[704],"class_list":{"0":"post-4538","1":"product","2":"type-product","3":"status-publish","4":"has-post-thumbnail","6":"product_brand-ferligs","7":"product_cat-table-legs","8":"product_tag-table-bases","9":"product_shipping_class-tables-legs","11":"first","12":"instock","13":"sale","14":"taxable","15":"shipping-taxable","16":"purchasable","17":"product-type-variable","18":"has-default-attributes"},"featured_image_urls_v2":{"full":["https:\/\/ferligs.com\/wp-content\/uploads\/2026\/02\/TRAP_1_3-scaled.webp",2560,1707,false],"thumbnail":["https:\/\/ferligs.com\/wp-content\/uploads\/2026\/02\/TRAP_1_3-150x150.webp",150,150,true],"medium":["https:\/\/ferligs.com\/wp-content\/uploads\/2026\/02\/TRAP_1_3-300x200.webp",300,200,true],"medium_large":["https:\/\/ferligs.com\/wp-content\/uploads\/2026\/02\/TRAP_1_3-768x512.webp",768,512,true],"large":["https:\/\/ferligs.com\/wp-content\/uploads\/2026\/02\/TRAP_1_3-1024x683.webp",1024,683,true],"1536x1536":["https:\/\/ferligs.com\/wp-content\/uploads\/2026\/02\/TRAP_1_3-1536x1024.webp",1536,1024,true],"2048x2048":["https:\/\/ferligs.com\/wp-content\/uploads\/2026\/02\/TRAP_1_3-2048x1365.webp",2048,1365,true],"trp-custom-language-flag":["https:\/\/ferligs.com\/wp-content\/uploads\/2026\/02\/TRAP_1_3-18x12.webp",18,12,true],"woocommerce_archive_thumbnail":["https:\/\/ferligs.com\/wp-content\/uploads\/2026\/02\/TRAP_1_3-300x200.webp",300,200,true],"woocommerce_thumbnail":["https:\/\/ferligs.com\/wp-content\/uploads\/2026\/02\/TRAP_1_3-300x200.webp",300,200,true],"woocommerce_single":["https:\/\/ferligs.com\/wp-content\/uploads\/2026\/02\/TRAP_1_3-600x400.webp",600,400,true],"woocommerce_gallery_thumbnail":["https:\/\/ferligs.com\/wp-content\/uploads\/2026\/02\/TRAP_1_3-100x100.webp",100,100,true]},"post_excerpt_stackable_v2":"<p>Venta is a stylish table base made from durable 50\u00d720 mm steel tubing, featuring intersecting lines that combine modern elegance with strong, stable support. Powder-coated for long-lasting protection against scratches and corrosion, it allows maximum seating around the table. Delivered unassembled with all hardware and instructions included, it can also be custom-sized.<\/p>\n","category_list_v2":"","author_info_v2":{"name":"","url":""},"comments_num_v2":"0 comments","jetpack_publicize_connections":[],"jetpack_sharing_enabled":true,"_links":{"self":[{"href":"https:\/\/ferligs.com\/lv\/wp-json\/wp\/v2\/product\/4538","targetHints":{"allow":["GET"]}}],"collection":[{"href":"https:\/\/ferligs.com\/lv\/wp-json\/wp\/v2\/product"}],"about":[{"href":"https:\/\/ferligs.com\/lv\/wp-json\/wp\/v2\/types\/product"}],"wp:featuredmedia":[{"embeddable":true,"href":"https:\/\/ferligs.com\/lv\/wp-json\/wp\/v2\/media\/4674"}],"wp:attachment":[{"href":"https:\/\/ferligs.com\/lv\/wp-json\/wp\/v2\/media?parent=4538"}],"wp:term":[{"taxonomy":"product_brand","embeddable":true,"href":"https:\/\/ferligs.com\/lv\/wp-json\/wp\/v2\/product_brand?post=4538"},{"taxonomy":"product_cat","embeddable":true,"href":"https:\/\/ferligs.com\/lv\/wp-json\/wp\/v2\/product_cat?post=4538"},{"taxonomy":"product_tag","embeddable":true,"href":"https:\/\/ferligs.com\/lv\/wp-json\/wp\/v2\/product_tag?post=4538"}],"curies":[{"name":"wp","href":"https:\/\/api.w.org\/{rel}","templated":true}]}}