{"id":4467,"date":"2026-02-25T14:17:29","date_gmt":"2026-02-25T12:17:29","guid":{"rendered":"https:\/\/ferligs.com\/?post_type=product&#038;p=4467"},"modified":"2026-03-11T20:02:19","modified_gmt":"2026-03-11T18:02:19","slug":"svete-spider-table-legs","status":"publish","type":"product","link":"https:\/\/ferligs.com\/lv\/product\/svete-spider-table-legs\/","title":{"rendered":"SVETE \u2013 galda k\u0101jas ar zirnek\u013ca mot\u012bvu"},"content":{"rendered":"<p>\u0160is elegants galda k\u0101ju komplekts ir izgatavots no augstas kvalit\u0101tes t\u0113rauda un veidots t\u0101, lai apvienotu iztur\u012bbu ar izsmalcin\u0101tu est\u0113tiku. T\u0101 krustoju\u0161\u0101s l\u012bnijas rada at\u0161\u0137ir\u012bgu, izsmalcin\u0101tu izskatu, vienlaikus nodro\u0161inot izcilu konstrukcijas stabilit\u0101ti. P\u0101rdom\u0101tais dizains \u013cauj izvietot maksim\u0101lu skaitu viesu, t\u0101d\u0113\u013c tas ir ide\u0101li piem\u0113rots \u0113damgaldiem gan dz\u012bvojam\u0101s, gan komerci\u0101l\u0101s telp\u0101s.<\/p>\n<p>Pamatne tiek pieg\u0101d\u0101ta nesamont\u0113ta, lai nodro\u0161in\u0101tu dro\u0161u transport\u0113\u0161anu. Mont\u0101\u017ea ir \u0101tra un vienk\u0101r\u0161a, jo iepakojum\u0101 ir iek\u013cautas skaidras instrukcijas un visi nepiecie\u0161amie stiprin\u0101jumi. Lai veiktu uzst\u0101d\u012b\u0161anu, jums neb\u016bs nepiecie\u0161ami nek\u0101di speci\u0101li instrumenti vai \u012bpa\u0161as prasmes.<\/p>\n<p>Visas deta\u013cas ir p\u0101rkl\u0101tas ar augst\u0101k\u0101s kvalit\u0101tes pulverkr\u0101su, kas nodro\u0161ina uzticamu aizsardz\u012bbu pret skr\u0101p\u0113jumiem, nodilumu un koroziju. \u0160is iztur\u012bgais p\u0101rkl\u0101jums ne tikai uzlabo izskatu, bet ar\u012b garant\u0113 ilgsto\u0161u darb\u012bbu gadiem ilgas ikdienas lieto\u0161anas laik\u0101.<\/p>\n<p>P\u0113c piepras\u012bjuma ir pieejami nestandarta izm\u0113ri un specifik\u0101cijas, lai piln\u012bb\u0101 atbilstu j\u016bsu projekta pras\u012bb\u0101m. Nor\u0101d\u012bt\u0101 cena ietver tikai galda pamatni \u2014 galda virsma nav iek\u013cauta. Materi\u0101ls: 60\u00d730 mm t\u0113rauda caurule. Standarta konfigur\u0101cij\u0101 ir 5 mm mont\u0101\u017eas caurumi (p\u0113c piepras\u012bjuma pieejami citi caurumu izm\u0113ri). Izm\u0113ri: augstums apm. 71 cm; platuma varianti 60\u2013100 cm; garuma varianti 60\u2013100 cm.<\/p>","protected":false},"excerpt":{"rendered":"<p>\u0160is elegants un iztur\u012bgs met\u0101la galda pamatne ir izgatavota no 60\u00d730 mm t\u0113rauda caurul\u0113m un izce\u013cas ar izsmalcin\u0101tu krustojumu dizainu, kas jebkuram interjeram pie\u0161\u0137ir modernu akcentu. T\u0101s stingr\u0101 konstrukcija nodro\u0161ina lielisku stabilit\u0101ti, vienlaikus garant\u0113jot maksim\u0101lu s\u0113\u017eamkomfortu pie galda. Pamatne ir p\u0101rkl\u0101ta ar iztur\u012bgu pulverkr\u0101su, kas nodro\u0161ina papildu aizsardz\u012bbu pret skr\u0101p\u0113jumiem un koroziju, t\u0101p\u0113c t\u0101 ir piem\u0113rota gan m\u0101jas, gan komerci\u0101lai lieto\u0161anai.<\/p>","protected":false},"featured_media":5146,"template":"","meta":{"jetpack_publicize_message":"","jetpack_publicize_feature_enabled":true,"jetpack_social_post_already_shared":true,"jetpack_social_options":{"image_generator_settings":{"template":"highway","default_image_id":0,"font":"","enabled":false},"version":2}},"product_brand":[578],"product_cat":[113],"product_tag":[705],"class_list":{"0":"post-4467","1":"product","2":"type-product","3":"status-publish","4":"has-post-thumbnail","6":"product_brand-ferligs","7":"product_cat-table-legs","8":"product_tag-spider-legs","9":"product_shipping_class-tables-legs","11":"first","12":"instock","13":"sale","14":"taxable","15":"shipping-taxable","16":"purchasable","17":"product-type-variable","18":"has-default-attributes"},"featured_image_urls_v2":{"full":["https:\/\/ferligs.com\/wp-content\/uploads\/2026\/02\/il_fullxfull.7220101041_aj5f-scaled.webp",2560,1707,false],"thumbnail":["https:\/\/ferligs.com\/wp-content\/uploads\/2026\/02\/il_fullxfull.7220101041_aj5f-150x150.webp",150,150,true],"medium":["https:\/\/ferligs.com\/wp-content\/uploads\/2026\/02\/il_fullxfull.7220101041_aj5f-300x200.webp",300,200,true],"medium_large":["https:\/\/ferligs.com\/wp-content\/uploads\/2026\/02\/il_fullxfull.7220101041_aj5f-768x512.webp",768,512,true],"large":["https:\/\/ferligs.com\/wp-content\/uploads\/2026\/02\/il_fullxfull.7220101041_aj5f-1024x683.webp",1024,683,true],"1536x1536":["https:\/\/ferligs.com\/wp-content\/uploads\/2026\/02\/il_fullxfull.7220101041_aj5f-1536x1024.webp",1536,1024,true],"2048x2048":["https:\/\/ferligs.com\/wp-content\/uploads\/2026\/02\/il_fullxfull.7220101041_aj5f-2048x1365.webp",2048,1365,true],"trp-custom-language-flag":["https:\/\/ferligs.com\/wp-content\/uploads\/2026\/02\/il_fullxfull.7220101041_aj5f-18x12.webp",18,12,true],"woocommerce_archive_thumbnail":["https:\/\/ferligs.com\/wp-content\/uploads\/2026\/02\/il_fullxfull.7220101041_aj5f-300x200.webp",300,200,true],"woocommerce_thumbnail":["https:\/\/ferligs.com\/wp-content\/uploads\/2026\/02\/il_fullxfull.7220101041_aj5f-300x200.webp",300,200,true],"woocommerce_single":["https:\/\/ferligs.com\/wp-content\/uploads\/2026\/02\/il_fullxfull.7220101041_aj5f-600x400.webp",600,400,true],"woocommerce_gallery_thumbnail":["https:\/\/ferligs.com\/wp-content\/uploads\/2026\/02\/il_fullxfull.7220101041_aj5f-100x100.webp",100,100,true]},"post_excerpt_stackable_v2":"<p>Elegant and durable, this metal table base is crafted from 60\u00d730 mm steel tubing and features a refined intersecting design that adds a modern touch to any interior. Its sturdy construction ensures excellent stability while allowing maximum seating comfort around the table. Finished with a long-lasting powder coating for enhanced protection against scratches and corrosion, it is suitable for both home and commercial use.<\/p>\n","category_list_v2":"","author_info_v2":{"name":"","url":""},"comments_num_v2":"0 comments","jetpack_publicize_connections":[],"jetpack_sharing_enabled":true,"_links":{"self":[{"href":"https:\/\/ferligs.com\/lv\/wp-json\/wp\/v2\/product\/4467","targetHints":{"allow":["GET"]}}],"collection":[{"href":"https:\/\/ferligs.com\/lv\/wp-json\/wp\/v2\/product"}],"about":[{"href":"https:\/\/ferligs.com\/lv\/wp-json\/wp\/v2\/types\/product"}],"wp:featuredmedia":[{"embeddable":true,"href":"https:\/\/ferligs.com\/lv\/wp-json\/wp\/v2\/media\/5146"}],"wp:attachment":[{"href":"https:\/\/ferligs.com\/lv\/wp-json\/wp\/v2\/media?parent=4467"}],"wp:term":[{"taxonomy":"product_brand","embeddable":true,"href":"https:\/\/ferligs.com\/lv\/wp-json\/wp\/v2\/product_brand?post=4467"},{"taxonomy":"product_cat","embeddable":true,"href":"https:\/\/ferligs.com\/lv\/wp-json\/wp\/v2\/product_cat?post=4467"},{"taxonomy":"product_tag","embeddable":true,"href":"https:\/\/ferligs.com\/lv\/wp-json\/wp\/v2\/product_tag?post=4467"}],"curies":[{"name":"wp","href":"https:\/\/api.w.org\/{rel}","templated":true}]}}