{"id":4334,"date":"2026-02-25T10:33:46","date_gmt":"2026-02-25T08:33:46","guid":{"rendered":"https:\/\/ferligs.com\/?post_type=product&#038;p=4334"},"modified":"2026-03-11T20:04:41","modified_gmt":"2026-03-11T18:04:41","slug":"seda-table-legs","status":"publish","type":"product","link":"https:\/\/ferligs.com\/lv\/product\/seda-table-legs\/","title":{"rendered":"SEDA \u2013 met\u0101la k\u0101jas \u0113damgaldiem"},"content":{"rendered":"<p>\u201eSeda\u201c \u0113damgalda pamatne ir izsmalcin\u0101ts sp\u0113ka, simetrijas un m\u016bsdien\u012bgas elegances apvienojums. \u0160\u012b pamatne, kas izstr\u0101d\u0101ta, lai rad\u012btu stabilu un vizu\u0101li l\u012bdzsvarotu pamatu, ar sav\u0101m t\u012braj\u0101m l\u012bnij\u0101m un arhitektonisko formu papildina gan modernus, gan klasiskus interjerus. T\u0101s proporcion\u0101lais izk\u0101rtojums ne tikai nodro\u0161ina stabilit\u0101ti, bet ar\u012b garant\u0113 \u0113rtu s\u0113dvietu, padarot to par ide\u0101lu risin\u0101jumu \u0113damistab\u0101m, kur\u0101s funkcionalit\u0101te un est\u0113tika ir vienl\u012bdz svar\u012bgas.<\/p>\n<p>Seda \u0113damgalda pamatne, kas izgatavota no augstas kvalit\u0101tes t\u0113rauda caurul\u0113m (standarta izm\u0113rs 60 \u00d7 30 \u00d7 1,5 mm), nodro\u0161ina uzticamu iztur\u012bbu ikdienas lieto\u0161anai. Katra deta\u013ca ir profesion\u0101li p\u0101rkl\u0101ta ar pulverkr\u0101su, lai nodro\u0161in\u0101tu ilgsto\u0161u aizsardz\u012bbu pret skr\u0101p\u0113jumiem, nodilumu un koroziju, garant\u0113jot, ka pamatne saglab\u0101s nevainojamu izskatu gadiem ilgi. Iztur\u012bg\u0101 konstrukcija \u013cauj uzst\u0101d\u012bt galda virsmas no da\u017e\u0101diem materi\u0101liem \u2014 s\u0101kot no mas\u012bvkoka l\u012bdz finierim vai kompoz\u012btmateri\u0101liem.<\/p>\n<p>Pamatne tiek pieg\u0101d\u0101ta nesamont\u0113ta, lai nodro\u0161in\u0101tu dro\u0161u transport\u0113\u0161anu, un komplekt\u0101 ir iek\u013cautas skaidras instrukcijas, k\u0101 ar\u012b visi nepiecie\u0161amie mont\u0101\u017eas piederumi, kas atvieglo uzst\u0101d\u012b\u0161anu. Taj\u0101 jau ir izurbti 5 mm mont\u0101\u017eas caurumi, lai nodro\u0161in\u0101tu dro\u0161u galda virsmas piestiprin\u0101\u0161anu, un p\u0113c piepras\u012bjuma var izgatavot ar\u012b citas caurumu konfigur\u0101cijas. R\u016bp\u012bgi izstr\u0101d\u0101tie izm\u0113ri nodro\u0161ina gan konstrukcijas stabilit\u0101ti, gan pietiekamu k\u0101ju telpu, lai s\u0113d\u0113\u0161ana b\u016btu \u0113rta.<\/p>\n<p>Seda \u0113damgalda pamatne ir piln\u012bb\u0101 piel\u0101gojama un var tikt izgatavota atbilsto\u0161i j\u016bsu prec\u012bzaj\u0101m specifik\u0101cij\u0101m, tostarp izm\u0113riem, garumam, kr\u0101sai un tehniskajiem parametriem. Standarta izm\u0113ri ietver aptuveni 71 cm augstumu, 70 cm platumu un regul\u0113jamas garuma iesp\u0113jas no 70 l\u012bdz 200 cm. Ja j\u016bsu interjera projektam nepiecie\u0161ams individu\u0101ls risin\u0101jums, m\u0113s ar prieku izgatavosim pamatni, kas prec\u012bzi atbilst j\u016bsu vajadz\u012bb\u0101m. L\u016bdzu, \u0146emiet v\u0113r\u0101, ka nor\u0101d\u012bt\u0101 cena attiecas tikai uz pamatni; galda virsma nav iek\u013cauta.<\/p>","protected":false},"excerpt":{"rendered":"<p>\u201eSeda\u201c \u0113damgalda pamatne ir iztur\u012bga un eleganta t\u0113rauda konstrukcija, kas paredz\u0113ta gan modern\u0101m, gan klasisk\u0101m \u0113damistab\u0101m. T\u0101 ir izgatavota no 60 \u00d7 30 \u00d7 1,5 mm t\u0113rauda caurul\u0113m un p\u0101rkl\u0101ta ar iztur\u012bgu pulverkr\u0101su, kas nodro\u0161ina iztur\u012bbu, stabilit\u0101ti un izsmalcin\u0101tu izskatu. Pieg\u0101d\u0101ta nesamont\u0113ta ar iepriek\u0161 izurbtiem mont\u0101\u017eas caurumiem vieglai uzst\u0101d\u012b\u0161anai, \u0161\u012b pamatne ir piln\u012bb\u0101 piel\u0101gojama izm\u0113ra un kr\u0101sas zi\u0146\u0101. Piem\u0113rota galda virsm\u0101m ar garumu no 70 l\u012bdz 200 cm. Galda virsma nav iek\u013cauta.<\/p>","protected":false},"featured_media":4460,"template":"","meta":{"jetpack_publicize_message":"","jetpack_publicize_feature_enabled":true,"jetpack_social_post_already_shared":true,"jetpack_social_options":{"image_generator_settings":{"template":"highway","default_image_id":0,"font":"","enabled":false},"version":2}},"product_brand":[578],"product_cat":[113],"product_tag":[701,704],"class_list":{"0":"post-4334","1":"product","2":"type-product","3":"status-publish","4":"has-post-thumbnail","6":"product_brand-ferligs","7":"product_cat-table-legs","8":"product_tag-a-shaped-table-legs","9":"product_tag-table-bases","10":"product_shipping_class-tables-legs","12":"first","13":"instock","14":"sale","15":"taxable","16":"shipping-taxable","17":"purchasable","18":"product-type-variable","19":"has-default-attributes"},"featured_image_urls_v2":{"full":["https:\/\/ferligs.com\/wp-content\/uploads\/2026\/02\/3.webp",1640,1360,false],"thumbnail":["https:\/\/ferligs.com\/wp-content\/uploads\/2026\/02\/3-150x150.webp",150,150,true],"medium":["https:\/\/ferligs.com\/wp-content\/uploads\/2026\/02\/3-300x249.webp",300,249,true],"medium_large":["https:\/\/ferligs.com\/wp-content\/uploads\/2026\/02\/3-768x637.webp",768,637,true],"large":["https:\/\/ferligs.com\/wp-content\/uploads\/2026\/02\/3-1024x849.webp",1024,849,true],"1536x1536":["https:\/\/ferligs.com\/wp-content\/uploads\/2026\/02\/3-1536x1274.webp",1536,1274,true],"2048x2048":["https:\/\/ferligs.com\/wp-content\/uploads\/2026\/02\/3.webp",1640,1360,false],"trp-custom-language-flag":["https:\/\/ferligs.com\/wp-content\/uploads\/2026\/02\/3-14x12.webp",14,12,true],"woocommerce_archive_thumbnail":["https:\/\/ferligs.com\/wp-content\/uploads\/2026\/02\/3-300x249.webp",300,249,true],"woocommerce_thumbnail":["https:\/\/ferligs.com\/wp-content\/uploads\/2026\/02\/3-300x249.webp",300,249,true],"woocommerce_single":["https:\/\/ferligs.com\/wp-content\/uploads\/2026\/02\/3-600x498.webp",600,498,true],"woocommerce_gallery_thumbnail":["https:\/\/ferligs.com\/wp-content\/uploads\/2026\/02\/3-100x100.webp",100,100,true]},"post_excerpt_stackable_v2":"<p>The Seda Dining table base is a durable and elegant steel foundation designed for modern and classic dining spaces. Made from 60 \u00d7 30 \u00d7 1.5 mm steel tubing and finished with a long-lasting powder coating, it ensures strength, stability, and a refined appearance. Delivered unassembled with pre-drilled mounting holes for easy installation, this base is fully customizable in size and color. Suitable for tabletops from 70 to 200 cm in length. Tabletop not included.<\/p>\n","category_list_v2":"","author_info_v2":{"name":"","url":""},"comments_num_v2":"0 comments","jetpack_publicize_connections":[],"jetpack_sharing_enabled":true,"_links":{"self":[{"href":"https:\/\/ferligs.com\/lv\/wp-json\/wp\/v2\/product\/4334","targetHints":{"allow":["GET"]}}],"collection":[{"href":"https:\/\/ferligs.com\/lv\/wp-json\/wp\/v2\/product"}],"about":[{"href":"https:\/\/ferligs.com\/lv\/wp-json\/wp\/v2\/types\/product"}],"wp:featuredmedia":[{"embeddable":true,"href":"https:\/\/ferligs.com\/lv\/wp-json\/wp\/v2\/media\/4460"}],"wp:attachment":[{"href":"https:\/\/ferligs.com\/lv\/wp-json\/wp\/v2\/media?parent=4334"}],"wp:term":[{"taxonomy":"product_brand","embeddable":true,"href":"https:\/\/ferligs.com\/lv\/wp-json\/wp\/v2\/product_brand?post=4334"},{"taxonomy":"product_cat","embeddable":true,"href":"https:\/\/ferligs.com\/lv\/wp-json\/wp\/v2\/product_cat?post=4334"},{"taxonomy":"product_tag","embeddable":true,"href":"https:\/\/ferligs.com\/lv\/wp-json\/wp\/v2\/product_tag?post=4334"}],"curies":[{"name":"wp","href":"https:\/\/api.w.org\/{rel}","templated":true}]}}