{"id":4311,"date":"2026-02-25T09:56:22","date_gmt":"2026-02-25T07:56:22","guid":{"rendered":"https:\/\/ferligs.com\/?post_type=product&#038;p=4311"},"modified":"2026-03-11T20:06:48","modified_gmt":"2026-03-11T18:06:48","slug":"varke-table-legs","status":"publish","type":"product","link":"https:\/\/ferligs.com\/lv\/product\/varke-table-legs\/","title":{"rendered":"VARKE \u2013 X formas galda k\u0101jas p\u0101ris"},"content":{"rendered":"<p>Met\u0101la galda k\u0101jas \u201eVarke\u201c apvieno izsmalcin\u0101tu eleganci ar izcilu daudzpus\u012bbu. T\u0101s ir izgatavotas no augst\u0101k\u0101s kvalit\u0101tes t\u0113rauda un izstr\u0101d\u0101tas rakstur\u012bg\u0101 X veid\u0101, t\u0101d\u0113j\u0101di viegli papildinot interjerus, s\u0101kot no moderna minim\u0101lisma l\u012bdz pat m\u016b\u017e\u012bgajiem klasiskajiem stiliem. \u0160is divu k\u0101ju komplekts veido stabilu un stil\u012bgu pamatu da\u017e\u0101d\u0101m galda virsm\u0101m, uzlabojot \u0113damistabu, biroju vai dz\u012bvojamo telpu izskatu. T\u012bras l\u012bnijas un labi sabalans\u0113tas proporcijas pie\u0161\u0137ir raksturu, neaiz\u0113nojot telpu.<\/p>\n<p>Metin\u0101tajai konstrukcijai, kas izgatavota no iztur\u012bg\u0101m 4 \u00d7 4 cm t\u0113rauda caurul\u0113m un nostiprin\u0101ta ar mas\u012bv\u0101m t\u0113rauda atlok\u0101m, piem\u012bt izcila iztur\u012bba un celtsp\u0113ja l\u012bdz pat 150 kg. Pulverkr\u0101sas p\u0101rkl\u0101jums nodro\u0161ina ilgsto\u0161u aizsardz\u012bbu pret skr\u0101p\u0113jumiem, koroziju un ikdienas nodilumu, gadiem ilgi saglab\u0101jot nevainojamu izskatu. Lai pan\u0101ktu izteikt\u0101ku industri\u0101lo est\u0113tiku, pieejama ar\u012b neapstr\u0101d\u0101ta t\u0113rauda versija, kas \u013cauj to nevainojami iek\u013caut loftu vai industri\u0101l\u0101 stil\u0101 ietur\u0113tos interjeros.<\/p>\n<p>Uzst\u0101d\u012b\u0161ana ir \u0101tra un vienk\u0101r\u0161a. K\u0101j\u0101m jau ir izurbti 5 mm stiprin\u0101juma caurumi, lai t\u0101s var\u0113tu viegli piestiprin\u0101t pie galda virsmas; p\u0113c piepras\u012bjuma ir pieejami ar\u012b caurumi ar nestandarta izm\u0113riem. Katr\u0101 komplekt\u0101 ir iek\u013cautas regul\u0113jamas k\u0101ji\u0146as nel\u012bdzen\u0101m virsm\u0101m, aizsarg\u0101jo\u0161as filca uzlikas, lai nov\u0113rstu gr\u012bdas boj\u0101jumus, un divas X formas k\u0101jas, kas nodro\u0161ina \u0101tru un \u0113rtu uzst\u0101d\u012b\u0161anu.<\/p>\n<p>Varke k\u0101jas ir paredz\u0113tas galda virsm\u0101m ar izm\u0113riem l\u012bdz 280 \u00d7 120 cm un nodro\u0161ina dro\u0161u stabilit\u0101ti gan ikdienas lieto\u0161anai, gan \u012bpa\u0161iem pas\u0101kumiem. T\u0101s ir piln\u012bb\u0101 piel\u0101gojamas un pieejamas standarta augstum\u0101 70 cm (ar aptuveni 1 cm regul\u0113\u0161anas iesp\u0113ju), platumos 60, 70 vai 80 cm, k\u0101 ar\u012b da\u017e\u0101d\u0101s apdar\u0113s, tostarp meln\u0101, bronzas, tum\u0161i pel\u0113k\u0101, zelta, gai\u0161i pel\u0113k\u0101, balt\u0101 vai neapstr\u0101d\u0101ta t\u0113rauda kr\u0101s\u0101. \u0160\u012b elast\u012bba \u013cauj prec\u012bzi piel\u0101got k\u0101jas j\u016bsu projekta izm\u0113riem un dizaina v\u0113lm\u0113m.<\/p>","protected":false},"excerpt":{"rendered":"<p>Elegant\u0101s un iztur\u012bg\u0101s VARKE X formas galda k\u0101jas, kas izgatavotas no augstas kvalit\u0101tes 4 \u00d7 4 cm t\u0113rauda, nodro\u0161ina stabilu un stil\u012bgu pamatu da\u017e\u0101diem galda virsm\u0101m. Augst\u0101k\u0101s kvalit\u0101tes pulverkr\u0101sas p\u0101rkl\u0101jums nodro\u0161ina ilgsto\u0161u iztur\u012bbu, aizsarg\u0101jot pret skr\u0101p\u0113jumiem, koroziju un ikdienas nodilumu, vienlaikus saglab\u0101jot izsmalcin\u0101tu izskatu. K\u0101jas ir paredz\u0113tas vieglai uzst\u0101d\u012b\u0161anai ar iepriek\u0161 izurbtiem mont\u0101\u017eas caurumiem, un t\u0101m ir ar\u012b regul\u0113jamas izl\u012bdzino\u0161\u0101s k\u0101ji\u0146as, kas nodro\u0161ina papildu stabilit\u0101ti uz nevienm\u0113r\u012bg\u0101m virsm\u0101m. P\u0101rdodas divu (2 gab.) komplekt\u0101, p\u0113c piepras\u012bjuma pieejami pas\u016bt\u012bjuma izm\u0113ri un apdares. Galda virsma nav iek\u013cauta.<\/p>","protected":false},"featured_media":4661,"template":"","meta":{"jetpack_publicize_message":"","jetpack_publicize_feature_enabled":true,"jetpack_social_post_already_shared":true,"jetpack_social_options":{"image_generator_settings":{"template":"highway","default_image_id":0,"font":"","enabled":false},"version":2}},"product_brand":[578],"product_cat":[113],"product_tag":[698],"class_list":{"0":"post-4311","1":"product","2":"type-product","3":"status-publish","4":"has-post-thumbnail","6":"product_brand-ferligs","7":"product_cat-table-legs","8":"product_tag-x-shaped-table-legs","9":"product_shipping_class-tables-legs","11":"first","12":"instock","13":"sale","14":"taxable","15":"shipping-taxable","16":"purchasable","17":"product-type-variable","18":"has-default-attributes"},"featured_image_urls_v2":{"full":["https:\/\/ferligs.com\/wp-content\/uploads\/2026\/02\/X_1_6-scaled.webp",2560,1707,false],"thumbnail":["https:\/\/ferligs.com\/wp-content\/uploads\/2026\/02\/X_1_6-150x150.webp",150,150,true],"medium":["https:\/\/ferligs.com\/wp-content\/uploads\/2026\/02\/X_1_6-300x200.webp",300,200,true],"medium_large":["https:\/\/ferligs.com\/wp-content\/uploads\/2026\/02\/X_1_6-768x512.webp",768,512,true],"large":["https:\/\/ferligs.com\/wp-content\/uploads\/2026\/02\/X_1_6-1024x683.webp",1024,683,true],"1536x1536":["https:\/\/ferligs.com\/wp-content\/uploads\/2026\/02\/X_1_6-1536x1024.webp",1536,1024,true],"2048x2048":["https:\/\/ferligs.com\/wp-content\/uploads\/2026\/02\/X_1_6-2048x1365.webp",2048,1365,true],"trp-custom-language-flag":["https:\/\/ferligs.com\/wp-content\/uploads\/2026\/02\/X_1_6-18x12.webp",18,12,true],"woocommerce_archive_thumbnail":["https:\/\/ferligs.com\/wp-content\/uploads\/2026\/02\/X_1_6-300x200.webp",300,200,true],"woocommerce_thumbnail":["https:\/\/ferligs.com\/wp-content\/uploads\/2026\/02\/X_1_6-300x200.webp",300,200,true],"woocommerce_single":["https:\/\/ferligs.com\/wp-content\/uploads\/2026\/02\/X_1_6-600x400.webp",600,400,true],"woocommerce_gallery_thumbnail":["https:\/\/ferligs.com\/wp-content\/uploads\/2026\/02\/X_1_6-100x100.webp",100,100,true]},"post_excerpt_stackable_v2":"<p>Elegant and durable VARKE X-shaped table legs crafted from high-quality 4 \u00d7 4 cm steel provide a strong and stylish foundation for a wide range of tabletops. The premium powder-coated finish ensures long-lasting durability, protecting against scratches, corrosion, and everyday wear while maintaining a refined appearance. Designed for easy installation with pre-drilled mounting holes, the legs also include adjustable leveling feet for added stability on uneven surfaces. Sold as a set of two (2 pieces), with custom sizes and finishes available upon request. Tabletop not included.<\/p>\n","category_list_v2":"","author_info_v2":{"name":"","url":""},"comments_num_v2":"0 comments","jetpack_publicize_connections":[],"jetpack_sharing_enabled":true,"_links":{"self":[{"href":"https:\/\/ferligs.com\/lv\/wp-json\/wp\/v2\/product\/4311","targetHints":{"allow":["GET"]}}],"collection":[{"href":"https:\/\/ferligs.com\/lv\/wp-json\/wp\/v2\/product"}],"about":[{"href":"https:\/\/ferligs.com\/lv\/wp-json\/wp\/v2\/types\/product"}],"wp:featuredmedia":[{"embeddable":true,"href":"https:\/\/ferligs.com\/lv\/wp-json\/wp\/v2\/media\/4661"}],"wp:attachment":[{"href":"https:\/\/ferligs.com\/lv\/wp-json\/wp\/v2\/media?parent=4311"}],"wp:term":[{"taxonomy":"product_brand","embeddable":true,"href":"https:\/\/ferligs.com\/lv\/wp-json\/wp\/v2\/product_brand?post=4311"},{"taxonomy":"product_cat","embeddable":true,"href":"https:\/\/ferligs.com\/lv\/wp-json\/wp\/v2\/product_cat?post=4311"},{"taxonomy":"product_tag","embeddable":true,"href":"https:\/\/ferligs.com\/lv\/wp-json\/wp\/v2\/product_tag?post=4311"}],"curies":[{"name":"wp","href":"https:\/\/api.w.org\/{rel}","templated":true}]}}