{"id":4289,"date":"2026-02-25T09:39:43","date_gmt":"2026-02-25T07:39:43","guid":{"rendered":"https:\/\/ferligs.com\/?post_type=product&#038;p=4289"},"modified":"2026-03-11T20:08:15","modified_gmt":"2026-03-11T18:08:15","slug":"uzava-table-legs","status":"publish","type":"product","link":"https:\/\/ferligs.com\/lv\/product\/uzava-table-legs\/","title":{"rendered":"UZAVA \u2013 galda k\u0101ju p\u0101ris (U veida)"},"content":{"rendered":"<p>Uzava modelis ir izsmalcin\u0101ts industri\u0101l\u0101 dizaina risin\u0101jums, kas jebkuram modernam interjeram pie\u0161\u0137ir drosm\u012bgu, ta\u010du izsmalcin\u0101tu est\u0113tiku. \u0160\u012bs U veida galda k\u0101jas ir meistar\u012bgi izgatavotas, lai apvienotu minim\u0101lisma eleganci un iztur\u012bbu. T\u0101s ir veidotas, iedvesmojoties no loft stila, un nevainojami iek\u013caujas virtuves vai dz\u012bvojam\u0101s zonas interjer\u0101, nodro\u0161inot iespaid\u012bgu pamatu j\u016bsu m\u0113bel\u0113m. T\u012br\u0101s l\u012bnijas un l\u012bdzsvarot\u0101s proporcijas garant\u0113, ka j\u016bsu galds paliks m\u016b\u017eam aktu\u0101ls interjera akcents.<\/p>\n<p>Kvalit\u0101te ir \u201eUzava\u201c s\u0113rijas pamat\u0101. Katra pamatne ir izgatavota no augst\u0101k\u0101s kvalit\u0101tes met\u0101la, konkr\u0113ti izmantojot iztur\u012bgu 80 x 40 mm t\u0113rauda cauruli, kas garant\u0113 izcilu iztur\u012bbu. Lai nodro\u0161in\u0101tu nevainojamu un ilgsto\u0161u apdari, visas deta\u013cas tiek pak\u013cautas profesion\u0101lai pulverkr\u0101so\u0161anai. \u0160is aizsargsl\u0101nis ne tikai uzlabo stil\u012bgo izskatu, bet ar\u012b nodro\u0161ina izcilu iztur\u012bbu pret nodilumu, saglab\u0101jot j\u016bsu U veida galda k\u0101ju s\u0101kotn\u0113jo izskatu daudzus gadus.<\/p>\n<p>Uzava atbalsti apvieno in\u017eenierijas risin\u0101jumus ar daudzpus\u012bbu. Neatkar\u012bgi no t\u0101, vai mont\u0113jat smagu \u0113damgaldu vai elegantu priek\u0161nama soli, \u0161\u012bs U veida galda k\u0101jas nodro\u0161ina stabilit\u0101ti, kas nepiecie\u0161ama da\u017e\u0101diem galda virsmu materi\u0101liem. Pamata konstrukcij\u0101 jau ir izurbti 5 mm mont\u0101\u017eas caurumi, lai atvieglotu vienk\u0101r\u0161u un dro\u0161u uzst\u0101d\u012b\u0161anu. 80 x 40 mm cauru\u013cu platais profils nodro\u0161ina stabilit\u0101ti, padarot t\u0101s par ide\u0101lu izv\u0113li tiem, kas nov\u0113rt\u0113 gan formu, gan funkcion\u0101lo uzticam\u012bbu.<\/p>\n<p>M\u0113s saprotam, ka katrs interjera projekts ir unik\u0101ls, t\u0101p\u0113c \u201eUzava\u201c modelis ir piln\u012bb\u0101 piel\u0101gojams j\u016bsu konkr\u0113taj\u0101m vajadz\u012bb\u0101m. Papildus m\u016bsu standarta galdiem un soliem pied\u0101v\u0101jam individu\u0101lus augstuma, platuma un kr\u0101su to\u0146u piel\u0101gojumus. Ja jums ir konkr\u0113ta v\u012bzija vai nepiecie\u0161ami \u012bpa\u0161i tehniskie parametri, m\u016bsu komanda ir gatava izgatavot tie\u0161i jums piel\u0101gotas U veida galda k\u0101jas. L\u016bdzu, \u0146emiet v\u0113r\u0101, ka nor\u0101d\u012bt\u0101 cena attiecas tikai uz met\u0101la pamatni, neieskaitot galda virsmu.<\/p>","protected":false},"excerpt":{"rendered":"<p>Uzava U-veida galda k\u0101jas apvieno r\u016bpniecisko iztur\u012bbu ar minim\u0101listisku loft stila est\u0113tiku, izce\u013coties ar iztur\u012bgu 80 x 40 mm t\u0113rauda profilu un iztur\u012bgu pulverkr\u0101sas p\u0101rkl\u0101jumu. \u0160\u012bs augstas kvalit\u0101tes met\u0101la pamatnes, kas paredz\u0113tas gan \u0113damgaldiem, gan soliem, nodro\u0161ina izcilu stabilit\u0101ti un elegantu, modernu izskatu. Uzava modelis, kura izm\u0113ri un kr\u0101sa ir piln\u012bb\u0101 piel\u0101gojami, ir ide\u0101ls pamats individu\u0101liem m\u0113be\u013cu projektiem, kuros nepiecie\u0161ams elegances un ilgsto\u0161as iztur\u012bbas l\u012bdzsvars.<\/p>","protected":false},"featured_media":5152,"template":"","meta":{"jetpack_publicize_message":"","jetpack_publicize_feature_enabled":true,"jetpack_social_post_already_shared":true,"jetpack_social_options":{"image_generator_settings":{"template":"highway","default_image_id":0,"font":"","enabled":false},"version":2}},"product_brand":[578],"product_cat":[113],"product_tag":[699],"class_list":{"0":"post-4289","1":"product","2":"type-product","3":"status-publish","4":"has-post-thumbnail","6":"product_brand-ferligs","7":"product_cat-table-legs","8":"product_tag-u-shaped-table-legs","9":"product_shipping_class-tables-legs","11":"first","12":"instock","13":"sale","14":"taxable","15":"shipping-taxable","16":"purchasable","17":"product-type-variable","18":"has-default-attributes"},"featured_image_urls_v2":{"full":["https:\/\/ferligs.com\/wp-content\/uploads\/2026\/02\/photo_2026-03-04_13-57-58.webp",1280,960,false],"thumbnail":["https:\/\/ferligs.com\/wp-content\/uploads\/2026\/02\/photo_2026-03-04_13-57-58-150x150.webp",150,150,true],"medium":["https:\/\/ferligs.com\/wp-content\/uploads\/2026\/02\/photo_2026-03-04_13-57-58-300x225.webp",300,225,true],"medium_large":["https:\/\/ferligs.com\/wp-content\/uploads\/2026\/02\/photo_2026-03-04_13-57-58-768x576.webp",768,576,true],"large":["https:\/\/ferligs.com\/wp-content\/uploads\/2026\/02\/photo_2026-03-04_13-57-58-1024x768.webp",1024,768,true],"1536x1536":["https:\/\/ferligs.com\/wp-content\/uploads\/2026\/02\/photo_2026-03-04_13-57-58.webp",1280,960,false],"2048x2048":["https:\/\/ferligs.com\/wp-content\/uploads\/2026\/02\/photo_2026-03-04_13-57-58.webp",1280,960,false],"trp-custom-language-flag":["https:\/\/ferligs.com\/wp-content\/uploads\/2026\/02\/photo_2026-03-04_13-57-58-16x12.webp",16,12,true],"woocommerce_archive_thumbnail":["https:\/\/ferligs.com\/wp-content\/uploads\/2026\/02\/photo_2026-03-04_13-57-58-300x225.webp",300,225,true],"woocommerce_thumbnail":["https:\/\/ferligs.com\/wp-content\/uploads\/2026\/02\/photo_2026-03-04_13-57-58-300x225.webp",300,225,true],"woocommerce_single":["https:\/\/ferligs.com\/wp-content\/uploads\/2026\/02\/photo_2026-03-04_13-57-58-600x450.webp",600,450,true],"woocommerce_gallery_thumbnail":["https:\/\/ferligs.com\/wp-content\/uploads\/2026\/02\/photo_2026-03-04_13-57-58-100x100.webp",100,100,true]},"post_excerpt_stackable_v2":"<p>The Uzava U-Shaped table legs combine industrial strength with a minimalist loft aesthetic, featuring a robust 80 x 40 mm steel profile and a durable powder-coated finish. Designed for both dining tables and benches, these high-quality metal bases provide exceptional stability and a sleek, modern look. Fully customizable in size and color, the Uzava model is the perfect foundation for bespoke furniture projects that require a balance of elegance and long-lasting durability.<\/p>\n","category_list_v2":"","author_info_v2":{"name":"","url":""},"comments_num_v2":"0 comments","jetpack_publicize_connections":[],"jetpack_sharing_enabled":true,"_links":{"self":[{"href":"https:\/\/ferligs.com\/lv\/wp-json\/wp\/v2\/product\/4289","targetHints":{"allow":["GET"]}}],"collection":[{"href":"https:\/\/ferligs.com\/lv\/wp-json\/wp\/v2\/product"}],"about":[{"href":"https:\/\/ferligs.com\/lv\/wp-json\/wp\/v2\/types\/product"}],"wp:featuredmedia":[{"embeddable":true,"href":"https:\/\/ferligs.com\/lv\/wp-json\/wp\/v2\/media\/5152"}],"wp:attachment":[{"href":"https:\/\/ferligs.com\/lv\/wp-json\/wp\/v2\/media?parent=4289"}],"wp:term":[{"taxonomy":"product_brand","embeddable":true,"href":"https:\/\/ferligs.com\/lv\/wp-json\/wp\/v2\/product_brand?post=4289"},{"taxonomy":"product_cat","embeddable":true,"href":"https:\/\/ferligs.com\/lv\/wp-json\/wp\/v2\/product_cat?post=4289"},{"taxonomy":"product_tag","embeddable":true,"href":"https:\/\/ferligs.com\/lv\/wp-json\/wp\/v2\/product_tag?post=4289"}],"curies":[{"name":"wp","href":"https:\/\/api.w.org\/{rel}","templated":true}]}}