{"id":4281,"date":"2026-02-26T16:04:02","date_gmt":"2026-02-26T14:04:02","guid":{"rendered":"https:\/\/ferligs.com\/?post_type=product&#038;p=4281"},"modified":"2026-03-11T19:58:13","modified_gmt":"2026-03-11T17:58:13","slug":"imula-table-legs","status":"publish","type":"product","link":"https:\/\/ferligs.com\/lv\/product\/imula-table-legs\/","title":{"rendered":"IMULA \u2013 4 met\u0101la galda k\u0101ju komplekts"},"content":{"rendered":"<p>Met\u0101la galda k\u0101ju komplekts \u201eImula\u201c (4 gab.) ir rad\u012bts, lai nodro\u0161in\u0101tu iztur\u012bbu, stabilit\u0101ti un modernu stilu \u0113damgaldiem, rakst\u0101mgaldiem, darba viet\u0101m un individu\u0101liem m\u0113be\u013cu izgatavo\u0161anas projektiem. \u0160\u012bs k\u0101jas, kas izgatavotas no augstas kvalit\u0101tes t\u0113rauda caurules (60\u00d720 mm), pied\u0101v\u0101 izcilu slodzes iztur\u012bbu un ilgsto\u0161u kalpo\u0161anas laiku, vienlaikus saglab\u0101jot t\u012bru, minim\u0101listisku izskatu, kas ide\u0101li iederas modernos un industri\u0101los interjeros.<\/p>\n<p>Katra k\u0101ja ir profesion\u0101li p\u0101rkl\u0101ta ar pulverkr\u0101su, lai nodro\u0161in\u0101tu gludu, vienm\u0113r\u012bgu virsmu, kas ir iztur\u012bga pret skr\u0101p\u0113jumiem, nodilumu un koroziju. Iztur\u012bgais pulverkr\u0101sas p\u0101rkl\u0101jums aizsarg\u0101 t\u0113raudu un saglab\u0101 t\u0101 izskatu daudzus gadus, ja m\u0113beles tiek lietotas norm\u0101los apst\u0101k\u013cos telp\u0101s.<\/p>\n<p>Standarta augstums ir 71 cm, k\u0101 ar\u012b regul\u0113jamas k\u0101ji\u0146as (aptuveni 1 cm), kas nodro\u0161ina papildu stabilit\u0101ti uz nel\u012bdzen\u0101m gr\u012bd\u0101m. K\u0101j\u0101m ir iepriek\u0161 izurbti 5 mm mont\u0101\u017eas caurumi, kas atvieglo uzst\u0101d\u012b\u0161anu. Ja jums nepiecie\u0161ami citi mont\u0101\u017eas caurumu izm\u0113ri, l\u016bdzu, nor\u0101diet to, veicot pas\u016bt\u012bjumu. L\u016bdzu, \u0146emiet v\u0113r\u0101: cen\u0101 ir iek\u013cauts tikai 4 met\u0101la galda k\u0101ju komplekts. Galda virsma nav iek\u013cauta.<\/p>","protected":false},"excerpt":{"rendered":"<p>Met\u0101la galda k\u0101ju komplekts \u201eImula\u201c (4 gab.) apvieno iztur\u012bbu, ilgm\u016b\u017e\u012bbu un modernu dizainu. \u0160\u012bs 71 cm gar\u0101s k\u0101jas, kas izgatavotas no 60\u00d720 mm t\u0113rauda caurules un p\u0101rkl\u0101tas ar iztur\u012bgu pulverkr\u0101su, nodro\u0161ina lielisku stabilit\u0101ti \u0113damgaldiem, rakst\u0101mgaldiem un individu\u0101liem m\u0113be\u013cu projektiem. Regul\u0113jamas k\u0101ji\u0146as nodro\u0161ina perfektu izl\u012bdzin\u0101\u0161anu. Galda virsma nav iek\u013cauta.<\/p>","protected":false},"featured_media":4638,"template":"","meta":{"jetpack_publicize_message":"","jetpack_publicize_feature_enabled":true,"jetpack_social_post_already_shared":true,"jetpack_social_options":{"image_generator_settings":{"template":"highway","default_image_id":0,"font":"","enabled":false},"version":2}},"product_brand":[578],"product_cat":[113],"product_tag":[],"class_list":{"0":"post-4281","1":"product","2":"type-product","3":"status-publish","4":"has-post-thumbnail","6":"product_brand-ferligs","7":"product_cat-table-legs","9":"first","10":"instock","11":"sale","12":"sold-individually","13":"taxable","14":"shipping-taxable","15":"purchasable","16":"product-type-variable","17":"has-default-attributes"},"featured_image_urls_v2":{"full":["https:\/\/ferligs.com\/wp-content\/uploads\/2026\/02\/IMG_0477-scaled.webp",2560,1920,false],"thumbnail":["https:\/\/ferligs.com\/wp-content\/uploads\/2026\/02\/IMG_0477-150x150.webp",150,150,true],"medium":["https:\/\/ferligs.com\/wp-content\/uploads\/2026\/02\/IMG_0477-300x225.webp",300,225,true],"medium_large":["https:\/\/ferligs.com\/wp-content\/uploads\/2026\/02\/IMG_0477-768x576.webp",768,576,true],"large":["https:\/\/ferligs.com\/wp-content\/uploads\/2026\/02\/IMG_0477-1024x768.webp",1024,768,true],"1536x1536":["https:\/\/ferligs.com\/wp-content\/uploads\/2026\/02\/IMG_0477-1536x1152.webp",1536,1152,true],"2048x2048":["https:\/\/ferligs.com\/wp-content\/uploads\/2026\/02\/IMG_0477-2048x1536.webp",2048,1536,true],"trp-custom-language-flag":["https:\/\/ferligs.com\/wp-content\/uploads\/2026\/02\/IMG_0477-16x12.webp",16,12,true],"woocommerce_archive_thumbnail":["https:\/\/ferligs.com\/wp-content\/uploads\/2026\/02\/IMG_0477-300x225.webp",300,225,true],"woocommerce_thumbnail":["https:\/\/ferligs.com\/wp-content\/uploads\/2026\/02\/IMG_0477-300x225.webp",300,225,true],"woocommerce_single":["https:\/\/ferligs.com\/wp-content\/uploads\/2026\/02\/IMG_0477-600x450.webp",600,450,true],"woocommerce_gallery_thumbnail":["https:\/\/ferligs.com\/wp-content\/uploads\/2026\/02\/IMG_0477-100x100.webp",100,100,true]},"post_excerpt_stackable_v2":"<p>The Imula \u2013 Set of 4 Metal Table Legs combines strength, durability, and modern design. Made from 60&#215;20 mm steel tube and finished with long-lasting powder coating, these 71 cm legs provide excellent stability for dining tables, desks, and custom furniture projects. Adjustable feet ensure perfect leveling. Tabletop not included.<\/p>\n","category_list_v2":"","author_info_v2":{"name":"","url":""},"comments_num_v2":"0 comments","jetpack_publicize_connections":[],"jetpack_sharing_enabled":true,"_links":{"self":[{"href":"https:\/\/ferligs.com\/lv\/wp-json\/wp\/v2\/product\/4281","targetHints":{"allow":["GET"]}}],"collection":[{"href":"https:\/\/ferligs.com\/lv\/wp-json\/wp\/v2\/product"}],"about":[{"href":"https:\/\/ferligs.com\/lv\/wp-json\/wp\/v2\/types\/product"}],"wp:featuredmedia":[{"embeddable":true,"href":"https:\/\/ferligs.com\/lv\/wp-json\/wp\/v2\/media\/4638"}],"wp:attachment":[{"href":"https:\/\/ferligs.com\/lv\/wp-json\/wp\/v2\/media?parent=4281"}],"wp:term":[{"taxonomy":"product_brand","embeddable":true,"href":"https:\/\/ferligs.com\/lv\/wp-json\/wp\/v2\/product_brand?post=4281"},{"taxonomy":"product_cat","embeddable":true,"href":"https:\/\/ferligs.com\/lv\/wp-json\/wp\/v2\/product_cat?post=4281"},{"taxonomy":"product_tag","embeddable":true,"href":"https:\/\/ferligs.com\/lv\/wp-json\/wp\/v2\/product_tag?post=4281"}],"curies":[{"name":"wp","href":"https:\/\/api.w.org\/{rel}","templated":true}]}}