{"id":3588,"date":"2026-02-03T13:36:21","date_gmt":"2026-02-03T11:36:21","guid":{"rendered":"https:\/\/ferligs.com\/?post_type=product&#038;p=3588"},"modified":"2026-03-11T20:10:54","modified_gmt":"2026-03-11T18:10:54","slug":"nirza-table-legs","status":"publish","type":"product","link":"https:\/\/ferligs.com\/lv\/product\/nirza-table-legs\/","title":{"rendered":"NIRZA \u2013 Met\u0101la galda k\u0101jas"},"content":{"rendered":"<p>Ar rok\u0101m izgatavotas Nirza A formas galda k\u0101jas no augstas kvalit\u0101tes t\u0113rauda. Katra p\u0101ri ir r\u016bp\u012bgi izstr\u0101d\u0101ta, lai nodro\u0161in\u0101tu iztur\u012bbu, stabilit\u0101ti un t\u012bru, augstv\u0113rt\u012bgu apdari. Elegants, konusveida trapecijas formas dizains sa\u0161aurin\u0101s no gr\u012bdas uz galda virsmu, pie\u0161\u0137irot galdam modernu, izsmalcin\u0101tu izskatu, kas perfekti iederas jebkur\u0101 interjer\u0101.<\/p>\n<p>Komplekt\u0101 ietilpst viena Nirza A formas met\u0101la galda k\u0101ju p\u0101ris (2 gab.). Galda pamatne ir viegli uzst\u0101d\u0101ma un apr\u012bkota ar iepriek\u0161 izurbtiem mont\u0101\u017eas caurumiem. Visas met\u0101la deta\u013cas ir apstr\u0101d\u0101tas ar iztur\u012bgu pulverkr\u0101su, kas aizsarg\u0101 t\u0113raudu no nodiluma un korozijas, nodro\u0161inot ilgsto\u0161u lieto\u0161anu.<\/p>\n<p>\u0160\u012bs rok\u0101m darin\u0101t\u0101s Nirza galda k\u0101jas ir izgatavotas, iev\u0113rojot kvalit\u0101ti un precizit\u0101ti, t\u0101d\u0113j\u0101di katrs izstr\u0101d\u0101jums ir nedaudz unik\u0101ls. A formas trapecijas dizains ne tikai pie\u0161\u0137ir stilu, bet ar\u012b palielina stabilit\u0101ti un vizu\u0101lo vieglumu, padarot j\u016bsu galdu elegantu, bet vienlaikus ar\u012b iztur\u012bgu.<\/p>\n<p>P\u0113c piepras\u012bjuma ir pieejami pas\u016bt\u012bjuma izm\u0113ri un specifik\u0101cijas. Cena attiecas tikai uz galda pamatni. Galda virsma nav iek\u013cauta.<\/p>\n<p>Materi\u0101ls: t\u0113rauda caurule 80 \u00d7 40 mm. Mont\u0101\u017eas caurumi: 5 mm (p\u0113c piepras\u012bjuma pieejamas individu\u0101las opcijas).<\/p>\n<p>Izm\u0113ri: augstums 71 cm + regul\u0113jamas k\u0101jas (~1 cm). Platuma varianti: 60 \/ 70 \/ 80 cm.<\/p>","protected":false},"excerpt":{"rendered":"<p>Ar rok\u0101m izgatavotas A veida met\u0101la galda k\u0101jas no augstas kvalit\u0101tes t\u0113rauda. Elegants, no gr\u012bdas uz galda virsmu sa\u0161aurin\u0101ts dizains. Iztur\u012bga pulverkr\u0101sas apdare. Viegli uzst\u0101d\u0101mas. Pieejamas p\u0113c pas\u016bt\u012bjuma izgatavotas k\u0101jas.<\/p>","protected":false},"featured_media":3621,"template":"","meta":{"jetpack_publicize_message":"","jetpack_publicize_feature_enabled":true,"jetpack_social_post_already_shared":true,"jetpack_social_options":{"image_generator_settings":{"template":"highway","default_image_id":0,"font":"","enabled":false},"version":2}},"product_brand":[578],"product_cat":[113],"product_tag":[702],"class_list":{"0":"post-3588","1":"product","2":"type-product","3":"status-publish","4":"has-post-thumbnail","6":"product_brand-ferligs","7":"product_cat-table-legs","8":"product_tag-trapezoid-table-legs","9":"product_shipping_class-tables-legs","11":"first","12":"instock","13":"sale","14":"taxable","15":"shipping-taxable","16":"purchasable","17":"product-type-variable","18":"has-default-attributes"},"featured_image_urls_v2":{"full":["https:\/\/ferligs.com\/wp-content\/uploads\/2026\/02\/8657-Webp-1640x1360-1.webp",1639,1359,false],"thumbnail":["https:\/\/ferligs.com\/wp-content\/uploads\/2026\/02\/8657-Webp-1640x1360-1-150x150.webp",150,150,true],"medium":["https:\/\/ferligs.com\/wp-content\/uploads\/2026\/02\/8657-Webp-1640x1360-1-300x249.webp",300,249,true],"medium_large":["https:\/\/ferligs.com\/wp-content\/uploads\/2026\/02\/8657-Webp-1640x1360-1-768x637.webp",768,637,true],"large":["https:\/\/ferligs.com\/wp-content\/uploads\/2026\/02\/8657-Webp-1640x1360-1-1024x849.webp",1024,849,true],"1536x1536":["https:\/\/ferligs.com\/wp-content\/uploads\/2026\/02\/8657-Webp-1640x1360-1-1536x1274.webp",1536,1274,true],"2048x2048":["https:\/\/ferligs.com\/wp-content\/uploads\/2026\/02\/8657-Webp-1640x1360-1.webp",1639,1359,false],"trp-custom-language-flag":["https:\/\/ferligs.com\/wp-content\/uploads\/2026\/02\/8657-Webp-1640x1360-1-14x12.webp",14,12,true],"woocommerce_archive_thumbnail":["https:\/\/ferligs.com\/wp-content\/uploads\/2026\/02\/8657-Webp-1640x1360-1-300x249.webp",300,249,true],"woocommerce_thumbnail":["https:\/\/ferligs.com\/wp-content\/uploads\/2026\/02\/8657-Webp-1640x1360-1-300x249.webp",300,249,true],"woocommerce_single":["https:\/\/ferligs.com\/wp-content\/uploads\/2026\/02\/8657-Webp-1640x1360-1-600x497.webp",600,497,true],"woocommerce_gallery_thumbnail":["https:\/\/ferligs.com\/wp-content\/uploads\/2026\/02\/8657-Webp-1640x1360-1-100x100.webp",100,100,true]},"post_excerpt_stackable_v2":"<p>Handcrafted A-shaped metal table legs made of high-quality steel. Elegant tapered design that narrows from floor to tabletop. Durable powder-coated finish. Easy to install. Custom sizes available.<\/p>\n","category_list_v2":"","author_info_v2":{"name":"","url":""},"comments_num_v2":"0 comments","jetpack_publicize_connections":[],"jetpack_sharing_enabled":true,"_links":{"self":[{"href":"https:\/\/ferligs.com\/lv\/wp-json\/wp\/v2\/product\/3588","targetHints":{"allow":["GET"]}}],"collection":[{"href":"https:\/\/ferligs.com\/lv\/wp-json\/wp\/v2\/product"}],"about":[{"href":"https:\/\/ferligs.com\/lv\/wp-json\/wp\/v2\/types\/product"}],"wp:featuredmedia":[{"embeddable":true,"href":"https:\/\/ferligs.com\/lv\/wp-json\/wp\/v2\/media\/3621"}],"wp:attachment":[{"href":"https:\/\/ferligs.com\/lv\/wp-json\/wp\/v2\/media?parent=3588"}],"wp:term":[{"taxonomy":"product_brand","embeddable":true,"href":"https:\/\/ferligs.com\/lv\/wp-json\/wp\/v2\/product_brand?post=3588"},{"taxonomy":"product_cat","embeddable":true,"href":"https:\/\/ferligs.com\/lv\/wp-json\/wp\/v2\/product_cat?post=3588"},{"taxonomy":"product_tag","embeddable":true,"href":"https:\/\/ferligs.com\/lv\/wp-json\/wp\/v2\/product_tag?post=3588"}],"curies":[{"name":"wp","href":"https:\/\/api.w.org\/{rel}","templated":true}]}}