{"id":2609,"date":"2025-11-06T16:01:27","date_gmt":"2025-11-06T14:01:27","guid":{"rendered":"https:\/\/ferligs.com\/?post_type=product&#038;p=2609"},"modified":"2026-03-06T09:33:20","modified_gmt":"2026-03-06T07:33:20","slug":"misa-table-legs","status":"publish","type":"product","link":"https:\/\/ferligs.com\/lv\/product\/misa-table-legs\/","title":{"rendered":"MISA &#8211; Metal Table Legs for Dining Tables"},"content":{"rendered":"<p>The Misa metal table legs bring elegance and strength to any dining table, combining modern style with exceptional durability. Crafted for rectangular tabletops, this meticulously designed table base offers superior stability and support, making it the perfect foundation for stylish and functional home or office furniture.<\/p>\n<p>Augstas kvalit\u0101tes pulverkr\u0101sota t\u0113rauda apdare ne tikai nodro\u0161ina izcilu iztur\u012bbu pret skr\u0101p\u0113jumiem, nodilumu un koroziju, bet ar\u012b pie\u0161\u0137ir modernam un industri\u0101lam interjeram elegantu un izsmalcin\u0101tu izskatu.<\/p>\n<p>Misa galda pamatne tiek pieg\u0101d\u0101ta nesamont\u0113ta. Galda pamatnes mont\u0101\u017ea nav sare\u017e\u0123\u012bta \u2014 mont\u0101\u017eas instrukcijas ir iek\u013cautas, un iepakojum\u0101 ir viss nepiecie\u0161amais.<\/p>\n<p>Detaliz\u0113ti izstr\u0101d\u0101tas deta\u013cas ir p\u0101rkl\u0101tas ar pulverkr\u0101su. P\u0101rkl\u0101jums ir iztur\u012bgs un kalpo daudzus gadus, nodro\u0161inot, ka k\u0101jas saglab\u0101 savu izskatu un funkcionalit\u0101ti ilgsto\u0161i.<\/p>\n<p>Misa met\u0101la galda pamatne ir ide\u0101li piem\u0113rota \u0113damgaldiem, rakst\u0101mgaldiem, virtuves let\u0113m vai pat konferen\u010du galdiem, pie\u0161\u0137irot jebkurai telpai profesion\u0101lu, izsmalcin\u0101tu izskatu un nodro\u0161inot uzticamu un stabilu pamatu. T\u0101s minim\u0101listisk\u0101, bet industri\u0101l\u0101 est\u0113tika padara to piem\u0113rotu m\u016bsdien\u012bg\u0101m m\u0101j\u0101m, birojiem, studij\u0101m un komerci\u0101lajiem interjeriem, uzlabojot kop\u0113jo stilu, vienlaikus saglab\u0101jot praktiskumu un iztur\u012bbu.<\/p>\n<p>\u0160o galdu var izgatavot p\u0113c pas\u016bt\u012bjuma atbilsto\u0161i j\u016bsu izm\u0113riem un specifik\u0101cij\u0101m.<\/p>\n<p>Cena attiecas tikai uz galda pamatni. Galda virsma nav iek\u013cauta.<\/p>","protected":false},"excerpt":{"rendered":"<p>Stil\u012bgas un iztur\u012bgas met\u0101la galda k\u0101jas kvadr\u0101tveida galdiem. Izgatavotas no iztur\u012bga pulverkr\u0101sota t\u0113rauda, kas ir iztur\u012bgs pret skr\u0101p\u0113jumiem un koroziju. Pieejami pas\u016bt\u012bjuma izm\u0113ri. Pieg\u0101d\u0101tas nesamont\u0113tas, ar vis\u0101m deta\u013c\u0101m. <strong>Galda virsma nav iek\u013cauta.<\/strong><\/p>","protected":false},"featured_media":2561,"template":"","meta":{"jetpack_publicize_message":"","jetpack_publicize_feature_enabled":true,"jetpack_social_post_already_shared":false,"jetpack_social_options":{"image_generator_settings":{"template":"highway","default_image_id":0,"font":"","enabled":false},"version":2}},"product_brand":[578],"product_cat":[113],"product_tag":[705,704,698],"class_list":{"0":"post-2609","1":"product","2":"type-product","3":"status-publish","4":"has-post-thumbnail","6":"product_brand-ferligs","7":"product_cat-table-legs","8":"product_tag-spider-legs","9":"product_tag-table-bases","10":"product_tag-x-shaped-table-legs","11":"product_shipping_class-tables-legs","13":"first","14":"instock","15":"sale","16":"featured","17":"taxable","18":"shipping-taxable","19":"purchasable","20":"product-type-variable","21":"has-default-attributes"},"featured_image_urls_v2":{"full":["https:\/\/ferligs.com\/wp-content\/uploads\/2025\/11\/misa-table-legs-2-scaled.webp",2560,1926,false],"thumbnail":["https:\/\/ferligs.com\/wp-content\/uploads\/2025\/11\/misa-table-legs-2-150x150.webp",150,150,true],"medium":["https:\/\/ferligs.com\/wp-content\/uploads\/2025\/11\/misa-table-legs-2-300x226.webp",300,226,true],"medium_large":["https:\/\/ferligs.com\/wp-content\/uploads\/2025\/11\/misa-table-legs-2-768x578.webp",768,578,true],"large":["https:\/\/ferligs.com\/wp-content\/uploads\/2025\/11\/misa-table-legs-2-1024x770.webp",1024,770,true],"1536x1536":["https:\/\/ferligs.com\/wp-content\/uploads\/2025\/11\/misa-table-legs-2-1536x1155.webp",1536,1155,true],"2048x2048":["https:\/\/ferligs.com\/wp-content\/uploads\/2025\/11\/misa-table-legs-2-2048x1541.webp",2048,1541,true],"trp-custom-language-flag":["https:\/\/ferligs.com\/wp-content\/uploads\/2025\/11\/misa-table-legs-2-16x12.webp",16,12,true],"woocommerce_archive_thumbnail":["https:\/\/ferligs.com\/wp-content\/uploads\/2025\/11\/misa-table-legs-2-300x226.webp",300,226,true],"woocommerce_thumbnail":["https:\/\/ferligs.com\/wp-content\/uploads\/2025\/11\/misa-table-legs-2-300x226.webp",300,226,true],"woocommerce_single":["https:\/\/ferligs.com\/wp-content\/uploads\/2025\/11\/misa-table-legs-2-600x451.webp",600,451,true],"woocommerce_gallery_thumbnail":["https:\/\/ferligs.com\/wp-content\/uploads\/2025\/11\/misa-table-legs-2-100x100.webp",100,100,true]},"post_excerpt_stackable_v2":"<p>Stylish and strong metal table legs for rectangular tables. Made from durable powder-coated steel, resistant to scratches and corrosion. Custom sizes available. Delivered unassembled with all parts included. <strong>Tabletop not included.<\/strong><\/p>\n","category_list_v2":"","author_info_v2":{"name":"","url":""},"comments_num_v2":"0 comments","jetpack_publicize_connections":[],"jetpack_sharing_enabled":true,"_links":{"self":[{"href":"https:\/\/ferligs.com\/lv\/wp-json\/wp\/v2\/product\/2609","targetHints":{"allow":["GET"]}}],"collection":[{"href":"https:\/\/ferligs.com\/lv\/wp-json\/wp\/v2\/product"}],"about":[{"href":"https:\/\/ferligs.com\/lv\/wp-json\/wp\/v2\/types\/product"}],"wp:featuredmedia":[{"embeddable":true,"href":"https:\/\/ferligs.com\/lv\/wp-json\/wp\/v2\/media\/2561"}],"wp:attachment":[{"href":"https:\/\/ferligs.com\/lv\/wp-json\/wp\/v2\/media?parent=2609"}],"wp:term":[{"taxonomy":"product_brand","embeddable":true,"href":"https:\/\/ferligs.com\/lv\/wp-json\/wp\/v2\/product_brand?post=2609"},{"taxonomy":"product_cat","embeddable":true,"href":"https:\/\/ferligs.com\/lv\/wp-json\/wp\/v2\/product_cat?post=2609"},{"taxonomy":"product_tag","embeddable":true,"href":"https:\/\/ferligs.com\/lv\/wp-json\/wp\/v2\/product_tag?post=2609"}],"curies":[{"name":"wp","href":"https:\/\/api.w.org\/{rel}","templated":true}]}}