{"id":1924,"date":"2025-02-26T07:39:54","date_gmt":"2025-02-26T05:39:54","guid":{"rendered":"https:\/\/ferligs.com\/?post_type=product&#038;p=1924"},"modified":"2026-03-05T16:13:45","modified_gmt":"2026-03-05T14:13:45","slug":"malta","status":"publish","type":"product","link":"https:\/\/ferligs.com\/lv\/product\/malta\/","title":{"rendered":"MALTA \u2013 X-veida galda k\u0101ju p\u0101ris"},"content":{"rendered":"<p>MALTA ir elegants galda stat\u012bvs no augstas kvalit\u0101tes met\u0101la, kas piem\u0113rots gan modernam, gan klasiskam interjeram. T\u012bra X-veida silueta forma rada stil\u012bgu un stabilu pamatu \u0113damgaldiem, rakst\u0101mgaldiem vai darba viet\u0101m. Minim\u0101listiskais dizains \u013cauj stat\u012bvam harmoniski sapl\u016bst ar loft, industri\u0101lu, m\u016bsdien\u012bgu vai skandin\u0101vu vidi.<\/p>\n<p>Izgatavots no iztur\u012bgas t\u0113rauda caurules (80\u00d740 mm vai 80\u00d720 mm), MALTA nodro\u0161ina lielisku iztur\u012bbu un ilgsto\u0161u uzticam\u012bbu. Komplekt\u0101 ietilpst divas X-veida k\u0101jas, kas nodro\u0161ina simetrisku un stabilu konstrukciju.<\/p>\n<p>Visas deta\u013cas ir profesion\u0101li p\u0101rkl\u0101tas ar pulverkr\u0101su, kas nodro\u0161ina vienm\u0113r\u012bgu un gludu apdari. Pulverkr\u0101sojums ne tikai uzlabo izskatu, bet ar\u012b aizsarg\u0101 met\u0101lu no skr\u0101p\u0113jumiem, korozijas un ikdienas nolietojuma, saglab\u0101jot skaistu izskatu daudzus gadus.<\/p>\n<p>Standarta versijai ir 5 mm mont\u0101\u017eas caurumi vieglai un dro\u0161ai uzst\u0101d\u012b\u0161anai. Mont\u0101\u017ea ir \u0101tra un vienk\u0101r\u0161a. Stat\u012bvu var izgatavot p\u0113c individu\u0101liem izm\u0113riem (augstums, platums 60 \/ 70 \/ 80 cm) vai mont\u0101\u017eas caurumu konfigur\u0101cijas. Cena ietver tikai galda stat\u012bvu \u2014 galda virsma nav iek\u013cauta.<\/p>","protected":false},"excerpt":{"rendered":"<p>MALTA ir elegants met\u0101la galda stat\u012bvs ar modernu X-veida dizainu, kas iederas jebkur\u0101 interjer\u0101. Izgatavots no augstas kvalit\u0101tes t\u0113rauda caurules ar iztur\u012bgu pulverkr\u0101sas p\u0101rkl\u0101jumu, nodro\u0161ina stabilit\u0101ti un ilglaic\u012bgu iztur\u012bbu. Komplekt\u0101 ietilpst divas k\u0101jas ar vienk\u0101r\u0161u mont\u0101\u017eu un piel\u0101gojamiem izm\u0113riem j\u016bsu projektam.<\/p>","protected":false},"featured_media":1932,"template":"","meta":{"jetpack_publicize_message":"","jetpack_publicize_feature_enabled":true,"jetpack_social_post_already_shared":true,"jetpack_social_options":{"image_generator_settings":{"template":"highway","default_image_id":0,"font":"","enabled":false},"version":2}},"product_brand":[578],"product_cat":[113],"product_tag":[698],"class_list":{"0":"post-1924","1":"product","2":"type-product","3":"status-publish","4":"has-post-thumbnail","6":"product_brand-ferligs","7":"product_cat-table-legs","8":"product_tag-x-shaped-table-legs","9":"product_shipping_class-tables-legs","11":"first","12":"instock","13":"sale","14":"taxable","15":"shipping-taxable","16":"purchasable","17":"product-type-variable","18":"has-default-attributes"},"featured_image_urls_v2":{"full":["https:\/\/ferligs.com\/wp-content\/uploads\/2025\/02\/TBL_17_1640x1360_4.webp",1640,1360,false],"thumbnail":["https:\/\/ferligs.com\/wp-content\/uploads\/2025\/02\/TBL_17_1640x1360_4-150x150.webp",150,150,true],"medium":["https:\/\/ferligs.com\/wp-content\/uploads\/2025\/02\/TBL_17_1640x1360_4-300x249.webp",300,249,true],"medium_large":["https:\/\/ferligs.com\/wp-content\/uploads\/2025\/02\/TBL_17_1640x1360_4-768x637.webp",768,637,true],"large":["https:\/\/ferligs.com\/wp-content\/uploads\/2025\/02\/TBL_17_1640x1360_4-1024x849.webp",1024,849,true],"1536x1536":["https:\/\/ferligs.com\/wp-content\/uploads\/2025\/02\/TBL_17_1640x1360_4-1536x1274.webp",1536,1274,true],"2048x2048":["https:\/\/ferligs.com\/wp-content\/uploads\/2025\/02\/TBL_17_1640x1360_4.webp",1640,1360,false],"trp-custom-language-flag":["https:\/\/ferligs.com\/wp-content\/uploads\/2025\/02\/TBL_17_1640x1360_4-14x12.webp",14,12,true],"woocommerce_archive_thumbnail":["https:\/\/ferligs.com\/wp-content\/uploads\/2025\/02\/TBL_17_1640x1360_4-300x249.webp",300,249,true],"woocommerce_thumbnail":["https:\/\/ferligs.com\/wp-content\/uploads\/2025\/02\/TBL_17_1640x1360_4-300x249.webp",300,249,true],"woocommerce_single":["https:\/\/ferligs.com\/wp-content\/uploads\/2025\/02\/TBL_17_1640x1360_4-600x498.webp",600,498,true],"woocommerce_gallery_thumbnail":["https:\/\/ferligs.com\/wp-content\/uploads\/2025\/02\/TBL_17_1640x1360_4-100x100.webp",100,100,true]},"post_excerpt_stackable_v2":"<p>MALTA is an elegant metal table base featuring a modern X-shaped design that complements any interior style. Made from high-quality steel tube and finished with durable powder coating, it ensures long-lasting performance and stability. The set includes two legs, with simple mounting and customizable dimensions to fit your project.<\/p>\n","category_list_v2":"","author_info_v2":{"name":"","url":""},"comments_num_v2":"0 comments","jetpack_publicize_connections":[],"jetpack_sharing_enabled":true,"_links":{"self":[{"href":"https:\/\/ferligs.com\/lv\/wp-json\/wp\/v2\/product\/1924","targetHints":{"allow":["GET"]}}],"collection":[{"href":"https:\/\/ferligs.com\/lv\/wp-json\/wp\/v2\/product"}],"about":[{"href":"https:\/\/ferligs.com\/lv\/wp-json\/wp\/v2\/types\/product"}],"wp:featuredmedia":[{"embeddable":true,"href":"https:\/\/ferligs.com\/lv\/wp-json\/wp\/v2\/media\/1932"}],"wp:attachment":[{"href":"https:\/\/ferligs.com\/lv\/wp-json\/wp\/v2\/media?parent=1924"}],"wp:term":[{"taxonomy":"product_brand","embeddable":true,"href":"https:\/\/ferligs.com\/lv\/wp-json\/wp\/v2\/product_brand?post=1924"},{"taxonomy":"product_cat","embeddable":true,"href":"https:\/\/ferligs.com\/lv\/wp-json\/wp\/v2\/product_cat?post=1924"},{"taxonomy":"product_tag","embeddable":true,"href":"https:\/\/ferligs.com\/lv\/wp-json\/wp\/v2\/product_tag?post=1924"}],"curies":[{"name":"wp","href":"https:\/\/api.w.org\/{rel}","templated":true}]}}