{"id":1780,"date":"2024-09-01T21:47:32","date_gmt":"2024-09-01T18:47:32","guid":{"rendered":"https:\/\/ferligs.com\/?post_type=product&#038;p=1780"},"modified":"2026-03-03T09:09:32","modified_gmt":"2026-03-03T07:09:32","slug":"tervete-firewood-rack","status":"publish","type":"product","link":"https:\/\/ferligs.com\/lv\/product\/tervete-firewood-rack\/","title":{"rendered":"TERVETE \u2013 Malka tur\u0113t\u0101js"},"content":{"rendered":"<p>Amatnieka kvalit\u0101te un m\u016bsdien\u012bgs dizains Malkas stat\u012bvs Tervete ir roku darbs, kas rad\u012bts tiem, kuri nov\u0113rt\u0113 gan stilu, gan iztur\u012bbu. Katrs izstr\u0101d\u0101jums tiek manu\u0101li metin\u0101ts no augstv\u0113rt\u012bg\u0101m 2,5 \u00d7 2,5 cm t\u0113rauda kvadr\u0101tcaurul\u0113m un p\u0101rkl\u0101ts ar kvalitat\u012bvu pulverkr\u0101su, kas rada dro\u0161u barjeru pret r\u016bsu un nodilumu. Pateicoties tam, ka tas ir roku darbs, tiek nodro\u0161in\u0101ta konstrukcijas integrit\u0101te un uzman\u012bba deta\u013c\u0101m, ko nevar sasniegt masveida ra\u017eo\u0161an\u0101. T\u0101 minim\u0101listiskais arhitekt\u016bras r\u0101mis nevainojami iek\u013caujas jebkur\u0101 vid\u0113 \u2013 no m\u0101j\u012bgas viesistabas l\u012bdz d\u0101rza ainavai.<\/p>\n<p>Kompakta uzglab\u0101\u0161ana un gatav\u012bba lieto\u0161anai Neskatoties uz ask\u0113tisko izskatu, Tervete ir paredz\u0113ta liel\u0101m slodz\u0113m: 100 cm platums un 25 cm dzi\u013cums \u013cauj \u0113rti sak\u0101rtot malku, neaiz\u0146emot lieku vietu telp\u0101. Stat\u012bvs ir izstr\u0101d\u0101ts maksim\u0101lai \u0113rt\u012bbai \u2013 tas tiek pieg\u0101d\u0101ts piln\u012bb\u0101 samont\u0113ts un ir gatavs lieto\u0161anai uzreiz p\u0113c izpako\u0161anas, bez jebk\u0101diem instrumentiem vai instrukcij\u0101m. Neatkar\u012bgi no t\u0101, vai tas tiek novietots pie kam\u012bna telp\u0101s vai pie ugunskura vietas d\u0101rz\u0101, t\u0101 stabil\u0101 konstrukcija un laikapst\u0101k\u013cu iztur\u012bg\u0101 apdare garant\u0113 kalpo\u0161anu gadiem ilgi.<\/p>\n<p>Specifik\u0101cijas: \u0160is ar rok\u0101m darin\u0101tais malkas stat\u012bvs ir izgatavots no metin\u0101ta 2,5 \u00d7 2,5 cm t\u0113rauda profila ar pretkorozijas pulverkr\u0101sojumu, nodro\u0161inot izcilu ilgm\u016b\u017e\u012bbu. T\u0101 izm\u0113ri ir 40 cm augstum\u0101, 100 cm platum\u0101 un 25 cm dzi\u013cum\u0101, pied\u0101v\u0101jot ietilp\u012bgu uzglab\u0101\u0161anu kompakt\u0101 form\u0101. Ar lepnumu rad\u012bts k\u0101 roku darbs un neprasot mont\u0101\u017eu, Tervete tiek pieg\u0101d\u0101ts piln\u012bb\u0101 gatavs lieto\u0161anai.<\/p>","protected":false},"excerpt":{"rendered":"<p>Malkas stat\u012bvs T\u0113rvete: roku darbs un industri\u0101lais minim\u0101lisms. \u0160is elegantais, zema profila malkas stat\u012bvs p\u0101rv\u0113r\u0161 malkas uzglab\u0101\u0161anu par m\u016bsdien\u012bgu dizaina elementu. Ar rok\u0101m darin\u0101ts no iztur\u012bga t\u0113rauda ar pulverkr\u0101sojumu, Tervete aiz\u0146em maz vietas, saglab\u0101jot lielu ietilp\u012bbu. Tas ir izcils amatniecisks akcents j\u016bsu interjeram vai terasei.<\/p>","protected":false},"featured_media":1783,"template":"","meta":{"jetpack_publicize_message":"","jetpack_publicize_feature_enabled":true,"jetpack_social_post_already_shared":false,"jetpack_social_options":{"image_generator_settings":{"template":"highway","default_image_id":0,"font":"","enabled":false},"version":2}},"product_brand":[578],"product_cat":[112],"product_tag":[],"class_list":{"0":"post-1780","1":"product","2":"type-product","3":"status-publish","4":"has-post-thumbnail","6":"product_brand-ferligs","7":"product_cat-firewood","8":"product_shipping_class-racks","10":"first","11":"instock","12":"sale","13":"taxable","14":"shipping-taxable","15":"purchasable","16":"product-type-variable","17":"has-default-attributes"},"featured_image_urls_v2":{"full":["https:\/\/ferligs.com\/wp-content\/uploads\/2024\/09\/IMG_0843-Webp1640x1360.webp",1640,1360,false],"thumbnail":["https:\/\/ferligs.com\/wp-content\/uploads\/2024\/09\/IMG_0843-Webp1640x1360-150x150.webp",150,150,true],"medium":["https:\/\/ferligs.com\/wp-content\/uploads\/2024\/09\/IMG_0843-Webp1640x1360-300x249.webp",300,249,true],"medium_large":["https:\/\/ferligs.com\/wp-content\/uploads\/2024\/09\/IMG_0843-Webp1640x1360-768x637.webp",768,637,true],"large":["https:\/\/ferligs.com\/wp-content\/uploads\/2024\/09\/IMG_0843-Webp1640x1360-1024x849.webp",1024,849,true],"1536x1536":["https:\/\/ferligs.com\/wp-content\/uploads\/2024\/09\/IMG_0843-Webp1640x1360-1536x1274.webp",1536,1274,true],"2048x2048":["https:\/\/ferligs.com\/wp-content\/uploads\/2024\/09\/IMG_0843-Webp1640x1360.webp",1640,1360,false],"trp-custom-language-flag":["https:\/\/ferligs.com\/wp-content\/uploads\/2024\/09\/IMG_0843-Webp1640x1360.webp",14,12,false],"woocommerce_archive_thumbnail":["https:\/\/ferligs.com\/wp-content\/uploads\/2024\/09\/IMG_0843-Webp1640x1360-300x249.webp",300,249,true],"woocommerce_thumbnail":["https:\/\/ferligs.com\/wp-content\/uploads\/2024\/09\/IMG_0843-Webp1640x1360-300x249.webp",300,249,true],"woocommerce_single":["https:\/\/ferligs.com\/wp-content\/uploads\/2024\/09\/IMG_0843-Webp1640x1360-600x498.webp",600,498,true],"woocommerce_gallery_thumbnail":["https:\/\/ferligs.com\/wp-content\/uploads\/2024\/09\/IMG_0843-Webp1640x1360-100x100.webp",100,100,true]},"post_excerpt_stackable_v2":"<p>The Tervete Firewood Rack: Handcrafted Industrial Minimalism. This sleek, low-profile rack turns your firewood into a design feature. Hand-built from heavy-duty, powder-coated steel, the Tervete offers a compact footprint without sacrificing capacity. It is the perfect artisanal touch for a modern hearth, whether located in your living room or on the patio.<\/p>\n","category_list_v2":"","author_info_v2":{"name":"","url":""},"comments_num_v2":"0 comments","jetpack_publicize_connections":[],"jetpack_sharing_enabled":true,"_links":{"self":[{"href":"https:\/\/ferligs.com\/lv\/wp-json\/wp\/v2\/product\/1780","targetHints":{"allow":["GET"]}}],"collection":[{"href":"https:\/\/ferligs.com\/lv\/wp-json\/wp\/v2\/product"}],"about":[{"href":"https:\/\/ferligs.com\/lv\/wp-json\/wp\/v2\/types\/product"}],"wp:featuredmedia":[{"embeddable":true,"href":"https:\/\/ferligs.com\/lv\/wp-json\/wp\/v2\/media\/1783"}],"wp:attachment":[{"href":"https:\/\/ferligs.com\/lv\/wp-json\/wp\/v2\/media?parent=1780"}],"wp:term":[{"taxonomy":"product_brand","embeddable":true,"href":"https:\/\/ferligs.com\/lv\/wp-json\/wp\/v2\/product_brand?post=1780"},{"taxonomy":"product_cat","embeddable":true,"href":"https:\/\/ferligs.com\/lv\/wp-json\/wp\/v2\/product_cat?post=1780"},{"taxonomy":"product_tag","embeddable":true,"href":"https:\/\/ferligs.com\/lv\/wp-json\/wp\/v2\/product_tag?post=1780"}],"curies":[{"name":"wp","href":"https:\/\/api.w.org\/{rel}","templated":true}]}}