{"id":1581,"date":"2023-07-24T19:03:53","date_gmt":"2023-07-24T16:03:53","guid":{"rendered":"https:\/\/ferligs.com\/?post_type=product&#038;p=1581"},"modified":"2026-03-03T09:09:34","modified_gmt":"2026-03-03T07:09:34","slug":"dunika-firewood-rack","status":"publish","type":"product","link":"https:\/\/ferligs.com\/lv\/product\/dunika-firewood-rack\/","title":{"rendered":"DUNIKA \u2013 Malkas plaukts"},"content":{"rendered":"<p>Modern Design &amp; Durability Dunika vertik\u0101lais malku tur\u0113t\u0101js ir ide\u0101ls stila un funkcionalit\u0101tes apvienojums. T\u0101 slaidais, augstais profils ir \u012bpa\u0161i izstr\u0101d\u0101ts tiem, kuri v\u0113las ietaup\u012bt gr\u012bdas plat\u012bbu, vienlaikus saglab\u0101jot iev\u0113rojamu malku daudzumu pa rokai.<\/p>\n<p>\u0160is plaukts ir metin\u0101ts no augstas kvalit\u0101tes 2,5\u00d72,5 cm kvadr\u0101tveida t\u0113rauda caurul\u0113m un ir izgatavots, lai nodro\u0161in\u0101tu stabilit\u0101ti. Profesion\u0101la pulverkr\u0101sas p\u0101rkl\u0101juma apdare nodro\u0161ina papildu aizsardz\u012bbas sl\u0101ni.<\/p>\n<p>Daudzpus\u012bga lieto\u0161ana Neatkar\u012bgi no t\u0101, vai j\u016bs to novietojat modern\u0101 dz\u012bvojam\u0101 istab\u0101 vai \u0101ra teras\u0113, Dunika plaukts saglab\u0101 savu eleganto izskatu. Vertik\u0101l\u0101 konstrukcija nodro\u0161ina, ka j\u016bsu malka paliek sausa, sak\u0101rtota un gatava kurin\u0101\u0161anai.<\/p>","protected":false},"excerpt":{"rendered":"<p>Gluds, vietu taupo\u0161s vertik\u0101ls stat\u012bvs, kas paredz\u0113ts, lai j\u016bsu malka b\u016btu sak\u0101rtota. Izgatavots no 2,5\u00d72,5 cm t\u0113rauda ar augst\u0101k\u0101s kvalit\u0101tes pulverkr\u0101sas p\u0101rkl\u0101jumu, tas pie\u0161\u0137ir modernu dekorat\u012bvu akcentu jebkuram kam\u012bnam.<\/p>","protected":false},"featured_media":1593,"template":"","meta":{"jetpack_publicize_message":"","jetpack_publicize_feature_enabled":true,"jetpack_social_post_already_shared":true,"jetpack_social_options":{"image_generator_settings":{"template":"highway","default_image_id":0,"font":"","enabled":false},"version":2}},"product_brand":[578],"product_cat":[112],"product_tag":[],"class_list":{"0":"post-1581","1":"product","2":"type-product","3":"status-publish","4":"has-post-thumbnail","6":"product_brand-ferligs","7":"product_cat-firewood","8":"product_shipping_class-racks","10":"first","11":"instock","12":"sale","13":"taxable","14":"shipping-taxable","15":"purchasable","16":"product-type-variable","17":"has-default-attributes"},"featured_image_urls_v2":{"full":["https:\/\/ferligs.com\/wp-content\/uploads\/2023\/07\/RACK1_6.jpg",820,680,false],"thumbnail":["https:\/\/ferligs.com\/wp-content\/uploads\/2023\/07\/RACK1_6.jpg",150,124,false],"medium":["https:\/\/ferligs.com\/wp-content\/uploads\/2023\/07\/RACK1_6.jpg",300,249,false],"medium_large":["https:\/\/ferligs.com\/wp-content\/uploads\/2023\/07\/RACK1_6.jpg",768,637,false],"large":["https:\/\/ferligs.com\/wp-content\/uploads\/2023\/07\/RACK1_6.jpg",820,680,false],"1536x1536":["https:\/\/ferligs.com\/wp-content\/uploads\/2023\/07\/RACK1_6.jpg",820,680,false],"2048x2048":["https:\/\/ferligs.com\/wp-content\/uploads\/2023\/07\/RACK1_6.jpg",820,680,false],"trp-custom-language-flag":["https:\/\/ferligs.com\/wp-content\/uploads\/2023\/07\/RACK1_6.jpg",14,12,false],"woocommerce_archive_thumbnail":["https:\/\/ferligs.com\/wp-content\/uploads\/2023\/07\/RACK1_6-300x249.jpg",300,249,true],"woocommerce_thumbnail":["https:\/\/ferligs.com\/wp-content\/uploads\/2023\/07\/RACK1_6.jpg",300,249,false],"woocommerce_single":["https:\/\/ferligs.com\/wp-content\/uploads\/2023\/07\/RACK1_6.jpg",600,498,false],"woocommerce_gallery_thumbnail":["https:\/\/ferligs.com\/wp-content\/uploads\/2023\/07\/RACK1_6-100x100.jpg",100,100,true]},"post_excerpt_stackable_v2":"<p>A sleek, space-saving vertical stand designed to keep your logs neatly organized. Crafted from 2.5&#215;2.5cm steel with a premium powder-coated finish, it adds a modern decorative touch to any fireplace.<\/p>\n","category_list_v2":"","author_info_v2":{"name":"","url":""},"comments_num_v2":"0 comments","jetpack_publicize_connections":[],"jetpack_sharing_enabled":true,"_links":{"self":[{"href":"https:\/\/ferligs.com\/lv\/wp-json\/wp\/v2\/product\/1581","targetHints":{"allow":["GET"]}}],"collection":[{"href":"https:\/\/ferligs.com\/lv\/wp-json\/wp\/v2\/product"}],"about":[{"href":"https:\/\/ferligs.com\/lv\/wp-json\/wp\/v2\/types\/product"}],"wp:featuredmedia":[{"embeddable":true,"href":"https:\/\/ferligs.com\/lv\/wp-json\/wp\/v2\/media\/1593"}],"wp:attachment":[{"href":"https:\/\/ferligs.com\/lv\/wp-json\/wp\/v2\/media?parent=1581"}],"wp:term":[{"taxonomy":"product_brand","embeddable":true,"href":"https:\/\/ferligs.com\/lv\/wp-json\/wp\/v2\/product_brand?post=1581"},{"taxonomy":"product_cat","embeddable":true,"href":"https:\/\/ferligs.com\/lv\/wp-json\/wp\/v2\/product_cat?post=1581"},{"taxonomy":"product_tag","embeddable":true,"href":"https:\/\/ferligs.com\/lv\/wp-json\/wp\/v2\/product_tag?post=1581"}],"curies":[{"name":"wp","href":"https:\/\/api.w.org\/{rel}","templated":true}]}}