{"id":1575,"date":"2023-07-24T18:42:35","date_gmt":"2023-07-24T15:42:35","guid":{"rendered":"https:\/\/ferligs.com\/?post_type=product&#038;p=1575"},"modified":"2026-03-05T18:44:30","modified_gmt":"2026-03-05T16:44:30","slug":"ludza","status":"publish","type":"product","link":"https:\/\/ferligs.com\/lv\/product\/ludza\/","title":{"rendered":"LUDZA \u2013 \u0112damgalda k\u0101jas"},"content":{"rendered":"<p>L\u016bdza met\u0101la galda pamatne izce\u013cas ar savu unik\u0101lo zvaig\u017e\u0146u iedvesmoto dizainu, kur krustojo\u0161\u0101s t\u0113rauda caurules rada vizu\u0101li iespaid\u012bgu un elegantu siluetu, kas ir ide\u0101li piem\u0113rots apa\u013ciem galda virsm\u0101m. \u0160\u012b izsmalcin\u0101t\u0101 konstrukcija ne tikai uzlabo m\u0113be\u013cu est\u0113tisko izskatu, bet ar\u012b veicina funkcionalit\u0101ti, nodro\u0161inot lietot\u0101jiem pla\u0161u k\u0101ju telpu. Ide\u0101li piem\u0113rota gan dz\u012bvojam\u0101m, gan komerci\u0101l\u0101m telp\u0101m, t\u0101 p\u0101rv\u0113r\u0161 parastos galda par izcil\u0101m m\u0113bel\u0113m, kas nevainojami apvieno formu un lietder\u012bbu.<\/p>\n<p>Ludza pamatne ir izgatavota no augstas kvalit\u0101tes t\u0113rauda caurul\u0113m, kuru izm\u0113rs ir 5 x 2 cm, un nodro\u0161ina izcilu iztur\u012bbu un ilgm\u016b\u017e\u012bbu, sp\u0113jot bez probl\u0113m\u0101m iztur\u0113t slodzi l\u012bdz 150 kg. Standarta pulverkr\u0101sas p\u0101rkl\u0101jums ir iztur\u012bgs pret skr\u0101p\u0113jumiem, koroziju un izbal\u0113\u0161anu, saglab\u0101jot nevainojamu izskatu gadiem ilgi. Tiem, kas dod priek\u0161roku industri\u0101l\u0101kai izskat\u012bbai, ir pieejama neapstr\u0101d\u0101ta t\u0113rauda versija, kas \u013cauj viegli saska\u0146ot pamatni ar j\u016bsu interjeru.<\/p>\n<p>Mont\u0101\u017ea ir vienk\u0101r\u0161a un lietot\u0101jam draudz\u012bga, jo pamatne tiek pieg\u0101d\u0101ta nesamont\u0113ta, lai nov\u0113rstu boj\u0101jumus transport\u0113\u0161anas laik\u0101, kop\u0101 ar visiem nepiecie\u0161amajiem stiprin\u0101jumiem un skaidr\u0101m, soli pa solim izkl\u0101st\u012bt\u0101m instrukcij\u0101m. Iegrieztie 5 mm mont\u0101\u017eas caurumi \u013cauj \u0101tri un dro\u0161i piestiprin\u0101t izv\u0113l\u0113to galda virsmu, ta\u010du pas\u016bt\u012bjuma veik\u0161anas br\u012bd\u012b var nor\u0101d\u012bt ar\u012b individu\u0101lus caurumu izm\u0113rus. \u0160is vienk\u0101r\u0161ais process \u013cauj jums \u0101tri izbaud\u012bt savu individu\u0101li piel\u0101goto galdu, bez nepiecie\u0161am\u012bbas p\u0113c profesion\u0101liem instrumentiem vai speci\u0101l\u0101m zin\u0101\u0161an\u0101m.<\/p>\n<p>Ludza ir piln\u012bb\u0101 piel\u0101gojama j\u016bsu vajadz\u012bb\u0101m, pied\u0101v\u0101jot izv\u0113les iesp\u0113jas augstumam (standarta 71 cm), platumam (70\/80 cm), garumam (70\/80 cm), kr\u0101s\u0101m, tostarp tum\u0161i pel\u0113k\u0101, gai\u0161i pel\u0113k\u0101, balt\u0101 un cit\u0101s, k\u0101 ar\u012b apdares veidiem. Papildu materi\u0101li, piem\u0113ram, t\u0113rauda atloki, veicina t\u0101s iztur\u012bgo konstrukciju, bet galda virsmas neiek\u013cau\u0161ana dod jums br\u012bv\u012bbu izv\u0113l\u0113ties t\u0101du, kas atbilst j\u016bsu stilam. Neatkar\u012bgi no t\u0101, vai tas ir paredz\u0113ts int\u012bm\u0101m vakari\u0146\u0101m vai liel\u0101kiem pas\u0101kumiem, \u0161\u012b daudzfunkcion\u0101l\u0101 pamatne piel\u0101gojas da\u017e\u0101diem izm\u0113riem un v\u0113lm\u0113m, nodro\u0161inot uzticam\u012bbu un eleganci katr\u0101...<\/p>","protected":false},"excerpt":{"rendered":"<p>L\u016bdza met\u0101la galda pamatne ir izsmalcin\u0101ts pamats apa\u013ciem galdiem, kas izgatavots no augst\u0101k\u0101s kvalit\u0101tes t\u0113rauda ar zvaigznes formas elementiem un eleganti krustojo\u0161\u0101m l\u012bnij\u0101m, kas jebkurai telpai pie\u0161\u0137ir modernu m\u0101kslinieciskumu. T\u0101s atv\u0113rt\u0101 strukt\u016bra nodro\u0161ina pla\u0161u k\u0101ju telpu, lai s\u0113\u017eot pie galda b\u016btu \u0113rti, savuk\u0101rt iztur\u012bg\u0101 konstrukcija iztur l\u012bdz 150 kg, nodro\u0161inot stabilit\u0101ti un iztur\u012bbu. <\/p>","protected":false},"featured_media":1576,"template":"","meta":{"jetpack_publicize_message":"","jetpack_publicize_feature_enabled":true,"jetpack_social_post_already_shared":true,"jetpack_social_options":{"image_generator_settings":{"template":"highway","default_image_id":0,"font":"","enabled":false},"version":2}},"product_brand":[578],"product_cat":[113],"product_tag":[704],"class_list":{"0":"post-1575","1":"product","2":"type-product","3":"status-publish","4":"has-post-thumbnail","6":"product_brand-ferligs","7":"product_cat-table-legs","8":"product_tag-table-bases","9":"product_shipping_class-tables-legs","11":"first","12":"instock","13":"sale","14":"taxable","15":"shipping-taxable","16":"purchasable","17":"product-type-variable","18":"has-default-attributes"},"featured_image_urls_v2":{"full":["https:\/\/ferligs.com\/wp-content\/uploads\/2023\/07\/9259-Webp1640x1360.webp",1640,1360,false],"thumbnail":["https:\/\/ferligs.com\/wp-content\/uploads\/2023\/07\/9259-Webp1640x1360.webp",150,124,false],"medium":["https:\/\/ferligs.com\/wp-content\/uploads\/2023\/07\/9259-Webp1640x1360.webp",300,249,false],"medium_large":["https:\/\/ferligs.com\/wp-content\/uploads\/2023\/07\/9259-Webp1640x1360.webp",768,637,false],"large":["https:\/\/ferligs.com\/wp-content\/uploads\/2023\/07\/9259-Webp1640x1360.webp",1024,849,false],"1536x1536":["https:\/\/ferligs.com\/wp-content\/uploads\/2023\/07\/9259-Webp1640x1360.webp",1536,1274,false],"2048x2048":["https:\/\/ferligs.com\/wp-content\/uploads\/2023\/07\/9259-Webp1640x1360.webp",1640,1360,false],"trp-custom-language-flag":["https:\/\/ferligs.com\/wp-content\/uploads\/2023\/07\/9259-Webp1640x1360.webp",14,12,false],"woocommerce_archive_thumbnail":["https:\/\/ferligs.com\/wp-content\/uploads\/2023\/07\/9259-Webp1640x1360-300x249.webp",300,249,true],"woocommerce_thumbnail":["https:\/\/ferligs.com\/wp-content\/uploads\/2023\/07\/9259-Webp1640x1360.webp",300,249,false],"woocommerce_single":["https:\/\/ferligs.com\/wp-content\/uploads\/2023\/07\/9259-Webp1640x1360.webp",600,498,false],"woocommerce_gallery_thumbnail":["https:\/\/ferligs.com\/wp-content\/uploads\/2023\/07\/9259-Webp1640x1360-100x100.webp",100,100,true]},"post_excerpt_stackable_v2":"<p>The Ludza metal table base is a sophisticated foundation for round tables, crafted from premium steel with a star-like form featuring elegantly crossing lines that add a touch of modern artistry to any space. Its open structure provides ample legroom for comfortable seating during gatherings, while the robust construction supports up to 150 kg, ensuring stability and durability. <\/p>\n","category_list_v2":"","author_info_v2":{"name":"","url":""},"comments_num_v2":"0 comments","jetpack_publicize_connections":[],"jetpack_sharing_enabled":true,"_links":{"self":[{"href":"https:\/\/ferligs.com\/lv\/wp-json\/wp\/v2\/product\/1575","targetHints":{"allow":["GET"]}}],"collection":[{"href":"https:\/\/ferligs.com\/lv\/wp-json\/wp\/v2\/product"}],"about":[{"href":"https:\/\/ferligs.com\/lv\/wp-json\/wp\/v2\/types\/product"}],"wp:featuredmedia":[{"embeddable":true,"href":"https:\/\/ferligs.com\/lv\/wp-json\/wp\/v2\/media\/1576"}],"wp:attachment":[{"href":"https:\/\/ferligs.com\/lv\/wp-json\/wp\/v2\/media?parent=1575"}],"wp:term":[{"taxonomy":"product_brand","embeddable":true,"href":"https:\/\/ferligs.com\/lv\/wp-json\/wp\/v2\/product_brand?post=1575"},{"taxonomy":"product_cat","embeddable":true,"href":"https:\/\/ferligs.com\/lv\/wp-json\/wp\/v2\/product_cat?post=1575"},{"taxonomy":"product_tag","embeddable":true,"href":"https:\/\/ferligs.com\/lv\/wp-json\/wp\/v2\/product_tag?post=1575"}],"curies":[{"name":"wp","href":"https:\/\/api.w.org\/{rel}","templated":true}]}}