{"id":1568,"date":"2023-07-24T18:36:59","date_gmt":"2023-07-24T15:36:59","guid":{"rendered":"https:\/\/ferligs.com\/?post_type=product&#038;p=1568"},"modified":"2026-03-05T16:12:11","modified_gmt":"2026-03-05T14:12:11","slug":"irbe","status":"publish","type":"product","link":"https:\/\/ferligs.com\/lv\/product\/irbe\/","title":{"rendered":"IRBE \u2013 X formas p\u0101ra galda k\u0101jas"},"content":{"rendered":"<p>Irbe met\u0101la galda k\u0101jas iemieso eleganci un daudzpus\u012bbu. T\u0101s ir izgatavotas no augstas kvalit\u0101tes t\u0113rauda un izce\u013cas ar savdab\u012bgu X formas dizainu, kas nevainojami papildina jebkuru interjera stilu, s\u0101kot no moderna minim\u0101lisma l\u012bdz klasiskam dekoram. \u0160\u012bs k\u0101jas nodro\u0161ina stabilu un stil\u012bgu pamatu da\u017e\u0101diem galda virsm\u0101m, uzlabojot kop\u0113jo est\u0113tiku \u0113damistab\u0101s, birojos vai dz\u012bvojam\u0101s telp\u0101s. Ar sav\u0101m t\u012braj\u0101m l\u012bnij\u0101m un l\u012bdzsvarotaj\u0101m proporcij\u0101m Irbe k\u0101jas pie\u0161\u0137ir telpai izsmalcin\u0101tu piesk\u0101rienu, neapgr\u016btinot t\u0101s atmosf\u0113ru.<\/p>\n<p>Die Irbe-Beine bestehen aus robusten Stahlrohren mit den Ma\u00dfen 8 x 8 cm und sind mit Stahlflanschen zur zus\u00e4tzlichen Verst\u00e4rkung versehen. Dank ihrer Schwei\u00dfkonstruktion zeichnen sie sich durch au\u00dfergew\u00f6hnliche Stabilit\u00e4t und eine Tragf\u00e4higkeit von bis zu 150 kg aus. Die pulverbeschichtete Oberfl\u00e4che bietet hervorragende Haltbarkeit, ist kratz-, korrosions- und verschlei\u00dffest und sorgt daf\u00fcr, dass das Produkt viele Jahre lang sein makelloses Aussehen beh\u00e4lt. F\u00fcr diejenigen, die einen industriellen Look bevorzugen, ist eine Option aus rohem Stahl erh\u00e4ltlich, wodurch sich die Beine m\u00fchelos in verschiedene Designkonzepte einf\u00fcgen lassen.<\/p>\n<p>Uzst\u0101d\u012b\u0161ana ir \u013coti vienk\u0101r\u0161a, jo k\u0101j\u0101m ir iepriek\u0161 izurbti 5 mm mont\u0101\u017eas caurumi, lai t\u0101s var\u0113tu viegli piestiprin\u0101t pie izv\u0113l\u0113t\u0101 galda virsmas, tom\u0113r ir iesp\u0113jams pas\u016bt\u012bt ar\u012b caurumus ar citu izm\u0113ru. Komplekt\u0101 ietilpst regul\u0113jamas k\u0101ji\u0146as, lai izl\u012bdzin\u0101tu nevienm\u0113r\u012bgas virsmas, filca uzlikas gr\u012bdas aizsardz\u012bbai un divas X formas k\u0101jas, kas \u013cauj \u0101tri un bez instrumentiem uzst\u0101d\u012bt galdu. \u0160\u012bs k\u0101jas ir paredz\u0113tas galda virsm\u0101m ar izm\u0113riem l\u012bdz 280 x 120 cm un nodro\u0161ina uzticamu stabilit\u0101ti ikdienas lieto\u0161anai vai izklaidei.<\/p>\n<p>Irbe ir piln\u012bb\u0101 piel\u0101gojams j\u016bsu konkr\u0113taj\u0101m vajadz\u012bb\u0101m, pied\u0101v\u0101jot izv\u0113les iesp\u0113jas augstumam (standarta 70 cm ar ~1 cm regul\u0113jam\u012bbu), platumam (60\/70\/80 cm), kr\u0101s\u0101m, piem\u0113ram, melna, bronza, tum\u0161i pel\u0113ka, zelta, gai\u0161i pel\u0113ka, balta vai neapstr\u0101d\u0101ta t\u0113rauda, un apdares veidiem. \u0160\u012b elast\u012bba \u013cauj piel\u0101got k\u0101jas j\u016bsu prec\u012bzajiem izm\u0113riem un v\u0113lm\u0113m, nodro\u0161inot perfektu piem\u0113rot\u012bbu jebkuram projektam. <\/p>","protected":false},"excerpt":{"rendered":"<p>Elegantas un iztur\u012bgas X formas galda k\u0101jas IRBE, izgatavotas no augstas kvalit\u0101tes t\u0113rauda (80\u00d780 mm). Pulverkr\u0101sotas, lai nodro\u0161in\u0101tu ilgsto\u0161u apdari. Viegli uzst\u0101d\u0101mas, komplekt\u0101 iek\u013cautas regul\u0113jamas k\u0101jas. P\u0101rdodas p\u0101ri (2 gab.). Pieejami pas\u016bt\u012bjuma izm\u0113ri. Galda virsma nav iek\u013cauta.<\/p>","protected":false},"featured_media":1570,"template":"","meta":{"jetpack_publicize_message":"","jetpack_publicize_feature_enabled":true,"jetpack_social_post_already_shared":true,"jetpack_social_options":{"image_generator_settings":{"template":"highway","default_image_id":0,"font":"","enabled":false},"version":2}},"product_brand":[578],"product_cat":[113],"product_tag":[698],"class_list":{"0":"post-1568","1":"product","2":"type-product","3":"status-publish","4":"has-post-thumbnail","6":"product_brand-ferligs","7":"product_cat-table-legs","8":"product_tag-x-shaped-table-legs","9":"product_shipping_class-tables-legs","11":"first","12":"instock","13":"sale","14":"taxable","15":"shipping-taxable","16":"purchasable","17":"product-type-variable","18":"has-default-attributes"},"featured_image_urls_v2":{"full":["https:\/\/ferligs.com\/wp-content\/uploads\/2023\/07\/9766-Webp-1640x1360-1.webp",1640,1360,false],"thumbnail":["https:\/\/ferligs.com\/wp-content\/uploads\/2023\/07\/9766-Webp-1640x1360-1.webp",150,124,false],"medium":["https:\/\/ferligs.com\/wp-content\/uploads\/2023\/07\/9766-Webp-1640x1360-1.webp",300,249,false],"medium_large":["https:\/\/ferligs.com\/wp-content\/uploads\/2023\/07\/9766-Webp-1640x1360-1.webp",768,637,false],"large":["https:\/\/ferligs.com\/wp-content\/uploads\/2023\/07\/9766-Webp-1640x1360-1.webp",1024,849,false],"1536x1536":["https:\/\/ferligs.com\/wp-content\/uploads\/2023\/07\/9766-Webp-1640x1360-1.webp",1536,1274,false],"2048x2048":["https:\/\/ferligs.com\/wp-content\/uploads\/2023\/07\/9766-Webp-1640x1360-1.webp",1640,1360,false],"trp-custom-language-flag":["https:\/\/ferligs.com\/wp-content\/uploads\/2023\/07\/9766-Webp-1640x1360-1.webp",14,12,false],"woocommerce_archive_thumbnail":["https:\/\/ferligs.com\/wp-content\/uploads\/2023\/07\/9766-Webp-1640x1360-1-300x249.webp",300,249,true],"woocommerce_thumbnail":["https:\/\/ferligs.com\/wp-content\/uploads\/2023\/07\/9766-Webp-1640x1360-1.webp",300,249,false],"woocommerce_single":["https:\/\/ferligs.com\/wp-content\/uploads\/2023\/07\/9766-Webp-1640x1360-1.webp",600,498,false],"woocommerce_gallery_thumbnail":["https:\/\/ferligs.com\/wp-content\/uploads\/2023\/07\/9766-Webp-1640x1360-1-100x100.webp",100,100,true]},"post_excerpt_stackable_v2":"<p>Elegant and durable X-shaped table legs IRBE made of high-quality steel (80&#215;80 mm). Powder-coated for a long-lasting finish. Easy to install, adjustable feet included. Sold as a pair (2 pcs). Custom sizes available. Tabletop not included.<\/p>\n","category_list_v2":"","author_info_v2":{"name":"","url":""},"comments_num_v2":"0 comments","jetpack_publicize_connections":[],"jetpack_sharing_enabled":true,"_links":{"self":[{"href":"https:\/\/ferligs.com\/lv\/wp-json\/wp\/v2\/product\/1568","targetHints":{"allow":["GET"]}}],"collection":[{"href":"https:\/\/ferligs.com\/lv\/wp-json\/wp\/v2\/product"}],"about":[{"href":"https:\/\/ferligs.com\/lv\/wp-json\/wp\/v2\/types\/product"}],"wp:featuredmedia":[{"embeddable":true,"href":"https:\/\/ferligs.com\/lv\/wp-json\/wp\/v2\/media\/1570"}],"wp:attachment":[{"href":"https:\/\/ferligs.com\/lv\/wp-json\/wp\/v2\/media?parent=1568"}],"wp:term":[{"taxonomy":"product_brand","embeddable":true,"href":"https:\/\/ferligs.com\/lv\/wp-json\/wp\/v2\/product_brand?post=1568"},{"taxonomy":"product_cat","embeddable":true,"href":"https:\/\/ferligs.com\/lv\/wp-json\/wp\/v2\/product_cat?post=1568"},{"taxonomy":"product_tag","embeddable":true,"href":"https:\/\/ferligs.com\/lv\/wp-json\/wp\/v2\/product_tag?post=1568"}],"curies":[{"name":"wp","href":"https:\/\/api.w.org\/{rel}","templated":true}]}}