{"id":1561,"date":"2023-07-24T18:27:46","date_gmt":"2023-07-24T15:27:46","guid":{"rendered":"https:\/\/ferligs.com\/?post_type=product&#038;p=1561"},"modified":"2026-03-05T16:11:33","modified_gmt":"2026-03-05T14:11:33","slug":"brasla","status":"publish","type":"product","link":"https:\/\/ferligs.com\/lv\/product\/brasla\/","title":{"rendered":"BRASLA \u2013 elegantas zirnek\u013ca formas galda k\u0101jas"},"content":{"rendered":"<p>Atkl\u0101jiet Brasla \u2013 iztur\u012bgu met\u0101la galda pamatni, kas ar sav\u0101m krustojo\u0161aj\u0101m t\u0113rauda k\u0101j\u0101m imit\u0113 elegantu zirnek\u013ca formu. Izgatavota no iztur\u012bgiem 60\u00d730 mm t\u0113rauda cauru\u013cveida profiliem, t\u0101s augstums ir ~71 cm, bet platums un garums ir no 60 l\u012bdz 100 cm, lai t\u0101 b\u016btu piem\u0113rota da\u017e\u0101diem galda virsm\u0101m. Pulverkr\u0101sas p\u0101rkl\u0101jums nodro\u0161ina ilgsto\u0161u aizsardz\u012bbu pret skr\u0101p\u0113jumiem un koroziju, kas ir ide\u0101li piem\u0113rota m\u0101j\u0101m vai komercplat\u012bb\u0101m.<\/p>\n<p>T\u0101 atv\u0113rtais, zirnek\u013ca t\u012bkla iedvesmots dizains nodro\u0161ina maksim\u0101lu s\u0113dvietu komfortu ap apa\u013ciem galdiem, \u013caujot kr\u0113sliem viegli pievilkties bez \u0161\u0137\u0113r\u0161\u013ciem. Izsmalcin\u0101t\u0101s l\u012bnijas pie\u0161\u0137ir modernu piesk\u0101rienu, kas papildina m\u016bsdien\u012bgu interjeru, vienlaikus saglab\u0101jot m\u016b\u017e\u012bgu pievilc\u012bbu. Mont\u0101\u017ea ir vienk\u0101r\u0161a \u2014 komplekt\u0101 ir iek\u013cautas deta\u013cas un skaidras instrukcijas \u0101trai uzst\u0101d\u012b\u0161anai.<\/p>\n<p>P\u0113c piepras\u012bjuma ir pieejami pas\u016bt\u012bjuma izm\u0113ri un mont\u0101\u017eas iesp\u0113jas, tostarp 5 mm caurumi vai piel\u0101gotas specifik\u0101cijas, lai atbilstu j\u016bsu prec\u012bzaj\u0101m vajadz\u012bb\u0101m. \u0160\u012b daudzpus\u012bba padara Brasla ide\u0101lu risin\u0101jumu restor\u0101niem, kafejn\u012bc\u0101m vai m\u0101jas \u0113damistab\u0101m, kur\u0101s tiek mekl\u0113ts gan stils, gan funkcionalit\u0101te. Izv\u0113lieties no vair\u0101kiem izm\u0113riem, lai tos nevainojami saska\u0146otu ar savu iecien\u012bto galda virsmu.<\/p>","protected":false},"excerpt":{"rendered":"<p>Uzlabojiet savu \u0113damistabu ar Brasla met\u0101la zirnek\u013ca formas galda pamatni, kas izgatavota no augstas kvalit\u0101tes 60\u00d730 mm t\u0113rauda caurul\u0113m un izce\u013cas ar zirnek\u013ca formas dizainu. T\u0101s krustojo\u0161\u0101s l\u012bnijas nodro\u0161ina modernu izsmalcin\u0101t\u012bbu un maksim\u0101lu s\u0113dvietu komfortu, bet pulverkr\u0101sas p\u0101rkl\u0101jums nodro\u0161ina iztur\u012bbu pret skr\u0101p\u0113jumiem un koroziju. Augstums ir ~71 cm, pieejams platumos\/garumos no 60 l\u012bdz 100 cm, ar 5 mm mont\u0101\u017eas caurumiem (pieejamas piel\u0101gotas opcijas). Pieg\u0101d\u0101ts nesamont\u0113ts ar vienk\u0101r\u0161\u0101m instrukcij\u0101m \u2014 galda virsma nav iek\u013cauta.<\/p>","protected":false},"featured_media":1562,"template":"","meta":{"jetpack_publicize_message":"","jetpack_publicize_feature_enabled":true,"jetpack_social_post_already_shared":true,"jetpack_social_options":{"image_generator_settings":{"template":"highway","default_image_id":0,"font":"","enabled":false},"version":2}},"product_brand":[578],"product_cat":[113],"product_tag":[705],"class_list":{"0":"post-1561","1":"product","2":"type-product","3":"status-publish","4":"has-post-thumbnail","6":"product_brand-ferligs","7":"product_cat-table-legs","8":"product_tag-spider-legs","9":"product_shipping_class-tables-legs","11":"first","12":"instock","13":"sale","14":"taxable","15":"shipping-taxable","16":"purchasable","17":"product-type-variable","18":"has-default-attributes"},"featured_image_urls_v2":{"full":["https:\/\/ferligs.com\/wp-content\/uploads\/2023\/07\/9735-Webp-1640x1360-1.webp",1640,1360,false],"thumbnail":["https:\/\/ferligs.com\/wp-content\/uploads\/2023\/07\/9735-Webp-1640x1360-1.webp",150,124,false],"medium":["https:\/\/ferligs.com\/wp-content\/uploads\/2023\/07\/9735-Webp-1640x1360-1.webp",300,249,false],"medium_large":["https:\/\/ferligs.com\/wp-content\/uploads\/2023\/07\/9735-Webp-1640x1360-1.webp",768,637,false],"large":["https:\/\/ferligs.com\/wp-content\/uploads\/2023\/07\/9735-Webp-1640x1360-1.webp",1024,849,false],"1536x1536":["https:\/\/ferligs.com\/wp-content\/uploads\/2023\/07\/9735-Webp-1640x1360-1.webp",1536,1274,false],"2048x2048":["https:\/\/ferligs.com\/wp-content\/uploads\/2023\/07\/9735-Webp-1640x1360-1.webp",1640,1360,false],"trp-custom-language-flag":["https:\/\/ferligs.com\/wp-content\/uploads\/2023\/07\/9735-Webp-1640x1360-1.webp",14,12,false],"woocommerce_archive_thumbnail":["https:\/\/ferligs.com\/wp-content\/uploads\/2023\/07\/9735-Webp-1640x1360-1-300x249.webp",300,249,true],"woocommerce_thumbnail":["https:\/\/ferligs.com\/wp-content\/uploads\/2023\/07\/9735-Webp-1640x1360-1.webp",300,249,false],"woocommerce_single":["https:\/\/ferligs.com\/wp-content\/uploads\/2023\/07\/9735-Webp-1640x1360-1.webp",600,498,false],"woocommerce_gallery_thumbnail":["https:\/\/ferligs.com\/wp-content\/uploads\/2023\/07\/9735-Webp-1640x1360-1-100x100.webp",100,100,true]},"post_excerpt_stackable_v2":"<p>Elevate your dining space with the Brasla metal spider table base, crafted from high-quality 60\u00d730 mm steel tubes in a striking spider-like design. Its intersecting lines offer modern sophistication and maximum seating comfort, with powder-coated finish for scratch and corrosion resistance. Height is ~71 cm, available in widths\/lengths from 60-100 cm, with 5 mm mounting holes (custom options available). Delivered unassembled with easy instructions\u2014tabletop not included.<\/p>\n","category_list_v2":"","author_info_v2":{"name":"","url":""},"comments_num_v2":"0 comments","jetpack_publicize_connections":[],"jetpack_sharing_enabled":true,"_links":{"self":[{"href":"https:\/\/ferligs.com\/lv\/wp-json\/wp\/v2\/product\/1561","targetHints":{"allow":["GET"]}}],"collection":[{"href":"https:\/\/ferligs.com\/lv\/wp-json\/wp\/v2\/product"}],"about":[{"href":"https:\/\/ferligs.com\/lv\/wp-json\/wp\/v2\/types\/product"}],"wp:featuredmedia":[{"embeddable":true,"href":"https:\/\/ferligs.com\/lv\/wp-json\/wp\/v2\/media\/1562"}],"wp:attachment":[{"href":"https:\/\/ferligs.com\/lv\/wp-json\/wp\/v2\/media?parent=1561"}],"wp:term":[{"taxonomy":"product_brand","embeddable":true,"href":"https:\/\/ferligs.com\/lv\/wp-json\/wp\/v2\/product_brand?post=1561"},{"taxonomy":"product_cat","embeddable":true,"href":"https:\/\/ferligs.com\/lv\/wp-json\/wp\/v2\/product_cat?post=1561"},{"taxonomy":"product_tag","embeddable":true,"href":"https:\/\/ferligs.com\/lv\/wp-json\/wp\/v2\/product_tag?post=1561"}],"curies":[{"name":"wp","href":"https:\/\/api.w.org\/{rel}","templated":true}]}}