{"id":1554,"date":"2023-07-24T18:17:20","date_gmt":"2023-07-24T15:17:20","guid":{"rendered":"https:\/\/ferligs.com\/?post_type=product&#038;p=1554"},"modified":"2026-03-05T18:45:23","modified_gmt":"2026-03-05T16:45:23","slug":"amula","status":"publish","type":"product","link":"https:\/\/ferligs.com\/lv\/product\/amula\/","title":{"rendered":"AMULA \u2013 \u0112damistabas Zirnek\u013ca Galdu K\u0101jas"},"content":{"rendered":"<p>The Amula table base features a captivating spider-like silhouette that serves as a bold statement piece for modern interiors. Its unique intersecting lines provide a distinctive touch of sophistication, seamlessly blending industrial strength with elegant geometry. This eye-catching design is specifically engineered to optimize seating capacity around the table. It ensures that your guests enjoy ample legroom without any structural interference.<\/p>\n<p>Amula pamatne ir izgatavota no augstas kvalit\u0101tes 80\u00d780 mm t\u0113rauda caurul\u0113m, lai nodro\u0161in\u0101tu absol\u016btu stabilit\u0101ti smagiem galda virsm\u0101m. Profesion\u0101la pulverkr\u0101sas apdare nodro\u0161ina iztur\u012bgu aizsardz\u012bbas sl\u0101ni pret ikdienas nodilumu, skr\u0101p\u0113jumiem un koroziju. \u0160is iztur\u012bgais p\u0101rkl\u0101jums ne tikai nodro\u0161ina ilgsto\u0161u darb\u012bbu, bet ar\u012b pie\u0161\u0137ir met\u0101lam gludu, izsmalcin\u0101tu apdari. Tas ir uzticams risin\u0101jums gan dz\u012bvojam\u0101m telp\u0101m, gan komerci\u0101l\u0101m telp\u0101m ar lielu apmekl\u0113t\u0101ju pl\u016bsmu.<\/p>\n<p>J\u016bsu \u0113rt\u012bbai pamatne tiek pieg\u0101d\u0101ta nesamont\u0113ta, lai nodro\u0161in\u0101tu dro\u0161u transport\u0113\u0161anu un efekt\u012bvu pieg\u0101di. M\u0113s sniedzam skaidras mont\u0101\u017eas instrukcijas un visu nepiecie\u0161amo apr\u012bkojumu, lai uzst\u0101d\u012b\u0161anas process b\u016btu \u0101trs un vienk\u0101r\u0161s. Katrai vien\u012bbai ir standarta 5 mm iepriek\u0161 izurbti mont\u0101\u017eas caurumi, kas atvieglo uzst\u0101d\u012b\u0161anu. P\u0113c piepras\u012bjuma m\u0113s ar prieku izgatavosim ar\u012b nestandarta izm\u0113rus vai izpild\u012bsim \u012bpa\u0161as pras\u012bbas attiec\u012bb\u0101 uz caurumiem, lai tie atbilstu j\u016bsu unik\u0101lajam projektam.<\/p>\n<p>Amula ir standarta augstum\u0101 71 cm un pieejama da\u017e\u0101dos platumos un garumos no 70 l\u012bdz 90 cm. \u0160\u012b daudzpus\u012bba \u013cauj jums kombin\u0113t pamatni ar da\u017e\u0101diem apa\u013ciem vai kvadr\u0101tveida galda virsm\u0101m, lai t\u0101 atbilstu j\u016bsu telpai. L\u016bdzu, \u0146emiet v\u0113r\u0101, ka nor\u0101d\u012bt\u0101 cena attiecas tikai uz met\u0101la pamatni, jo galda virsma nav iek\u013cauta. Tas \u013cauj jums br\u012bvi izv\u0113l\u0113ties virsmu, kas perfekti atbilst j\u016bsu interjera stilam.<\/p>","protected":false},"excerpt":{"rendered":"<p>Amula met\u0101la zirnek\u013ca formas galda pamatne apvieno izsmalcin\u0101tu \u0123eometrisko dizainu ar robustu konstrukciju, lai uzlabotu jebkuru \u0113damistabu vai darba telpu. Izgatavota no augst\u0101k\u0101s kvalit\u0101tes 80\u00d780 mm t\u0113rauda caurul\u0113m, t\u0101s krustojo\u0161\u0101s l\u012bnijas rada iespaid\u012bgu vizu\u0101lo efektu, vienlaikus maksim\u0101li palielinot vietu j\u016bsu viesiem. Pamatne ir apstr\u0101d\u0101ta ar iztur\u012bgu pulvera p\u0101rkl\u0101jumu, kas nodro\u0161ina izsmalcin\u0101tu izskatu, kas iztur laika p\u0101rbaudi, padarot to par perfektu pamatu j\u016bsu individu\u0101li izgatavotajam galda virsmas.<\/p>","protected":false},"featured_media":1555,"template":"","meta":{"jetpack_publicize_message":"","jetpack_publicize_feature_enabled":true,"jetpack_social_post_already_shared":true,"jetpack_social_options":{"image_generator_settings":{"template":"highway","default_image_id":0,"font":"","enabled":false},"version":2}},"product_brand":[578],"product_cat":[113],"product_tag":[705],"class_list":{"0":"post-1554","1":"product","2":"type-product","3":"status-publish","4":"has-post-thumbnail","6":"product_brand-ferligs","7":"product_cat-table-legs","8":"product_tag-spider-legs","9":"product_shipping_class-tables-legs","11":"first","12":"instock","13":"sale","14":"taxable","15":"shipping-taxable","16":"purchasable","17":"product-type-variable","18":"has-default-attributes"},"featured_image_urls_v2":{"full":["https:\/\/ferligs.com\/wp-content\/uploads\/2023\/07\/9792-Webp-1640x1360-1.webp",1640,1360,false],"thumbnail":["https:\/\/ferligs.com\/wp-content\/uploads\/2023\/07\/9792-Webp-1640x1360-1.webp",150,124,false],"medium":["https:\/\/ferligs.com\/wp-content\/uploads\/2023\/07\/9792-Webp-1640x1360-1.webp",300,249,false],"medium_large":["https:\/\/ferligs.com\/wp-content\/uploads\/2023\/07\/9792-Webp-1640x1360-1.webp",768,637,false],"large":["https:\/\/ferligs.com\/wp-content\/uploads\/2023\/07\/9792-Webp-1640x1360-1.webp",1024,849,false],"1536x1536":["https:\/\/ferligs.com\/wp-content\/uploads\/2023\/07\/9792-Webp-1640x1360-1.webp",1536,1274,false],"2048x2048":["https:\/\/ferligs.com\/wp-content\/uploads\/2023\/07\/9792-Webp-1640x1360-1.webp",1640,1360,false],"trp-custom-language-flag":["https:\/\/ferligs.com\/wp-content\/uploads\/2023\/07\/9792-Webp-1640x1360-1.webp",14,12,false],"woocommerce_archive_thumbnail":["https:\/\/ferligs.com\/wp-content\/uploads\/2023\/07\/9792-Webp-1640x1360-1-300x249.webp",300,249,true],"woocommerce_thumbnail":["https:\/\/ferligs.com\/wp-content\/uploads\/2023\/07\/9792-Webp-1640x1360-1.webp",300,249,false],"woocommerce_single":["https:\/\/ferligs.com\/wp-content\/uploads\/2023\/07\/9792-Webp-1640x1360-1.webp",600,498,false],"woocommerce_gallery_thumbnail":["https:\/\/ferligs.com\/wp-content\/uploads\/2023\/07\/9792-Webp-1640x1360-1-100x100.webp",100,100,true]},"post_excerpt_stackable_v2":"<p>The Amula metal spider table base combines sophisticated geometric design with robust engineering to elevate any dining or workspace. Crafted from premium 80&#215;80 mm steel tubes, its intersecting lines create a striking visual while maximizing legroom for your guests. Finished with a durable powder coating, this base offers a refined look that stands the test of time, making it the perfect foundation for your custom tabletop.<\/p>\n","category_list_v2":"","author_info_v2":{"name":"","url":""},"comments_num_v2":"0 comments","jetpack_publicize_connections":[],"jetpack_sharing_enabled":true,"_links":{"self":[{"href":"https:\/\/ferligs.com\/lv\/wp-json\/wp\/v2\/product\/1554","targetHints":{"allow":["GET"]}}],"collection":[{"href":"https:\/\/ferligs.com\/lv\/wp-json\/wp\/v2\/product"}],"about":[{"href":"https:\/\/ferligs.com\/lv\/wp-json\/wp\/v2\/types\/product"}],"wp:featuredmedia":[{"embeddable":true,"href":"https:\/\/ferligs.com\/lv\/wp-json\/wp\/v2\/media\/1555"}],"wp:attachment":[{"href":"https:\/\/ferligs.com\/lv\/wp-json\/wp\/v2\/media?parent=1554"}],"wp:term":[{"taxonomy":"product_brand","embeddable":true,"href":"https:\/\/ferligs.com\/lv\/wp-json\/wp\/v2\/product_brand?post=1554"},{"taxonomy":"product_cat","embeddable":true,"href":"https:\/\/ferligs.com\/lv\/wp-json\/wp\/v2\/product_cat?post=1554"},{"taxonomy":"product_tag","embeddable":true,"href":"https:\/\/ferligs.com\/lv\/wp-json\/wp\/v2\/product_tag?post=1554"}],"curies":[{"name":"wp","href":"https:\/\/api.w.org\/{rel}","templated":true}]}}