{"id":1533,"date":"2023-05-24T13:29:29","date_gmt":"2023-05-24T10:29:29","guid":{"rendered":"https:\/\/ferligs.com\/?post_type=product&#038;p=1533"},"modified":"2026-03-05T18:50:05","modified_gmt":"2026-03-05T16:50:05","slug":"rauna","status":"publish","type":"product","link":"https:\/\/ferligs.com\/lv\/product\/rauna\/","title":{"rendered":"RAUNA \u2013 \u0112damgalda k\u0101ju p\u0101ris"},"content":{"rendered":"<p>Rauna galda k\u0101jas izce\u013cas ar gudru, izsmalcin\u0101tu dizainu, kas \u013cauj t\u0101s novietot tr\u012bs da\u017e\u0101dos virzienos zem galda virsmas, pied\u0101v\u0101jot da\u017e\u0101das est\u0113tiskas iesp\u0113jas, kas atbilst main\u012bgaj\u0101m interjera preferences. \u0160\u012b daudzpus\u012bg\u0101 pieeja padara t\u0101s ide\u0101li piem\u0113rotas piel\u0101gojamiem telpu risin\u0101jumiem, piem\u0113ram, m\u0101j\u0101s, restor\u0101nos vai studij\u0101s, kur izskata mai\u0146a var viegli atsvaidzin\u0101t vidi. Uzsverot eleganci, \u0161\u012bs k\u0101jas p\u0101rv\u0113r\u0161 standarta galda par daudzfunkcion\u0101lu elementu, kas apvieno praktiskumu ar rado\u0161u izpausmi.<\/p>\n<p>Piek\u0101r\u0161ana ir vienk\u0101r\u0161a, pateicoties standarta 5 mm iepriek\u0161 izurbtiem caurumiem, kurus var main\u012bt p\u0113c vajadz\u012bbas, atvieglojot \u0101tru savienojumu ar izv\u0113l\u0113to virsmu. Iek\u013caut\u0101s regul\u0113jamas k\u0101ji\u0146as \u013cauj prec\u012bzi izl\u012bdzin\u0101t uz da\u017e\u0101d\u0101m virsm\u0101m, bet filca uzlikas pasarg\u0101 no gr\u012bdas skr\u0101p\u0113jumiem, vienlaikus uzlabojot funkcionalit\u0101ti. \u0160\u012b intuit\u012bv\u0101 uzst\u0101d\u012b\u0161ana nepieprasa sare\u017e\u0123\u012btu apr\u012bkojumu, t\u0101p\u0113c t\u0101 ir pievilc\u012bga gan ies\u0101c\u0113jiem, gan ekspertiem mont\u0101\u017eas jom\u0101.<\/p>\n<p>Pla\u0161as personaliz\u0101cijas iesp\u0113jas ietver augstumu no 71 cm, platumu 60, 70 vai 80 cm un kr\u0101sas, piem\u0113ram, bronzas, tum\u0161i pel\u0113ku vai gai\u0161i pel\u0113ku. Izv\u0113lieties no da\u017e\u0101d\u0101m apdares vari\u0101cij\u0101m, lai t\u0101s atbilstu j\u016bsu koncepcijai, un piel\u0101gojiet mont\u0101\u017eas caurumus, lai nodro\u0161in\u0101tu nevainojamu savietojam\u012bbu. Rauna ir piem\u0113rota lieto\u0161anai m\u0101j\u0101s vai uz\u0146\u0113mum\u0101 un pied\u0101v\u0101 daudzveid\u012bgas konfigur\u0101cijas bez galda virsmas, \u013caujot jums veidot ide\u0101lu m\u0113beli.<\/p>","protected":false},"excerpt":{"rendered":"<p>Rauna met\u0101la galda k\u0101jas ir izsmalcin\u0101tas un piel\u0101gojamas, t\u0101s var novietot zem galda virsmas tr\u012bs da\u017e\u0101dos virzienos, radot at\u0161\u0137ir\u012bgus vizu\u0101los stilus, kas ir ide\u0101li piem\u0113roti daudzveid\u012bg\u0101m m\u0113be\u013cu kompoz\u012bcij\u0101m. \u0160\u012bs metin\u0101tas k\u0101jas ir izgatavotas no iztur\u012bgiem t\u0113rauda cauru\u013cveida profiliem 3 x 3 cm vai 6 x 6 cm izm\u0113r\u0101, kas ir pastiprin\u0101ti ar t\u0113rauda atlokiem. T\u0101s var iztur\u0113t l\u012bdz 150 kg smagu slodzi un piem\u0113rotas galda virsm\u0101m l\u012bdz 280 x 120 cm izm\u0113r\u0101, nodro\u0161inot uzticamu atbalstu da\u017e\u0101diem lietojumiem. <\/p>","protected":false},"featured_media":1535,"template":"","meta":{"jetpack_publicize_message":"","jetpack_publicize_feature_enabled":true,"jetpack_social_post_already_shared":true,"jetpack_social_options":{"image_generator_settings":{"template":"highway","default_image_id":0,"font":"","enabled":false},"version":2}},"product_brand":[578],"product_cat":[113],"product_tag":[707],"class_list":{"0":"post-1533","1":"product","2":"type-product","3":"status-publish","4":"has-post-thumbnail","6":"product_brand-ferligs","7":"product_cat-table-legs","8":"product_tag-v-shaped-table-legs","9":"product_shipping_class-tables-legs","11":"first","12":"instock","13":"sale","14":"taxable","15":"shipping-taxable","16":"purchasable","17":"product-type-variable","18":"has-default-attributes"},"featured_image_urls_v2":{"full":["https:\/\/ferligs.com\/wp-content\/uploads\/2023\/05\/9054-Webp820x680.webp",820,680,false],"thumbnail":["https:\/\/ferligs.com\/wp-content\/uploads\/2023\/05\/9054-Webp820x680.webp",150,124,false],"medium":["https:\/\/ferligs.com\/wp-content\/uploads\/2023\/05\/9054-Webp820x680.webp",300,249,false],"medium_large":["https:\/\/ferligs.com\/wp-content\/uploads\/2023\/05\/9054-Webp820x680.webp",768,637,false],"large":["https:\/\/ferligs.com\/wp-content\/uploads\/2023\/05\/9054-Webp820x680.webp",820,680,false],"1536x1536":["https:\/\/ferligs.com\/wp-content\/uploads\/2023\/05\/9054-Webp820x680.webp",820,680,false],"2048x2048":["https:\/\/ferligs.com\/wp-content\/uploads\/2023\/05\/9054-Webp820x680.webp",820,680,false],"trp-custom-language-flag":["https:\/\/ferligs.com\/wp-content\/uploads\/2023\/05\/9054-Webp820x680.webp",14,12,false],"woocommerce_archive_thumbnail":["https:\/\/ferligs.com\/wp-content\/uploads\/2023\/05\/9054-Webp820x680-300x249.webp",300,249,true],"woocommerce_thumbnail":["https:\/\/ferligs.com\/wp-content\/uploads\/2023\/05\/9054-Webp820x680.webp",300,249,false],"woocommerce_single":["https:\/\/ferligs.com\/wp-content\/uploads\/2023\/05\/9054-Webp820x680.webp",600,498,false],"woocommerce_gallery_thumbnail":["https:\/\/ferligs.com\/wp-content\/uploads\/2023\/05\/9054-Webp820x680-100x100.webp",100,100,true]},"post_excerpt_stackable_v2":"<p>The Rauna metal table legs feature a sophisticated and adaptable design, enabling placement under the tabletop in three orientations to create distinct visual styles, perfect for versatile furniture arrangements. Constructed from strong steel tubes in 3 x 3 cm or 6 x 6 cm sizes reinforced with steel flanges, these welded legs handle up to 150 kg and accommodate tabletops up to 280 x 120 cm, delivering reliable support for multiple applications. <\/p>\n","category_list_v2":"","author_info_v2":{"name":"","url":""},"comments_num_v2":"0 comments","jetpack_publicize_connections":[],"jetpack_sharing_enabled":true,"_links":{"self":[{"href":"https:\/\/ferligs.com\/lv\/wp-json\/wp\/v2\/product\/1533","targetHints":{"allow":["GET"]}}],"collection":[{"href":"https:\/\/ferligs.com\/lv\/wp-json\/wp\/v2\/product"}],"about":[{"href":"https:\/\/ferligs.com\/lv\/wp-json\/wp\/v2\/types\/product"}],"wp:featuredmedia":[{"embeddable":true,"href":"https:\/\/ferligs.com\/lv\/wp-json\/wp\/v2\/media\/1535"}],"wp:attachment":[{"href":"https:\/\/ferligs.com\/lv\/wp-json\/wp\/v2\/media?parent=1533"}],"wp:term":[{"taxonomy":"product_brand","embeddable":true,"href":"https:\/\/ferligs.com\/lv\/wp-json\/wp\/v2\/product_brand?post=1533"},{"taxonomy":"product_cat","embeddable":true,"href":"https:\/\/ferligs.com\/lv\/wp-json\/wp\/v2\/product_cat?post=1533"},{"taxonomy":"product_tag","embeddable":true,"href":"https:\/\/ferligs.com\/lv\/wp-json\/wp\/v2\/product_tag?post=1533"}],"curies":[{"name":"wp","href":"https:\/\/api.w.org\/{rel}","templated":true}]}}