{"id":1521,"date":"2023-05-24T13:24:10","date_gmt":"2023-05-24T10:24:10","guid":{"rendered":"https:\/\/ferligs.com\/?post_type=product&#038;p=1521"},"modified":"2026-03-05T18:46:07","modified_gmt":"2026-03-05T16:46:07","slug":"lobe-table-legs","status":"publish","type":"product","link":"https:\/\/ferligs.com\/lv\/product\/lobe-table-legs\/","title":{"rendered":"LOBE p\u0101ris X formas k\u0101jas galdam"},"content":{"rendered":"<p>Lobe x r\u0101mja galda k\u0101jas apvieno modernu industri\u0101lo dizainu ar struktur\u0101lo iztur\u012bbu, pied\u0101v\u0101jot piln\u012bb\u0101 metin\u0101tu X formas konstrukciju, kas nodro\u0161ina maksim\u0101lu stabilit\u0101ti \u0113damgaldiem, rakst\u0101mgaldiem, konferen\u010du galdiem un pas\u016bt\u012bjuma m\u0113bel\u0113m; t\u0101s ir izgatavotas no iztur\u012bgas 8 \u00d7 4 cm t\u0113rauda caurules un pastiprin\u0101tas ar ciet\u0101m t\u0113rauda atlok\u0101m, nodro\u0161ina slodzi l\u012bdz 150 kg un ir piem\u0113rotas lieliem galda virsm\u0101m l\u012bdz 280 \u00d7 120 cm.<\/p>\n<p>\u0160\u012bs X formas galda k\u0101jas ir pieejamas ar pulverkr\u0101sas p\u0101rkl\u0101jumu vai neapstr\u0101d\u0101ta t\u0113rauda apdari un pla\u0161\u0101 kr\u0101su kl\u0101st\u0101, tostarp meln\u0101, bronzas, tum\u0161i pel\u0113k\u0101, zelta, gai\u0161i pel\u0113k\u0101 un balt\u0101 kr\u0101s\u0101; pulverkr\u0101sas p\u0101rkl\u0101jums nodro\u0161ina papildu iztur\u012bbu pret skr\u0101p\u0113jumiem un koroziju, padarot k\u0101jas piem\u0113rotas gan dz\u012bvojam\u0101m, gan komerci\u0101l\u0101m telp\u0101m, kur\u0101s ir svar\u012bga iztur\u012bba un t\u012bra arhitekt\u016bras est\u0113tika.<\/p>\n<p>Katr\u0101 p\u0101ri ir regul\u0113jamas k\u0101ji\u0146as, lai izl\u012bdzin\u0101tu nevienm\u0113r\u012bgas gr\u012bdas, filca uzlikas virsmas aizsardz\u012bbai un prec\u012bzi izvietoti 5 mm mont\u0101\u017eas caurumi dro\u0161ai un vienk\u0101r\u0161ai uzst\u0101d\u012b\u0161anai; ir pieejama piln\u012bga piel\u0101go\u0161ana, kas \u013cauj izv\u0113l\u0113ties kr\u0101su, apdares veidu, augstumu, platumu un mont\u0101\u017eas caurumu konfigur\u0101ciju, lai tas piln\u012bb\u0101 atbilstu j\u016bsu galda virsmas izm\u0113riem un projekta pras\u012bb\u0101m, padarot Lobe x r\u0101mja galda k\u0101jas par ide\u0101lu risin\u0101jumu pas\u016bt\u012bjuma m\u0113bel\u0113m un profesion\u0101liem interjera projektiem.<\/p>","protected":false},"excerpt":{"rendered":"<p>Lobe X Frame galda k\u0101jas ir iztur\u012bgas metin\u0101tas t\u0113rauda k\u0101jas, kas izgatavotas no 8 \u00d7 4 cm t\u0113rauda caurules ar ciet\u0101m t\u0113rauda atlok\u0101m, paredz\u0113tas l\u012bdz 150 kg smagu galda virsmu atbalstam un piem\u0113rotas galda virsm\u0101m l\u012bdz 280 \u00d7 120 cm; pieejamas ar pulverkr\u0101sas p\u0101rkl\u0101jumu vai neapstr\u0101d\u0101tas t\u0113rauda apdari meln\u0101, bronzas, tum\u0161i pel\u0113k\u0101, zelta, gai\u0161i pel\u0113k\u0101 un balt\u0101 kr\u0101s\u0101, t\u0101m ir 5 mm mont\u0101\u017eas caurumi, regul\u0113jamas k\u0101jas, filca uzlikas, un t\u0101s tiek p\u0101rdotas p\u0101ri ar piel\u0101got\u0101m kr\u0101sas, apdares, augstuma, platuma un mont\u0101\u017eas caurumu konfigur\u0101cijas opcij\u0101m.<\/p>","protected":false},"featured_media":1524,"template":"","meta":{"jetpack_publicize_message":"","jetpack_publicize_feature_enabled":true,"jetpack_social_post_already_shared":true,"jetpack_social_options":{"image_generator_settings":{"template":"highway","default_image_id":0,"font":"","enabled":false},"version":2}},"product_brand":[578],"product_cat":[113],"product_tag":[698],"class_list":{"0":"post-1521","1":"product","2":"type-product","3":"status-publish","4":"has-post-thumbnail","6":"product_brand-ferligs","7":"product_cat-table-legs","8":"product_tag-x-shaped-table-legs","9":"product_shipping_class-tables-legs","11":"first","12":"instock","13":"sale","14":"taxable","15":"shipping-taxable","16":"purchasable","17":"product-type-variable","18":"has-default-attributes"},"featured_image_urls_v2":{"full":["https:\/\/ferligs.com\/wp-content\/uploads\/2023\/05\/8339-Webp820x680.webp",820,680,false],"thumbnail":["https:\/\/ferligs.com\/wp-content\/uploads\/2023\/05\/8339-Webp820x680-150x150.webp",150,150,true],"medium":["https:\/\/ferligs.com\/wp-content\/uploads\/2023\/05\/8339-Webp820x680-300x249.webp",300,249,true],"medium_large":["https:\/\/ferligs.com\/wp-content\/uploads\/2023\/05\/8339-Webp820x680-768x637.webp",768,637,true],"large":["https:\/\/ferligs.com\/wp-content\/uploads\/2023\/05\/8339-Webp820x680.webp",820,680,false],"1536x1536":["https:\/\/ferligs.com\/wp-content\/uploads\/2023\/05\/8339-Webp820x680.webp",820,680,false],"2048x2048":["https:\/\/ferligs.com\/wp-content\/uploads\/2023\/05\/8339-Webp820x680.webp",820,680,false],"trp-custom-language-flag":["https:\/\/ferligs.com\/wp-content\/uploads\/2023\/05\/8339-Webp820x680.webp",14,12,false],"woocommerce_archive_thumbnail":["https:\/\/ferligs.com\/wp-content\/uploads\/2023\/05\/8339-Webp820x680-300x249.webp",300,249,true],"woocommerce_thumbnail":["https:\/\/ferligs.com\/wp-content\/uploads\/2023\/05\/8339-Webp820x680-300x249.webp",300,249,true],"woocommerce_single":["https:\/\/ferligs.com\/wp-content\/uploads\/2023\/05\/8339-Webp820x680-600x498.webp",600,498,true],"woocommerce_gallery_thumbnail":["https:\/\/ferligs.com\/wp-content\/uploads\/2023\/05\/8339-Webp820x680-100x100.webp",100,100,true]},"post_excerpt_stackable_v2":"<p>Lobe X Frame Table Legs are heavy-duty welded steel legs made from 8 \u00d7 4 cm steel tube with solid steel flanges, designed to support up to 150 kg and fit tabletops up to 280 \u00d7 120 cm; available in powder-coated or raw steel finish in Black, Bronze, Dark Grey, Gold, Light Grey, and White, they include 5 mm mounting holes, adjustable feet, felt pads, and are sold as a pair with custom options for color, finish, height, width, and mounting hole configuration.<\/p>\n","category_list_v2":"","author_info_v2":{"name":"","url":""},"comments_num_v2":"0 comments","jetpack_publicize_connections":[],"jetpack_sharing_enabled":true,"_links":{"self":[{"href":"https:\/\/ferligs.com\/lv\/wp-json\/wp\/v2\/product\/1521","targetHints":{"allow":["GET"]}}],"collection":[{"href":"https:\/\/ferligs.com\/lv\/wp-json\/wp\/v2\/product"}],"about":[{"href":"https:\/\/ferligs.com\/lv\/wp-json\/wp\/v2\/types\/product"}],"wp:featuredmedia":[{"embeddable":true,"href":"https:\/\/ferligs.com\/lv\/wp-json\/wp\/v2\/media\/1524"}],"wp:attachment":[{"href":"https:\/\/ferligs.com\/lv\/wp-json\/wp\/v2\/media?parent=1521"}],"wp:term":[{"taxonomy":"product_brand","embeddable":true,"href":"https:\/\/ferligs.com\/lv\/wp-json\/wp\/v2\/product_brand?post=1521"},{"taxonomy":"product_cat","embeddable":true,"href":"https:\/\/ferligs.com\/lv\/wp-json\/wp\/v2\/product_cat?post=1521"},{"taxonomy":"product_tag","embeddable":true,"href":"https:\/\/ferligs.com\/lv\/wp-json\/wp\/v2\/product_tag?post=1521"}],"curies":[{"name":"wp","href":"https:\/\/api.w.org\/{rel}","templated":true}]}}