{"id":1515,"date":"2023-05-24T13:20:48","date_gmt":"2023-05-24T10:20:48","guid":{"rendered":"https:\/\/ferligs.com\/?post_type=product&#038;p=1515"},"modified":"2026-03-05T18:46:43","modified_gmt":"2026-03-05T16:46:43","slug":"ramata","status":"publish","type":"product","link":"https:\/\/ferligs.com\/lv\/product\/ramata\/","title":{"rendered":"RAMATA \u2013 U-veida galda k\u0101ju p\u0101ris"},"content":{"rendered":"<p>Ramata U veida galda k\u0101jas ir paredz\u0113tas tiem, kas nov\u0113rt\u0113 t\u012bras l\u012bnijas un l\u012bdzsvarotas proporcijas. Klasiskais taisnst\u016bra formas r\u0101mis rada sp\u0113c\u012bgu vizu\u0101lo pamatu, vienlaikus saglab\u0101jot minim\u0101lu un elegantu kop\u0113jo izskatu, padarot \u0161\u012bs k\u0101jas par ide\u0101lu izv\u0113li \u0113damgaldiem, vad\u012bt\u0101ju galdiem, virtuves sal\u0101m un liel\u0101m darba virsm\u0101m gan modernos, gan tradicion\u0101los interjeros.<\/p>\n<p>Ramata k\u0101jas ir izgatavotas no cietas 10 \u00d7 10 cm t\u0113rauda caurules ar pastiprin\u0101tiem t\u0113rauda atlokiem un piln\u012bb\u0101 metin\u0101tu konstrukciju, nodro\u0161inot izcilu stabilit\u0101ti un dro\u0161u st\u0101v\u0113\u0161anu. Ar celtsp\u0113ju l\u012bdz 150 kg un atbalstu galda virsm\u0101m l\u012bdz 280 \u00d7 120 cm, t\u0101s ir ide\u0101li piem\u0113rotas smag\u0101m mas\u012bvkoka, biezu pl\u0101t\u0146u vai izteiksm\u012bg\u0101m galda virsm\u0101m, kur\u0101m ir b\u016btiska iztur\u012bba un uzticam\u012bba. Prec\u012bzi sagatavotie 5 mm mont\u0101\u017eas caurumi nodro\u0161ina dro\u0161u un prec\u012bzu uzst\u0101d\u012b\u0161anu.<\/p>\n<p>K\u0101jas ir izgatavotas no cietas 10 \u00d7 10 cm t\u0113rauda caurules ar pastiprin\u0101tiem t\u0113rauda atlokiem un piln\u012bb\u0101 metin\u0101tu konstrukciju, kas nodro\u0161ina izcilu stabilit\u0101ti un dro\u0161u st\u0101v\u0113\u0161anu. Ar celtsp\u0113ju l\u012bdz 150 kg un atbalstu galda virsm\u0101m l\u012bdz 280 \u00d7 120 cm, t\u0101s ir ide\u0101li piem\u0113rotas smagiem mas\u012bvkoka, bieziem pl\u0101t\u0146u vai izteiksm\u012bgiem galda virsm\u0101m, kur\u0101m ir b\u016btiska iztur\u012bba un uzticam\u012bba. Prec\u012bzi apstr\u0101d\u0101ti 5 mm mont\u0101\u017eas caurumi nodro\u0161ina dro\u0161u un prec\u012bzu uzst\u0101d\u012b\u0161anu.<\/p>","protected":false},"excerpt":{"rendered":"<p>Ramata U veida galda k\u0101jas ir klasiskas, iztur\u012bgas metin\u0101tas t\u0113rauda k\u0101jas, kas izgatavotas no cietas 10 \u00d7 10 cm t\u0113rauda caurules ar stipriem t\u0113rauda atlokiem, paredz\u0113tas, lai iztur\u0113tu l\u012bdz 150 kg un b\u016btu piem\u0113rotas galda virsm\u0101m l\u012bdz 280 \u00d7 120 cm; pieejamas ar pulverkr\u0101sas p\u0101rkl\u0101jumu vai neapstr\u0101d\u0101tas t\u0113rauda apdari meln\u0101, bronzas, tum\u0161i pel\u0113k\u0101, zelta, gai\u0161i pel\u0113k\u0101 un balt\u0101 kr\u0101s\u0101, t\u0101m ir 5 mm mont\u0101\u017eas caurumi un regul\u0113jamas k\u0101jas un filca uzlikas, ar piel\u0101gojam\u0101m kr\u0101su, apdares veida, augstuma, platuma un mont\u0101\u017eas caurumu konfigur\u0101cijas opcij\u0101m.<\/p>","protected":false},"featured_media":1516,"template":"","meta":{"jetpack_publicize_message":"","jetpack_publicize_feature_enabled":true,"jetpack_social_post_already_shared":true,"jetpack_social_options":{"image_generator_settings":{"template":"highway","default_image_id":0,"font":"","enabled":false},"version":2}},"product_brand":[578],"product_cat":[113],"product_tag":[699],"class_list":{"0":"post-1515","1":"product","2":"type-product","3":"status-publish","4":"has-post-thumbnail","6":"product_brand-ferligs","7":"product_cat-table-legs","8":"product_tag-u-shaped-table-legs","9":"product_shipping_class-tables-legs","11":"first","12":"instock","13":"sale","14":"taxable","15":"shipping-taxable","16":"purchasable","17":"product-type-variable","18":"has-default-attributes"},"featured_image_urls_v2":{"full":["https:\/\/ferligs.com\/wp-content\/uploads\/2023\/05\/8985-Webp820x680.webp",820,680,false],"thumbnail":["https:\/\/ferligs.com\/wp-content\/uploads\/2023\/05\/8985-Webp820x680.webp",150,124,false],"medium":["https:\/\/ferligs.com\/wp-content\/uploads\/2023\/05\/8985-Webp820x680.webp",300,249,false],"medium_large":["https:\/\/ferligs.com\/wp-content\/uploads\/2023\/05\/8985-Webp820x680.webp",768,637,false],"large":["https:\/\/ferligs.com\/wp-content\/uploads\/2023\/05\/8985-Webp820x680.webp",820,680,false],"1536x1536":["https:\/\/ferligs.com\/wp-content\/uploads\/2023\/05\/8985-Webp820x680.webp",820,680,false],"2048x2048":["https:\/\/ferligs.com\/wp-content\/uploads\/2023\/05\/8985-Webp820x680.webp",820,680,false],"trp-custom-language-flag":["https:\/\/ferligs.com\/wp-content\/uploads\/2023\/05\/8985-Webp820x680.webp",14,12,false],"woocommerce_archive_thumbnail":["https:\/\/ferligs.com\/wp-content\/uploads\/2023\/05\/8985-Webp820x680-300x249.webp",300,249,true],"woocommerce_thumbnail":["https:\/\/ferligs.com\/wp-content\/uploads\/2023\/05\/8985-Webp820x680.webp",300,249,false],"woocommerce_single":["https:\/\/ferligs.com\/wp-content\/uploads\/2023\/05\/8985-Webp820x680.webp",600,498,false],"woocommerce_gallery_thumbnail":["https:\/\/ferligs.com\/wp-content\/uploads\/2023\/05\/8985-Webp820x680-100x100.webp",100,100,true]},"post_excerpt_stackable_v2":"<p>Ramata U-Shaped Table Legs are classic heavy-duty welded steel legs made from solid 10 \u00d7 10 cm steel tube with strong steel flanges, designed to support up to 150 kg and fit tabletops up to 280 \u00d7 120 cm; available in powder-coated or raw steel finish in Black, Bronze, Dark Grey, Gold, Light Grey, and White, they feature 5 mm mounting holes and include adjustable feet and felt pads, with custom options for color, finish type, height, width, and mounting hole configuration.<\/p>\n","category_list_v2":"","author_info_v2":{"name":"","url":""},"comments_num_v2":"0 comments","jetpack_publicize_connections":[],"jetpack_sharing_enabled":true,"_links":{"self":[{"href":"https:\/\/ferligs.com\/lv\/wp-json\/wp\/v2\/product\/1515","targetHints":{"allow":["GET"]}}],"collection":[{"href":"https:\/\/ferligs.com\/lv\/wp-json\/wp\/v2\/product"}],"about":[{"href":"https:\/\/ferligs.com\/lv\/wp-json\/wp\/v2\/types\/product"}],"wp:featuredmedia":[{"embeddable":true,"href":"https:\/\/ferligs.com\/lv\/wp-json\/wp\/v2\/media\/1516"}],"wp:attachment":[{"href":"https:\/\/ferligs.com\/lv\/wp-json\/wp\/v2\/media?parent=1515"}],"wp:term":[{"taxonomy":"product_brand","embeddable":true,"href":"https:\/\/ferligs.com\/lv\/wp-json\/wp\/v2\/product_brand?post=1515"},{"taxonomy":"product_cat","embeddable":true,"href":"https:\/\/ferligs.com\/lv\/wp-json\/wp\/v2\/product_cat?post=1515"},{"taxonomy":"product_tag","embeddable":true,"href":"https:\/\/ferligs.com\/lv\/wp-json\/wp\/v2\/product_tag?post=1515"}],"curies":[{"name":"wp","href":"https:\/\/api.w.org\/{rel}","templated":true}]}}