{"id":1503,"date":"2023-05-24T13:17:09","date_gmt":"2023-05-24T10:17:09","guid":{"rendered":"https:\/\/ferligs.com\/?post_type=product&#038;p=1503"},"modified":"2026-03-11T19:48:24","modified_gmt":"2026-03-11T17:48:24","slug":"engure","status":"publish","type":"product","link":"https:\/\/ferligs.com\/lv\/product\/engure\/","title":{"rendered":"ENGURE - zirnek\u013cveid\u012bg\u0101s galda k\u0101jas"},"content":{"rendered":"<p>ENGURE \u0113damgalda k\u0101jas ir izstr\u0101d\u0101tas, lai k\u013c\u016btu par j\u016bsu \u0113damistabas arhitekt\u016bras centr\u0101lo elementu. To krustojo\u0161\u0101s t\u0113rauda atbalsta konstrukcijas veido dinamisku zirnek\u013ca k\u0101ju stila pamatni, kas apvieno skulptur\u0101lu eleganci ar struktur\u0101lu l\u012bdzsvaru, nodro\u0161inot pla\u0161u k\u0101ju telpu un \u0113rtu s\u0113dvietu, neietekm\u0113jot stabilit\u0101ti. \u0160is atv\u0113rtais \u0123eometriskais dizains padara pamatni ide\u0101li piem\u0113rotu gan taisnst\u016bra, gan dz\u012bvo malu galda virsm\u0101m.<\/p>\n<p>Izgatavots no iztur\u012bgas 60 \u00d7 60 mm augstas kvalit\u0101tes t\u0113rauda caurules, r\u0101mis nodro\u0161ina izcilu iztur\u012bbu un ilgm\u016b\u017e\u012bbu ikdienas lieto\u0161anai. Visa konstrukcija ir apstr\u0101d\u0101ta ar gludu pulverkr\u0101sas p\u0101rkl\u0101jumu, kas ir iztur\u012bgs pret skr\u0101p\u0113jumiem un nodilumu, saglab\u0101jot izsmalcin\u0101tu izskatu gadiem ilgi. Standarta 5 mm stiprin\u0101juma caurumi nodro\u0161ina dro\u0161u piestiprin\u0101\u0161anu pie galda virsmas, bet labi izstr\u0101d\u0101t\u0101 \u0123eometrija vienm\u0113r\u012bgi sadala svaru, nodro\u0161inot uzticamu atbalstu.<\/p>\n<p>ENGURE \u0113damgalda k\u0101jas tiek pieg\u0101d\u0101tas saliktas, lai nodro\u0161in\u0101tu dro\u0161u transport\u0113\u0161anu un vienk\u0101r\u0161u pieg\u0101di. Mont\u0101\u017ea ir vienk\u0101r\u0161a un intuit\u012bva, komplekt\u0101 ir iek\u013cauti visi stiprin\u0101jumi un skaidri ilustr\u0113ta instrukcija. Piel\u0101go\u0161anas iesp\u0113jas \u013cauj izv\u0113l\u0113ties augstumu, platumu un apdari, kas ide\u0101li atbilst j\u016bsu interjera koncepcijai un galda virsmas izm\u0113riem. Galda virsma nav iek\u013cauta.<\/p>","protected":false},"excerpt":{"rendered":"<p>ENGURE \u0113damgalda k\u0101jas Spider Legs ir izgatavotas no iztur\u012bgas 60 \u00d7 60 mm t\u0113rauda caurules, veidojot stabilu un vizu\u0101li iespaid\u012bgu pamatni moderniem \u0113damgaldiem; apstr\u0101d\u0101tas ar aizsarg\u0101jo\u0161u pulvera p\u0101rkl\u0101jumu, apr\u012bkotas ar standarta 5 mm stiprin\u0101juma caurumiem, pieg\u0101d\u0101tas plakan\u0101 iepakojum\u0101 ar visiem stiprin\u0101jumiem un mont\u0101\u017eas instrukcij\u0101m, un pieejamas ar piel\u0101gotu augstumu, platumu un apdari.<\/p>","protected":false},"featured_media":1510,"template":"","meta":{"jetpack_publicize_message":"","jetpack_publicize_feature_enabled":true,"jetpack_social_post_already_shared":true,"jetpack_social_options":{"image_generator_settings":{"template":"highway","default_image_id":0,"font":"","enabled":false},"version":2}},"product_brand":[578],"product_cat":[113],"product_tag":[705],"class_list":{"0":"post-1503","1":"product","2":"type-product","3":"status-publish","4":"has-post-thumbnail","6":"product_brand-ferligs","7":"product_cat-table-legs","8":"product_tag-spider-legs","9":"product_shipping_class-tables-legs","11":"first","12":"instock","13":"sale","14":"taxable","15":"shipping-taxable","16":"purchasable","17":"product-type-variable","18":"has-default-attributes"},"featured_image_urls_v2":{"full":["https:\/\/ferligs.com\/wp-content\/uploads\/2023\/05\/9243-Webp820x680.webp",820,680,false],"thumbnail":["https:\/\/ferligs.com\/wp-content\/uploads\/2023\/05\/9243-Webp820x680.webp",150,124,false],"medium":["https:\/\/ferligs.com\/wp-content\/uploads\/2023\/05\/9243-Webp820x680.webp",300,249,false],"medium_large":["https:\/\/ferligs.com\/wp-content\/uploads\/2023\/05\/9243-Webp820x680.webp",768,637,false],"large":["https:\/\/ferligs.com\/wp-content\/uploads\/2023\/05\/9243-Webp820x680.webp",820,680,false],"1536x1536":["https:\/\/ferligs.com\/wp-content\/uploads\/2023\/05\/9243-Webp820x680.webp",820,680,false],"2048x2048":["https:\/\/ferligs.com\/wp-content\/uploads\/2023\/05\/9243-Webp820x680.webp",820,680,false],"trp-custom-language-flag":["https:\/\/ferligs.com\/wp-content\/uploads\/2023\/05\/9243-Webp820x680.webp",14,12,false],"woocommerce_archive_thumbnail":["https:\/\/ferligs.com\/wp-content\/uploads\/2023\/05\/9243-Webp820x680-300x249.webp",300,249,true],"woocommerce_thumbnail":["https:\/\/ferligs.com\/wp-content\/uploads\/2023\/05\/9243-Webp820x680.webp",300,249,false],"woocommerce_single":["https:\/\/ferligs.com\/wp-content\/uploads\/2023\/05\/9243-Webp820x680.webp",600,498,false],"woocommerce_gallery_thumbnail":["https:\/\/ferligs.com\/wp-content\/uploads\/2023\/05\/9243-Webp820x680-100x100.webp",100,100,true]},"post_excerpt_stackable_v2":"<p>ENGURE Dining Table Spider Legs feature a bold intersecting cross design crafted from durable 60 \u00d7 60 mm steel tube, creating a stable and visually striking base for modern dining tables; finished with a protective powder coating, equipped with standard 5 mm fixing holes, delivered flat-packed with all fasteners and assembly instructions, and available with custom height, width, and finish options.<\/p>\n","category_list_v2":"","author_info_v2":{"name":"","url":""},"comments_num_v2":"0 comments","jetpack_publicize_connections":[],"jetpack_sharing_enabled":true,"_links":{"self":[{"href":"https:\/\/ferligs.com\/lv\/wp-json\/wp\/v2\/product\/1503","targetHints":{"allow":["GET"]}}],"collection":[{"href":"https:\/\/ferligs.com\/lv\/wp-json\/wp\/v2\/product"}],"about":[{"href":"https:\/\/ferligs.com\/lv\/wp-json\/wp\/v2\/types\/product"}],"wp:featuredmedia":[{"embeddable":true,"href":"https:\/\/ferligs.com\/lv\/wp-json\/wp\/v2\/media\/1510"}],"wp:attachment":[{"href":"https:\/\/ferligs.com\/lv\/wp-json\/wp\/v2\/media?parent=1503"}],"wp:term":[{"taxonomy":"product_brand","embeddable":true,"href":"https:\/\/ferligs.com\/lv\/wp-json\/wp\/v2\/product_brand?post=1503"},{"taxonomy":"product_cat","embeddable":true,"href":"https:\/\/ferligs.com\/lv\/wp-json\/wp\/v2\/product_cat?post=1503"},{"taxonomy":"product_tag","embeddable":true,"href":"https:\/\/ferligs.com\/lv\/wp-json\/wp\/v2\/product_tag?post=1503"}],"curies":[{"name":"wp","href":"https:\/\/api.w.org\/{rel}","templated":true}]}}