{"id":1502,"date":"2023-05-24T13:04:52","date_gmt":"2023-05-24T10:04:52","guid":{"rendered":"https:\/\/ferligs.com\/?post_type=product&#038;p=1502"},"modified":"2026-04-02T12:52:02","modified_gmt":"2026-04-02T09:52:02","slug":"abava-table-base","status":"publish","type":"product","link":"https:\/\/ferligs.com\/lv\/product\/abava-table-base\/","title":{"rendered":"ABAVA \u2013 eleganta galda pamatne"},"content":{"rendered":"<p>Abava apvieno elegantu m\u016bsdien\u012bgu dizainu ar praktisku funkcionalit\u0101ti. Krustenisk\u0101s l\u012bnijas veido smalku \u0123eometrisku rakstu, kas uzlabo galda est\u0113tiku, vienlaikus nodro\u0161inot maksim\u0101lu s\u0113dvietu skaitu. \u0160is balsts piem\u0113rots gan m\u016bsdien\u012bgiem, gan klasiskas stila interjeriem, pied\u0101v\u0101jot elegantu un stabilu pamatu da\u017e\u0101du galda virsmu form\u0101m. Atv\u0113rtais dizains nodro\u0161ina \u0113rt\u012bbu un br\u012bvu p\u0101rvieto\u0161anos ap galdu.<\/p>\n<p>Izgatavots no augstas kvalit\u0101tes t\u0113rauda, Abava balsts ir piln\u012bb\u0101 metin\u0101ts, nodro\u0161inot ilgsto\u0161u stabilit\u0101ti un iztur\u012bbu. Katrs elements ir p\u0101rkl\u0101ts ar augstas kvalit\u0101tes pulverkr\u0101su, kas iztur skr\u0101p\u0113jumus un nodilumu, saglab\u0101jot spo\u017eu izskatu gadiem. Mont\u0101\u017ea ir vienk\u0101r\u0161a un intuit\u012bva, komplekt\u0101 iek\u013cauti visi elementi un ilustr\u0113tas instrukcijas. Iztur\u012bgais met\u0101la karkass nodro\u0161ina ikdienas lieto\u0161anai piem\u0113rotu stabilit\u0101ti, saglab\u0101jot stilu.<\/p>\n<p>Individu\u0101la piel\u0101go\u0161ana padara Abava Met\u0101la Galda Balsts \u013coti daudzpus\u012bgu. J\u016bs varat izv\u0113l\u0113ties augstumu, platumu, kr\u0101su un apdari, lai tas ide\u0101li atbilstu galda virsmai un interjera dizainam. Piem\u0113rots m\u0101jas, biroja vai komerci\u0101lam galda projektam, \u0161is balsts apvieno vizu\u0101lu eleganci ar struktur\u0101lu uzticam\u012bbu, nodro\u0161inot gan est\u0113tiku, gan praktisku funkcionalit\u0101ti.<\/p>","protected":false},"excerpt":{"rendered":"<p>Abava Met\u0101la Galda Balsts ir elegants un kvalitat\u012bvs t\u0113rauda galda balsts, kas pie\u0161\u0137ir jebkuram \u0113damgaldam izsmalcin\u0101t\u012bbu. Krustenisk\u0101s l\u012bnijas rada vizu\u0101li pievilc\u012bgu dizainu, vienlaikus nodro\u0161inot maksim\u0101lu s\u0113dvietu skaitu. Pieg\u0101d\u0101ts izjaukt\u0101 veid\u0101 ar skaidr\u0101m instrukcij\u0101m un visiem nepiecie\u0161amajiem komponentiem; pulverkr\u0101sas apdare nodro\u0161ina ilgm\u016b\u017e\u012bbu, un galda balsts ir iesp\u0113jams individu\u0101li piel\u0101got.<\/p>","protected":false},"featured_media":1501,"template":"","meta":{"jetpack_publicize_message":"","jetpack_publicize_feature_enabled":true,"jetpack_social_post_already_shared":true,"jetpack_social_options":{"image_generator_settings":{"template":"highway","default_image_id":0,"font":"","enabled":false},"version":2}},"product_brand":[578],"product_cat":[113],"product_tag":[705,704,698],"class_list":{"0":"post-1502","1":"product","2":"type-product","3":"status-publish","4":"has-post-thumbnail","6":"product_brand-ferligs","7":"product_cat-table-legs","8":"product_tag-spider-legs","9":"product_tag-table-bases","10":"product_tag-x-shaped-table-legs","11":"product_shipping_class-tables-legs","13":"first","14":"instock","15":"sale","16":"taxable","17":"shipping-taxable","18":"purchasable","19":"product-type-variable","20":"has-default-attributes"},"featured_image_urls_v2":{"full":["https:\/\/ferligs.com\/wp-content\/uploads\/2023\/05\/9044-Webp820x680.webp",820,680,false],"thumbnail":["https:\/\/ferligs.com\/wp-content\/uploads\/2023\/05\/9044-Webp820x680.webp",150,124,false],"medium":["https:\/\/ferligs.com\/wp-content\/uploads\/2023\/05\/9044-Webp820x680.webp",300,249,false],"medium_large":["https:\/\/ferligs.com\/wp-content\/uploads\/2023\/05\/9044-Webp820x680.webp",768,637,false],"large":["https:\/\/ferligs.com\/wp-content\/uploads\/2023\/05\/9044-Webp820x680.webp",820,680,false],"1536x1536":["https:\/\/ferligs.com\/wp-content\/uploads\/2023\/05\/9044-Webp820x680.webp",820,680,false],"2048x2048":["https:\/\/ferligs.com\/wp-content\/uploads\/2023\/05\/9044-Webp820x680.webp",820,680,false],"trp-custom-language-flag":["https:\/\/ferligs.com\/wp-content\/uploads\/2023\/05\/9044-Webp820x680.webp",14,12,false],"woocommerce_archive_thumbnail":["https:\/\/ferligs.com\/wp-content\/uploads\/2023\/05\/9044-Webp820x680-300x249.webp",300,249,true],"woocommerce_thumbnail":["https:\/\/ferligs.com\/wp-content\/uploads\/2023\/05\/9044-Webp820x680.webp",300,249,false],"woocommerce_single":["https:\/\/ferligs.com\/wp-content\/uploads\/2023\/05\/9044-Webp820x680.webp",600,498,false],"woocommerce_gallery_thumbnail":["https:\/\/ferligs.com\/wp-content\/uploads\/2023\/05\/9044-Webp820x680-100x100.webp",100,100,true]},"post_excerpt_stackable_v2":"<p>Abava Metal Table Base is an elegant, high-quality steel base designed to add sophistication to any dining table. Its crossing lines create a visually striking design while maximizing seating space. Delivered unassembled with clear instructions and all necessary components, this durable powder-coated table base can be custom-made to match your preferred size and finish.<\/p>\n","category_list_v2":"","author_info_v2":{"name":"","url":""},"comments_num_v2":"0 comments","jetpack_publicize_connections":[],"jetpack_sharing_enabled":true,"_links":{"self":[{"href":"https:\/\/ferligs.com\/lv\/wp-json\/wp\/v2\/product\/1502","targetHints":{"allow":["GET"]}}],"collection":[{"href":"https:\/\/ferligs.com\/lv\/wp-json\/wp\/v2\/product"}],"about":[{"href":"https:\/\/ferligs.com\/lv\/wp-json\/wp\/v2\/types\/product"}],"wp:featuredmedia":[{"embeddable":true,"href":"https:\/\/ferligs.com\/lv\/wp-json\/wp\/v2\/media\/1501"}],"wp:attachment":[{"href":"https:\/\/ferligs.com\/lv\/wp-json\/wp\/v2\/media?parent=1502"}],"wp:term":[{"taxonomy":"product_brand","embeddable":true,"href":"https:\/\/ferligs.com\/lv\/wp-json\/wp\/v2\/product_brand?post=1502"},{"taxonomy":"product_cat","embeddable":true,"href":"https:\/\/ferligs.com\/lv\/wp-json\/wp\/v2\/product_cat?post=1502"},{"taxonomy":"product_tag","embeddable":true,"href":"https:\/\/ferligs.com\/lv\/wp-json\/wp\/v2\/product_tag?post=1502"}],"curies":[{"name":"wp","href":"https:\/\/api.w.org\/{rel}","templated":true}]}}