{"id":1099,"date":"2022-10-31T11:31:05","date_gmt":"2022-10-31T09:31:05","guid":{"rendered":"https:\/\/ferligs.com\/product\/v-neck-t-shirt\/"},"modified":"2026-04-11T09:31:28","modified_gmt":"2026-04-11T06:31:28","slug":"usma","status":"publish","type":"product","link":"https:\/\/ferligs.com\/lv\/product\/usma\/","title":{"rendered":"Usma pl\u012bts"},"content":{"rendered":"<p>M\u016bsdien\u012bga ar rok\u0101m veidota podi\u0146u kr\u0101sns \"USMA\". In\u017eenierkonstrukcija ir balst\u012bta uz zin\u0101tniskaj\u0101m zin\u0101\u0161an\u0101m un simtiem gadu ilgu pieredzi. \u0160aj\u0101 unik\u0101laj\u0101 dizain\u0101 apvienota ergonomika un kompaktums. Podi\u0146u kr\u0101sni \"USMA\" ir \u013coti vienk\u0101r\u0161i uzst\u0101d\u012bt, k\u0101 ar\u012b viegli un ilgsto\u0161i izmantot, lai apsild\u012btu jebkuru telpu.<br \/>\nPl\u012bts ir izgatavota no ener\u0123iju pat\u0113r\u0113jo\u0161a met\u0101la sakaus\u0113juma, kas \u013cauj apsild\u012bt telpu l\u012bdz 100 m2. T\u0101 s\u0101k sild\u012bties uzreiz p\u0113c kr\u0101sns aizdeg\u0161anas, un l\u0113n\u0101s deg\u0161anas re\u017e\u012bms rada ide\u0101lus apst\u0101k\u013cus ilgai deg\u0161anai un piln\u012bgai kurin\u0101m\u0101 sadeg\u0161anai.<br \/>\n\"USMA\" \u013cauj izmantot gandr\u012bz jebkura veida aizdedzes degvielu. P\u0101rdom\u0101ts dizains nov\u0113r\u0161 d\u016bmu smaku.<br \/>\nAugsto g\u0101zes un elektr\u012bbas cenu d\u0113\u013c vai gad\u012bjumos, kad tehniski nav iesp\u0113jams t\u0101s izmantot, \u0161\u012b univers\u0101l\u0101 pl\u012bts var b\u016bt l\u0113ta alternat\u012bva, kas \u013cauj ietaup\u012bt naudu uz r\u0113\u0137ina, lai j\u016bs var\u0113tu b\u016bt p\u0113c iesp\u0113jas ekonomisk\u0101ki.<\/p>","protected":false},"excerpt":{"rendered":"<p>M\u016bsdien\u012bga ar rok\u0101m veidota podi\u0146u kr\u0101sns \"USMA\"<\/p>","protected":false},"featured_media":1110,"template":"","meta":{"jetpack_publicize_message":"","jetpack_publicize_feature_enabled":true,"jetpack_social_post_already_shared":false,"jetpack_social_options":{"image_generator_settings":{"template":"highway","default_image_id":0,"font":"","enabled":false},"version":2}},"product_brand":[578],"product_cat":[32],"product_tag":[],"class_list":{"0":"post-1099","1":"product","2":"type-product","3":"status-publish","4":"has-post-thumbnail","6":"product_brand-ferligs","7":"product_cat-stoves","8":"product_shipping_class-stoves","10":"first","11":"instock","12":"taxable","13":"shipping-taxable","14":"purchasable","15":"product-type-variable","16":"has-default-attributes"},"featured_image_urls_v2":{"full":["https:\/\/ferligs.com\/wp-content\/uploads\/2022\/10\/USMA_WEB_2-1.webp",820,640,false],"thumbnail":["https:\/\/ferligs.com\/wp-content\/uploads\/2022\/10\/USMA_WEB_2-1-150x150.webp",150,150,true],"medium":["https:\/\/ferligs.com\/wp-content\/uploads\/2022\/10\/USMA_WEB_2-1-300x234.webp",300,234,true],"medium_large":["https:\/\/ferligs.com\/wp-content\/uploads\/2022\/10\/USMA_WEB_2-1-768x599.webp",768,599,true],"large":["https:\/\/ferligs.com\/wp-content\/uploads\/2022\/10\/USMA_WEB_2-1.webp",820,640,false],"1536x1536":["https:\/\/ferligs.com\/wp-content\/uploads\/2022\/10\/USMA_WEB_2-1.webp",820,640,false],"2048x2048":["https:\/\/ferligs.com\/wp-content\/uploads\/2022\/10\/USMA_WEB_2-1.webp",820,640,false],"trp-custom-language-flag":["https:\/\/ferligs.com\/wp-content\/uploads\/2022\/10\/USMA_WEB_2-1.webp",15,12,false],"woocommerce_archive_thumbnail":["https:\/\/ferligs.com\/wp-content\/uploads\/2022\/10\/USMA_WEB_2-1-300x234.webp",300,234,true],"woocommerce_thumbnail":["https:\/\/ferligs.com\/wp-content\/uploads\/2022\/10\/USMA_WEB_2-1-300x234.webp",300,234,true],"woocommerce_single":["https:\/\/ferligs.com\/wp-content\/uploads\/2022\/10\/USMA_WEB_2-1-600x468.webp",600,468,true],"woocommerce_gallery_thumbnail":["https:\/\/ferligs.com\/wp-content\/uploads\/2022\/10\/USMA_WEB_2-1-100x100.webp",100,100,true]},"post_excerpt_stackable_v2":"<p>Modern handmade potbelly stove \u201cUSMA\u201d<\/p>\n","category_list_v2":"","author_info_v2":{"name":"","url":""},"comments_num_v2":"0 comments","jetpack_publicize_connections":[],"jetpack_sharing_enabled":true,"_links":{"self":[{"href":"https:\/\/ferligs.com\/lv\/wp-json\/wp\/v2\/product\/1099","targetHints":{"allow":["GET"]}}],"collection":[{"href":"https:\/\/ferligs.com\/lv\/wp-json\/wp\/v2\/product"}],"about":[{"href":"https:\/\/ferligs.com\/lv\/wp-json\/wp\/v2\/types\/product"}],"wp:featuredmedia":[{"embeddable":true,"href":"https:\/\/ferligs.com\/lv\/wp-json\/wp\/v2\/media\/1110"}],"wp:attachment":[{"href":"https:\/\/ferligs.com\/lv\/wp-json\/wp\/v2\/media?parent=1099"}],"wp:term":[{"taxonomy":"product_brand","embeddable":true,"href":"https:\/\/ferligs.com\/lv\/wp-json\/wp\/v2\/product_brand?post=1099"},{"taxonomy":"product_cat","embeddable":true,"href":"https:\/\/ferligs.com\/lv\/wp-json\/wp\/v2\/product_cat?post=1099"},{"taxonomy":"product_tag","embeddable":true,"href":"https:\/\/ferligs.com\/lv\/wp-json\/wp\/v2\/product_tag?post=1099"}],"curies":[{"name":"wp","href":"https:\/\/api.w.org\/{rel}","templated":true}]}}