{"id":33,"date":"2021-09-02T21:02:55","date_gmt":"2021-09-02T18:02:55","guid":{"rendered":"https:\/\/ferligs.com\/?page_id=33"},"modified":"2025-09-01T16:40:11","modified_gmt":"2025-09-01T13:40:11","slug":"refund_returns","status":"publish","type":"page","link":"https:\/\/ferligs.com\/lv\/refund_returns\/","title":{"rendered":"Atmaks\u0101\u0161anas un atgrie\u0161anas politika"},"content":{"rendered":"<h1 class=\"wp-block-heading\">Atmaks\u0101\u0161anas un atgrie\u0161anas politika<\/h1>\n\n\n\n<p data-block-type=\"core\"><\/p>\n\n\n\n<p data-block-type=\"core\">P\u0113d\u0113jo reizi atjaunin\u0101ts: Decembris 07, 2022<\/p>\n\n\n\n<p data-block-type=\"core\">Paldies, ka iep\u0113rkaties vietn\u0113 https:\/\/ferligs.com.<\/p>\n\n\n\n<p data-block-type=\"core\">Ja k\u0101da iemesla d\u0113\u013c neesat piln\u012bb\u0101 apmierin\u0101ts ar pirkumu, aicin\u0101m J\u016bs iepaz\u012bties ar m\u016bsu noteikumiem par naudas atmaksu un atgrie\u0161anu. Turpm\u0101k min\u0113tie noteikumi attiecas uz visiem produktiem, kurus J\u016bs ieg\u0101d\u0101j\u0101ties pie Mums.<\/p>\n\n\n\n<h1 class=\"wp-block-heading\"><a><\/a> <strong>Interpret\u0101cija un defin\u012bcijas<\/strong><\/h1>\n\n\n\n<h2 class=\"wp-block-heading\"><a><\/a> <strong>Tulko\u0161ana<\/strong><\/h2>\n\n\n\n<p data-block-type=\"core\">V\u0101rdiem, kuru s\u0101kuma burts ir rakst\u012bts ar lielo s\u0101kumburtu, ir noz\u012bmes, kas defin\u0113tas \u0161\u0101dos apst\u0101k\u013cos. \u0160\u012bm defin\u012bcij\u0101m ir vien\u0101da noz\u012bme neatkar\u012bgi no t\u0101, vai t\u0101s ir vienskaitl\u012b vai daudzskaitl\u012b.<\/p>\n\n\n\n<h2 class=\"wp-block-heading\"><a><\/a> <strong>Defin\u012bcijas<\/strong><\/h2>\n\n\n\n<p data-block-type=\"core\">\u0160\u012bs atgrie\u0161anas un atmaks\u0101\u0161anas politikas m\u0113r\u0137iem:<\/p>\n\n\n\n<ul class=\"wp-block-list\" data-block-type=\"core\">\n<li data-block-type=\"core\"><strong>Uz\u0146\u0113mums<\/strong> (\u0161aj\u0101 L\u012bgum\u0101 saukts \"Uz\u0146\u0113mums\", \"M\u0113s\", \"M\u0113s\" vai \"M\u016bsu\") attiecas uz Uz\u0146\u0113muma nosaukumu - SIA FERLIGS, re\u0123istr\u0101cijas numurs - 43603078225, R\u012bga, LV-1046, Sampetera 36, Latvija.<br><\/li>\n\n\n\n<li data-block-type=\"core\"><strong>Preces<\/strong> attiecas uz Pakalpojum\u0101 p\u0101rdo\u0161anai pied\u0101v\u0101tajiem priek\u0161metiem.<br><\/li>\n\n\n\n<li data-block-type=\"core\"><strong>Pas\u016bt\u012bjumi<\/strong> noz\u012bm\u0113 J\u016bsu piepras\u012bjumu ieg\u0101d\u0101ties Preces no Mums.<br><\/li>\n\n\n\n<li data-block-type=\"core\"><strong>Pakalpojums<\/strong> attiecas uz T\u012bmek\u013ca vietni.<br><\/li>\n\n\n\n<li data-block-type=\"core\"><strong>T\u012bmek\u013ca vietne<\/strong> attiecas uz SIA FERLIGS, kas pieejams no<a href=\"https:\/\/www.termsfeed.com\/live\/ferligs.com\/\"> <u>ferligs.com\/<\/u><\/a><br><\/li>\n\n\n\n<li data-block-type=\"core\"><strong>J\u016bs<\/strong> ir fiziska persona, kas piek\u013c\u016bst Pakalpojumam vai to izmanto, vai uz\u0146\u0113mums, vai cita juridiska persona, kuras v\u0101rd\u0101 \u0161\u012b persona piek\u013c\u016bst Pakalpojumam vai to izmanto, atkar\u012bb\u0101 no situ\u0101cijas.<br><\/li>\n<\/ul>\n\n\n\n<h1 class=\"wp-block-heading\"><a><\/a> <strong>J\u016bsu pas\u016bt\u012bjuma atcel\u0161anas ties\u012bbas<\/strong><\/h1>\n\n\n\n<p data-block-type=\"core\">Jums ir ties\u012bbas atcelt savu Pas\u016bt\u012bjumu 14 dienu laik\u0101, nenor\u0101dot iemeslu.<\/p>\n\n\n\n<p data-block-type=\"core\">Pas\u016bt\u012bjuma atcel\u0161anas termi\u0146\u0161 ir 14 dienas no dienas, kad j\u016bs sa\u0146\u0113m\u0101t Preces vai kad j\u016bsu nor\u0101d\u012bt\u0101 tre\u0161\u0101 persona, kas nav p\u0101rvad\u0101t\u0101js, p\u0101r\u0146em pieg\u0101d\u0101to preci.<\/p>\n\n\n\n<p data-block-type=\"core\">Lai izmantotu savas atteikuma ties\u012bbas, Jums ir j\u0101inform\u0113 m\u016bs par savu l\u0113mumu, sniedzot skaidru pazi\u0146ojumu. J\u016bs varat m\u016bs inform\u0113t par savu l\u0113mumu, izmantojot:<\/p>\n\n\n\n<ul class=\"wp-block-list\" data-block-type=\"core\">\n<li data-block-type=\"core\">Pa e-pastu: mail@ferligs.com<\/li>\n<\/ul>\n\n\n\n<p data-block-type=\"core\">M\u0113s atl\u012bdzin\u0101sim Jums izdevumus ne v\u0113l\u0101k k\u0101 14 dienu laik\u0101 no dienas, kad M\u0113s sa\u0146emam atgriezt\u0101s Preces. M\u0113s izmantosim tos pa\u0161us maks\u0101\u0161anas l\u012bdzek\u013cus, ko J\u016bs izmantoj\u0101t Pas\u016bt\u012bjumam, un Jums neb\u016bs j\u0101maks\u0101 nek\u0101da maksa par \u0161\u0101du atl\u012bdzin\u0101\u0161anu.<\/p>\n\n\n\n<h1 class=\"wp-block-heading\"><a><\/a> <strong>Atgrie\u0161anas nosac\u012bjumi<\/strong><\/h1>\n\n\n\n<p data-block-type=\"core\">Lai Preci var\u0113tu atgriezt, p\u0101rliecinieties, ka:<\/p>\n\n\n\n<ul class=\"wp-block-list\" data-block-type=\"core\">\n<li data-block-type=\"core\">Preces ieg\u0101d\u0101tas p\u0113d\u0113jo 14 dienu laik\u0101.<\/li>\n\n\n\n<li data-block-type=\"core\">Preces ir ori\u0123in\u0101laj\u0101 iepakojum\u0101<\/li>\n<\/ul>\n\n\n\n<p data-block-type=\"core\">\u0160\u0101das Preces nevar atdot atpaka\u013c:<\/p>\n\n\n\n<ul class=\"wp-block-list\" data-block-type=\"core\">\n<li data-block-type=\"core\">t\u0101du Pre\u010du pieg\u0101de, kas izgatavotas atbilsto\u0161i J\u016bsu specifik\u0101cij\u0101m vai ir skaidri personaliz\u0113tas.<\/li>\n\n\n\n<li data-block-type=\"core\">Piel\u0101gotie dievi.<\/li>\n\n\n\n<li data-block-type=\"core\">t\u0101du Pre\u010du pieg\u0101de, kuras p\u0113c to \u012bpa\u0161\u012bb\u0101m nav piem\u0113rotas atpaka\u013cnodo\u0161anai, strauji boj\u0101jas vai kuru der\u012bguma termi\u0146\u0161 ir beidzies.<\/li>\n\n\n\n<li data-block-type=\"core\">T\u0101du Pre\u010du pieg\u0101de, kuras p\u0113c pieg\u0101des p\u0113c to veida ir nedal\u0101mi sajauktas ar cit\u0101m prec\u0113m.<\/li>\n<\/ul>\n\n\n\n<p data-block-type=\"core\">M\u0113s paturam ties\u012bbas p\u0113c saviem ieskatiem atteikt atgriezt jebkuru preci, kas neatbilst iepriek\u0161 min\u0113tajiem atgrie\u0161anas nosac\u012bjumiem.<\/p>\n\n\n\n<p data-block-type=\"core\">Atmaks\u0101jumu var sa\u0146emt tikai par parasto cenu prec\u0113m. Diem\u017e\u0113l naudu par izp\u0101rdo\u0161an\u0101 eso\u0161\u0101m prec\u0113m nevar atmaks\u0101t. \u0160is iz\u0146\u0113mums var neattiekties uz Jums, ja tas nav at\u013cauts saska\u0146\u0101 ar piem\u0113rojamiem ties\u012bbu aktiem.<\/p>\n\n\n\n<h1 class=\"wp-block-heading\"><a><\/a> <strong>Pre\u010du atgrie\u0161ana<\/strong><\/h1>\n\n\n\n<p data-block-type=\"core\">J\u016bs esat atbild\u012bgs par izmaks\u0101m un risku, kas saist\u012bts ar Pre\u010du nos\u016bt\u012b\u0161anu atpaka\u013c Mums. Preces j\u0101nos\u016bta uz \u0161\u0101du adresi:<\/p>\n\n\n\n<p data-block-type=\"core\">SIA FERLIGS, R\u012bga, LV-1046, Sampetera 36, Latvija<\/p>\n\n\n\n<h2 class=\"wp-block-heading\"><a><\/a> <strong>Apmai\u0146as<\/strong><\/h2>\n\n\n\n<p data-block-type=\"core\">M\u0113s preces nomain\u0101m tikai tad, ja t\u0101s ir boj\u0101tas vai boj\u0101tas. Ja v\u0113laties apmain\u012bt preci pret t\u0101du pa\u0161u preci, s\u016btiet mums e-pastu uz mail@ferligs.com un s\u016btiet preci uz \u0161\u0101du adresi:<\/p>\n\n\n\n<p data-block-type=\"core\">SIA FERLIGS, R\u012bga, LV-1046, Sampetera 36, LatvijaLatvija<\/p>\n\n\n\n<p data-block-type=\"core\">M\u0113s nevaram uz\u0146emties atbild\u012bbu par atgrieztaj\u0101 s\u016bt\u012bjum\u0101 boj\u0101t\u0101m vai pazaud\u0113t\u0101m Prec\u0113m. T\u0101p\u0113c M\u0113s iesak\u0101m izmantot apdro\u0161in\u0101tu un izsekojamu pasta pakalpojumu. M\u0113s nevaram izsniegt kompens\u0101ciju bez Preces faktiskas sa\u0146em\u0161anas vai pier\u0101d\u012bjuma par sa\u0146emto atpaka\u013c s\u016bt\u012bjumu.<\/p>\n\n\n\n<h1 class=\"wp-block-heading\"><a><\/a> <strong>D\u0101vanas<\/strong><\/h1>\n\n\n\n<p data-block-type=\"core\">Ja Preces ieg\u0101des br\u012bd\u012b t\u0101s tika mar\u0137\u0113tas k\u0101 d\u0101vana un p\u0113c tam nos\u016bt\u012btas tie\u0161i jums, j\u016bs sa\u0146emsiet d\u0101vanu kred\u012btu atgrie\u0161anas v\u0113rt\u012bbas apm\u0113r\u0101. P\u0113c atgriezt\u0101s preces sa\u0146em\u0161anas Jums tiks nos\u016bt\u012bts d\u0101vanu sertifik\u0101ts.<\/p>\n\n\n\n<p data-block-type=\"core\">Ja Preces ieg\u0101des br\u012bd\u012b nebija atz\u012bm\u0113tas k\u0101 d\u0101vana vai ja d\u0101vanas dev\u0113js Pas\u016bt\u012bjumu nos\u016bt\u012bja sev, lai v\u0113l\u0101k to uzd\u0101vin\u0101tu Jums, M\u0113s nos\u016bt\u012bsim naudas atmaksu d\u0101vanas dev\u0113jam.<\/p>\n\n\n\n<h2 class=\"wp-block-heading\"><a><\/a> <strong>Sazinieties ar mums<\/strong><\/h2>\n\n\n\n<p data-block-type=\"core\">Ja jums ir k\u0101di jaut\u0101jumi par m\u016bsu Atgrie\u0161anas un kompens\u0101cijas politiku, l\u016bdzu, sazinieties ar mums:<\/p>\n\n\n\n<ul class=\"wp-block-list\" data-block-type=\"core\">\n<li data-block-type=\"core\">Pa e-pastu: mail@ferligs.com<\/li>\n<\/ul>","protected":false},"excerpt":{"rendered":"<p>Refund and Returns Policy Last updated: December 07, 2022 Thank you for shopping at https:\/\/ferligs.com. If, for any reason, You are not completely satisfied with a purchase We invite You to review our policy on refunds and returns. The following terms are applicable for any products that You purchased with Us. Interpretation and Definitions Interpretation [&hellip;]<\/p>\n","protected":false},"author":1,"featured_media":0,"parent":0,"menu_order":0,"comment_status":"closed","ping_status":"closed","template":"","meta":{"footnotes":""},"class_list":["post-33","page","type-page","status-publish","hentry"],"blocksy_meta":{"styles_descriptor":{"styles":{"desktop":"","tablet":"","mobile":""},"google_fonts":[],"version":6}},"featured_image_urls_v2":{"full":"","thumbnail":"","medium":"","medium_large":"","large":"","1536x1536":"","2048x2048":"","trp-custom-language-flag":"","woocommerce_archive_thumbnail":"","woocommerce_thumbnail":"","woocommerce_single":"","woocommerce_gallery_thumbnail":""},"post_excerpt_stackable_v2":"<p>Refund and Returns Policy Last updated: December 07, 2022 Thank you for shopping at https:\/\/ferligs.com. If, for any reason, You are not completely satisfied with a purchase We invite You to review our policy on refunds and returns. The following terms are applicable for any products that You purchased with Us. Interpretation and Definitions Interpretation The words of which the initial letter is capitalized have meanings defined under the following conditions. The following definitions shall have the same meaning regardless of whether they appear in singular or in plural. Definitions For the purposes of this Return and Refund Policy: Company&hellip;<\/p>\n","category_list_v2":"","author_info_v2":{"name":"stepans","url":"https:\/\/ferligs.com\/lv\/author\/stepans\/"},"comments_num_v2":"0 comments","jetpack_sharing_enabled":true,"_links":{"self":[{"href":"https:\/\/ferligs.com\/lv\/wp-json\/wp\/v2\/pages\/33","targetHints":{"allow":["GET"]}}],"collection":[{"href":"https:\/\/ferligs.com\/lv\/wp-json\/wp\/v2\/pages"}],"about":[{"href":"https:\/\/ferligs.com\/lv\/wp-json\/wp\/v2\/types\/page"}],"author":[{"embeddable":true,"href":"https:\/\/ferligs.com\/lv\/wp-json\/wp\/v2\/users\/1"}],"replies":[{"embeddable":true,"href":"https:\/\/ferligs.com\/lv\/wp-json\/wp\/v2\/comments?post=33"}],"version-history":[{"count":4,"href":"https:\/\/ferligs.com\/lv\/wp-json\/wp\/v2\/pages\/33\/revisions"}],"predecessor-version":[{"id":2267,"href":"https:\/\/ferligs.com\/lv\/wp-json\/wp\/v2\/pages\/33\/revisions\/2267"}],"wp:attachment":[{"href":"https:\/\/ferligs.com\/lv\/wp-json\/wp\/v2\/media?parent=33"}],"curies":[{"name":"wp","href":"https:\/\/api.w.org\/{rel}","templated":true}]}}