{"id":1575,"date":"2023-07-24T18:42:35","date_gmt":"2023-07-24T15:42:35","guid":{"rendered":"https:\/\/ferligs.com\/?post_type=product&#038;p=1575"},"modified":"2026-03-05T18:44:30","modified_gmt":"2026-03-05T16:44:30","slug":"ludza","status":"publish","type":"product","link":"https:\/\/ferligs.com\/it\/product\/ludza\/","title":{"rendered":"LUDZA \u2013 Gambe per tavolo da pranzo"},"content":{"rendered":"<p>Het metalen tafelonderstel Ludza valt op door zijn unieke, op een ster ge\u00efnspireerde ontwerp, waarbij kruisende stalen buizen een visueel opvallend en elegant silhouet cre\u00ebren dat perfect is voor ronde tafelbladen. Deze verfijnde structuur verhoogt niet alleen de esthetische aantrekkingskracht van uw meubilair, maar bevordert ook de functionaliteit door gebruikers royale beenruimte te bieden. Het is ideaal voor zowel residenti\u00eble als commerci\u00eble omgevingen en transformeert gewone tafels in opvallende meubelstukken die vorm en functionaliteit naadloos combineren.<\/p>\n<p>Ludza-basen \u00e4r tillverkad av h\u00f6gkvalitativa st\u00e5lr\u00f6r som m\u00e4ter 5 x 2 cm och garanterar exceptionell styrka och h\u00e5llbarhet, med en b\u00e4rkraft p\u00e5 upp till 150 kg utan kompromisser. Den pulverlackerade ytan \u00e4r rept\u00e5lig, korrosionsbest\u00e4ndig och f\u00e4rgbest\u00e4ndig, vilket g\u00f6r att den beh\u00e5ller sitt ursprungliga utseende \u00e4ven efter m\u00e5nga \u00e5rs anv\u00e4ndning. F\u00f6r dig som f\u00f6redrar en mer industriell look finns ett alternativ i r\u00e5st\u00e5l, s\u00e5 att du enkelt kan matcha basen med din inredning.<\/p>\n<p>Asennus on helppoa ja k\u00e4ytt\u00e4j\u00e4yst\u00e4v\u00e4llist\u00e4, sill\u00e4 jalusta toimitetaan koottuna kuljetusvaurioiden v\u00e4ltt\u00e4miseksi, ja mukana toimitetaan kaikki tarvittavat osat sek\u00e4 selke\u00e4t vaiheittaiset ohjeet. Esiporatut 5 mm:n kiinnitysrei\u00e4t helpottavat valitsemasi p\u00f6yt\u00e4levyn kiinnitt\u00e4mist\u00e4 nopeasti ja turvallisesti, mutta tilauksen yhteydess\u00e4 voi my\u00f6s m\u00e4\u00e4ritt\u00e4\u00e4 omat reik\u00e4kokoja. T\u00e4m\u00e4n vaivattoman prosessin ansiosta voit nauttia r\u00e4\u00e4t\u00e4l\u00f6idyst\u00e4 p\u00f6yd\u00e4st\u00e4si hetkess\u00e4 ilman ammattilaisen ty\u00f6kaluja tai asiantuntemusta.<\/p>\n<p>Il modello Ludza pu\u00f2 essere completamente adattato alle vostre esigenze. \u00c8 disponibile in diverse altezze (la standard \u00e8 71 cm), larghezze (70\/80 cm), lunghezze (70\/80 cm), in vari colori tra cui grigio scuro, grigio chiaro, bianco e altri, e con diverse opzioni di finitura. Materiali aggiuntivi, come i flanges in acciaio, rendono la struttura ancora pi\u00f9 robusta, mentre la mancanza della scrivania inclusa offre la possibilit\u00e0 di scegliere quella che corrisponde al vostro stile. Questa scrivania versatile \u00e8 adatta sia per cene accoglienti che per grandi eventi. Si adatta a diverse dimensioni e preferenze, garantendo affidabilit\u00e0 ed eleganza in ogni dettaglio.<\/p>","protected":false},"excerpt":{"rendered":"<p>Il piano del Tavolo In Metallo Ludza \u00e8 una raffinata base per tavoli rotondi, realizzata in acciaio di alta qualit\u00e0 a forma di stella con linee elegantemente intersecanti che portano un tocco di arte contemporanea a qualsiasi arredamento. Il design aperto offre ampio spazio per le gambe durante le riunioni e la costruzione robusta supporta pesi fino a 150 kg, garantendo stabilit\u00e0 e durata. <\/p>","protected":false},"featured_media":1576,"template":"","meta":{"jetpack_publicize_message":"","jetpack_publicize_feature_enabled":true,"jetpack_social_post_already_shared":true,"jetpack_social_options":{"image_generator_settings":{"template":"highway","default_image_id":0,"font":"","enabled":false},"version":2}},"product_brand":[578],"product_cat":[113],"product_tag":[704],"class_list":{"0":"post-1575","1":"product","2":"type-product","3":"status-publish","4":"has-post-thumbnail","6":"product_brand-ferligs","7":"product_cat-table-legs","8":"product_tag-table-bases","9":"product_shipping_class-tables-legs","11":"first","12":"instock","13":"sale","14":"taxable","15":"shipping-taxable","16":"purchasable","17":"product-type-variable","18":"has-default-attributes"},"featured_image_urls_v2":{"full":["https:\/\/ferligs.com\/wp-content\/uploads\/2023\/07\/9259-Webp1640x1360.webp",1640,1360,false],"thumbnail":["https:\/\/ferligs.com\/wp-content\/uploads\/2023\/07\/9259-Webp1640x1360.webp",150,124,false],"medium":["https:\/\/ferligs.com\/wp-content\/uploads\/2023\/07\/9259-Webp1640x1360.webp",300,249,false],"medium_large":["https:\/\/ferligs.com\/wp-content\/uploads\/2023\/07\/9259-Webp1640x1360.webp",768,637,false],"large":["https:\/\/ferligs.com\/wp-content\/uploads\/2023\/07\/9259-Webp1640x1360.webp",1024,849,false],"1536x1536":["https:\/\/ferligs.com\/wp-content\/uploads\/2023\/07\/9259-Webp1640x1360.webp",1536,1274,false],"2048x2048":["https:\/\/ferligs.com\/wp-content\/uploads\/2023\/07\/9259-Webp1640x1360.webp",1640,1360,false],"trp-custom-language-flag":["https:\/\/ferligs.com\/wp-content\/uploads\/2023\/07\/9259-Webp1640x1360.webp",14,12,false],"woocommerce_archive_thumbnail":["https:\/\/ferligs.com\/wp-content\/uploads\/2023\/07\/9259-Webp1640x1360-300x249.webp",300,249,true],"woocommerce_thumbnail":["https:\/\/ferligs.com\/wp-content\/uploads\/2023\/07\/9259-Webp1640x1360.webp",300,249,false],"woocommerce_single":["https:\/\/ferligs.com\/wp-content\/uploads\/2023\/07\/9259-Webp1640x1360.webp",600,498,false],"woocommerce_gallery_thumbnail":["https:\/\/ferligs.com\/wp-content\/uploads\/2023\/07\/9259-Webp1640x1360-100x100.webp",100,100,true]},"post_excerpt_stackable_v2":"<p>The Ludza metal table base is a sophisticated foundation for round tables, crafted from premium steel with a star-like form featuring elegantly crossing lines that add a touch of modern artistry to any space. Its open structure provides ample legroom for comfortable seating during gatherings, while the robust construction supports up to 150 kg, ensuring stability and durability. <\/p>\n","category_list_v2":"","author_info_v2":{"name":"","url":""},"comments_num_v2":"0 commenti","jetpack_publicize_connections":[],"jetpack_sharing_enabled":true,"_links":{"self":[{"href":"https:\/\/ferligs.com\/it\/wp-json\/wp\/v2\/product\/1575","targetHints":{"allow":["GET"]}}],"collection":[{"href":"https:\/\/ferligs.com\/it\/wp-json\/wp\/v2\/product"}],"about":[{"href":"https:\/\/ferligs.com\/it\/wp-json\/wp\/v2\/types\/product"}],"wp:featuredmedia":[{"embeddable":true,"href":"https:\/\/ferligs.com\/it\/wp-json\/wp\/v2\/media\/1576"}],"wp:attachment":[{"href":"https:\/\/ferligs.com\/it\/wp-json\/wp\/v2\/media?parent=1575"}],"wp:term":[{"taxonomy":"product_brand","embeddable":true,"href":"https:\/\/ferligs.com\/it\/wp-json\/wp\/v2\/product_brand?post=1575"},{"taxonomy":"product_cat","embeddable":true,"href":"https:\/\/ferligs.com\/it\/wp-json\/wp\/v2\/product_cat?post=1575"},{"taxonomy":"product_tag","embeddable":true,"href":"https:\/\/ferligs.com\/it\/wp-json\/wp\/v2\/product_tag?post=1575"}],"curies":[{"name":"wp","href":"https:\/\/api.w.org\/{rel}","templated":true}]}}